{"id":4574,"date":"2023-12-09T13:03:19","date_gmt":"2023-12-09T13:03:19","guid":{"rendered":"https:\/\/kanotcentralen.se\/?page_id=4574"},"modified":"2026-03-21T15:05:01","modified_gmt":"2026-03-21T15:05:01","slug":"presentkort-kanotuthyrning","status":"publish","type":"page","link":"https:\/\/kanotcentralen.se\/sv\/presentkort-kanotuthyrning\/","title":{"rendered":"Presentkort"},"content":{"rendered":"\t\t<div data-elementor-type=\"wp-page\" data-elementor-id=\"4574\" class=\"elementor elementor-4574\" data-elementor-post-type=\"page\">\n\t\t\t\t\t\t<section class=\"elementor-section elementor-top-section elementor-element elementor-element-dd4be69 elementor-section-full_width elementor-section-height-min-height elementor-section-height-default elementor-section-items-middle\" data-id=\"dd4be69\" data-element_type=\"section\" data-e-type=\"section\" data-settings=\"{&quot;background_background&quot;:&quot;classic&quot;}\">\n\t\t\t\t\t\t\t<div class=\"elementor-background-overlay\"><\/div>\n\t\t\t\t\t\t\t<div class=\"elementor-container elementor-column-gap-default\">\n\t\t\t\t\t<div class=\"elementor-column elementor-col-100 elementor-top-column elementor-element elementor-element-6efd250\" data-id=\"6efd250\" data-element_type=\"column\" data-e-type=\"column\">\n\t\t\t<div class=\"elementor-widget-wrap elementor-element-populated\">\n\t\t\t\t\t\t<section class=\"elementor-section elementor-inner-section elementor-element elementor-element-1e7acc0 elementor-section-boxed elementor-section-height-default elementor-section-height-default\" data-id=\"1e7acc0\" data-element_type=\"section\" data-e-type=\"section\">\n\t\t\t\t\t\t<div class=\"elementor-container elementor-column-gap-default\">\n\t\t\t\t\t<div class=\"elementor-column elementor-col-100 elementor-inner-column elementor-element elementor-element-ba55ff3\" data-id=\"ba55ff3\" data-element_type=\"column\" data-e-type=\"column\">\n\t\t\t<div class=\"elementor-widget-wrap elementor-element-populated\">\n\t\t\t\t\t\t<div class=\"elementor-element elementor-element-f6001b3 elementor-widget elementor-widget-heading\" data-id=\"f6001b3\" data-element_type=\"widget\" data-e-type=\"widget\" data-widget_type=\"heading.default\">\n\t\t\t\t<div class=\"elementor-widget-container\">\n\t\t\t\t\t<h1 class=\"elementor-heading-title elementor-size-default\">Ge bort ett uppskattat kanot\u00e4ventyr i Sk\u00e5ne!<\/h1>\t\t\t\t<\/div>\n\t\t\t\t<\/div>\n\t\t\t\t\t<\/div>\n\t\t<\/div>\n\t\t\t\t\t<\/div>\n\t\t<\/section>\n\t\t\t\t<div class=\"elementor-element elementor-element-40fc5be elementor-widget__width-auto elementor-fixed e-transform elementor-widget elementor-widget-button\" data-id=\"40fc5be\" data-element_type=\"widget\" data-e-type=\"widget\" data-settings=\"{&quot;_position&quot;:&quot;fixed&quot;,&quot;_transform_rotateZ_effect&quot;:{&quot;unit&quot;:&quot;px&quot;,&quot;size&quot;:-90,&quot;sizes&quot;:[]},&quot;_transform_rotateZ_effect_tablet&quot;:{&quot;unit&quot;:&quot;deg&quot;,&quot;size&quot;:&quot;&quot;,&quot;sizes&quot;:[]},&quot;_transform_rotateZ_effect_mobile&quot;:{&quot;unit&quot;:&quot;deg&quot;,&quot;size&quot;:&quot;&quot;,&quot;sizes&quot;:[]}}\" data-widget_type=\"button.default\">\n\t\t\t\t<div class=\"elementor-widget-container\">\n\t\t\t\t\t\t\t\t\t<div class=\"elementor-button-wrapper\">\n\t\t\t\t\t<a class=\"elementor-button elementor-button-link elementor-size-sm\" href=\"https:\/\/app.bookspot.io\/widget\/v3?widgetId=1358f547-502a-4357-a6df-925c7210b8fb\">\n\t\t\t\t\t\t<span class=\"elementor-button-content-wrapper\">\n\t\t\t\t\t\t\t\t\t<span class=\"elementor-button-text\">Boka h\u00e4r<\/span>\n\t\t\t\t\t<\/span>\n\t\t\t\t\t<\/a>\n\t\t\t\t<\/div>\n\t\t\t\t\t\t\t\t<\/div>\n\t\t\t\t<\/div>\n\t\t\t\t\t<\/div>\n\t\t<\/div>\n\t\t\t\t\t<\/div>\n\t\t<\/section>\n\t\t\t\t<section class=\"elementor-section elementor-top-section elementor-element elementor-element-e8fc808 elementor-section-boxed elementor-section-height-default elementor-section-height-default\" data-id=\"e8fc808\" data-element_type=\"section\" data-e-type=\"section\" data-settings=\"{&quot;background_background&quot;:&quot;classic&quot;}\">\n\t\t\t\t\t\t<div class=\"elementor-container elementor-column-gap-default\">\n\t\t\t\t\t<div class=\"elementor-column elementor-col-100 elementor-top-column elementor-element elementor-element-9b42e7b\" data-id=\"9b42e7b\" data-element_type=\"column\" data-e-type=\"column\">\n\t\t\t<div class=\"elementor-widget-wrap elementor-element-populated\">\n\t\t\t\t\t\t<section class=\"elementor-section elementor-inner-section elementor-element elementor-element-2582bab elementor-section-boxed elementor-section-height-default elementor-section-height-default\" data-id=\"2582bab\" data-element_type=\"section\" data-e-type=\"section\" data-settings=\"{&quot;background_background&quot;:&quot;classic&quot;}\">\n\t\t\t\t\t\t<div class=\"elementor-container elementor-column-gap-default\">\n\t\t\t\t\t<div class=\"elementor-column elementor-col-100 elementor-inner-column elementor-element elementor-element-e328a65\" data-id=\"e328a65\" data-element_type=\"column\" data-e-type=\"column\">\n\t\t\t<div class=\"elementor-widget-wrap elementor-element-populated\">\n\t\t\t\t\t\t<div class=\"elementor-element elementor-element-1a37be8 elementor-widget elementor-widget-heading\" data-id=\"1a37be8\" data-element_type=\"widget\" data-e-type=\"widget\" data-widget_type=\"heading.default\">\n\t\t\t\t<div class=\"elementor-widget-container\">\n\t\t\t\t\t<h2 class=\"elementor-heading-title elementor-size-default\">Best\u00e4ll presenten enkelt p\u00e5 1 minut<\/h2>\t\t\t\t<\/div>\n\t\t\t\t<\/div>\n\t\t\t\t<div class=\"elementor-element elementor-element-39a7614 elementor-widget elementor-widget-text-editor\" data-id=\"39a7614\" data-element_type=\"widget\" data-e-type=\"widget\" data-widget_type=\"text-editor.default\">\n\t\t\t\t<div class=\"elementor-widget-container\">\n\t\t\t\t\t\t\t\t\t<p>Ge bort en uppskattad g\u00e5va d\u00e4r ni tillsammans kan l\u00e4ngta efter sommaren!<\/p>\t\t\t\t\t\t\t\t<\/div>\n\t\t\t\t<\/div>\n\t\t\t\t<div class=\"elementor-element elementor-element-bcbf85c elementor-widget elementor-widget-spacer\" data-id=\"bcbf85c\" data-element_type=\"widget\" data-e-type=\"widget\" data-widget_type=\"spacer.default\">\n\t\t\t\t<div class=\"elementor-widget-container\">\n\t\t\t\t\t\t\t<div class=\"elementor-spacer\">\n\t\t\t<div class=\"elementor-spacer-inner\"><\/div>\n\t\t<\/div>\n\t\t\t\t\t\t<\/div>\n\t\t\t\t<\/div>\n\t\t\t\t<div class=\"elementor-element elementor-element-9143c22 elementor-widget elementor-widget-heading\" data-id=\"9143c22\" data-element_type=\"widget\" data-e-type=\"widget\" data-widget_type=\"heading.default\">\n\t\t\t\t<div class=\"elementor-widget-container\">\n\t\t\t\t\t<h2 class=\"elementor-heading-title elementor-size-default\">S\u00e5h\u00e4r fungerar det<\/h2>\t\t\t\t<\/div>\n\t\t\t\t<\/div>\n\t\t\t\t<div class=\"elementor-element elementor-element-2f48407 elementor-widget elementor-widget-text-editor\" data-id=\"2f48407\" data-element_type=\"widget\" data-e-type=\"widget\" data-widget_type=\"text-editor.default\">\n\t\t\t\t<div class=\"elementor-widget-container\">\n\t\t\t\t\t\t\t\t\t<ul><li>Klicka p\u00e5 &#8221;K\u00f6p Presentkort&#8221; nedan<\/li><li>L\u00e4gg de presentkort du vill k\u00f6pa i korgen<\/li><li>Fyll i dina uppgifter<\/li><li>Betala med kort eller Swish<\/li><li>Presentkorskoden levereras inom n\u00e5gra minuter via e-post.<\/li><li>Giltighetstiden \u00e4r 2 \u00e5r<\/li><\/ul><p><br \/><b>Vid fr\u00e5gor<\/b> s\u00e5 f\u00e5r du snabbast svar via <b>sms\u00a0<\/b>till oss p\u00e5\u00a0<a style=\"background-color: #ffffff;\" href=\"tel:0790 109 109.\"><b>0790 109 109<\/b><\/a><\/p>\t\t\t\t\t\t\t\t<\/div>\n\t\t\t\t<\/div>\n\t\t\t\t<div class=\"elementor-element elementor-element-8a040a3 elementor-widget elementor-widget-spacer\" data-id=\"8a040a3\" data-element_type=\"widget\" data-e-type=\"widget\" data-widget_type=\"spacer.default\">\n\t\t\t\t<div class=\"elementor-widget-container\">\n\t\t\t\t\t\t\t<div class=\"elementor-spacer\">\n\t\t\t<div class=\"elementor-spacer-inner\"><\/div>\n\t\t<\/div>\n\t\t\t\t\t\t<\/div>\n\t\t\t\t<\/div>\n\t\t\t\t<div class=\"elementor-element elementor-element-912dbfe elementor-widget elementor-widget-html\" data-id=\"912dbfe\" data-element_type=\"widget\" data-e-type=\"widget\" data-widget_type=\"html.default\">\n\t\t\t\t<div class=\"elementor-widget-container\">\n\t\t\t\t\t\r\n<script>\r\n  var APP_ID=\"f33105644aea0b720822b1f83f01143e5f2c0729a951285eb12c56277281302c\";\r\n  var WIDGET_ID=\"NyPgTgYt6FufY4y\";\r\n  if (typeof window.outventuresSettings == \"undefined\") {window.outventuresSettings = [];}\r\n  window.outventuresSettings.push({\r\n    base_url: \"https:\/\/app.outventures.se\/widget\/\",\r\n    app_id: APP_ID,\r\n    widget_id: WIDGET_ID,\r\n    floating: false,\r\n    btn_text: {\"sv\":\"K\u00f6p Presentkort\",\"en\":\"Buy gift card\",\"nl\":\"Koop cadeaubon\",\"de\":\"Geschenkgutschein kaufen\"},\r\n    btn_style: { \"size\": \"large\", \"bg\": \"#a0cf4f\", \"color\": \"#ffffff\"},\r\n    list_view: \"products\",\r\n    product_types: [\"vouchers\"],\r\n  });\r\n<\/script>\r\n<script id=\"ovbs-scriptNyPgTgYt6FufY4y\">var w=window;var d=document;var l=function(){var s=d.createElement(\"script\");s.type=\"text\/javascript\";s.async=true;s.src=\"https:\/\/app.outventures.se\/widget\/widget.js\";if(document.querySelectorAll('[src=\"' + s.src + '\"]').length == 0){var x=d.getElementsByTagName(\"script\")[0];x.parentNode.insertBefore(s, x);}};if(w.attachEvent){w.attachEvent(\"onload\",l);}else{w.addEventListener(\"load\",l,false);}<\/script>\r\n\t\t\t\t<\/div>\n\t\t\t\t<\/div>\n\t\t\t\t<div class=\"elementor-element elementor-element-b319a19 elementor-widget elementor-widget-spacer\" data-id=\"b319a19\" data-element_type=\"widget\" data-e-type=\"widget\" data-widget_type=\"spacer.default\">\n\t\t\t\t<div class=\"elementor-widget-container\">\n\t\t\t\t\t\t\t<div class=\"elementor-spacer\">\n\t\t\t<div class=\"elementor-spacer-inner\"><\/div>\n\t\t<\/div>\n\t\t\t\t\t\t<\/div>\n\t\t\t\t<\/div>\n\t\t\t\t<div class=\"elementor-element elementor-element-4983963 elementor-widget elementor-widget-html\" data-id=\"4983963\" data-element_type=\"widget\" data-e-type=\"widget\" data-widget_type=\"html.default\">\n\t\t\t\t<div class=\"elementor-widget-container\">\n\t\t\t\t\t<div data-romw-token=\"pvuDTd6ColLJv9BCTIlKtyYCC3yFU94k1qCuNQUg0HJSxY72wA\"><\/div>\r\n<script src=\"https:\/\/reviewsonmywebsite.com\/js\/v2\/embed.js?id=7bf8acda5d5930b1a9db343a4ec1b31c\" type=\"text\/javascript\"><\/script>\t\t\t\t<\/div>\n\t\t\t\t<\/div>\n\t\t\t\t\t<\/div>\n\t\t<\/div>\n\t\t\t\t\t<\/div>\n\t\t<\/section>\n\t\t\t\t<div class=\"elementor-element elementor-element-4da82e7 elementor-widget elementor-widget-spacer\" data-id=\"4da82e7\" data-element_type=\"widget\" data-e-type=\"widget\" data-widget_type=\"spacer.default\">\n\t\t\t\t<div class=\"elementor-widget-container\">\n\t\t\t\t\t\t\t<div class=\"elementor-spacer\">\n\t\t\t<div class=\"elementor-spacer-inner\"><\/div>\n\t\t<\/div>\n\t\t\t\t\t\t<\/div>\n\t\t\t\t<\/div>\n\t\t\t\t\t<\/div>\n\t\t<\/div>\n\t\t\t\t\t<\/div>\n\t\t<\/section>\n\t\t\t\t<\/div>\n\t\t","protected":false},"excerpt":{"rendered":"<p>Ge bort ett uppskattat kanot\u00e4ventyr i Sk\u00e5ne! Boka h\u00e4r Best\u00e4ll presenten enkelt p\u00e5 1 minut Ge bort en uppskattad g\u00e5va d\u00e4r ni tillsammans kan l\u00e4ngta efter sommaren! S\u00e5h\u00e4r fungerar det Klicka p\u00e5 &#8221;K\u00f6p Presentkort&#8221; nedan L\u00e4gg de presentkort du vill k\u00f6pa i korgen Fyll i dina uppgifter Betala med kort eller Swish Presentkorskoden levereras inom [&hellip;]<\/p>\n","protected":false},"author":1,"featured_media":0,"parent":0,"menu_order":0,"comment_status":"closed","ping_status":"closed","template":"","meta":{"footnotes":""},"class_list":["post-4574","page","type-page","status-publish","hentry"],"yoast_head":"<!-- This site is optimized with the Yoast SEO plugin v26.0 - https:\/\/yoast.com\/wordpress\/plugins\/seo\/ -->\n<title>Presentkort i Sk\u00e5ne p\u00e5 paddling \u2013 Kanotcentralen<\/title>\n<meta name=\"description\" content=\"Ge bort ett h\u00e4rligt \u00e4ventyr med paddling i vackra Sk\u00e5ne \u2022 Hos oss kan du k\u00f6pa flera olika presentkort \u2022 Best\u00e4ll enkelt online!\" \/>\n<meta name=\"robots\" content=\"index, follow, max-snippet:-1, max-image-preview:large, max-video-preview:-1\" \/>\n<link rel=\"canonical\" href=\"https:\/\/kanotcentralen.se\/sv\/presentkort-kanotuthyrning\/\" \/>\n<meta property=\"og:locale\" content=\"sv_SE\" \/>\n<meta property=\"og:type\" content=\"article\" \/>\n<meta property=\"og:title\" content=\"Presentkort i Sk\u00e5ne p\u00e5 paddling \u2013 Kanotcentralen\" \/>\n<meta property=\"og:description\" content=\"Ge bort ett h\u00e4rligt \u00e4ventyr med paddling i vackra Sk\u00e5ne \u2022 Hos oss kan du k\u00f6pa flera olika presentkort \u2022 Best\u00e4ll enkelt online!\" \/>\n<meta property=\"og:url\" content=\"https:\/\/kanotcentralen.se\/sv\/presentkort-kanotuthyrning\/\" \/>\n<meta property=\"og:site_name\" content=\"Kanotcentralen i Stockam\u00f6llan\" \/>\n<meta property=\"article:publisher\" content=\"https:\/\/www.facebook.com\/kanotcentralen\/\" \/>\n<meta property=\"article:modified_time\" content=\"2026-03-21T15:05:01+00:00\" \/>\n<meta name=\"twitter:card\" content=\"summary_large_image\" \/>\n<meta name=\"twitter:label1\" content=\"Ber\u00e4knad l\u00e4stid\" \/>\n\t<meta name=\"twitter:data1\" content=\"1 minut\" \/>\n<script type=\"application\/ld+json\" class=\"yoast-schema-graph\">{\"@context\":\"https:\/\/schema.org\",\"@graph\":[{\"@type\":\"WebPage\",\"@id\":\"https:\/\/kanotcentralen.se\/sv\/presentkort-kanotuthyrning\/\",\"url\":\"https:\/\/kanotcentralen.se\/sv\/presentkort-kanotuthyrning\/\",\"name\":\"Presentkort i Sk\u00e5ne p\u00e5 paddling \u2013 Kanotcentralen\",\"isPartOf\":{\"@id\":\"https:\/\/kanotcentralen.se\/sv\/#website\"},\"datePublished\":\"2023-12-09T13:03:19+00:00\",\"dateModified\":\"2026-03-21T15:05:01+00:00\",\"description\":\"Ge bort ett h\u00e4rligt \u00e4ventyr med paddling i vackra Sk\u00e5ne \u2022 Hos oss kan du k\u00f6pa flera olika presentkort \u2022 Best\u00e4ll enkelt online!\",\"breadcrumb\":{\"@id\":\"https:\/\/kanotcentralen.se\/sv\/presentkort-kanotuthyrning\/#breadcrumb\"},\"inLanguage\":\"sv-SE\",\"potentialAction\":[{\"@type\":\"ReadAction\",\"target\":[\"https:\/\/kanotcentralen.se\/sv\/presentkort-kanotuthyrning\/\"]}]},{\"@type\":\"BreadcrumbList\",\"@id\":\"https:\/\/kanotcentralen.se\/sv\/presentkort-kanotuthyrning\/#breadcrumb\",\"itemListElement\":[{\"@type\":\"ListItem\",\"position\":1,\"name\":\"Hem\",\"item\":\"https:\/\/kanotcentralen.se\/sv\/\"},{\"@type\":\"ListItem\",\"position\":2,\"name\":\"Presentkort\"}]},{\"@type\":\"WebSite\",\"@id\":\"https:\/\/kanotcentralen.se\/sv\/#website\",\"url\":\"https:\/\/kanotcentralen.se\/sv\/\",\"name\":\"Kanotcentralen i Stockam\u00f6llan\",\"description\":\"Hyra kanot i vackra Sk\u00e5ne\",\"publisher\":{\"@id\":\"https:\/\/kanotcentralen.se\/sv\/#organization\"},\"potentialAction\":[{\"@type\":\"SearchAction\",\"target\":{\"@type\":\"EntryPoint\",\"urlTemplate\":\"https:\/\/kanotcentralen.se\/sv\/?s={search_term_string}\"},\"query-input\":{\"@type\":\"PropertyValueSpecification\",\"valueRequired\":true,\"valueName\":\"search_term_string\"}}],\"inLanguage\":\"sv-SE\"},{\"@type\":\"Organization\",\"@id\":\"https:\/\/kanotcentralen.se\/sv\/#organization\",\"name\":\"Kanotcentralen i Stockam\u00f6llan\",\"url\":\"https:\/\/kanotcentralen.se\/sv\/\",\"logo\":{\"@type\":\"ImageObject\",\"inLanguage\":\"sv-SE\",\"@id\":\"https:\/\/kanotcentralen.se\/sv\/#\/schema\/logo\/image\/\",\"url\":\"https:\/\/kanotcentralen.se\/wp-content\/uploads\/2022\/02\/kanotcentralen-logo.png\",\"contentUrl\":\"https:\/\/kanotcentralen.se\/wp-content\/uploads\/2022\/02\/kanotcentralen-logo.png\",\"width\":300,\"height\":42,\"caption\":\"Kanotcentralen i Stockam\u00f6llan\"},\"image\":{\"@id\":\"https:\/\/kanotcentralen.se\/sv\/#\/schema\/logo\/image\/\"},\"sameAs\":[\"https:\/\/www.facebook.com\/kanotcentralen\/\",\"https:\/\/www.instagram.com\/kanotcentralen\/\"]}]}<\/script>\n<!-- \/ Yoast SEO plugin. -->","yoast_head_json":{"title":"Presentkort i Sk\u00e5ne p\u00e5 paddling \u2013 Kanotcentralen","description":"Ge bort ett h\u00e4rligt \u00e4ventyr med paddling i vackra Sk\u00e5ne \u2022 Hos oss kan du k\u00f6pa flera olika presentkort \u2022 Best\u00e4ll enkelt online!","robots":{"index":"index","follow":"follow","max-snippet":"max-snippet:-1","max-image-preview":"max-image-preview:large","max-video-preview":"max-video-preview:-1"},"canonical":"https:\/\/kanotcentralen.se\/sv\/presentkort-kanotuthyrning\/","og_locale":"sv_SE","og_type":"article","og_title":"Presentkort i Sk\u00e5ne p\u00e5 paddling \u2013 Kanotcentralen","og_description":"Ge bort ett h\u00e4rligt \u00e4ventyr med paddling i vackra Sk\u00e5ne \u2022 Hos oss kan du k\u00f6pa flera olika presentkort \u2022 Best\u00e4ll enkelt online!","og_url":"https:\/\/kanotcentralen.se\/sv\/presentkort-kanotuthyrning\/","og_site_name":"Kanotcentralen i Stockam\u00f6llan","article_publisher":"https:\/\/www.facebook.com\/kanotcentralen\/","article_modified_time":"2026-03-21T15:05:01+00:00","twitter_card":"summary_large_image","twitter_misc":{"Ber\u00e4knad l\u00e4stid":"1 minut"},"schema":{"@context":"https:\/\/schema.org","@graph":[{"@type":"WebPage","@id":"https:\/\/kanotcentralen.se\/sv\/presentkort-kanotuthyrning\/","url":"https:\/\/kanotcentralen.se\/sv\/presentkort-kanotuthyrning\/","name":"Presentkort i Sk\u00e5ne p\u00e5 paddling \u2013 Kanotcentralen","isPartOf":{"@id":"https:\/\/kanotcentralen.se\/sv\/#website"},"datePublished":"2023-12-09T13:03:19+00:00","dateModified":"2026-03-21T15:05:01+00:00","description":"Ge bort ett h\u00e4rligt \u00e4ventyr med paddling i vackra Sk\u00e5ne \u2022 Hos oss kan du k\u00f6pa flera olika presentkort \u2022 Best\u00e4ll enkelt online!","breadcrumb":{"@id":"https:\/\/kanotcentralen.se\/sv\/presentkort-kanotuthyrning\/#breadcrumb"},"inLanguage":"sv-SE","potentialAction":[{"@type":"ReadAction","target":["https:\/\/kanotcentralen.se\/sv\/presentkort-kanotuthyrning\/"]}]},{"@type":"BreadcrumbList","@id":"https:\/\/kanotcentralen.se\/sv\/presentkort-kanotuthyrning\/#breadcrumb","itemListElement":[{"@type":"ListItem","position":1,"name":"Hem","item":"https:\/\/kanotcentralen.se\/sv\/"},{"@type":"ListItem","position":2,"name":"Presentkort"}]},{"@type":"WebSite","@id":"https:\/\/kanotcentralen.se\/sv\/#website","url":"https:\/\/kanotcentralen.se\/sv\/","name":"Kanotcentralen i Stockam\u00f6llan","description":"Hyra kanot i vackra Sk\u00e5ne","publisher":{"@id":"https:\/\/kanotcentralen.se\/sv\/#organization"},"potentialAction":[{"@type":"SearchAction","target":{"@type":"EntryPoint","urlTemplate":"https:\/\/kanotcentralen.se\/sv\/?s={search_term_string}"},"query-input":{"@type":"PropertyValueSpecification","valueRequired":true,"valueName":"search_term_string"}}],"inLanguage":"sv-SE"},{"@type":"Organization","@id":"https:\/\/kanotcentralen.se\/sv\/#organization","name":"Kanotcentralen i Stockam\u00f6llan","url":"https:\/\/kanotcentralen.se\/sv\/","logo":{"@type":"ImageObject","inLanguage":"sv-SE","@id":"https:\/\/kanotcentralen.se\/sv\/#\/schema\/logo\/image\/","url":"https:\/\/kanotcentralen.se\/wp-content\/uploads\/2022\/02\/kanotcentralen-logo.png","contentUrl":"https:\/\/kanotcentralen.se\/wp-content\/uploads\/2022\/02\/kanotcentralen-logo.png","width":300,"height":42,"caption":"Kanotcentralen i Stockam\u00f6llan"},"image":{"@id":"https:\/\/kanotcentralen.se\/sv\/#\/schema\/logo\/image\/"},"sameAs":["https:\/\/www.facebook.com\/kanotcentralen\/","https:\/\/www.instagram.com\/kanotcentralen\/"]}]}},"_links":{"self":[{"href":"https:\/\/kanotcentralen.se\/sv\/wp-json\/wp\/v2\/pages\/4574","targetHints":{"allow":["GET"]}}],"collection":[{"href":"https:\/\/kanotcentralen.se\/sv\/wp-json\/wp\/v2\/pages"}],"about":[{"href":"https:\/\/kanotcentralen.se\/sv\/wp-json\/wp\/v2\/types\/page"}],"author":[{"embeddable":true,"href":"https:\/\/kanotcentralen.se\/sv\/wp-json\/wp\/v2\/users\/1"}],"replies":[{"embeddable":true,"href":"https:\/\/kanotcentralen.se\/sv\/wp-json\/wp\/v2\/comments?post=4574"}],"version-history":[{"count":199,"href":"https:\/\/kanotcentralen.se\/sv\/wp-json\/wp\/v2\/pages\/4574\/revisions"}],"predecessor-version":[{"id":6818,"href":"https:\/\/kanotcentralen.se\/sv\/wp-json\/wp\/v2\/pages\/4574\/revisions\/6818"}],"wp:attachment":[{"href":"https:\/\/kanotcentralen.se\/sv\/wp-json\/wp\/v2\/media?parent=4574"}],"curies":[{"name":"wp","href":"https:\/\/api.w.org\/{rel}","templated":true}]}}