{"id":380,"date":"2023-01-17T19:28:24","date_gmt":"2023-01-17T19:28:24","guid":{"rendered":"https:\/\/kanotcentralen.se\/?page_id=380"},"modified":"2026-03-19T11:23:43","modified_gmt":"2026-03-19T11:23:43","slug":"stugovernattning-i-anderstorp","status":"publish","type":"page","link":"https:\/\/kanotcentralen.se\/sv\/stugovernattning-i-anderstorp\/","title":{"rendered":"Stug\u00f6vernattning i Anderstorp"},"content":{"rendered":"\t\t<div data-elementor-type=\"wp-page\" data-elementor-id=\"380\" class=\"elementor elementor-380\" data-elementor-post-type=\"page\">\n\t\t\t\t\t\t<section class=\"elementor-section elementor-top-section elementor-element elementor-element-dd4be69 elementor-section-full_width elementor-section-height-min-height elementor-section-height-default elementor-section-items-middle\" data-id=\"dd4be69\" data-element_type=\"section\" data-e-type=\"section\" data-settings=\"{&quot;background_background&quot;:&quot;classic&quot;}\">\n\t\t\t\t\t\t\t<div class=\"elementor-background-overlay\"><\/div>\n\t\t\t\t\t\t\t<div class=\"elementor-container elementor-column-gap-default\">\n\t\t\t\t\t<div class=\"elementor-column elementor-col-100 elementor-top-column elementor-element elementor-element-6efd250\" data-id=\"6efd250\" data-element_type=\"column\" data-e-type=\"column\">\n\t\t\t<div class=\"elementor-widget-wrap elementor-element-populated\">\n\t\t\t\t\t\t<section class=\"elementor-section elementor-inner-section elementor-element elementor-element-1e7acc0 elementor-section-boxed elementor-section-height-default elementor-section-height-default\" data-id=\"1e7acc0\" data-element_type=\"section\" data-e-type=\"section\">\n\t\t\t\t\t\t<div class=\"elementor-container elementor-column-gap-default\">\n\t\t\t\t\t<div class=\"elementor-column elementor-col-100 elementor-inner-column elementor-element elementor-element-ba55ff3\" data-id=\"ba55ff3\" data-element_type=\"column\" data-e-type=\"column\">\n\t\t\t<div class=\"elementor-widget-wrap elementor-element-populated\">\n\t\t\t\t\t\t<div class=\"elementor-element elementor-element-f6001b3 elementor-widget elementor-widget-heading\" data-id=\"f6001b3\" data-element_type=\"widget\" data-e-type=\"widget\" data-widget_type=\"heading.default\">\n\t\t\t\t<div class=\"elementor-widget-container\">\n\t\t\t\t\t<h2 class=\"elementor-heading-title elementor-size-default\">Stug\u00f6vernattning i Anderstorp<\/h2>\t\t\t\t<\/div>\n\t\t\t\t<\/div>\n\t\t\t\t\t<\/div>\n\t\t<\/div>\n\t\t\t\t\t<\/div>\n\t\t<\/section>\n\t\t\t\t<div class=\"elementor-element elementor-element-9ae5673 elementor-widget__width-auto elementor-fixed e-transform elementor-widget elementor-widget-button\" data-id=\"9ae5673\" data-element_type=\"widget\" data-e-type=\"widget\" data-settings=\"{&quot;_position&quot;:&quot;fixed&quot;,&quot;_transform_rotateZ_effect&quot;:{&quot;unit&quot;:&quot;px&quot;,&quot;size&quot;:-90,&quot;sizes&quot;:[]},&quot;_transform_rotateZ_effect_tablet&quot;:{&quot;unit&quot;:&quot;deg&quot;,&quot;size&quot;:&quot;&quot;,&quot;sizes&quot;:[]},&quot;_transform_rotateZ_effect_mobile&quot;:{&quot;unit&quot;:&quot;deg&quot;,&quot;size&quot;:&quot;&quot;,&quot;sizes&quot;:[]}}\" data-widget_type=\"button.default\">\n\t\t\t\t<div class=\"elementor-widget-container\">\n\t\t\t\t\t\t\t\t\t<div class=\"elementor-button-wrapper\">\n\t\t\t\t\t<a class=\"elementor-button elementor-button-link elementor-size-sm\" href=\"https:\/\/app.bookspot.io\/widget\/v3?widgetId=1358f547-502a-4357-a6df-925c7210b8fb\">\n\t\t\t\t\t\t<span class=\"elementor-button-content-wrapper\">\n\t\t\t\t\t\t\t\t\t<span class=\"elementor-button-text\">Boka h\u00e4r<\/span>\n\t\t\t\t\t<\/span>\n\t\t\t\t\t<\/a>\n\t\t\t\t<\/div>\n\t\t\t\t\t\t\t\t<\/div>\n\t\t\t\t<\/div>\n\t\t\t\t\t<\/div>\n\t\t<\/div>\n\t\t\t\t\t<\/div>\n\t\t<\/section>\n\t\t\t\t<section class=\"elementor-section elementor-top-section elementor-element elementor-element-e8fc808 elementor-section-boxed elementor-section-height-default elementor-section-height-default\" data-id=\"e8fc808\" data-element_type=\"section\" data-e-type=\"section\" data-settings=\"{&quot;background_background&quot;:&quot;classic&quot;}\">\n\t\t\t\t\t\t<div class=\"elementor-container elementor-column-gap-default\">\n\t\t\t\t\t<div class=\"elementor-column elementor-col-100 elementor-top-column elementor-element elementor-element-9b42e7b\" data-id=\"9b42e7b\" data-element_type=\"column\" data-e-type=\"column\">\n\t\t\t<div class=\"elementor-widget-wrap elementor-element-populated\">\n\t\t\t\t\t\t<section class=\"elementor-section elementor-inner-section elementor-element elementor-element-dba4349 elementor-section-boxed elementor-section-height-default elementor-section-height-default\" data-id=\"dba4349\" data-element_type=\"section\" data-e-type=\"section\" data-settings=\"{&quot;background_background&quot;:&quot;classic&quot;}\">\n\t\t\t\t\t\t<div class=\"elementor-container elementor-column-gap-default\">\n\t\t\t\t\t<div class=\"elementor-column elementor-col-100 elementor-inner-column elementor-element elementor-element-7b798c6\" data-id=\"7b798c6\" data-element_type=\"column\" data-e-type=\"column\">\n\t\t\t<div class=\"elementor-widget-wrap elementor-element-populated\">\n\t\t\t\t\t\t<div class=\"elementor-element elementor-element-6e5d4af elementor-widget elementor-widget-heading\" data-id=\"6e5d4af\" data-element_type=\"widget\" data-e-type=\"widget\" data-widget_type=\"heading.default\">\n\t\t\t\t<div class=\"elementor-widget-container\">\n\t\t\t\t\t<h2 class=\"elementor-heading-title elementor-size-default\">Bo bekv\u00e4mare<\/h2>\t\t\t\t<\/div>\n\t\t\t\t<\/div>\n\t\t\t\t<div class=\"elementor-element elementor-element-84cca46 elementor-widget elementor-widget-text-editor\" data-id=\"84cca46\" data-element_type=\"widget\" data-e-type=\"widget\" data-widget_type=\"text-editor.default\">\n\t\t\t\t<div class=\"elementor-widget-container\">\n\t\t\t\t\t\t\t\t\t<article class=\"container maincontent\"><div class=\"small\"><div class=\"content-body\"><p>Vill du inte sova i t\u00e4lt eller vindskydd p\u00e5 n\u00e5gon av de allm\u00e4nna l\u00e4gerplatserna s\u00e5 finns h\u00e4r ett alternativ som ger dig en bekv\u00e4mare \u00f6vernattning.<\/p><p>Stugan har 6 s\u00e4ngar\u00a0(s\u00e4ngkl\u00e4der och handdukar ing\u00e5r ej), toalett, kyl, frys, ugn, micro, kaffekokare, tv, el och rinnande vatten. Grillplats finns utanf\u00f6r stugan.<\/p><p>De i er grupp som inte f\u00e5r sovplats i stugan, kan \u00f6vernatta p\u00e5 l\u00e4gerplatsen i Anderstorp som ligger 570 m bort, cirka 10 minuters promenad fr\u00e5n stugan.<\/p><p><strong>Priset f\u00f6r \u00f6vernattning i stugan beror p\u00e5 antal personer:<\/strong><\/p><p>1-2 personer 795 kr<\/p><p>3-6 personer 995 kr<\/p><p>Vid avresa skall stugan grovst\u00e4das och l\u00e4mnas i samma goda skick som ni fann den vid ankomsten.<\/p><p><strong>OBS!<\/strong><\/p><p>Avbokning av stuga skall ske senast kl 12.00 tre dagar innan avf\u00e4rd.<\/p><p>Djur \u00e4r ej till\u00e5tna i stugan pga allergirisk.<\/p><p>Det \u00e4r inte till\u00e5tet att t\u00e4lta i n\u00e4rheten av stugan d\u00e5 den ligger p\u00e5 en bondg\u00e5rd.<\/p><p>Utcheckning skall ske senast 12.00<\/p><\/div><\/div><\/article><article class=\"container maincontent\"><div class=\"small\"><div class=\"templatefields twelve\"><div class=\"container flex margin\">\u00a0<\/div><\/div><\/div><\/article>\t\t\t\t\t\t\t\t<\/div>\n\t\t\t\t<\/div>\n\t\t\t\t<div class=\"elementor-element elementor-element-43aa91f gallery-spacing-custom elementor-widget elementor-widget-image-gallery\" data-id=\"43aa91f\" data-element_type=\"widget\" data-e-type=\"widget\" data-widget_type=\"image-gallery.default\">\n\t\t\t\t<div class=\"elementor-widget-container\">\n\t\t\t\t\t\t\t<div class=\"elementor-image-gallery\">\n\t\t\t<div id='gallery-1' class='gallery galleryid-380 gallery-columns-3 gallery-size-full'><figure class='gallery-item'>\n\t\t\t<div class='gallery-icon landscape'>\n\t\t\t\t<a data-elementor-open-lightbox=\"yes\" data-elementor-lightbox-slideshow=\"43aa91f\" data-elementor-lightbox-title=\"1548928563_1\" data-e-action-hash=\"#elementor-action%3Aaction%3Dlightbox%26settings%3DeyJpZCI6MzgzLCJ1cmwiOiJodHRwczpcL1wva2Fub3RjZW50cmFsZW4uc2VcL3dwLWNvbnRlbnRcL3VwbG9hZHNcLzIwMjNcLzAxXC8xNTQ4OTI4NTYzXzEud2VicCIsInNsaWRlc2hvdyI6IjQzYWE5MWYifQ%3D%3D\" href='https:\/\/kanotcentralen.se\/wp-content\/uploads\/2023\/01\/1548928563_1.webp'><img fetchpriority=\"high\" decoding=\"async\" width=\"550\" height=\"550\" src=\"https:\/\/kanotcentralen.se\/wp-content\/uploads\/2023\/01\/1548928563_1.webp\" class=\"attachment-full size-full\" alt=\"\" srcset=\"https:\/\/kanotcentralen.se\/wp-content\/uploads\/2023\/01\/1548928563_1.webp 550w, https:\/\/kanotcentralen.se\/wp-content\/uploads\/2023\/01\/1548928563_1-300x300.webp 300w, https:\/\/kanotcentralen.se\/wp-content\/uploads\/2023\/01\/1548928563_1-150x150.webp 150w\" sizes=\"(max-width: 550px) 100vw, 550px\" \/><\/a>\n\t\t\t<\/div><\/figure><figure class='gallery-item'>\n\t\t\t<div class='gallery-icon landscape'>\n\t\t\t\t<a data-elementor-open-lightbox=\"yes\" data-elementor-lightbox-slideshow=\"43aa91f\" data-elementor-lightbox-title=\"1548928563_3\" data-e-action-hash=\"#elementor-action%3Aaction%3Dlightbox%26settings%3DeyJpZCI6Mzg0LCJ1cmwiOiJodHRwczpcL1wva2Fub3RjZW50cmFsZW4uc2VcL3dwLWNvbnRlbnRcL3VwbG9hZHNcLzIwMjNcLzAxXC8xNTQ4OTI4NTYzXzMud2VicCIsInNsaWRlc2hvdyI6IjQzYWE5MWYifQ%3D%3D\" href='https:\/\/kanotcentralen.se\/wp-content\/uploads\/2023\/01\/1548928563_3.webp'><img decoding=\"async\" width=\"550\" height=\"550\" src=\"https:\/\/kanotcentralen.se\/wp-content\/uploads\/2023\/01\/1548928563_3.webp\" class=\"attachment-full size-full\" alt=\"\" srcset=\"https:\/\/kanotcentralen.se\/wp-content\/uploads\/2023\/01\/1548928563_3.webp 550w, https:\/\/kanotcentralen.se\/wp-content\/uploads\/2023\/01\/1548928563_3-300x300.webp 300w, https:\/\/kanotcentralen.se\/wp-content\/uploads\/2023\/01\/1548928563_3-150x150.webp 150w\" sizes=\"(max-width: 550px) 100vw, 550px\" \/><\/a>\n\t\t\t<\/div><\/figure><figure class='gallery-item'>\n\t\t\t<div class='gallery-icon landscape'>\n\t\t\t\t<a data-elementor-open-lightbox=\"yes\" data-elementor-lightbox-slideshow=\"43aa91f\" data-elementor-lightbox-title=\"1548928563_4\" data-e-action-hash=\"#elementor-action%3Aaction%3Dlightbox%26settings%3DeyJpZCI6Mzg1LCJ1cmwiOiJodHRwczpcL1wva2Fub3RjZW50cmFsZW4uc2VcL3dwLWNvbnRlbnRcL3VwbG9hZHNcLzIwMjNcLzAxXC8xNTQ4OTI4NTYzXzQud2VicCIsInNsaWRlc2hvdyI6IjQzYWE5MWYifQ%3D%3D\" href='https:\/\/kanotcentralen.se\/wp-content\/uploads\/2023\/01\/1548928563_4.webp'><img decoding=\"async\" width=\"550\" height=\"550\" src=\"https:\/\/kanotcentralen.se\/wp-content\/uploads\/2023\/01\/1548928563_4.webp\" class=\"attachment-full size-full\" alt=\"\" srcset=\"https:\/\/kanotcentralen.se\/wp-content\/uploads\/2023\/01\/1548928563_4.webp 550w, https:\/\/kanotcentralen.se\/wp-content\/uploads\/2023\/01\/1548928563_4-300x300.webp 300w, https:\/\/kanotcentralen.se\/wp-content\/uploads\/2023\/01\/1548928563_4-150x150.webp 150w\" sizes=\"(max-width: 550px) 100vw, 550px\" \/><\/a>\n\t\t\t<\/div><\/figure><figure class='gallery-item'>\n\t\t\t<div class='gallery-icon landscape'>\n\t\t\t\t<a data-elementor-open-lightbox=\"yes\" data-elementor-lightbox-slideshow=\"43aa91f\" data-elementor-lightbox-title=\"1548928564_5\" data-e-action-hash=\"#elementor-action%3Aaction%3Dlightbox%26settings%3DeyJpZCI6Mzg3LCJ1cmwiOiJodHRwczpcL1wva2Fub3RjZW50cmFsZW4uc2VcL3dwLWNvbnRlbnRcL3VwbG9hZHNcLzIwMjNcLzAxXC8xNTQ4OTI4NTY0XzUud2VicCIsInNsaWRlc2hvdyI6IjQzYWE5MWYifQ%3D%3D\" href='https:\/\/kanotcentralen.se\/wp-content\/uploads\/2023\/01\/1548928564_5.webp'><img loading=\"lazy\" decoding=\"async\" width=\"550\" height=\"550\" src=\"https:\/\/kanotcentralen.se\/wp-content\/uploads\/2023\/01\/1548928564_5.webp\" class=\"attachment-full size-full\" alt=\"\" srcset=\"https:\/\/kanotcentralen.se\/wp-content\/uploads\/2023\/01\/1548928564_5.webp 550w, https:\/\/kanotcentralen.se\/wp-content\/uploads\/2023\/01\/1548928564_5-300x300.webp 300w, https:\/\/kanotcentralen.se\/wp-content\/uploads\/2023\/01\/1548928564_5-150x150.webp 150w\" sizes=\"(max-width: 550px) 100vw, 550px\" \/><\/a>\n\t\t\t<\/div><\/figure><figure class='gallery-item'>\n\t\t\t<div class='gallery-icon landscape'>\n\t\t\t\t<a data-elementor-open-lightbox=\"yes\" data-elementor-lightbox-slideshow=\"43aa91f\" data-elementor-lightbox-title=\"1548928564_2\" data-e-action-hash=\"#elementor-action%3Aaction%3Dlightbox%26settings%3DeyJpZCI6Mzg2LCJ1cmwiOiJodHRwczpcL1wva2Fub3RjZW50cmFsZW4uc2VcL3dwLWNvbnRlbnRcL3VwbG9hZHNcLzIwMjNcLzAxXC8xNTQ4OTI4NTY0XzIud2VicCIsInNsaWRlc2hvdyI6IjQzYWE5MWYifQ%3D%3D\" href='https:\/\/kanotcentralen.se\/wp-content\/uploads\/2023\/01\/1548928564_2.webp'><img loading=\"lazy\" decoding=\"async\" width=\"550\" height=\"550\" src=\"https:\/\/kanotcentralen.se\/wp-content\/uploads\/2023\/01\/1548928564_2.webp\" class=\"attachment-full size-full\" alt=\"\" srcset=\"https:\/\/kanotcentralen.se\/wp-content\/uploads\/2023\/01\/1548928564_2.webp 550w, https:\/\/kanotcentralen.se\/wp-content\/uploads\/2023\/01\/1548928564_2-300x300.webp 300w, https:\/\/kanotcentralen.se\/wp-content\/uploads\/2023\/01\/1548928564_2-150x150.webp 150w\" sizes=\"(max-width: 550px) 100vw, 550px\" \/><\/a>\n\t\t\t<\/div><\/figure><figure class='gallery-item'>\n\t\t\t<div class='gallery-icon landscape'>\n\t\t\t\t<a data-elementor-open-lightbox=\"yes\" data-elementor-lightbox-slideshow=\"43aa91f\" data-elementor-lightbox-title=\"1548928565_6\" data-e-action-hash=\"#elementor-action%3Aaction%3Dlightbox%26settings%3DeyJpZCI6Mzg4LCJ1cmwiOiJodHRwczpcL1wva2Fub3RjZW50cmFsZW4uc2VcL3dwLWNvbnRlbnRcL3VwbG9hZHNcLzIwMjNcLzAxXC8xNTQ4OTI4NTY1XzYud2VicCIsInNsaWRlc2hvdyI6IjQzYWE5MWYifQ%3D%3D\" href='https:\/\/kanotcentralen.se\/wp-content\/uploads\/2023\/01\/1548928565_6.webp'><img loading=\"lazy\" decoding=\"async\" width=\"550\" height=\"550\" src=\"https:\/\/kanotcentralen.se\/wp-content\/uploads\/2023\/01\/1548928565_6.webp\" class=\"attachment-full size-full\" alt=\"\" srcset=\"https:\/\/kanotcentralen.se\/wp-content\/uploads\/2023\/01\/1548928565_6.webp 550w, https:\/\/kanotcentralen.se\/wp-content\/uploads\/2023\/01\/1548928565_6-300x300.webp 300w, https:\/\/kanotcentralen.se\/wp-content\/uploads\/2023\/01\/1548928565_6-150x150.webp 150w\" sizes=\"(max-width: 550px) 100vw, 550px\" \/><\/a>\n\t\t\t<\/div><\/figure>\n\t\t<\/div>\n\t\t<\/div>\n\t\t\t\t\t\t<\/div>\n\t\t\t\t<\/div>\n\t\t\t\t\t<\/div>\n\t\t<\/div>\n\t\t\t\t\t<\/div>\n\t\t<\/section>\n\t\t\t\t\t<\/div>\n\t\t<\/div>\n\t\t\t\t\t<\/div>\n\t\t<\/section>\n\t\t\t\t<\/div>\n\t\t","protected":false},"excerpt":{"rendered":"<p>Stug\u00f6vernattning i Anderstorp Boka h\u00e4r Bo bekv\u00e4mare Vill du inte sova i t\u00e4lt eller vindskydd p\u00e5 n\u00e5gon av de allm\u00e4nna l\u00e4gerplatserna s\u00e5 finns h\u00e4r ett alternativ som ger dig en bekv\u00e4mare \u00f6vernattning. Stugan har 6 s\u00e4ngar\u00a0(s\u00e4ngkl\u00e4der och handdukar ing\u00e5r ej), toalett, kyl, frys, ugn, micro, kaffekokare, tv, el och rinnande vatten. Grillplats finns utanf\u00f6r stugan. [&hellip;]<\/p>\n","protected":false},"author":1,"featured_media":0,"parent":0,"menu_order":0,"comment_status":"closed","ping_status":"closed","template":"","meta":{"footnotes":""},"class_list":["post-380","page","type-page","status-publish","hentry"],"yoast_head":"<!-- This site is optimized with the Yoast SEO plugin v26.0 - https:\/\/yoast.com\/wordpress\/plugins\/seo\/ -->\n<title>Stug\u00f6vernattning i Anderstorp &#8211; Kanotcentralen i Stockam\u00f6llan<\/title>\n<meta name=\"robots\" content=\"index, follow, max-snippet:-1, max-image-preview:large, max-video-preview:-1\" \/>\n<link rel=\"canonical\" href=\"https:\/\/kanotcentralen.se\/sv\/stugovernattning-i-anderstorp\/\" \/>\n<meta property=\"og:locale\" content=\"sv_SE\" \/>\n<meta property=\"og:type\" content=\"article\" \/>\n<meta property=\"og:title\" content=\"Stug\u00f6vernattning i Anderstorp &#8211; Kanotcentralen i Stockam\u00f6llan\" \/>\n<meta property=\"og:description\" content=\"Stug\u00f6vernattning i Anderstorp Boka h\u00e4r Bo bekv\u00e4mare Vill du inte sova i t\u00e4lt eller vindskydd p\u00e5 n\u00e5gon av de allm\u00e4nna l\u00e4gerplatserna s\u00e5 finns h\u00e4r ett alternativ som ger dig en bekv\u00e4mare \u00f6vernattning. Stugan har 6 s\u00e4ngar\u00a0(s\u00e4ngkl\u00e4der och handdukar ing\u00e5r ej), toalett, kyl, frys, ugn, micro, kaffekokare, tv, el och rinnande vatten. Grillplats finns utanf\u00f6r stugan. [&hellip;]\" \/>\n<meta property=\"og:url\" content=\"https:\/\/kanotcentralen.se\/sv\/stugovernattning-i-anderstorp\/\" \/>\n<meta property=\"og:site_name\" content=\"Kanotcentralen i Stockam\u00f6llan\" \/>\n<meta property=\"article:publisher\" content=\"https:\/\/www.facebook.com\/kanotcentralen\/\" \/>\n<meta property=\"article:modified_time\" content=\"2026-03-19T11:23:43+00:00\" \/>\n<meta property=\"og:image\" content=\"https:\/\/kanotcentralen.se\/wp-content\/uploads\/2023\/01\/1548928563_1.webp\" \/>\n<meta name=\"twitter:card\" content=\"summary_large_image\" \/>\n<meta name=\"twitter:label1\" content=\"Ber\u00e4knad l\u00e4stid\" \/>\n\t<meta name=\"twitter:data1\" content=\"2 minuter\" \/>\n<script type=\"application\/ld+json\" class=\"yoast-schema-graph\">{\"@context\":\"https:\/\/schema.org\",\"@graph\":[{\"@type\":\"WebPage\",\"@id\":\"https:\/\/kanotcentralen.se\/sv\/stugovernattning-i-anderstorp\/\",\"url\":\"https:\/\/kanotcentralen.se\/sv\/stugovernattning-i-anderstorp\/\",\"name\":\"Stug\u00f6vernattning i Anderstorp &#8211; Kanotcentralen i Stockam\u00f6llan\",\"isPartOf\":{\"@id\":\"https:\/\/kanotcentralen.se\/sv\/#website\"},\"primaryImageOfPage\":{\"@id\":\"https:\/\/kanotcentralen.se\/sv\/stugovernattning-i-anderstorp\/#primaryimage\"},\"image\":{\"@id\":\"https:\/\/kanotcentralen.se\/sv\/stugovernattning-i-anderstorp\/#primaryimage\"},\"thumbnailUrl\":\"https:\/\/kanotcentralen.se\/wp-content\/uploads\/2023\/01\/1548928563_1.webp\",\"datePublished\":\"2023-01-17T19:28:24+00:00\",\"dateModified\":\"2026-03-19T11:23:43+00:00\",\"breadcrumb\":{\"@id\":\"https:\/\/kanotcentralen.se\/sv\/stugovernattning-i-anderstorp\/#breadcrumb\"},\"inLanguage\":\"sv-SE\",\"potentialAction\":[{\"@type\":\"ReadAction\",\"target\":[\"https:\/\/kanotcentralen.se\/sv\/stugovernattning-i-anderstorp\/\"]}]},{\"@type\":\"ImageObject\",\"inLanguage\":\"sv-SE\",\"@id\":\"https:\/\/kanotcentralen.se\/sv\/stugovernattning-i-anderstorp\/#primaryimage\",\"url\":\"https:\/\/kanotcentralen.se\/wp-content\/uploads\/2023\/01\/1548928563_1.webp\",\"contentUrl\":\"https:\/\/kanotcentralen.se\/wp-content\/uploads\/2023\/01\/1548928563_1.webp\"},{\"@type\":\"BreadcrumbList\",\"@id\":\"https:\/\/kanotcentralen.se\/sv\/stugovernattning-i-anderstorp\/#breadcrumb\",\"itemListElement\":[{\"@type\":\"ListItem\",\"position\":1,\"name\":\"Hem\",\"item\":\"https:\/\/kanotcentralen.se\/sv\/\"},{\"@type\":\"ListItem\",\"position\":2,\"name\":\"Stug\u00f6vernattning i Anderstorp\"}]},{\"@type\":\"WebSite\",\"@id\":\"https:\/\/kanotcentralen.se\/sv\/#website\",\"url\":\"https:\/\/kanotcentralen.se\/sv\/\",\"name\":\"Kanotcentralen i Stockam\u00f6llan\",\"description\":\"Hyra kanot i vackra Sk\u00e5ne\",\"publisher\":{\"@id\":\"https:\/\/kanotcentralen.se\/sv\/#organization\"},\"potentialAction\":[{\"@type\":\"SearchAction\",\"target\":{\"@type\":\"EntryPoint\",\"urlTemplate\":\"https:\/\/kanotcentralen.se\/sv\/?s={search_term_string}\"},\"query-input\":{\"@type\":\"PropertyValueSpecification\",\"valueRequired\":true,\"valueName\":\"search_term_string\"}}],\"inLanguage\":\"sv-SE\"},{\"@type\":\"Organization\",\"@id\":\"https:\/\/kanotcentralen.se\/sv\/#organization\",\"name\":\"Kanotcentralen i Stockam\u00f6llan\",\"url\":\"https:\/\/kanotcentralen.se\/sv\/\",\"logo\":{\"@type\":\"ImageObject\",\"inLanguage\":\"sv-SE\",\"@id\":\"https:\/\/kanotcentralen.se\/sv\/#\/schema\/logo\/image\/\",\"url\":\"https:\/\/kanotcentralen.se\/wp-content\/uploads\/2022\/02\/kanotcentralen-logo.png\",\"contentUrl\":\"https:\/\/kanotcentralen.se\/wp-content\/uploads\/2022\/02\/kanotcentralen-logo.png\",\"width\":300,\"height\":42,\"caption\":\"Kanotcentralen i Stockam\u00f6llan\"},\"image\":{\"@id\":\"https:\/\/kanotcentralen.se\/sv\/#\/schema\/logo\/image\/\"},\"sameAs\":[\"https:\/\/www.facebook.com\/kanotcentralen\/\",\"https:\/\/www.instagram.com\/kanotcentralen\/\"]}]}<\/script>\n<!-- \/ Yoast SEO plugin. -->","yoast_head_json":{"title":"Stug\u00f6vernattning i Anderstorp &#8211; Kanotcentralen i Stockam\u00f6llan","robots":{"index":"index","follow":"follow","max-snippet":"max-snippet:-1","max-image-preview":"max-image-preview:large","max-video-preview":"max-video-preview:-1"},"canonical":"https:\/\/kanotcentralen.se\/sv\/stugovernattning-i-anderstorp\/","og_locale":"sv_SE","og_type":"article","og_title":"Stug\u00f6vernattning i Anderstorp &#8211; Kanotcentralen i Stockam\u00f6llan","og_description":"Stug\u00f6vernattning i Anderstorp Boka h\u00e4r Bo bekv\u00e4mare Vill du inte sova i t\u00e4lt eller vindskydd p\u00e5 n\u00e5gon av de allm\u00e4nna l\u00e4gerplatserna s\u00e5 finns h\u00e4r ett alternativ som ger dig en bekv\u00e4mare \u00f6vernattning. Stugan har 6 s\u00e4ngar\u00a0(s\u00e4ngkl\u00e4der och handdukar ing\u00e5r ej), toalett, kyl, frys, ugn, micro, kaffekokare, tv, el och rinnande vatten. Grillplats finns utanf\u00f6r stugan. [&hellip;]","og_url":"https:\/\/kanotcentralen.se\/sv\/stugovernattning-i-anderstorp\/","og_site_name":"Kanotcentralen i Stockam\u00f6llan","article_publisher":"https:\/\/www.facebook.com\/kanotcentralen\/","article_modified_time":"2026-03-19T11:23:43+00:00","og_image":[{"url":"https:\/\/kanotcentralen.se\/wp-content\/uploads\/2023\/01\/1548928563_1.webp","type":"","width":"","height":""}],"twitter_card":"summary_large_image","twitter_misc":{"Ber\u00e4knad l\u00e4stid":"2 minuter"},"schema":{"@context":"https:\/\/schema.org","@graph":[{"@type":"WebPage","@id":"https:\/\/kanotcentralen.se\/sv\/stugovernattning-i-anderstorp\/","url":"https:\/\/kanotcentralen.se\/sv\/stugovernattning-i-anderstorp\/","name":"Stug\u00f6vernattning i Anderstorp &#8211; Kanotcentralen i Stockam\u00f6llan","isPartOf":{"@id":"https:\/\/kanotcentralen.se\/sv\/#website"},"primaryImageOfPage":{"@id":"https:\/\/kanotcentralen.se\/sv\/stugovernattning-i-anderstorp\/#primaryimage"},"image":{"@id":"https:\/\/kanotcentralen.se\/sv\/stugovernattning-i-anderstorp\/#primaryimage"},"thumbnailUrl":"https:\/\/kanotcentralen.se\/wp-content\/uploads\/2023\/01\/1548928563_1.webp","datePublished":"2023-01-17T19:28:24+00:00","dateModified":"2026-03-19T11:23:43+00:00","breadcrumb":{"@id":"https:\/\/kanotcentralen.se\/sv\/stugovernattning-i-anderstorp\/#breadcrumb"},"inLanguage":"sv-SE","potentialAction":[{"@type":"ReadAction","target":["https:\/\/kanotcentralen.se\/sv\/stugovernattning-i-anderstorp\/"]}]},{"@type":"ImageObject","inLanguage":"sv-SE","@id":"https:\/\/kanotcentralen.se\/sv\/stugovernattning-i-anderstorp\/#primaryimage","url":"https:\/\/kanotcentralen.se\/wp-content\/uploads\/2023\/01\/1548928563_1.webp","contentUrl":"https:\/\/kanotcentralen.se\/wp-content\/uploads\/2023\/01\/1548928563_1.webp"},{"@type":"BreadcrumbList","@id":"https:\/\/kanotcentralen.se\/sv\/stugovernattning-i-anderstorp\/#breadcrumb","itemListElement":[{"@type":"ListItem","position":1,"name":"Hem","item":"https:\/\/kanotcentralen.se\/sv\/"},{"@type":"ListItem","position":2,"name":"Stug\u00f6vernattning i Anderstorp"}]},{"@type":"WebSite","@id":"https:\/\/kanotcentralen.se\/sv\/#website","url":"https:\/\/kanotcentralen.se\/sv\/","name":"Kanotcentralen i Stockam\u00f6llan","description":"Hyra kanot i vackra Sk\u00e5ne","publisher":{"@id":"https:\/\/kanotcentralen.se\/sv\/#organization"},"potentialAction":[{"@type":"SearchAction","target":{"@type":"EntryPoint","urlTemplate":"https:\/\/kanotcentralen.se\/sv\/?s={search_term_string}"},"query-input":{"@type":"PropertyValueSpecification","valueRequired":true,"valueName":"search_term_string"}}],"inLanguage":"sv-SE"},{"@type":"Organization","@id":"https:\/\/kanotcentralen.se\/sv\/#organization","name":"Kanotcentralen i Stockam\u00f6llan","url":"https:\/\/kanotcentralen.se\/sv\/","logo":{"@type":"ImageObject","inLanguage":"sv-SE","@id":"https:\/\/kanotcentralen.se\/sv\/#\/schema\/logo\/image\/","url":"https:\/\/kanotcentralen.se\/wp-content\/uploads\/2022\/02\/kanotcentralen-logo.png","contentUrl":"https:\/\/kanotcentralen.se\/wp-content\/uploads\/2022\/02\/kanotcentralen-logo.png","width":300,"height":42,"caption":"Kanotcentralen i Stockam\u00f6llan"},"image":{"@id":"https:\/\/kanotcentralen.se\/sv\/#\/schema\/logo\/image\/"},"sameAs":["https:\/\/www.facebook.com\/kanotcentralen\/","https:\/\/www.instagram.com\/kanotcentralen\/"]}]}},"_links":{"self":[{"href":"https:\/\/kanotcentralen.se\/sv\/wp-json\/wp\/v2\/pages\/380","targetHints":{"allow":["GET"]}}],"collection":[{"href":"https:\/\/kanotcentralen.se\/sv\/wp-json\/wp\/v2\/pages"}],"about":[{"href":"https:\/\/kanotcentralen.se\/sv\/wp-json\/wp\/v2\/types\/page"}],"author":[{"embeddable":true,"href":"https:\/\/kanotcentralen.se\/sv\/wp-json\/wp\/v2\/users\/1"}],"replies":[{"embeddable":true,"href":"https:\/\/kanotcentralen.se\/sv\/wp-json\/wp\/v2\/comments?post=380"}],"version-history":[{"count":31,"href":"https:\/\/kanotcentralen.se\/sv\/wp-json\/wp\/v2\/pages\/380\/revisions"}],"predecessor-version":[{"id":6603,"href":"https:\/\/kanotcentralen.se\/sv\/wp-json\/wp\/v2\/pages\/380\/revisions\/6603"}],"wp:attachment":[{"href":"https:\/\/kanotcentralen.se\/sv\/wp-json\/wp\/v2\/media?parent=380"}],"curies":[{"name":"wp","href":"https:\/\/api.w.org\/{rel}","templated":true}]}}