{"id":334,"date":"2023-01-17T18:54:31","date_gmt":"2023-01-17T18:54:31","guid":{"rendered":"https:\/\/kanotcentralen.se\/?page_id=334"},"modified":"2026-03-19T11:28:33","modified_gmt":"2026-03-19T11:28:33","slug":"bokningsbestammelser","status":"publish","type":"page","link":"https:\/\/kanotcentralen.se\/sv\/bokningsbestammelser\/","title":{"rendered":"Bokningsbest\u00e4mmelser"},"content":{"rendered":"\t\t<div data-elementor-type=\"wp-page\" data-elementor-id=\"334\" class=\"elementor elementor-334\" data-elementor-post-type=\"page\">\n\t\t\t\t\t\t<section class=\"elementor-section elementor-top-section elementor-element elementor-element-dd4be69 elementor-section-full_width elementor-section-height-min-height elementor-section-height-default elementor-section-items-middle\" data-id=\"dd4be69\" data-element_type=\"section\" data-e-type=\"section\" data-settings=\"{&quot;background_background&quot;:&quot;classic&quot;}\">\n\t\t\t\t\t\t\t<div class=\"elementor-background-overlay\"><\/div>\n\t\t\t\t\t\t\t<div class=\"elementor-container elementor-column-gap-default\">\n\t\t\t\t\t<div class=\"elementor-column elementor-col-100 elementor-top-column elementor-element elementor-element-6efd250\" data-id=\"6efd250\" data-element_type=\"column\" data-e-type=\"column\">\n\t\t\t<div class=\"elementor-widget-wrap elementor-element-populated\">\n\t\t\t\t\t\t<section class=\"elementor-section elementor-inner-section elementor-element elementor-element-1e7acc0 elementor-section-boxed elementor-section-height-default elementor-section-height-default\" data-id=\"1e7acc0\" data-element_type=\"section\" data-e-type=\"section\">\n\t\t\t\t\t\t<div class=\"elementor-container elementor-column-gap-default\">\n\t\t\t\t\t<div class=\"elementor-column elementor-col-100 elementor-inner-column elementor-element elementor-element-ba55ff3\" data-id=\"ba55ff3\" data-element_type=\"column\" data-e-type=\"column\">\n\t\t\t<div class=\"elementor-widget-wrap elementor-element-populated\">\n\t\t\t\t\t\t<div class=\"elementor-element elementor-element-f6001b3 elementor-widget elementor-widget-heading\" data-id=\"f6001b3\" data-element_type=\"widget\" data-e-type=\"widget\" data-widget_type=\"heading.default\">\n\t\t\t\t<div class=\"elementor-widget-container\">\n\t\t\t\t\t<h2 class=\"elementor-heading-title elementor-size-default\">Bokningsbest\u00e4mmelser<\/h2>\t\t\t\t<\/div>\n\t\t\t\t<\/div>\n\t\t\t\t\t<\/div>\n\t\t<\/div>\n\t\t\t\t\t<\/div>\n\t\t<\/section>\n\t\t\t\t<div class=\"elementor-element elementor-element-506ab32 elementor-widget__width-auto elementor-fixed e-transform elementor-widget elementor-widget-button\" data-id=\"506ab32\" data-element_type=\"widget\" data-e-type=\"widget\" data-settings=\"{&quot;_position&quot;:&quot;fixed&quot;,&quot;_transform_rotateZ_effect&quot;:{&quot;unit&quot;:&quot;px&quot;,&quot;size&quot;:-90,&quot;sizes&quot;:[]},&quot;_transform_rotateZ_effect_tablet&quot;:{&quot;unit&quot;:&quot;deg&quot;,&quot;size&quot;:&quot;&quot;,&quot;sizes&quot;:[]},&quot;_transform_rotateZ_effect_mobile&quot;:{&quot;unit&quot;:&quot;deg&quot;,&quot;size&quot;:&quot;&quot;,&quot;sizes&quot;:[]}}\" data-widget_type=\"button.default\">\n\t\t\t\t<div class=\"elementor-widget-container\">\n\t\t\t\t\t\t\t\t\t<div class=\"elementor-button-wrapper\">\n\t\t\t\t\t<a class=\"elementor-button elementor-button-link elementor-size-sm\" href=\"https:\/\/app.bookspot.io\/widget\/v3?widgetId=1358f547-502a-4357-a6df-925c7210b8fb\">\n\t\t\t\t\t\t<span class=\"elementor-button-content-wrapper\">\n\t\t\t\t\t\t\t\t\t<span class=\"elementor-button-text\">Boka h\u00e4r<\/span>\n\t\t\t\t\t<\/span>\n\t\t\t\t\t<\/a>\n\t\t\t\t<\/div>\n\t\t\t\t\t\t\t\t<\/div>\n\t\t\t\t<\/div>\n\t\t\t\t\t<\/div>\n\t\t<\/div>\n\t\t\t\t\t<\/div>\n\t\t<\/section>\n\t\t\t\t<section class=\"elementor-section elementor-top-section elementor-element elementor-element-e8fc808 elementor-section-boxed elementor-section-height-default elementor-section-height-default\" data-id=\"e8fc808\" data-element_type=\"section\" data-e-type=\"section\" data-settings=\"{&quot;background_background&quot;:&quot;classic&quot;}\">\n\t\t\t\t\t\t<div class=\"elementor-container elementor-column-gap-default\">\n\t\t\t\t\t<div class=\"elementor-column elementor-col-100 elementor-top-column elementor-element elementor-element-9b42e7b\" data-id=\"9b42e7b\" data-element_type=\"column\" data-e-type=\"column\">\n\t\t\t<div class=\"elementor-widget-wrap elementor-element-populated\">\n\t\t\t\t\t\t<section class=\"elementor-section elementor-inner-section elementor-element elementor-element-dba4349 elementor-section-boxed elementor-section-height-default elementor-section-height-default\" data-id=\"dba4349\" data-element_type=\"section\" data-e-type=\"section\" data-settings=\"{&quot;background_background&quot;:&quot;classic&quot;}\">\n\t\t\t\t\t\t<div class=\"elementor-container elementor-column-gap-default\">\n\t\t\t\t\t<div class=\"elementor-column elementor-col-100 elementor-inner-column elementor-element elementor-element-7b798c6\" data-id=\"7b798c6\" data-element_type=\"column\" data-e-type=\"column\">\n\t\t\t<div class=\"elementor-widget-wrap elementor-element-populated\">\n\t\t\t\t\t\t<div class=\"elementor-element elementor-element-6e5d4af elementor-widget elementor-widget-heading\" data-id=\"6e5d4af\" data-element_type=\"widget\" data-e-type=\"widget\" data-widget_type=\"heading.default\">\n\t\t\t\t<div class=\"elementor-widget-container\">\n\t\t\t\t\t<h2 class=\"elementor-heading-title elementor-size-default\">Hyresvillkor<\/h2>\t\t\t\t<\/div>\n\t\t\t\t<\/div>\n\t\t\t\t<div class=\"elementor-element elementor-element-84cca46 elementor-widget elementor-widget-text-editor\" data-id=\"84cca46\" data-element_type=\"widget\" data-e-type=\"widget\" data-widget_type=\"text-editor.default\">\n\t\t\t\t<div class=\"elementor-widget-container\">\n\t\t\t\t\t\t\t\t\t<p>F\u00f6r att hyra kanot eller kajak hos Kanotcentralen i Stockam\u00f6llan \/ Remdoc AB m\u00e5ste man uppfylla f\u00f6ljande:<\/p><p>\u2022 Du ska vara minst 18 \u00e5r, eller i m\u00e5lsmans s\u00e4llskap\/medgivande.<\/p><p>\u2022 Du m\u00e5ste vara simkunnig.<\/p><p>\u2022 Du m\u00e5ste b\u00e4ra flytv\u00e4st.<\/p><p>\u2022 Du ska anm\u00e4la och ers\u00e4tta Kanotcentralen i Stockam\u00f6llan (till sj\u00e4lvkostnadspris) vid uppkomna skador eller f\u00f6rlorad utrustning. Normalt slitage debiteras inte.<\/p><p>\u2022 Hyrtagaren ansvarar f\u00f6r att hyrd utrustning \u00e5terl\u00e4mnas i r\u00e4tt tid och p\u00e5 r\u00e4tt plats. Kanotcentralen i Stockam\u00f6llan har r\u00e4tt att debitera extra kostnad f\u00f6r att leta upp och h\u00e4mta hem utrustning som inte l\u00e4mnats p\u00e5 r\u00e4tt plats.<\/p><p>\u2022 Du \u00e4r medveten om att alla uthyrningsaktiviteter sker p\u00e5 egen risk. Det \u00e4r ditt ansvar att f\u00f6lja g\u00e4llande trafik\/sj\u00f6regler. Kanotcentralen i Stockam\u00f6llan ikl\u00e4der sig inget som helst ansvar vid person- eller kl\u00e4dskada som kan uppst\u00e5 under hyrestiden.<\/p><p>\u2022 Var beredd p\u00e5 att visa legitimation vid all typ av uthyrning. Det r\u00e4cker med att en person i s\u00e4llskapet \u00f6ver 18 \u00e5r kan legitimera sig, och d\u00e5 \u00e4r det den personen som ansvarar f\u00f6r all hyrd utrustning.<\/p><p>\u2022 Genom att du godk\u00e4nner dessa k\u00f6pvillkor uppst\u00e5r ett bindande avtal. Vid mottagen bokning skickas automatiskt en bokningsbekr\u00e4ftelse per e-post med information om hyrestiden.<\/p><p>\u2022 I enlighet med dataskyddslagen m\u00e5ste du godk\u00e4nna att vi registrerar dina uppgifter. Du har r\u00e4tt att f\u00e5 uppgifterna raderade.<\/p><p>\u2022 Vi f\u00f6ljer Allm\u00e4nna reklamationsn\u00e4mndens rekommendationer vid eventuell tvist.<\/p><p>\u2022 Du godk\u00e4nner att vi skickar dig e-post med bokningsbekr\u00e4ftelse och uppf\u00f6ljningsmail. Vi kommer inte skicka nyhetsbrev till dig ifall detta inte har beg\u00e4rts.<\/p><p>Bokningsregler:<br \/>\u2022 <b>Du kan boka om eller avboka helt eller delvis utan n\u00e5gon kostnad till och med senast kl 12.00 sju dagar innan du ska starta.<\/b> Har du betalat din tur i f\u00f6rv\u00e4g <b>s\u00e5 f\u00e5r du vid avbokning tillbaka 100% av beloppet.<\/b><br \/><b>Har du k\u00f6pt till ombokningsgaranti kan du \u00e4ven boka om din tur fram till 4 timmar innan turen startar.<\/b><\/p><p>\u2022 Kanotcentralen Stockam\u00f6llan har r\u00e4tt att annullera bokningar i h\u00e4ndelse n\u00e5got intr\u00e4ffar utanf\u00f6r v\u00e5r kontroll t.ex. stulna eller skadade kanoter. I s\u00e5dana fall \u00e5terbetalas hela den inbetalade summan. Hyrtagaren har ingen r\u00e4tt till skadest\u00e5nd.<\/p><p>Info:<br \/>Telefon: +46790109109, Mail: fragor@kanotcentralen.se<br \/>Organisationsnummer 556483-7408, Momsregistreringsnummer SE556483740801<\/p><p>TIPS!<br \/>Anpassa din tur efter egen f\u00f6rm\u00e5ga. \u00c4r det f\u00f6rsta g\u00e5ngen du paddlar \u2013 h\u00e5ll dig n\u00e4ra land hela tiden. Om du skulle v\u00e4lta \u2013 simma in till land och t\u00f6m kanoten\/kajaken \u2013 paddla sedan vidare.<\/p><p>Vid best\u00e4llning godk\u00e4nner du v\u00e5ra hyresvillkor.<\/p><p>Hyresvillkoren avser alla varor och tj\u00e4nster som best\u00e4lls och levereras av Remdoc AB \/ Kanotcentralen i Stockam\u00f6llan. Genom att g\u00f6ra en elektronisk best\u00e4llning h\u00e4r p\u00e5 v\u00e5r hemsida d\u00e4r man aktivt markerat att samtliga angivna villkor godk\u00e4nts, anses dessa villkor vara accepterade av kunden och ett bindande avtal har uppst\u00e5tt.<\/p>\t\t\t\t\t\t\t\t<\/div>\n\t\t\t\t<\/div>\n\t\t\t\t\t<\/div>\n\t\t<\/div>\n\t\t\t\t\t<\/div>\n\t\t<\/section>\n\t\t\t\t\t<\/div>\n\t\t<\/div>\n\t\t\t\t\t<\/div>\n\t\t<\/section>\n\t\t\t\t<\/div>\n\t\t","protected":false},"excerpt":{"rendered":"<p>Bokningsbest\u00e4mmelser Boka h\u00e4r Hyresvillkor F\u00f6r att hyra kanot eller kajak hos Kanotcentralen i Stockam\u00f6llan \/ Remdoc AB m\u00e5ste man uppfylla f\u00f6ljande: \u2022 Du ska vara minst 18 \u00e5r, eller i m\u00e5lsmans s\u00e4llskap\/medgivande. \u2022 Du m\u00e5ste vara simkunnig. \u2022 Du m\u00e5ste b\u00e4ra flytv\u00e4st. \u2022 Du ska anm\u00e4la och ers\u00e4tta Kanotcentralen i Stockam\u00f6llan (till sj\u00e4lvkostnadspris) vid uppkomna [&hellip;]<\/p>\n","protected":false},"author":1,"featured_media":0,"parent":0,"menu_order":0,"comment_status":"closed","ping_status":"closed","template":"","meta":{"footnotes":""},"class_list":["post-334","page","type-page","status-publish","hentry"],"yoast_head":"<!-- This site is optimized with the Yoast SEO plugin v26.0 - https:\/\/yoast.com\/wordpress\/plugins\/seo\/ -->\n<title>Bokningsbest\u00e4mmelser &#8211; Kanotcentralen i Stockam\u00f6llan<\/title>\n<meta name=\"robots\" content=\"index, follow, max-snippet:-1, max-image-preview:large, max-video-preview:-1\" \/>\n<link rel=\"canonical\" href=\"https:\/\/kanotcentralen.se\/sv\/bokningsbestammelser\/\" \/>\n<meta property=\"og:locale\" content=\"sv_SE\" \/>\n<meta property=\"og:type\" content=\"article\" \/>\n<meta property=\"og:title\" content=\"Bokningsbest\u00e4mmelser &#8211; Kanotcentralen i Stockam\u00f6llan\" \/>\n<meta property=\"og:description\" content=\"Bokningsbest\u00e4mmelser Boka h\u00e4r Hyresvillkor F\u00f6r att hyra kanot eller kajak hos Kanotcentralen i Stockam\u00f6llan \/ Remdoc AB m\u00e5ste man uppfylla f\u00f6ljande: \u2022 Du ska vara minst 18 \u00e5r, eller i m\u00e5lsmans s\u00e4llskap\/medgivande. \u2022 Du m\u00e5ste vara simkunnig. \u2022 Du m\u00e5ste b\u00e4ra flytv\u00e4st. \u2022 Du ska anm\u00e4la och ers\u00e4tta Kanotcentralen i Stockam\u00f6llan (till sj\u00e4lvkostnadspris) vid uppkomna [&hellip;]\" \/>\n<meta property=\"og:url\" content=\"https:\/\/kanotcentralen.se\/sv\/bokningsbestammelser\/\" \/>\n<meta property=\"og:site_name\" content=\"Kanotcentralen i Stockam\u00f6llan\" \/>\n<meta property=\"article:publisher\" content=\"https:\/\/www.facebook.com\/kanotcentralen\/\" \/>\n<meta property=\"article:modified_time\" content=\"2026-03-19T11:28:33+00:00\" \/>\n<meta name=\"twitter:card\" content=\"summary_large_image\" \/>\n<meta name=\"twitter:label1\" content=\"Ber\u00e4knad l\u00e4stid\" \/>\n\t<meta name=\"twitter:data1\" content=\"3 minuter\" \/>\n<script type=\"application\/ld+json\" class=\"yoast-schema-graph\">{\"@context\":\"https:\/\/schema.org\",\"@graph\":[{\"@type\":\"WebPage\",\"@id\":\"https:\/\/kanotcentralen.se\/sv\/bokningsbestammelser\/\",\"url\":\"https:\/\/kanotcentralen.se\/sv\/bokningsbestammelser\/\",\"name\":\"Bokningsbest\u00e4mmelser &#8211; Kanotcentralen i Stockam\u00f6llan\",\"isPartOf\":{\"@id\":\"https:\/\/kanotcentralen.se\/sv\/#website\"},\"datePublished\":\"2023-01-17T18:54:31+00:00\",\"dateModified\":\"2026-03-19T11:28:33+00:00\",\"breadcrumb\":{\"@id\":\"https:\/\/kanotcentralen.se\/sv\/bokningsbestammelser\/#breadcrumb\"},\"inLanguage\":\"sv-SE\",\"potentialAction\":[{\"@type\":\"ReadAction\",\"target\":[\"https:\/\/kanotcentralen.se\/sv\/bokningsbestammelser\/\"]}]},{\"@type\":\"BreadcrumbList\",\"@id\":\"https:\/\/kanotcentralen.se\/sv\/bokningsbestammelser\/#breadcrumb\",\"itemListElement\":[{\"@type\":\"ListItem\",\"position\":1,\"name\":\"Hem\",\"item\":\"https:\/\/kanotcentralen.se\/sv\/\"},{\"@type\":\"ListItem\",\"position\":2,\"name\":\"Bokningsbest\u00e4mmelser\"}]},{\"@type\":\"WebSite\",\"@id\":\"https:\/\/kanotcentralen.se\/sv\/#website\",\"url\":\"https:\/\/kanotcentralen.se\/sv\/\",\"name\":\"Kanotcentralen i Stockam\u00f6llan\",\"description\":\"Hyra kanot i vackra Sk\u00e5ne\",\"publisher\":{\"@id\":\"https:\/\/kanotcentralen.se\/sv\/#organization\"},\"potentialAction\":[{\"@type\":\"SearchAction\",\"target\":{\"@type\":\"EntryPoint\",\"urlTemplate\":\"https:\/\/kanotcentralen.se\/sv\/?s={search_term_string}\"},\"query-input\":{\"@type\":\"PropertyValueSpecification\",\"valueRequired\":true,\"valueName\":\"search_term_string\"}}],\"inLanguage\":\"sv-SE\"},{\"@type\":\"Organization\",\"@id\":\"https:\/\/kanotcentralen.se\/sv\/#organization\",\"name\":\"Kanotcentralen i Stockam\u00f6llan\",\"url\":\"https:\/\/kanotcentralen.se\/sv\/\",\"logo\":{\"@type\":\"ImageObject\",\"inLanguage\":\"sv-SE\",\"@id\":\"https:\/\/kanotcentralen.se\/sv\/#\/schema\/logo\/image\/\",\"url\":\"https:\/\/kanotcentralen.se\/wp-content\/uploads\/2022\/02\/kanotcentralen-logo.png\",\"contentUrl\":\"https:\/\/kanotcentralen.se\/wp-content\/uploads\/2022\/02\/kanotcentralen-logo.png\",\"width\":300,\"height\":42,\"caption\":\"Kanotcentralen i Stockam\u00f6llan\"},\"image\":{\"@id\":\"https:\/\/kanotcentralen.se\/sv\/#\/schema\/logo\/image\/\"},\"sameAs\":[\"https:\/\/www.facebook.com\/kanotcentralen\/\",\"https:\/\/www.instagram.com\/kanotcentralen\/\"]}]}<\/script>\n<!-- \/ Yoast SEO plugin. -->","yoast_head_json":{"title":"Bokningsbest\u00e4mmelser &#8211; Kanotcentralen i Stockam\u00f6llan","robots":{"index":"index","follow":"follow","max-snippet":"max-snippet:-1","max-image-preview":"max-image-preview:large","max-video-preview":"max-video-preview:-1"},"canonical":"https:\/\/kanotcentralen.se\/sv\/bokningsbestammelser\/","og_locale":"sv_SE","og_type":"article","og_title":"Bokningsbest\u00e4mmelser &#8211; Kanotcentralen i Stockam\u00f6llan","og_description":"Bokningsbest\u00e4mmelser Boka h\u00e4r Hyresvillkor F\u00f6r att hyra kanot eller kajak hos Kanotcentralen i Stockam\u00f6llan \/ Remdoc AB m\u00e5ste man uppfylla f\u00f6ljande: \u2022 Du ska vara minst 18 \u00e5r, eller i m\u00e5lsmans s\u00e4llskap\/medgivande. \u2022 Du m\u00e5ste vara simkunnig. \u2022 Du m\u00e5ste b\u00e4ra flytv\u00e4st. \u2022 Du ska anm\u00e4la och ers\u00e4tta Kanotcentralen i Stockam\u00f6llan (till sj\u00e4lvkostnadspris) vid uppkomna [&hellip;]","og_url":"https:\/\/kanotcentralen.se\/sv\/bokningsbestammelser\/","og_site_name":"Kanotcentralen i Stockam\u00f6llan","article_publisher":"https:\/\/www.facebook.com\/kanotcentralen\/","article_modified_time":"2026-03-19T11:28:33+00:00","twitter_card":"summary_large_image","twitter_misc":{"Ber\u00e4knad l\u00e4stid":"3 minuter"},"schema":{"@context":"https:\/\/schema.org","@graph":[{"@type":"WebPage","@id":"https:\/\/kanotcentralen.se\/sv\/bokningsbestammelser\/","url":"https:\/\/kanotcentralen.se\/sv\/bokningsbestammelser\/","name":"Bokningsbest\u00e4mmelser &#8211; Kanotcentralen i Stockam\u00f6llan","isPartOf":{"@id":"https:\/\/kanotcentralen.se\/sv\/#website"},"datePublished":"2023-01-17T18:54:31+00:00","dateModified":"2026-03-19T11:28:33+00:00","breadcrumb":{"@id":"https:\/\/kanotcentralen.se\/sv\/bokningsbestammelser\/#breadcrumb"},"inLanguage":"sv-SE","potentialAction":[{"@type":"ReadAction","target":["https:\/\/kanotcentralen.se\/sv\/bokningsbestammelser\/"]}]},{"@type":"BreadcrumbList","@id":"https:\/\/kanotcentralen.se\/sv\/bokningsbestammelser\/#breadcrumb","itemListElement":[{"@type":"ListItem","position":1,"name":"Hem","item":"https:\/\/kanotcentralen.se\/sv\/"},{"@type":"ListItem","position":2,"name":"Bokningsbest\u00e4mmelser"}]},{"@type":"WebSite","@id":"https:\/\/kanotcentralen.se\/sv\/#website","url":"https:\/\/kanotcentralen.se\/sv\/","name":"Kanotcentralen i Stockam\u00f6llan","description":"Hyra kanot i vackra Sk\u00e5ne","publisher":{"@id":"https:\/\/kanotcentralen.se\/sv\/#organization"},"potentialAction":[{"@type":"SearchAction","target":{"@type":"EntryPoint","urlTemplate":"https:\/\/kanotcentralen.se\/sv\/?s={search_term_string}"},"query-input":{"@type":"PropertyValueSpecification","valueRequired":true,"valueName":"search_term_string"}}],"inLanguage":"sv-SE"},{"@type":"Organization","@id":"https:\/\/kanotcentralen.se\/sv\/#organization","name":"Kanotcentralen i Stockam\u00f6llan","url":"https:\/\/kanotcentralen.se\/sv\/","logo":{"@type":"ImageObject","inLanguage":"sv-SE","@id":"https:\/\/kanotcentralen.se\/sv\/#\/schema\/logo\/image\/","url":"https:\/\/kanotcentralen.se\/wp-content\/uploads\/2022\/02\/kanotcentralen-logo.png","contentUrl":"https:\/\/kanotcentralen.se\/wp-content\/uploads\/2022\/02\/kanotcentralen-logo.png","width":300,"height":42,"caption":"Kanotcentralen i Stockam\u00f6llan"},"image":{"@id":"https:\/\/kanotcentralen.se\/sv\/#\/schema\/logo\/image\/"},"sameAs":["https:\/\/www.facebook.com\/kanotcentralen\/","https:\/\/www.instagram.com\/kanotcentralen\/"]}]}},"_links":{"self":[{"href":"https:\/\/kanotcentralen.se\/sv\/wp-json\/wp\/v2\/pages\/334","targetHints":{"allow":["GET"]}}],"collection":[{"href":"https:\/\/kanotcentralen.se\/sv\/wp-json\/wp\/v2\/pages"}],"about":[{"href":"https:\/\/kanotcentralen.se\/sv\/wp-json\/wp\/v2\/types\/page"}],"author":[{"embeddable":true,"href":"https:\/\/kanotcentralen.se\/sv\/wp-json\/wp\/v2\/users\/1"}],"replies":[{"embeddable":true,"href":"https:\/\/kanotcentralen.se\/sv\/wp-json\/wp\/v2\/comments?post=334"}],"version-history":[{"count":43,"href":"https:\/\/kanotcentralen.se\/sv\/wp-json\/wp\/v2\/pages\/334\/revisions"}],"predecessor-version":[{"id":6607,"href":"https:\/\/kanotcentralen.se\/sv\/wp-json\/wp\/v2\/pages\/334\/revisions\/6607"}],"wp:attachment":[{"href":"https:\/\/kanotcentralen.se\/sv\/wp-json\/wp\/v2\/media?parent=334"}],"curies":[{"name":"wp","href":"https:\/\/api.w.org\/{rel}","templated":true}]}}