{"id":286,"date":"2023-01-17T17:28:44","date_gmt":"2023-01-17T17:28:44","guid":{"rendered":"https:\/\/kanotcentralen.se\/?page_id=286"},"modified":"2026-03-19T11:17:57","modified_gmt":"2026-03-19T11:17:57","slug":"kartnalar-sa-du-enkelt-hittar-viktiga-platser-langs-ronne-a","status":"publish","type":"page","link":"https:\/\/kanotcentralen.se\/sv\/kartnalar-sa-du-enkelt-hittar-viktiga-platser-langs-ronne-a\/","title":{"rendered":"Kartn\u00e5lar viktiga platser"},"content":{"rendered":"\t\t<div data-elementor-type=\"wp-page\" data-elementor-id=\"286\" class=\"elementor elementor-286\" data-elementor-post-type=\"page\">\n\t\t\t\t\t\t<section class=\"elementor-section elementor-top-section elementor-element elementor-element-dd4be69 elementor-section-full_width elementor-section-height-min-height elementor-section-height-default elementor-section-items-middle\" data-id=\"dd4be69\" data-element_type=\"section\" data-e-type=\"section\" data-settings=\"{&quot;background_background&quot;:&quot;classic&quot;}\">\n\t\t\t\t\t\t\t<div class=\"elementor-background-overlay\"><\/div>\n\t\t\t\t\t\t\t<div class=\"elementor-container elementor-column-gap-default\">\n\t\t\t\t\t<div class=\"elementor-column elementor-col-100 elementor-top-column elementor-element elementor-element-6efd250\" data-id=\"6efd250\" data-element_type=\"column\" data-e-type=\"column\">\n\t\t\t<div class=\"elementor-widget-wrap elementor-element-populated\">\n\t\t\t\t\t\t<section class=\"elementor-section elementor-inner-section elementor-element elementor-element-1e7acc0 elementor-section-boxed elementor-section-height-default elementor-section-height-default\" data-id=\"1e7acc0\" data-element_type=\"section\" data-e-type=\"section\">\n\t\t\t\t\t\t<div class=\"elementor-container elementor-column-gap-default\">\n\t\t\t\t\t<div class=\"elementor-column elementor-col-100 elementor-inner-column elementor-element elementor-element-ba55ff3\" data-id=\"ba55ff3\" data-element_type=\"column\" data-e-type=\"column\">\n\t\t\t<div class=\"elementor-widget-wrap elementor-element-populated\">\n\t\t\t\t\t\t<div class=\"elementor-element elementor-element-f6001b3 elementor-widget elementor-widget-heading\" data-id=\"f6001b3\" data-element_type=\"widget\" data-e-type=\"widget\" data-widget_type=\"heading.default\">\n\t\t\t\t<div class=\"elementor-widget-container\">\n\t\t\t\t\t<h1 class=\"elementor-heading-title elementor-size-default\">Kartn\u00e5lar till alla viktiga platser l\u00e4ngs R\u00f6nne \u00e5<\/h1>\t\t\t\t<\/div>\n\t\t\t\t<\/div>\n\t\t\t\t\t<\/div>\n\t\t<\/div>\n\t\t\t\t\t<\/div>\n\t\t<\/section>\n\t\t\t\t<div class=\"elementor-element elementor-element-0fe87a4 elementor-widget__width-auto elementor-fixed e-transform elementor-widget elementor-widget-button\" data-id=\"0fe87a4\" data-element_type=\"widget\" data-e-type=\"widget\" data-settings=\"{&quot;_position&quot;:&quot;fixed&quot;,&quot;_transform_rotateZ_effect&quot;:{&quot;unit&quot;:&quot;px&quot;,&quot;size&quot;:-90,&quot;sizes&quot;:[]},&quot;_transform_rotateZ_effect_tablet&quot;:{&quot;unit&quot;:&quot;deg&quot;,&quot;size&quot;:&quot;&quot;,&quot;sizes&quot;:[]},&quot;_transform_rotateZ_effect_mobile&quot;:{&quot;unit&quot;:&quot;deg&quot;,&quot;size&quot;:&quot;&quot;,&quot;sizes&quot;:[]}}\" data-widget_type=\"button.default\">\n\t\t\t\t<div class=\"elementor-widget-container\">\n\t\t\t\t\t\t\t\t\t<div class=\"elementor-button-wrapper\">\n\t\t\t\t\t<a class=\"elementor-button elementor-button-link elementor-size-sm\" href=\"https:\/\/app.bookspot.io\/widget\/v3?widgetId=1358f547-502a-4357-a6df-925c7210b8fb\">\n\t\t\t\t\t\t<span class=\"elementor-button-content-wrapper\">\n\t\t\t\t\t\t\t\t\t<span class=\"elementor-button-text\">Boka h\u00e4r<\/span>\n\t\t\t\t\t<\/span>\n\t\t\t\t\t<\/a>\n\t\t\t\t<\/div>\n\t\t\t\t\t\t\t\t<\/div>\n\t\t\t\t<\/div>\n\t\t\t\t\t<\/div>\n\t\t<\/div>\n\t\t\t\t\t<\/div>\n\t\t<\/section>\n\t\t\t\t<section class=\"elementor-section elementor-top-section elementor-element elementor-element-e8fc808 elementor-section-boxed elementor-section-height-default elementor-section-height-default\" data-id=\"e8fc808\" data-element_type=\"section\" data-e-type=\"section\" data-settings=\"{&quot;background_background&quot;:&quot;classic&quot;}\">\n\t\t\t\t\t\t<div class=\"elementor-container elementor-column-gap-default\">\n\t\t\t\t\t<div class=\"elementor-column elementor-col-100 elementor-top-column elementor-element elementor-element-9b42e7b\" data-id=\"9b42e7b\" data-element_type=\"column\" data-e-type=\"column\">\n\t\t\t<div class=\"elementor-widget-wrap elementor-element-populated\">\n\t\t\t\t\t\t<section class=\"elementor-section elementor-inner-section elementor-element elementor-element-dba4349 elementor-section-boxed elementor-section-height-default elementor-section-height-default\" data-id=\"dba4349\" data-element_type=\"section\" data-e-type=\"section\" data-settings=\"{&quot;background_background&quot;:&quot;classic&quot;}\">\n\t\t\t\t\t\t<div class=\"elementor-container elementor-column-gap-default\">\n\t\t\t\t\t<div class=\"elementor-column elementor-col-100 elementor-inner-column elementor-element elementor-element-7b798c6\" data-id=\"7b798c6\" data-element_type=\"column\" data-e-type=\"column\">\n\t\t\t<div class=\"elementor-widget-wrap elementor-element-populated\">\n\t\t\t\t\t\t<div class=\"elementor-element elementor-element-6e5d4af elementor-widget elementor-widget-heading\" data-id=\"6e5d4af\" data-element_type=\"widget\" data-e-type=\"widget\" data-widget_type=\"heading.default\">\n\t\t\t\t<div class=\"elementor-widget-container\">\n\t\t\t\t\t<h2 class=\"elementor-heading-title elementor-size-default\">S\u00e5 h\u00e4r anv\u00e4nder du denna sida<\/h2>\t\t\t\t<\/div>\n\t\t\t\t<\/div>\n\t\t\t\t<div class=\"elementor-element elementor-element-84cca46 elementor-widget elementor-widget-text-editor\" data-id=\"84cca46\" data-element_type=\"widget\" data-e-type=\"widget\" data-widget_type=\"text-editor.default\">\n\t\t\t\t<div class=\"elementor-widget-container\">\n\t\t\t\t\t\t\t\t\t<p>Varje rubrik nedan \u00e4r en l\u00e4nk till respektive st\u00e4lle p\u00e5 Google Maps som pekar exakt p\u00e5 de olika platser som du kommer ha intresse av att hitta till n\u00e4r du hyrt kanot och paddlar p\u00e5 R\u00f6nne \u00e5.<\/p><p>Denna sida \u00e4r j\u00e4ttebra n\u00e4r du planerar din kanotpaddling eller att ta fram i mobilen d\u00e5 och d\u00e5 n\u00e4r du paddlar kanot. F\u00f6r att enkelt se var du \u00e4r i f\u00f6rh\u00e5llande till rastplatser eller slutstationer. S\u00e5 du vet att du inte paddlat f\u00f6r l\u00e5ngt, hur l\u00e5ngt det \u00e4r kvar\u00a0och n\u00e4r\u00a0du \u00e4r p\u00e5 r\u00e4tt st\u00e4lle.<\/p><p>L\u00e4nkarna hj\u00e4lper dig ocks\u00e5 att hitta r\u00e4tt parkering att st\u00e4lla bilen p\u00e5 d\u00e4r du ska avsluta din paddling.<\/p><h5><a href=\"https:\/\/goo.gl\/maps\/BtfHQkq7F4VM9E6N8\" target=\"_blank\" rel=\"noopener\"><strong><span style=\"text-decoration: underline; color: #2f3843;\">Starten i Stockam\u00f6llan<\/span><\/strong><\/a><\/h5><p>H\u00e4r h\u00e4mtar du ut din utrustning.<\/p><h5><a href=\"https:\/\/goo.gl\/maps\/WFS2Kbrzbca7kb33A\" target=\"_blank\" rel=\"noopener\"><span style=\"text-decoration: underline; color: #2f3843;\"><strong>L\u00e5ngtidsparkeringen i Stockam\u00f6llan<\/strong><\/span><\/a><\/h5><p>Efter att du lastat av grejerna som du ska ha med dig s\u00e5 parkerar du bilen h\u00e4r medans du paddlar.<\/p><h5><a href=\"https:\/\/goo.gl\/maps\/JK7e3Xv4cWdrCX6R6\" target=\"_blank\" rel=\"noopener\"><span style=\"text-decoration: underline;\"><strong><span style=\"color: #2f3843; text-decoration: underline;\">Gunnar\u00f6ds L\u00e4gerplats<\/span><\/strong><\/span><\/a><\/h5><p>Denna l\u00e4gerplats ligger ca 20 minuters paddling fr\u00e5n starten.<\/p><h5><a href=\"https:\/\/goo.gl\/maps\/ZucYFijjcnHcp5h48\" target=\"_blank\" rel=\"noopener\"><span style=\"text-decoration: underline;\"><strong><span style=\"color: #2f3843; text-decoration: underline;\">Lyftet i Billingem\u00f6lla<\/span><\/strong><\/span><\/a><\/h5><p>Hit kommer du efter ca 1-1,5 h paddling.<\/p><h5><a href=\"https:\/\/goo.gl\/maps\/e7MiHgPUJFvQo65MA\" target=\"_blank\" rel=\"noopener\"><span style=\"text-decoration: underline; color: #2f3843;\"><strong>Parkeringen i Djupadalsm\u00f6lla<\/strong><\/span><\/a><\/h5><p>H\u00e4r st\u00e4ller du din bil och l\u00e4mnar dina kanoter om du ska paddla dagsturen. Viktigt h\u00e4r \u00e4r att du\u00a0<strong>inte<\/strong>\u00a0parkerar inne p\u00e5 bondg\u00e5rden som finns p\u00e5 andra sidan \u00e5n.<\/p><h5><a href=\"https:\/\/goo.gl\/maps\/8gtuMmjgnPyHcP8K7\" target=\"_blank\" rel=\"noopener\"><span style=\"text-decoration: underline; color: #2f3843;\"><strong>Var du g\u00e5r i land i Djupadalsm\u00f6lla<\/strong><\/span><\/a><\/h5><p>Du tar upp din kanot p\u00e5 h\u00f6ger sida efter bilbron.\u00a0<strong>Viktigt att du inte g\u00e5r i land vid bondg\u00e5rden<\/strong>\u00a0d\u00e5 vi g\u00f6r allt vi kan f\u00f6r att inte st\u00f6ra dem d\u00e4r. Ska du avsluta paddlingen h\u00e4r s\u00e5 f\u00f6ljer du den lilla stigen och l\u00e4gger kanoterna upp och ner p\u00e5 parkeringen.<br \/>Ska du paddla i mer \u00e4n en dag s\u00e5 f\u00f6ljer du stigen l\u00e4ngs med \u00e5n och s\u00e4tter i kanoterna igen i slutet p\u00e5 stigen.<\/p><h5><a href=\"https:\/\/goo.gl\/maps\/ex33B1uJAxf15Nrd8\" target=\"_blank\" rel=\"noopener\"><span style=\"text-decoration: underline; color: #2f3843;\"><strong>Parkering vid Anderstorp l\u00e4gerplats<\/strong><\/span><\/a><\/h5><p>Sj\u00e4lva parkeringen d\u00e4r du kan st\u00e5 s\u00e5 n\u00e4ra rastplatsen som m\u00f6jligt. Du parkerar mot ladans kortsida.<\/p><h5><a href=\"https:\/\/goo.gl\/maps\/SD9MFnThS31JQKEv6\" target=\"_blank\" rel=\"noopener\"><span style=\"text-decoration: underline; color: #2f3843;\"><strong>Anderstorp l\u00e4gerplats<\/strong><\/span><\/a><\/h5><p>F\u00f6rsta rastplasten av tv\u00e5 att v\u00e4lja p\u00e5 n\u00e4r du paddlat f\u00f6rsta dagen. Rastplatsen ligger p\u00e5 v\u00e4nster sida av \u00e5n.<\/p><h5><a href=\"https:\/\/goo.gl\/maps\/mR2V6Ls6BY3H6Uxi9\" target=\"_blank\" rel=\"noopener\"><span style=\"text-decoration: underline; color: #2f3843;\"><strong>Riseberga l\u00e4gerplats<\/strong><\/span><\/a><\/h5><p>Andra rastplatsen av tv\u00e5 att v\u00e4lja p\u00e5 n\u00e4r du paddlat f\u00f6rsta dagen. Rastplatsen ligger p\u00e5 v\u00e4nster sida av \u00e5n.<\/p><h5><a href=\"https:\/\/goo.gl\/maps\/bju4Cn7kyYs6MUKFA\" target=\"_blank\" rel=\"noopener\"><span style=\"text-decoration: underline; color: #2f3843;\"><strong>Parkeringen vid bron i Riseberga<\/strong><\/span><\/a><\/h5><p>En extra slutstation ifall man vill h\u00e5lla paddlingen kort andra dagen. Du g\u00e5r i land p\u00e5 h\u00f6ger sida precis innan bilbron.<\/p><h5><a href=\"https:\/\/goo.gl\/maps\/CA3X8yvezqUSTBZK8\" target=\"_blank\" rel=\"noopener\"><span style=\"text-decoration: underline; color: #2f3843;\"><strong>Parkeringen vid brukshundklubben i Herrevadskloster<\/strong><\/span><\/a><\/h5><p>Slutstationen n\u00e4r du paddlat dag tv\u00e5.<\/p><h5><a href=\"https:\/\/goo.gl\/maps\/jQohWZYnXT2izS2L8\" target=\"_blank\" rel=\"noopener\"><span style=\"text-decoration: underline; color: #2f3843;\"><strong>L\u00e4gerplatsen i Herrevadskloster<\/strong><\/span><\/a><\/h5><p>Vid vindskyddet h\u00e4r g\u00e5r du i land ifall du ska avsluta paddlingen eller \u00f6vernatta f\u00f6r fortsatt paddling.<\/p><h5><a href=\"https:\/\/goo.gl\/maps\/Rz4np2cRxGB9H7mv8\" target=\"_blank\" rel=\"noopener\"><span style=\"text-decoration: underline; color: #2f3843;\"><strong>Parkeringen vid Forsm\u00f6llan<\/strong><\/span><\/a><\/h5><p>P\u00e5 denna slutstation\u00a0st\u00e4ller du din bil och l\u00e4mnar din kanot ifall du ska paddla i tv\u00e5 eller tre dagar.<\/p>\t\t\t\t\t\t\t\t<\/div>\n\t\t\t\t<\/div>\n\t\t\t\t\t<\/div>\n\t\t<\/div>\n\t\t\t\t\t<\/div>\n\t\t<\/section>\n\t\t\t\t\t<\/div>\n\t\t<\/div>\n\t\t\t\t\t<\/div>\n\t\t<\/section>\n\t\t\t\t<\/div>\n\t\t","protected":false},"excerpt":{"rendered":"<p>Kartn\u00e5lar till alla viktiga platser l\u00e4ngs R\u00f6nne \u00e5 Boka h\u00e4r S\u00e5 h\u00e4r anv\u00e4nder du denna sida Varje rubrik nedan \u00e4r en l\u00e4nk till respektive st\u00e4lle p\u00e5 Google Maps som pekar exakt p\u00e5 de olika platser som du kommer ha intresse av att hitta till n\u00e4r du hyrt kanot och paddlar p\u00e5 R\u00f6nne \u00e5. Denna sida [&hellip;]<\/p>\n","protected":false},"author":1,"featured_media":0,"parent":0,"menu_order":0,"comment_status":"closed","ping_status":"closed","template":"","meta":{"footnotes":""},"class_list":["post-286","page","type-page","status-publish","hentry"],"yoast_head":"<!-- This site is optimized with the Yoast SEO plugin v26.0 - https:\/\/yoast.com\/wordpress\/plugins\/seo\/ -->\n<title>Kartn\u00e5lar viktiga platser \u2013 Kanotcentralen i Stockam\u00f6llan<\/title>\n<meta name=\"description\" content=\"Kartn\u00e5lar till alla viktiga platser l\u00e4ngs \u00e5n som \u00e4r bra att veta \u2022 Google Maps l\u00e4nkar som du kan ha nytta av \u2022 Kontakta oss vid fr\u00e5gor!\" \/>\n<meta name=\"robots\" content=\"index, follow, max-snippet:-1, max-image-preview:large, max-video-preview:-1\" \/>\n<link rel=\"canonical\" href=\"https:\/\/kanotcentralen.se\/sv\/kartnalar-sa-du-enkelt-hittar-viktiga-platser-langs-ronne-a\/\" \/>\n<meta property=\"og:locale\" content=\"sv_SE\" \/>\n<meta property=\"og:type\" content=\"article\" \/>\n<meta property=\"og:title\" content=\"Kartn\u00e5lar viktiga platser \u2013 Kanotcentralen i Stockam\u00f6llan\" \/>\n<meta property=\"og:description\" content=\"Kartn\u00e5lar till alla viktiga platser l\u00e4ngs \u00e5n som \u00e4r bra att veta \u2022 Google Maps l\u00e4nkar som du kan ha nytta av \u2022 Kontakta oss vid fr\u00e5gor!\" \/>\n<meta property=\"og:url\" content=\"https:\/\/kanotcentralen.se\/sv\/kartnalar-sa-du-enkelt-hittar-viktiga-platser-langs-ronne-a\/\" \/>\n<meta property=\"og:site_name\" content=\"Kanotcentralen i Stockam\u00f6llan\" \/>\n<meta property=\"article:publisher\" content=\"https:\/\/www.facebook.com\/kanotcentralen\/\" \/>\n<meta property=\"article:modified_time\" content=\"2026-03-19T11:17:57+00:00\" \/>\n<meta name=\"twitter:card\" content=\"summary_large_image\" \/>\n<meta name=\"twitter:label1\" content=\"Ber\u00e4knad l\u00e4stid\" \/>\n\t<meta name=\"twitter:data1\" content=\"3 minuter\" \/>\n<script type=\"application\/ld+json\" class=\"yoast-schema-graph\">{\"@context\":\"https:\/\/schema.org\",\"@graph\":[{\"@type\":\"WebPage\",\"@id\":\"https:\/\/kanotcentralen.se\/sv\/kartnalar-sa-du-enkelt-hittar-viktiga-platser-langs-ronne-a\/\",\"url\":\"https:\/\/kanotcentralen.se\/sv\/kartnalar-sa-du-enkelt-hittar-viktiga-platser-langs-ronne-a\/\",\"name\":\"Kartn\u00e5lar viktiga platser \u2013 Kanotcentralen i Stockam\u00f6llan\",\"isPartOf\":{\"@id\":\"https:\/\/kanotcentralen.se\/sv\/#website\"},\"datePublished\":\"2023-01-17T17:28:44+00:00\",\"dateModified\":\"2026-03-19T11:17:57+00:00\",\"description\":\"Kartn\u00e5lar till alla viktiga platser l\u00e4ngs \u00e5n som \u00e4r bra att veta \u2022 Google Maps l\u00e4nkar som du kan ha nytta av \u2022 Kontakta oss vid fr\u00e5gor!\",\"breadcrumb\":{\"@id\":\"https:\/\/kanotcentralen.se\/sv\/kartnalar-sa-du-enkelt-hittar-viktiga-platser-langs-ronne-a\/#breadcrumb\"},\"inLanguage\":\"sv-SE\",\"potentialAction\":[{\"@type\":\"ReadAction\",\"target\":[\"https:\/\/kanotcentralen.se\/sv\/kartnalar-sa-du-enkelt-hittar-viktiga-platser-langs-ronne-a\/\"]}]},{\"@type\":\"BreadcrumbList\",\"@id\":\"https:\/\/kanotcentralen.se\/sv\/kartnalar-sa-du-enkelt-hittar-viktiga-platser-langs-ronne-a\/#breadcrumb\",\"itemListElement\":[{\"@type\":\"ListItem\",\"position\":1,\"name\":\"Hem\",\"item\":\"https:\/\/kanotcentralen.se\/sv\/\"},{\"@type\":\"ListItem\",\"position\":2,\"name\":\"Kartn\u00e5lar viktiga platser\"}]},{\"@type\":\"WebSite\",\"@id\":\"https:\/\/kanotcentralen.se\/sv\/#website\",\"url\":\"https:\/\/kanotcentralen.se\/sv\/\",\"name\":\"Kanotcentralen i Stockam\u00f6llan\",\"description\":\"Hyra kanot i vackra Sk\u00e5ne\",\"publisher\":{\"@id\":\"https:\/\/kanotcentralen.se\/sv\/#organization\"},\"potentialAction\":[{\"@type\":\"SearchAction\",\"target\":{\"@type\":\"EntryPoint\",\"urlTemplate\":\"https:\/\/kanotcentralen.se\/sv\/?s={search_term_string}\"},\"query-input\":{\"@type\":\"PropertyValueSpecification\",\"valueRequired\":true,\"valueName\":\"search_term_string\"}}],\"inLanguage\":\"sv-SE\"},{\"@type\":\"Organization\",\"@id\":\"https:\/\/kanotcentralen.se\/sv\/#organization\",\"name\":\"Kanotcentralen i Stockam\u00f6llan\",\"url\":\"https:\/\/kanotcentralen.se\/sv\/\",\"logo\":{\"@type\":\"ImageObject\",\"inLanguage\":\"sv-SE\",\"@id\":\"https:\/\/kanotcentralen.se\/sv\/#\/schema\/logo\/image\/\",\"url\":\"https:\/\/kanotcentralen.se\/wp-content\/uploads\/2022\/02\/kanotcentralen-logo.png\",\"contentUrl\":\"https:\/\/kanotcentralen.se\/wp-content\/uploads\/2022\/02\/kanotcentralen-logo.png\",\"width\":300,\"height\":42,\"caption\":\"Kanotcentralen i Stockam\u00f6llan\"},\"image\":{\"@id\":\"https:\/\/kanotcentralen.se\/sv\/#\/schema\/logo\/image\/\"},\"sameAs\":[\"https:\/\/www.facebook.com\/kanotcentralen\/\",\"https:\/\/www.instagram.com\/kanotcentralen\/\"]}]}<\/script>\n<!-- \/ Yoast SEO plugin. -->","yoast_head_json":{"title":"Kartn\u00e5lar viktiga platser \u2013 Kanotcentralen i Stockam\u00f6llan","description":"Kartn\u00e5lar till alla viktiga platser l\u00e4ngs \u00e5n som \u00e4r bra att veta \u2022 Google Maps l\u00e4nkar som du kan ha nytta av \u2022 Kontakta oss vid fr\u00e5gor!","robots":{"index":"index","follow":"follow","max-snippet":"max-snippet:-1","max-image-preview":"max-image-preview:large","max-video-preview":"max-video-preview:-1"},"canonical":"https:\/\/kanotcentralen.se\/sv\/kartnalar-sa-du-enkelt-hittar-viktiga-platser-langs-ronne-a\/","og_locale":"sv_SE","og_type":"article","og_title":"Kartn\u00e5lar viktiga platser \u2013 Kanotcentralen i Stockam\u00f6llan","og_description":"Kartn\u00e5lar till alla viktiga platser l\u00e4ngs \u00e5n som \u00e4r bra att veta \u2022 Google Maps l\u00e4nkar som du kan ha nytta av \u2022 Kontakta oss vid fr\u00e5gor!","og_url":"https:\/\/kanotcentralen.se\/sv\/kartnalar-sa-du-enkelt-hittar-viktiga-platser-langs-ronne-a\/","og_site_name":"Kanotcentralen i Stockam\u00f6llan","article_publisher":"https:\/\/www.facebook.com\/kanotcentralen\/","article_modified_time":"2026-03-19T11:17:57+00:00","twitter_card":"summary_large_image","twitter_misc":{"Ber\u00e4knad l\u00e4stid":"3 minuter"},"schema":{"@context":"https:\/\/schema.org","@graph":[{"@type":"WebPage","@id":"https:\/\/kanotcentralen.se\/sv\/kartnalar-sa-du-enkelt-hittar-viktiga-platser-langs-ronne-a\/","url":"https:\/\/kanotcentralen.se\/sv\/kartnalar-sa-du-enkelt-hittar-viktiga-platser-langs-ronne-a\/","name":"Kartn\u00e5lar viktiga platser \u2013 Kanotcentralen i Stockam\u00f6llan","isPartOf":{"@id":"https:\/\/kanotcentralen.se\/sv\/#website"},"datePublished":"2023-01-17T17:28:44+00:00","dateModified":"2026-03-19T11:17:57+00:00","description":"Kartn\u00e5lar till alla viktiga platser l\u00e4ngs \u00e5n som \u00e4r bra att veta \u2022 Google Maps l\u00e4nkar som du kan ha nytta av \u2022 Kontakta oss vid fr\u00e5gor!","breadcrumb":{"@id":"https:\/\/kanotcentralen.se\/sv\/kartnalar-sa-du-enkelt-hittar-viktiga-platser-langs-ronne-a\/#breadcrumb"},"inLanguage":"sv-SE","potentialAction":[{"@type":"ReadAction","target":["https:\/\/kanotcentralen.se\/sv\/kartnalar-sa-du-enkelt-hittar-viktiga-platser-langs-ronne-a\/"]}]},{"@type":"BreadcrumbList","@id":"https:\/\/kanotcentralen.se\/sv\/kartnalar-sa-du-enkelt-hittar-viktiga-platser-langs-ronne-a\/#breadcrumb","itemListElement":[{"@type":"ListItem","position":1,"name":"Hem","item":"https:\/\/kanotcentralen.se\/sv\/"},{"@type":"ListItem","position":2,"name":"Kartn\u00e5lar viktiga platser"}]},{"@type":"WebSite","@id":"https:\/\/kanotcentralen.se\/sv\/#website","url":"https:\/\/kanotcentralen.se\/sv\/","name":"Kanotcentralen i Stockam\u00f6llan","description":"Hyra kanot i vackra Sk\u00e5ne","publisher":{"@id":"https:\/\/kanotcentralen.se\/sv\/#organization"},"potentialAction":[{"@type":"SearchAction","target":{"@type":"EntryPoint","urlTemplate":"https:\/\/kanotcentralen.se\/sv\/?s={search_term_string}"},"query-input":{"@type":"PropertyValueSpecification","valueRequired":true,"valueName":"search_term_string"}}],"inLanguage":"sv-SE"},{"@type":"Organization","@id":"https:\/\/kanotcentralen.se\/sv\/#organization","name":"Kanotcentralen i Stockam\u00f6llan","url":"https:\/\/kanotcentralen.se\/sv\/","logo":{"@type":"ImageObject","inLanguage":"sv-SE","@id":"https:\/\/kanotcentralen.se\/sv\/#\/schema\/logo\/image\/","url":"https:\/\/kanotcentralen.se\/wp-content\/uploads\/2022\/02\/kanotcentralen-logo.png","contentUrl":"https:\/\/kanotcentralen.se\/wp-content\/uploads\/2022\/02\/kanotcentralen-logo.png","width":300,"height":42,"caption":"Kanotcentralen i Stockam\u00f6llan"},"image":{"@id":"https:\/\/kanotcentralen.se\/sv\/#\/schema\/logo\/image\/"},"sameAs":["https:\/\/www.facebook.com\/kanotcentralen\/","https:\/\/www.instagram.com\/kanotcentralen\/"]}]}},"_links":{"self":[{"href":"https:\/\/kanotcentralen.se\/sv\/wp-json\/wp\/v2\/pages\/286","targetHints":{"allow":["GET"]}}],"collection":[{"href":"https:\/\/kanotcentralen.se\/sv\/wp-json\/wp\/v2\/pages"}],"about":[{"href":"https:\/\/kanotcentralen.se\/sv\/wp-json\/wp\/v2\/types\/page"}],"author":[{"embeddable":true,"href":"https:\/\/kanotcentralen.se\/sv\/wp-json\/wp\/v2\/users\/1"}],"replies":[{"embeddable":true,"href":"https:\/\/kanotcentralen.se\/sv\/wp-json\/wp\/v2\/comments?post=286"}],"version-history":[{"count":58,"href":"https:\/\/kanotcentralen.se\/sv\/wp-json\/wp\/v2\/pages\/286\/revisions"}],"predecessor-version":[{"id":6591,"href":"https:\/\/kanotcentralen.se\/sv\/wp-json\/wp\/v2\/pages\/286\/revisions\/6591"}],"wp:attachment":[{"href":"https:\/\/kanotcentralen.se\/sv\/wp-json\/wp\/v2\/media?parent=286"}],"curies":[{"name":"wp","href":"https:\/\/api.w.org\/{rel}","templated":true}]}}