{"id":238,"date":"2023-01-17T15:52:24","date_gmt":"2023-01-17T15:52:24","guid":{"rendered":"https:\/\/kanotcentralen.se\/?page_id=238"},"modified":"2026-03-19T11:16:05","modified_gmt":"2026-03-19T11:16:05","slug":"drop-in-paddling-for-dig-som-vill-paddla-nu-nastan-direkt","status":"publish","type":"page","link":"https:\/\/kanotcentralen.se\/sv\/drop-in-paddling-for-dig-som-vill-paddla-nu-nastan-direkt\/","title":{"rendered":"Drop in paddling"},"content":{"rendered":"\t\t<div data-elementor-type=\"wp-page\" data-elementor-id=\"238\" class=\"elementor elementor-238\" data-elementor-post-type=\"page\">\n\t\t\t\t\t\t<section class=\"elementor-section elementor-top-section elementor-element elementor-element-dd4be69 elementor-section-full_width elementor-section-height-min-height elementor-section-height-default elementor-section-items-middle\" data-id=\"dd4be69\" data-element_type=\"section\" data-e-type=\"section\" data-settings=\"{&quot;background_background&quot;:&quot;classic&quot;}\">\n\t\t\t\t\t\t\t<div class=\"elementor-background-overlay\"><\/div>\n\t\t\t\t\t\t\t<div class=\"elementor-container elementor-column-gap-default\">\n\t\t\t\t\t<div class=\"elementor-column elementor-col-100 elementor-top-column elementor-element elementor-element-6efd250\" data-id=\"6efd250\" data-element_type=\"column\" data-e-type=\"column\">\n\t\t\t<div class=\"elementor-widget-wrap elementor-element-populated\">\n\t\t\t\t\t\t<section class=\"elementor-section elementor-inner-section elementor-element elementor-element-1e7acc0 elementor-section-boxed elementor-section-height-default elementor-section-height-default\" data-id=\"1e7acc0\" data-element_type=\"section\" data-e-type=\"section\">\n\t\t\t\t\t\t<div class=\"elementor-container elementor-column-gap-default\">\n\t\t\t\t\t<div class=\"elementor-column elementor-col-100 elementor-inner-column elementor-element elementor-element-ba55ff3\" data-id=\"ba55ff3\" data-element_type=\"column\" data-e-type=\"column\">\n\t\t\t<div class=\"elementor-widget-wrap elementor-element-populated\">\n\t\t\t\t\t\t<div class=\"elementor-element elementor-element-f6001b3 elementor-widget elementor-widget-heading\" data-id=\"f6001b3\" data-element_type=\"widget\" data-e-type=\"widget\" data-widget_type=\"heading.default\">\n\t\t\t\t<div class=\"elementor-widget-container\">\n\t\t\t\t\t<h1 class=\"elementor-heading-title elementor-size-default\">Drop in paddling<\/h1>\t\t\t\t<\/div>\n\t\t\t\t<\/div>\n\t\t\t\t<div class=\"elementor-element elementor-element-743a816 elementor-widget elementor-widget-text-editor\" data-id=\"743a816\" data-element_type=\"widget\" data-e-type=\"widget\" data-widget_type=\"text-editor.default\">\n\t\t\t\t<div class=\"elementor-widget-container\">\n\t\t\t\t\t\t\t\t\t<p>Alla kan inte alltid planera aktiviteter i f\u00f6rv\u00e4g. \u00c4r du en av dem som spontant kommer p\u00e5 att \u201dnu vore det kul med en paddeltur\u201d s\u00e5 g\u00f6r vi allt f\u00f6r att hj\u00e4lpa dig och ditt s\u00e4llskap ut p\u00e5 R\u00f6nne \u00e5.<\/p>\t\t\t\t\t\t\t\t<\/div>\n\t\t\t\t<\/div>\n\t\t\t\t\t<\/div>\n\t\t<\/div>\n\t\t\t\t\t<\/div>\n\t\t<\/section>\n\t\t\t\t<div class=\"elementor-element elementor-element-e70c8d1 elementor-widget__width-auto elementor-fixed e-transform elementor-widget elementor-widget-button\" data-id=\"e70c8d1\" data-element_type=\"widget\" data-e-type=\"widget\" data-settings=\"{&quot;_position&quot;:&quot;fixed&quot;,&quot;_transform_rotateZ_effect&quot;:{&quot;unit&quot;:&quot;px&quot;,&quot;size&quot;:-90,&quot;sizes&quot;:[]},&quot;_transform_rotateZ_effect_tablet&quot;:{&quot;unit&quot;:&quot;deg&quot;,&quot;size&quot;:&quot;&quot;,&quot;sizes&quot;:[]},&quot;_transform_rotateZ_effect_mobile&quot;:{&quot;unit&quot;:&quot;deg&quot;,&quot;size&quot;:&quot;&quot;,&quot;sizes&quot;:[]}}\" data-widget_type=\"button.default\">\n\t\t\t\t<div class=\"elementor-widget-container\">\n\t\t\t\t\t\t\t\t\t<div class=\"elementor-button-wrapper\">\n\t\t\t\t\t<a class=\"elementor-button elementor-button-link elementor-size-sm\" href=\"https:\/\/app.bookspot.io\/widget\/v3?widgetId=1358f547-502a-4357-a6df-925c7210b8fb\">\n\t\t\t\t\t\t<span class=\"elementor-button-content-wrapper\">\n\t\t\t\t\t\t\t\t\t<span class=\"elementor-button-text\">Boka h\u00e4r<\/span>\n\t\t\t\t\t<\/span>\n\t\t\t\t\t<\/a>\n\t\t\t\t<\/div>\n\t\t\t\t\t\t\t\t<\/div>\n\t\t\t\t<\/div>\n\t\t\t\t\t<\/div>\n\t\t<\/div>\n\t\t\t\t\t<\/div>\n\t\t<\/section>\n\t\t\t\t<section class=\"elementor-section elementor-top-section elementor-element elementor-element-e8fc808 elementor-section-boxed elementor-section-height-default elementor-section-height-default\" data-id=\"e8fc808\" data-element_type=\"section\" data-e-type=\"section\" data-settings=\"{&quot;background_background&quot;:&quot;classic&quot;}\">\n\t\t\t\t\t\t<div class=\"elementor-container elementor-column-gap-default\">\n\t\t\t\t\t<div class=\"elementor-column elementor-col-100 elementor-top-column elementor-element elementor-element-9b42e7b\" data-id=\"9b42e7b\" data-element_type=\"column\" data-e-type=\"column\">\n\t\t\t<div class=\"elementor-widget-wrap elementor-element-populated\">\n\t\t\t\t\t\t<section class=\"elementor-section elementor-inner-section elementor-element elementor-element-dba4349 elementor-section-boxed elementor-section-height-default elementor-section-height-default\" data-id=\"dba4349\" data-element_type=\"section\" data-e-type=\"section\" data-settings=\"{&quot;background_background&quot;:&quot;classic&quot;}\">\n\t\t\t\t\t\t<div class=\"elementor-container elementor-column-gap-default\">\n\t\t\t\t\t<div class=\"elementor-column elementor-col-100 elementor-inner-column elementor-element elementor-element-7b798c6\" data-id=\"7b798c6\" data-element_type=\"column\" data-e-type=\"column\">\n\t\t\t<div class=\"elementor-widget-wrap elementor-element-populated\">\n\t\t\t\t\t\t<div class=\"elementor-element elementor-element-6e5d4af elementor-widget elementor-widget-heading\" data-id=\"6e5d4af\" data-element_type=\"widget\" data-e-type=\"widget\" data-widget_type=\"heading.default\">\n\t\t\t\t<div class=\"elementor-widget-container\">\n\t\t\t\t\t<h2 class=\"elementor-heading-title elementor-size-default\">G\u00f6r s\u00e5 h\u00e4r!<\/h2>\t\t\t\t<\/div>\n\t\t\t\t<\/div>\n\t\t\t\t<div class=\"elementor-element elementor-element-84cca46 elementor-widget elementor-widget-text-editor\" data-id=\"84cca46\" data-element_type=\"widget\" data-e-type=\"widget\" data-widget_type=\"text-editor.default\">\n\t\t\t\t<div class=\"elementor-widget-container\">\n\t\t\t\t\t\t\t\t\t<p>Du\/ni kan alltid chansa p\u00e5 att det finns utrustning ledig till er n\u00e4r ni kommer. Men f\u00f6r s\u00e4kerhets skull s\u00e5 g\u00e5r du in p\u00e5 v\u00e5r bokningssida och fyller i uppgifterna d\u00e4r. Systemet s\u00e4ger till ifall det skulle vara fullt p\u00e5 det du f\u00f6rs\u00f6ker v\u00e4lja. Kommer du s\u00e5 l\u00e5ngt s\u00e5 du kan fylla i namn, adress mm. S\u00e5 finns det ledig utrustning till dig.<\/p><p>En f\u00f6rdel med att skriva in er h\u00e4r \u00e4r ocks\u00e5 att ni d\u00e5 kommer f\u00e5 information och guider utskickade till er.<\/p>\t\t\t\t\t\t\t\t<\/div>\n\t\t\t\t<\/div>\n\t\t\t\t<div class=\"elementor-element elementor-element-4122331 elementor-widget elementor-widget-button\" data-id=\"4122331\" data-element_type=\"widget\" data-e-type=\"widget\" data-widget_type=\"button.default\">\n\t\t\t\t<div class=\"elementor-widget-container\">\n\t\t\t\t\t\t\t\t\t<div class=\"elementor-button-wrapper\">\n\t\t\t\t\t<a class=\"elementor-button elementor-button-link elementor-size-xs\" href=\"https:\/\/app.outventures.se\/widget\/v2\/dialog\/new-order?key=f33105644aea0b720822b1f83f01143e5f2c0729a951285eb12c56277281302c&#038;productTypes=products&#038;listView=products\">\n\t\t\t\t\t\t<span class=\"elementor-button-content-wrapper\">\n\t\t\t\t\t\t\t\t\t<span class=\"elementor-button-text\">Se tillg\u00e4nglighet eller boka kanoter och kajaker h\u00e4r<\/span>\n\t\t\t\t\t<\/span>\n\t\t\t\t\t<\/a>\n\t\t\t\t<\/div>\n\t\t\t\t\t\t\t\t<\/div>\n\t\t\t\t<\/div>\n\t\t\t\t<div class=\"elementor-element elementor-element-197c9fb elementor-widget elementor-widget-heading\" data-id=\"197c9fb\" data-element_type=\"widget\" data-e-type=\"widget\" data-widget_type=\"heading.default\">\n\t\t\t\t<div class=\"elementor-widget-container\">\n\t\t\t\t\t<h2 class=\"elementor-heading-title elementor-size-default\"><br>S\u00e5 h\u00e4r fungerar det<\/h2>\t\t\t\t<\/div>\n\t\t\t\t<\/div>\n\t\t\t\t<div class=\"elementor-element elementor-element-f7cf241 elementor-widget elementor-widget-text-editor\" data-id=\"f7cf241\" data-element_type=\"widget\" data-e-type=\"widget\" data-widget_type=\"text-editor.default\">\n\t\t\t\t<div class=\"elementor-widget-container\">\n\t\t\t\t\t\t\t\t\t<p><b>Nu n\u00e4r vi \u00e4r utanf\u00f6r s\u00e4songen s\u00e5 \u00e4r vi endast p\u00e5 plats f\u00f6r start av bokade kunder. S\u00e5 inte m\u00f6jlighet att g\u00f6ra Drop in paddling nu.<\/b><\/p><p><del>Vi \u00e4r just nu p\u00e5 plats f\u00f6r start i Stockam\u00f6llan varje dag mellan 09.00 och 11.00. Vi finns h\u00e4r alla dagar fr\u00e5n april till september. Om ni b\u00f6rjar k\u00f6ra mot oss s\u00e5 skicka g\u00e4rna ett sms om att ni \u00e4r p\u00e5 v\u00e4g till\u00a0<a href=\"http:\/\/tel:790109109\" target=\"_blank\" rel=\"noopener\">+46790109109<\/a>.<\/del><\/p><p>Du hyr och betalar en kanot eller kajak direkt p\u00e5 plats n\u00e4r du best\u00e4mt hur l\u00e4nge ni vill vara ute. Betalning sker via Swish eller kontant.<\/p><p>Priset f\u00f6r hyra av kanot \u00e4r ber\u00e4knat f\u00f6r 2 personer och inkluderar \u2013 ut\u00f6ver kanoten \u2013 2 paddlar, 2 flytv\u00e4star, vattendunkar, karta och tillbakatransport av utrustningen. En dag kostar 470 kr, tv\u00e5 dagar 785 kr och tre dagar 940 kr. Alla priser \u00e4r inklusive moms.<\/p><p>Paddla en str\u00e4cka nedstr\u00f6ms och paddla tillbaka igen. Eller v\u00e4lj n\u00e5gon av v\u00e5ra vanliga rutter. Enklast f\u00f6r dig\/er blir d\u00e5 att anv\u00e4nda tv\u00e5 bilar; en att parkera vid starten i Stockam\u00f6llan och en vid slutstationen. Efter avslutad tur beh\u00f6ver ni bara t\u00e4nka p\u00e5 er sj\u00e4lva. Vi h\u00e4mtar utrustningen som ni l\u00e4mnar p\u00e5 n\u00e5gon av de tre anvisade platserna.<\/p>\t\t\t\t\t\t\t\t<\/div>\n\t\t\t\t<\/div>\n\t\t\t\t\t<\/div>\n\t\t<\/div>\n\t\t\t\t\t<\/div>\n\t\t<\/section>\n\t\t\t\t\t<\/div>\n\t\t<\/div>\n\t\t\t\t\t<\/div>\n\t\t<\/section>\n\t\t\t\t<\/div>\n\t\t","protected":false},"excerpt":{"rendered":"<p>Drop in paddling Alla kan inte alltid planera aktiviteter i f\u00f6rv\u00e4g. \u00c4r du en av dem som spontant kommer p\u00e5 att \u201dnu vore det kul med en paddeltur\u201d s\u00e5 g\u00f6r vi allt f\u00f6r att hj\u00e4lpa dig och ditt s\u00e4llskap ut p\u00e5 R\u00f6nne \u00e5. Boka h\u00e4r G\u00f6r s\u00e5 h\u00e4r! Du\/ni kan alltid chansa p\u00e5 att det [&hellip;]<\/p>\n","protected":false},"author":1,"featured_media":0,"parent":0,"menu_order":0,"comment_status":"closed","ping_status":"closed","template":"","meta":{"footnotes":""},"class_list":["post-238","page","type-page","status-publish","hentry"],"yoast_head":"<!-- This site is optimized with the Yoast SEO plugin v26.0 - https:\/\/yoast.com\/wordpress\/plugins\/seo\/ -->\n<title>Drop in paddling Sk\u00e5ne \u2013 Kanotcentralen i Stockam\u00f6llan<\/title>\n<meta name=\"description\" content=\"Vill du paddla i Sk\u00e5ne idag? Vi erbjuder drop in men f\u00f6r att vara p\u00e5 den s\u00e4kra sidan s\u00e5 boka g\u00e4rna \u2022 L\u00e4s mer hur du g\u00e5r tillv\u00e4ga!\" \/>\n<meta name=\"robots\" content=\"index, follow, max-snippet:-1, max-image-preview:large, max-video-preview:-1\" \/>\n<link rel=\"canonical\" href=\"https:\/\/kanotcentralen.se\/sv\/drop-in-paddling-for-dig-som-vill-paddla-nu-nastan-direkt\/\" \/>\n<meta property=\"og:locale\" content=\"sv_SE\" \/>\n<meta property=\"og:type\" content=\"article\" \/>\n<meta property=\"og:title\" content=\"Drop in paddling Sk\u00e5ne \u2013 Kanotcentralen i Stockam\u00f6llan\" \/>\n<meta property=\"og:description\" content=\"Vill du paddla i Sk\u00e5ne idag? Vi erbjuder drop in men f\u00f6r att vara p\u00e5 den s\u00e4kra sidan s\u00e5 boka g\u00e4rna \u2022 L\u00e4s mer hur du g\u00e5r tillv\u00e4ga!\" \/>\n<meta property=\"og:url\" content=\"https:\/\/kanotcentralen.se\/sv\/drop-in-paddling-for-dig-som-vill-paddla-nu-nastan-direkt\/\" \/>\n<meta property=\"og:site_name\" content=\"Kanotcentralen i Stockam\u00f6llan\" \/>\n<meta property=\"article:publisher\" content=\"https:\/\/www.facebook.com\/kanotcentralen\/\" \/>\n<meta property=\"article:modified_time\" content=\"2026-03-19T11:16:05+00:00\" \/>\n<meta name=\"twitter:card\" content=\"summary_large_image\" \/>\n<meta name=\"twitter:label1\" content=\"Ber\u00e4knad l\u00e4stid\" \/>\n\t<meta name=\"twitter:data1\" content=\"2 minuter\" \/>\n<script type=\"application\/ld+json\" class=\"yoast-schema-graph\">{\"@context\":\"https:\/\/schema.org\",\"@graph\":[{\"@type\":\"WebPage\",\"@id\":\"https:\/\/kanotcentralen.se\/sv\/drop-in-paddling-for-dig-som-vill-paddla-nu-nastan-direkt\/\",\"url\":\"https:\/\/kanotcentralen.se\/sv\/drop-in-paddling-for-dig-som-vill-paddla-nu-nastan-direkt\/\",\"name\":\"Drop in paddling Sk\u00e5ne \u2013 Kanotcentralen i Stockam\u00f6llan\",\"isPartOf\":{\"@id\":\"https:\/\/kanotcentralen.se\/sv\/#website\"},\"datePublished\":\"2023-01-17T15:52:24+00:00\",\"dateModified\":\"2026-03-19T11:16:05+00:00\",\"description\":\"Vill du paddla i Sk\u00e5ne idag? Vi erbjuder drop in men f\u00f6r att vara p\u00e5 den s\u00e4kra sidan s\u00e5 boka g\u00e4rna \u2022 L\u00e4s mer hur du g\u00e5r tillv\u00e4ga!\",\"breadcrumb\":{\"@id\":\"https:\/\/kanotcentralen.se\/sv\/drop-in-paddling-for-dig-som-vill-paddla-nu-nastan-direkt\/#breadcrumb\"},\"inLanguage\":\"sv-SE\",\"potentialAction\":[{\"@type\":\"ReadAction\",\"target\":[\"https:\/\/kanotcentralen.se\/sv\/drop-in-paddling-for-dig-som-vill-paddla-nu-nastan-direkt\/\"]}]},{\"@type\":\"BreadcrumbList\",\"@id\":\"https:\/\/kanotcentralen.se\/sv\/drop-in-paddling-for-dig-som-vill-paddla-nu-nastan-direkt\/#breadcrumb\",\"itemListElement\":[{\"@type\":\"ListItem\",\"position\":1,\"name\":\"Hem\",\"item\":\"https:\/\/kanotcentralen.se\/sv\/\"},{\"@type\":\"ListItem\",\"position\":2,\"name\":\"Drop in paddling\"}]},{\"@type\":\"WebSite\",\"@id\":\"https:\/\/kanotcentralen.se\/sv\/#website\",\"url\":\"https:\/\/kanotcentralen.se\/sv\/\",\"name\":\"Kanotcentralen i Stockam\u00f6llan\",\"description\":\"Hyra kanot i vackra Sk\u00e5ne\",\"publisher\":{\"@id\":\"https:\/\/kanotcentralen.se\/sv\/#organization\"},\"potentialAction\":[{\"@type\":\"SearchAction\",\"target\":{\"@type\":\"EntryPoint\",\"urlTemplate\":\"https:\/\/kanotcentralen.se\/sv\/?s={search_term_string}\"},\"query-input\":{\"@type\":\"PropertyValueSpecification\",\"valueRequired\":true,\"valueName\":\"search_term_string\"}}],\"inLanguage\":\"sv-SE\"},{\"@type\":\"Organization\",\"@id\":\"https:\/\/kanotcentralen.se\/sv\/#organization\",\"name\":\"Kanotcentralen i Stockam\u00f6llan\",\"url\":\"https:\/\/kanotcentralen.se\/sv\/\",\"logo\":{\"@type\":\"ImageObject\",\"inLanguage\":\"sv-SE\",\"@id\":\"https:\/\/kanotcentralen.se\/sv\/#\/schema\/logo\/image\/\",\"url\":\"https:\/\/kanotcentralen.se\/wp-content\/uploads\/2022\/02\/kanotcentralen-logo.png\",\"contentUrl\":\"https:\/\/kanotcentralen.se\/wp-content\/uploads\/2022\/02\/kanotcentralen-logo.png\",\"width\":300,\"height\":42,\"caption\":\"Kanotcentralen i Stockam\u00f6llan\"},\"image\":{\"@id\":\"https:\/\/kanotcentralen.se\/sv\/#\/schema\/logo\/image\/\"},\"sameAs\":[\"https:\/\/www.facebook.com\/kanotcentralen\/\",\"https:\/\/www.instagram.com\/kanotcentralen\/\"]}]}<\/script>\n<!-- \/ Yoast SEO plugin. -->","yoast_head_json":{"title":"Drop in paddling Sk\u00e5ne \u2013 Kanotcentralen i Stockam\u00f6llan","description":"Vill du paddla i Sk\u00e5ne idag? Vi erbjuder drop in men f\u00f6r att vara p\u00e5 den s\u00e4kra sidan s\u00e5 boka g\u00e4rna \u2022 L\u00e4s mer hur du g\u00e5r tillv\u00e4ga!","robots":{"index":"index","follow":"follow","max-snippet":"max-snippet:-1","max-image-preview":"max-image-preview:large","max-video-preview":"max-video-preview:-1"},"canonical":"https:\/\/kanotcentralen.se\/sv\/drop-in-paddling-for-dig-som-vill-paddla-nu-nastan-direkt\/","og_locale":"sv_SE","og_type":"article","og_title":"Drop in paddling Sk\u00e5ne \u2013 Kanotcentralen i Stockam\u00f6llan","og_description":"Vill du paddla i Sk\u00e5ne idag? Vi erbjuder drop in men f\u00f6r att vara p\u00e5 den s\u00e4kra sidan s\u00e5 boka g\u00e4rna \u2022 L\u00e4s mer hur du g\u00e5r tillv\u00e4ga!","og_url":"https:\/\/kanotcentralen.se\/sv\/drop-in-paddling-for-dig-som-vill-paddla-nu-nastan-direkt\/","og_site_name":"Kanotcentralen i Stockam\u00f6llan","article_publisher":"https:\/\/www.facebook.com\/kanotcentralen\/","article_modified_time":"2026-03-19T11:16:05+00:00","twitter_card":"summary_large_image","twitter_misc":{"Ber\u00e4knad l\u00e4stid":"2 minuter"},"schema":{"@context":"https:\/\/schema.org","@graph":[{"@type":"WebPage","@id":"https:\/\/kanotcentralen.se\/sv\/drop-in-paddling-for-dig-som-vill-paddla-nu-nastan-direkt\/","url":"https:\/\/kanotcentralen.se\/sv\/drop-in-paddling-for-dig-som-vill-paddla-nu-nastan-direkt\/","name":"Drop in paddling Sk\u00e5ne \u2013 Kanotcentralen i Stockam\u00f6llan","isPartOf":{"@id":"https:\/\/kanotcentralen.se\/sv\/#website"},"datePublished":"2023-01-17T15:52:24+00:00","dateModified":"2026-03-19T11:16:05+00:00","description":"Vill du paddla i Sk\u00e5ne idag? Vi erbjuder drop in men f\u00f6r att vara p\u00e5 den s\u00e4kra sidan s\u00e5 boka g\u00e4rna \u2022 L\u00e4s mer hur du g\u00e5r tillv\u00e4ga!","breadcrumb":{"@id":"https:\/\/kanotcentralen.se\/sv\/drop-in-paddling-for-dig-som-vill-paddla-nu-nastan-direkt\/#breadcrumb"},"inLanguage":"sv-SE","potentialAction":[{"@type":"ReadAction","target":["https:\/\/kanotcentralen.se\/sv\/drop-in-paddling-for-dig-som-vill-paddla-nu-nastan-direkt\/"]}]},{"@type":"BreadcrumbList","@id":"https:\/\/kanotcentralen.se\/sv\/drop-in-paddling-for-dig-som-vill-paddla-nu-nastan-direkt\/#breadcrumb","itemListElement":[{"@type":"ListItem","position":1,"name":"Hem","item":"https:\/\/kanotcentralen.se\/sv\/"},{"@type":"ListItem","position":2,"name":"Drop in paddling"}]},{"@type":"WebSite","@id":"https:\/\/kanotcentralen.se\/sv\/#website","url":"https:\/\/kanotcentralen.se\/sv\/","name":"Kanotcentralen i Stockam\u00f6llan","description":"Hyra kanot i vackra Sk\u00e5ne","publisher":{"@id":"https:\/\/kanotcentralen.se\/sv\/#organization"},"potentialAction":[{"@type":"SearchAction","target":{"@type":"EntryPoint","urlTemplate":"https:\/\/kanotcentralen.se\/sv\/?s={search_term_string}"},"query-input":{"@type":"PropertyValueSpecification","valueRequired":true,"valueName":"search_term_string"}}],"inLanguage":"sv-SE"},{"@type":"Organization","@id":"https:\/\/kanotcentralen.se\/sv\/#organization","name":"Kanotcentralen i Stockam\u00f6llan","url":"https:\/\/kanotcentralen.se\/sv\/","logo":{"@type":"ImageObject","inLanguage":"sv-SE","@id":"https:\/\/kanotcentralen.se\/sv\/#\/schema\/logo\/image\/","url":"https:\/\/kanotcentralen.se\/wp-content\/uploads\/2022\/02\/kanotcentralen-logo.png","contentUrl":"https:\/\/kanotcentralen.se\/wp-content\/uploads\/2022\/02\/kanotcentralen-logo.png","width":300,"height":42,"caption":"Kanotcentralen i Stockam\u00f6llan"},"image":{"@id":"https:\/\/kanotcentralen.se\/sv\/#\/schema\/logo\/image\/"},"sameAs":["https:\/\/www.facebook.com\/kanotcentralen\/","https:\/\/www.instagram.com\/kanotcentralen\/"]}]}},"_links":{"self":[{"href":"https:\/\/kanotcentralen.se\/sv\/wp-json\/wp\/v2\/pages\/238","targetHints":{"allow":["GET"]}}],"collection":[{"href":"https:\/\/kanotcentralen.se\/sv\/wp-json\/wp\/v2\/pages"}],"about":[{"href":"https:\/\/kanotcentralen.se\/sv\/wp-json\/wp\/v2\/types\/page"}],"author":[{"embeddable":true,"href":"https:\/\/kanotcentralen.se\/sv\/wp-json\/wp\/v2\/users\/1"}],"replies":[{"embeddable":true,"href":"https:\/\/kanotcentralen.se\/sv\/wp-json\/wp\/v2\/comments?post=238"}],"version-history":[{"count":109,"href":"https:\/\/kanotcentralen.se\/sv\/wp-json\/wp\/v2\/pages\/238\/revisions"}],"predecessor-version":[{"id":6579,"href":"https:\/\/kanotcentralen.se\/sv\/wp-json\/wp\/v2\/pages\/238\/revisions\/6579"}],"wp:attachment":[{"href":"https:\/\/kanotcentralen.se\/sv\/wp-json\/wp\/v2\/media?parent=238"}],"curies":[{"name":"wp","href":"https:\/\/api.w.org\/{rel}","templated":true}]}}