{"id":1335,"date":"2022-02-08T06:06:26","date_gmt":"2022-02-08T06:06:26","guid":{"rendered":"https:\/\/kanotcentralen.se\/olika-strackor-att-paddla\/"},"modified":"2026-03-19T16:46:40","modified_gmt":"2026-03-19T16:46:40","slug":"olika-strackor-att-paddla","status":"publish","type":"page","link":"https:\/\/kanotcentralen.se\/de\/olika-strackor-att-paddla\/","title":{"rendered":"Verschiedene Routen zum Paddeln"},"content":{"rendered":"\t\t<div data-elementor-type=\"wp-page\" data-elementor-id=\"1335\" class=\"elementor elementor-1335 elementor-46\" data-elementor-post-type=\"page\">\n\t\t\t\t\t\t<section class=\"elementor-section elementor-top-section elementor-element elementor-element-dd4be69 elementor-section-full_width elementor-section-height-min-height elementor-section-height-default elementor-section-items-middle\" data-id=\"dd4be69\" data-element_type=\"section\" data-e-type=\"section\" data-settings=\"{&quot;background_background&quot;:&quot;classic&quot;}\">\n\t\t\t\t\t\t\t<div class=\"elementor-background-overlay\"><\/div>\n\t\t\t\t\t\t\t<div class=\"elementor-container elementor-column-gap-default\">\n\t\t\t\t\t<div class=\"elementor-column elementor-col-100 elementor-top-column elementor-element elementor-element-6efd250\" data-id=\"6efd250\" data-element_type=\"column\" data-e-type=\"column\">\n\t\t\t<div class=\"elementor-widget-wrap elementor-element-populated\">\n\t\t\t\t\t\t<section class=\"elementor-section elementor-inner-section elementor-element elementor-element-1e7acc0 elementor-section-boxed elementor-section-height-default elementor-section-height-default\" data-id=\"1e7acc0\" data-element_type=\"section\" data-e-type=\"section\">\n\t\t\t\t\t\t<div class=\"elementor-container elementor-column-gap-default\">\n\t\t\t\t\t<div class=\"elementor-column elementor-col-100 elementor-inner-column elementor-element elementor-element-ba55ff3\" data-id=\"ba55ff3\" data-element_type=\"column\" data-e-type=\"column\">\n\t\t\t<div class=\"elementor-widget-wrap elementor-element-populated\">\n\t\t\t\t\t\t<div class=\"elementor-element elementor-element-f6001b3 elementor-widget elementor-widget-heading\" data-id=\"f6001b3\" data-element_type=\"widget\" data-e-type=\"widget\" data-widget_type=\"heading.default\">\n\t\t\t\t<div class=\"elementor-widget-container\">\n\t\t\t\t\t<h2 class=\"elementor-heading-title elementor-size-default\">Verschiedene Routen zum Paddeln<\/h2>\t\t\t\t<\/div>\n\t\t\t\t<\/div>\n\t\t\t\t<div class=\"elementor-element elementor-element-743a816 elementor-widget elementor-widget-text-editor\" data-id=\"743a816\" data-element_type=\"widget\" data-e-type=\"widget\" data-widget_type=\"text-editor.default\">\n\t\t\t\t<div class=\"elementor-widget-container\">\n\t\t\t\t\t\t\t\t\t<p>Paddeln Sie einen, zwei oder 3 Tage!<\/p>\n\t\t\t\t\t\t\t\t<\/div>\n\t\t\t\t<\/div>\n\t\t\t\t\t<\/div>\n\t\t<\/div>\n\t\t\t\t\t<\/div>\n\t\t<\/section>\n\t\t\t\t<div class=\"elementor-element elementor-element-126c7a6 elementor-widget__width-auto elementor-fixed e-transform elementor-widget elementor-widget-button\" data-id=\"126c7a6\" data-element_type=\"widget\" data-e-type=\"widget\" data-settings=\"{&quot;_position&quot;:&quot;fixed&quot;,&quot;_transform_rotateZ_effect&quot;:{&quot;unit&quot;:&quot;px&quot;,&quot;size&quot;:-90,&quot;sizes&quot;:[]},&quot;_transform_rotateZ_effect_tablet&quot;:{&quot;unit&quot;:&quot;deg&quot;,&quot;size&quot;:&quot;&quot;,&quot;sizes&quot;:[]},&quot;_transform_rotateZ_effect_mobile&quot;:{&quot;unit&quot;:&quot;deg&quot;,&quot;size&quot;:&quot;&quot;,&quot;sizes&quot;:[]}}\" data-widget_type=\"button.default\">\n\t\t\t\t<div class=\"elementor-widget-container\">\n\t\t\t\t\t\t\t\t\t<div class=\"elementor-button-wrapper\">\n\t\t\t\t\t<a class=\"elementor-button elementor-button-link elementor-size-sm\" href=\"https:\/\/app.bookspot.io\/widget\/v3?widgetId=1358f547-502a-4357-a6df-925c7210b8fb\">\n\t\t\t\t\t\t<span class=\"elementor-button-content-wrapper\">\n\t\t\t\t\t\t\t\t\t<span class=\"elementor-button-text\">Hier buchen<\/span>\n\t\t\t\t\t<\/span>\n\t\t\t\t\t<\/a>\n\t\t\t\t<\/div>\n\t\t\t\t\t\t\t\t<\/div>\n\t\t\t\t<\/div>\n\t\t\t\t\t<\/div>\n\t\t<\/div>\n\t\t\t\t\t<\/div>\n\t\t<\/section>\n\t\t\t\t<section class=\"elementor-section elementor-top-section elementor-element elementor-element-e8fc808 elementor-section-boxed elementor-section-height-default elementor-section-height-default\" data-id=\"e8fc808\" data-element_type=\"section\" data-e-type=\"section\" data-settings=\"{&quot;background_background&quot;:&quot;classic&quot;}\">\n\t\t\t\t\t\t<div class=\"elementor-container elementor-column-gap-default\">\n\t\t\t\t\t<div class=\"elementor-column elementor-col-100 elementor-top-column elementor-element elementor-element-9b42e7b\" data-id=\"9b42e7b\" data-element_type=\"column\" data-e-type=\"column\">\n\t\t\t<div class=\"elementor-widget-wrap elementor-element-populated\">\n\t\t\t\t\t\t<section class=\"elementor-section elementor-inner-section elementor-element elementor-element-dba4349 elementor-section-boxed elementor-section-height-default elementor-section-height-default\" data-id=\"dba4349\" data-element_type=\"section\" data-e-type=\"section\" data-settings=\"{&quot;background_background&quot;:&quot;classic&quot;}\">\n\t\t\t\t\t\t<div class=\"elementor-container elementor-column-gap-default\">\n\t\t\t\t\t<div class=\"elementor-column elementor-col-100 elementor-inner-column elementor-element elementor-element-7b798c6\" data-id=\"7b798c6\" data-element_type=\"column\" data-e-type=\"column\">\n\t\t\t<div class=\"elementor-widget-wrap elementor-element-populated\">\n\t\t\t\t\t\t<div class=\"elementor-element elementor-element-db8c372 elementor-widget elementor-widget-heading\" data-id=\"db8c372\" data-element_type=\"widget\" data-e-type=\"widget\" data-widget_type=\"heading.default\">\n\t\t\t\t<div class=\"elementor-widget-container\">\n\t\t\t\t\t<h2 class=\"elementor-heading-title elementor-size-default\">Vorschlag f\u00fcr eine Kanufahrt f\u00fcr 1 Tag;<br>\n470 SEK f\u00fcr 2 Personen<\/h2>\t\t\t\t<\/div>\n\t\t\t\t<\/div>\n\t\t\t\t<div class=\"elementor-element elementor-element-1ecc4a5 elementor-widget elementor-widget-heading\" data-id=\"1ecc4a5\" data-element_type=\"widget\" data-e-type=\"widget\" data-widget_type=\"heading.default\">\n\t\t\t\t<div class=\"elementor-widget-container\">\n\t\t\t\t\t<h5 class=\"elementor-heading-title elementor-size-default\">Stockam\u00f6llan - Djupadalsm\u00f6lla, 3-4 Stunden, ca. 12 km.<\/h5>\t\t\t\t<\/div>\n\t\t\t\t<\/div>\n\t\t\t\t<div class=\"elementor-element elementor-element-110f042 elementor-widget elementor-widget-text-editor\" data-id=\"110f042\" data-element_type=\"widget\" data-e-type=\"widget\" data-widget_type=\"text-editor.default\">\n\t\t\t\t<div class=\"elementor-widget-container\">\n\t\t\t\t\t\t\t\t\t<p>F\u00fcr einen Tagesausflug empfehlen wir Ihnen, die sch\u00f6nste Strecke des Flusses ab Stockam\u00f6llan zu w\u00e4hlen. In 3-4 Stunden paddeln Sie etwa 12 Kilometer und beenden die Tour in Djupadalsm\u00f6lla.<\/p>\n\t\t\t\t\t\t\t\t<\/div>\n\t\t\t\t<\/div>\n\t\t\t\t<div class=\"elementor-element elementor-element-6e5d4af elementor-widget elementor-widget-heading\" data-id=\"6e5d4af\" data-element_type=\"widget\" data-e-type=\"widget\" data-widget_type=\"heading.default\">\n\t\t\t\t<div class=\"elementor-widget-container\">\n\t\t\t\t\t<h2 class=\"elementor-heading-title elementor-size-default\">Vorschlag f\u00fcr Kanutour 2 Tage;<br>\n785 SEK f\u00fcr 2 Personen<\/h2>\t\t\t\t<\/div>\n\t\t\t\t<\/div>\n\t\t\t\t<div class=\"elementor-element elementor-element-92d8120 elementor-widget elementor-widget-heading\" data-id=\"92d8120\" data-element_type=\"widget\" data-e-type=\"widget\" data-widget_type=\"heading.default\">\n\t\t\t\t<div class=\"elementor-widget-container\">\n\t\t\t\t\t<h5 class=\"elementor-heading-title elementor-size-default\">Stockam\u00f6llan - Herrevadskloster, 9 Stunden ca. 28 km.<\/h5>\t\t\t\t<\/div>\n\t\t\t\t<\/div>\n\t\t\t\t<div class=\"elementor-element elementor-element-84cca46 elementor-widget elementor-widget-text-editor\" data-id=\"84cca46\" data-element_type=\"widget\" data-e-type=\"widget\" data-widget_type=\"text-editor.default\">\n\t\t\t\t<div class=\"elementor-widget-container\">\n\t\t\t\t\t\t\t\t\t<p><strong>Option 1:<\/strong> 9 Stunden Paddeln, etwa 28 km. Nach dem Start in Stockam\u00f6llan paddeln Sie nach Anderstorp (kurz hinter Djupadalsm\u00f6lla) oder Riseberga, wo Sie zelten k\u00f6nnen. Am 2. Tag paddeln Sie weiter nach Herrevadskloster oder Forsm\u00f6llan, wo Sie die Tour beenden.<\/p>\n\t\t\t\t\t\t\t\t<\/div>\n\t\t\t\t<\/div>\n\t\t\t\t<div class=\"elementor-element elementor-element-f06526d elementor-widget elementor-widget-heading\" data-id=\"f06526d\" data-element_type=\"widget\" data-e-type=\"widget\" data-widget_type=\"heading.default\">\n\t\t\t\t<div class=\"elementor-widget-container\">\n\t\t\t\t\t<h5 class=\"elementor-heading-title elementor-size-default\">Djupadalsm\u00f6lla - Herrevadskloster, 5 Stunden ca. 16 km.<\/h5>\t\t\t\t<\/div>\n\t\t\t\t<\/div>\n\t\t\t\t<div class=\"elementor-element elementor-element-05ed022 elementor-widget elementor-widget-heading\" data-id=\"05ed022\" data-element_type=\"widget\" data-e-type=\"widget\" data-widget_type=\"heading.default\">\n\t\t\t\t<div class=\"elementor-widget-container\">\n\t\t\t\t\t<h5 class=\"elementor-heading-title elementor-size-default\">Djupadalsm\u00f6lla - Forsm\u00f6llan, 9 Stunden ca. 25 km.<\/h5>\t\t\t\t<\/div>\n\t\t\t\t<\/div>\n\t\t\t\t<div class=\"elementor-element elementor-element-8f1475e elementor-widget elementor-widget-text-editor\" data-id=\"8f1475e\" data-element_type=\"widget\" data-e-type=\"widget\" data-widget_type=\"text-editor.default\">\n\t\t\t\t<div class=\"elementor-widget-container\">\n\t\t\t\t\t\t\t\t\t<p><strong>Option 2:<\/strong> 5-9 Stunden Paddeln, ca. 16-25 km. Sie starten in Djupadalsm\u00f6lla und \u00fcbernachten in Riseberga oder Herrevadskloster. Am 2. Tag setzen Sie die Paddeltour fort und beenden sie in Herrevadskloster (16 km, 5 Stunden) oder Forsm\u00f6llan (25 km, 9 Stunden).<\/p>\n\t\t\t\t\t\t\t\t<\/div>\n\t\t\t\t<\/div>\n\t\t\t\t<div class=\"elementor-element elementor-element-197c9fb elementor-widget elementor-widget-heading\" data-id=\"197c9fb\" data-element_type=\"widget\" data-e-type=\"widget\" data-widget_type=\"heading.default\">\n\t\t\t\t<div class=\"elementor-widget-container\">\n\t\t\t\t\t<h2 class=\"elementor-heading-title elementor-size-default\">Vorschlag f\u00fcr Kanutour 3 Tage;<br>\n940 kr f\u00fcr 2 Personen<\/h2>\t\t\t\t<\/div>\n\t\t\t\t<\/div>\n\t\t\t\t<div class=\"elementor-element elementor-element-16e5e70 elementor-widget elementor-widget-heading\" data-id=\"16e5e70\" data-element_type=\"widget\" data-e-type=\"widget\" data-widget_type=\"heading.default\">\n\t\t\t\t<div class=\"elementor-widget-container\">\n\t\t\t\t\t<h5 class=\"elementor-heading-title elementor-size-default\">Stockam\u00f6llan - Forsm\u00f6llan, 13 Stunden ca. 37 km.<\/h5>\t\t\t\t<\/div>\n\t\t\t\t<\/div>\n\t\t\t\t<div class=\"elementor-element elementor-element-f7cf241 elementor-widget elementor-widget-text-editor\" data-id=\"f7cf241\" data-element_type=\"widget\" data-e-type=\"widget\" data-widget_type=\"text-editor.default\">\n\t\t\t\t<div class=\"elementor-widget-container\">\n\t\t\t\t\t\t\t\t\t<p>Etwa 13 Stunden Paddeln, 37 km: F\u00fcr eine dreit\u00e4gige Paddeltour empfehlen wir, in Stockam\u00f6llan zu starten und in Anderstorp (kurz hinter Djupadalsm\u00f6lla) oder in Riseberga zu \u00fcbernachten. Am 2. Tag paddeln Sie f\u00fcr eine weitere Nacht nach Riseberga oder Herrevadskloster. Am 3. Tag fahren Sie mit dem Kanu nach Forsm\u00f6llan.<\/p>\n\t\t\t\t\t\t\t\t<\/div>\n\t\t\t\t<\/div>\n\t\t\t\t<div class=\"elementor-element elementor-element-7b00c65 elementor-widget elementor-widget-text-editor\" data-id=\"7b00c65\" data-element_type=\"widget\" data-e-type=\"widget\" data-widget_type=\"text-editor.default\">\n\t\t\t\t<div class=\"elementor-widget-container\">\n\t\t\t\t\t\t\t\t\t<p>Alle Zeitangaben sind ungef\u00e4hre Angaben, dienen aber als gute Richtwerte f\u00fcr die Planung Ihrer Reise.<\/p>\n\t\t\t\t\t\t\t\t<\/div>\n\t\t\t\t<\/div>\n\t\t\t\t\t<\/div>\n\t\t<\/div>\n\t\t\t\t\t<\/div>\n\t\t<\/section>\n\t\t\t\t\t<\/div>\n\t\t<\/div>\n\t\t\t\t\t<\/div>\n\t\t<\/section>\n\t\t\t\t<\/div>\n\t\t","protected":false},"excerpt":{"rendered":"<p>Verschiedene Routen zum Paddeln Paddeln Sie einen, zwei oder 3 Tage! Hier buchen Vorschlag f\u00fcr eine Kanufahrt f\u00fcr 1 Tag; 470 SEK f\u00fcr 2 Personen Stockam\u00f6llan &#8211; Djupadalsm\u00f6lla, 3-4 Stunden, ca. 12 km. F\u00fcr einen Tagesausflug empfehlen wir Ihnen, die sch\u00f6nste Strecke des Flusses ab Stockam\u00f6llan zu w\u00e4hlen. In 3-4 Stunden paddeln Sie etwa 12 [&hellip;]<\/p>\n","protected":false},"author":1,"featured_media":0,"parent":0,"menu_order":0,"comment_status":"closed","ping_status":"closed","template":"","meta":{"footnotes":""},"class_list":["post-1335","page","type-page","status-publish","hentry"],"yoast_head":"<!-- This site is optimized with the Yoast SEO plugin v26.0 - https:\/\/yoast.com\/wordpress\/plugins\/seo\/ -->\n<title>Verschiedene Routen zum Paddeln &#8211; Kanotcentralen i Stockam\u00f6llan<\/title>\n<meta name=\"robots\" content=\"index, follow, max-snippet:-1, max-image-preview:large, max-video-preview:-1\" \/>\n<link rel=\"canonical\" href=\"https:\/\/kanotcentralen.se\/sv\/olika-strackor-att-paddla\/\" \/>\n<meta property=\"og:locale\" content=\"de_DE\" \/>\n<meta property=\"og:type\" content=\"article\" \/>\n<meta property=\"og:title\" content=\"Verschiedene Routen zum Paddeln &#8211; Kanotcentralen i Stockam\u00f6llan\" \/>\n<meta property=\"og:description\" content=\"Verschiedene Routen zum Paddeln Paddeln Sie einen, zwei oder 3 Tage! Hier buchen Vorschlag f\u00fcr eine Kanufahrt f\u00fcr 1 Tag; 470 SEK f\u00fcr 2 Personen Stockam\u00f6llan &#8211; Djupadalsm\u00f6lla, 3-4 Stunden, ca. 12 km. F\u00fcr einen Tagesausflug empfehlen wir Ihnen, die sch\u00f6nste Strecke des Flusses ab Stockam\u00f6llan zu w\u00e4hlen. In 3-4 Stunden paddeln Sie etwa 12 [&hellip;]\" \/>\n<meta property=\"og:url\" content=\"https:\/\/kanotcentralen.se\/sv\/olika-strackor-att-paddla\/\" \/>\n<meta property=\"og:site_name\" content=\"Kanotcentralen i Stockam\u00f6llan\" \/>\n<meta property=\"article:publisher\" content=\"https:\/\/www.facebook.com\/kanotcentralen\/\" \/>\n<meta property=\"article:modified_time\" content=\"2026-03-19T16:46:40+00:00\" \/>\n<meta name=\"twitter:card\" content=\"summary_large_image\" \/>\n<meta name=\"twitter:label1\" content=\"Gesch\u00e4tzte Lesezeit\" \/>\n\t<meta name=\"twitter:data1\" content=\"2\u00a0Minuten\" \/>\n<script type=\"application\/ld+json\" class=\"yoast-schema-graph\">{\"@context\":\"https:\/\/schema.org\",\"@graph\":[{\"@type\":\"WebPage\",\"@id\":\"https:\/\/kanotcentralen.se\/sv\/olika-strackor-att-paddla\/\",\"url\":\"https:\/\/kanotcentralen.se\/sv\/olika-strackor-att-paddla\/\",\"name\":\"Verschiedene Routen zum Paddeln &#8211; Kanotcentralen i Stockam\u00f6llan\",\"isPartOf\":{\"@id\":\"https:\/\/kanotcentralen.se\/sv\/#website\"},\"datePublished\":\"2022-02-08T06:06:26+00:00\",\"dateModified\":\"2026-03-19T16:46:40+00:00\",\"breadcrumb\":{\"@id\":\"https:\/\/kanotcentralen.se\/sv\/olika-strackor-att-paddla\/#breadcrumb\"},\"inLanguage\":\"de\",\"potentialAction\":[{\"@type\":\"ReadAction\",\"target\":[\"https:\/\/kanotcentralen.se\/sv\/olika-strackor-att-paddla\/\"]}]},{\"@type\":\"BreadcrumbList\",\"@id\":\"https:\/\/kanotcentralen.se\/sv\/olika-strackor-att-paddla\/#breadcrumb\",\"itemListElement\":[{\"@type\":\"ListItem\",\"position\":1,\"name\":\"Hem\",\"item\":\"https:\/\/kanotcentralen.se\/sv\/\"},{\"@type\":\"ListItem\",\"position\":2,\"name\":\"Verschiedene Routen zum Paddeln\"}]},{\"@type\":\"WebSite\",\"@id\":\"https:\/\/kanotcentralen.se\/sv\/#website\",\"url\":\"https:\/\/kanotcentralen.se\/sv\/\",\"name\":\"Kanotcentralen i Stockam\u00f6llan\",\"description\":\"Hyra kanot i vackra Sk\u00e5ne\",\"publisher\":{\"@id\":\"https:\/\/kanotcentralen.se\/sv\/#organization\"},\"potentialAction\":[{\"@type\":\"SearchAction\",\"target\":{\"@type\":\"EntryPoint\",\"urlTemplate\":\"https:\/\/kanotcentralen.se\/sv\/?s={search_term_string}\"},\"query-input\":{\"@type\":\"PropertyValueSpecification\",\"valueRequired\":true,\"valueName\":\"search_term_string\"}}],\"inLanguage\":\"de\"},{\"@type\":\"Organization\",\"@id\":\"https:\/\/kanotcentralen.se\/sv\/#organization\",\"name\":\"Kanotcentralen i Stockam\u00f6llan\",\"url\":\"https:\/\/kanotcentralen.se\/sv\/\",\"logo\":{\"@type\":\"ImageObject\",\"inLanguage\":\"de\",\"@id\":\"https:\/\/kanotcentralen.se\/sv\/#\/schema\/logo\/image\/\",\"url\":\"https:\/\/kanotcentralen.se\/wp-content\/uploads\/2022\/02\/kanotcentralen-logo.png\",\"contentUrl\":\"https:\/\/kanotcentralen.se\/wp-content\/uploads\/2022\/02\/kanotcentralen-logo.png\",\"width\":300,\"height\":42,\"caption\":\"Kanotcentralen i Stockam\u00f6llan\"},\"image\":{\"@id\":\"https:\/\/kanotcentralen.se\/sv\/#\/schema\/logo\/image\/\"},\"sameAs\":[\"https:\/\/www.facebook.com\/kanotcentralen\/\",\"https:\/\/www.instagram.com\/kanotcentralen\/\"]}]}<\/script>\n<!-- \/ Yoast SEO plugin. -->","yoast_head_json":{"title":"Verschiedene Routen zum Paddeln &#8211; Kanotcentralen i Stockam\u00f6llan","robots":{"index":"index","follow":"follow","max-snippet":"max-snippet:-1","max-image-preview":"max-image-preview:large","max-video-preview":"max-video-preview:-1"},"canonical":"https:\/\/kanotcentralen.se\/sv\/olika-strackor-att-paddla\/","og_locale":"de_DE","og_type":"article","og_title":"Verschiedene Routen zum Paddeln &#8211; Kanotcentralen i Stockam\u00f6llan","og_description":"Verschiedene Routen zum Paddeln Paddeln Sie einen, zwei oder 3 Tage! Hier buchen Vorschlag f\u00fcr eine Kanufahrt f\u00fcr 1 Tag; 470 SEK f\u00fcr 2 Personen Stockam\u00f6llan &#8211; Djupadalsm\u00f6lla, 3-4 Stunden, ca. 12 km. F\u00fcr einen Tagesausflug empfehlen wir Ihnen, die sch\u00f6nste Strecke des Flusses ab Stockam\u00f6llan zu w\u00e4hlen. In 3-4 Stunden paddeln Sie etwa 12 [&hellip;]","og_url":"https:\/\/kanotcentralen.se\/sv\/olika-strackor-att-paddla\/","og_site_name":"Kanotcentralen i Stockam\u00f6llan","article_publisher":"https:\/\/www.facebook.com\/kanotcentralen\/","article_modified_time":"2026-03-19T16:46:40+00:00","twitter_card":"summary_large_image","twitter_misc":{"Gesch\u00e4tzte Lesezeit":"2\u00a0Minuten"},"schema":{"@context":"https:\/\/schema.org","@graph":[{"@type":"WebPage","@id":"https:\/\/kanotcentralen.se\/sv\/olika-strackor-att-paddla\/","url":"https:\/\/kanotcentralen.se\/sv\/olika-strackor-att-paddla\/","name":"Verschiedene Routen zum Paddeln &#8211; Kanotcentralen i Stockam\u00f6llan","isPartOf":{"@id":"https:\/\/kanotcentralen.se\/sv\/#website"},"datePublished":"2022-02-08T06:06:26+00:00","dateModified":"2026-03-19T16:46:40+00:00","breadcrumb":{"@id":"https:\/\/kanotcentralen.se\/sv\/olika-strackor-att-paddla\/#breadcrumb"},"inLanguage":"de","potentialAction":[{"@type":"ReadAction","target":["https:\/\/kanotcentralen.se\/sv\/olika-strackor-att-paddla\/"]}]},{"@type":"BreadcrumbList","@id":"https:\/\/kanotcentralen.se\/sv\/olika-strackor-att-paddla\/#breadcrumb","itemListElement":[{"@type":"ListItem","position":1,"name":"Hem","item":"https:\/\/kanotcentralen.se\/sv\/"},{"@type":"ListItem","position":2,"name":"Verschiedene Routen zum Paddeln"}]},{"@type":"WebSite","@id":"https:\/\/kanotcentralen.se\/sv\/#website","url":"https:\/\/kanotcentralen.se\/sv\/","name":"Kanotcentralen i Stockam\u00f6llan","description":"Hyra kanot i vackra Sk\u00e5ne","publisher":{"@id":"https:\/\/kanotcentralen.se\/sv\/#organization"},"potentialAction":[{"@type":"SearchAction","target":{"@type":"EntryPoint","urlTemplate":"https:\/\/kanotcentralen.se\/sv\/?s={search_term_string}"},"query-input":{"@type":"PropertyValueSpecification","valueRequired":true,"valueName":"search_term_string"}}],"inLanguage":"de"},{"@type":"Organization","@id":"https:\/\/kanotcentralen.se\/sv\/#organization","name":"Kanotcentralen i Stockam\u00f6llan","url":"https:\/\/kanotcentralen.se\/sv\/","logo":{"@type":"ImageObject","inLanguage":"de","@id":"https:\/\/kanotcentralen.se\/sv\/#\/schema\/logo\/image\/","url":"https:\/\/kanotcentralen.se\/wp-content\/uploads\/2022\/02\/kanotcentralen-logo.png","contentUrl":"https:\/\/kanotcentralen.se\/wp-content\/uploads\/2022\/02\/kanotcentralen-logo.png","width":300,"height":42,"caption":"Kanotcentralen i Stockam\u00f6llan"},"image":{"@id":"https:\/\/kanotcentralen.se\/sv\/#\/schema\/logo\/image\/"},"sameAs":["https:\/\/www.facebook.com\/kanotcentralen\/","https:\/\/www.instagram.com\/kanotcentralen\/"]}]}},"_links":{"self":[{"href":"https:\/\/kanotcentralen.se\/de\/wp-json\/wp\/v2\/pages\/1335","targetHints":{"allow":["GET"]}}],"collection":[{"href":"https:\/\/kanotcentralen.se\/de\/wp-json\/wp\/v2\/pages"}],"about":[{"href":"https:\/\/kanotcentralen.se\/de\/wp-json\/wp\/v2\/types\/page"}],"author":[{"embeddable":true,"href":"https:\/\/kanotcentralen.se\/de\/wp-json\/wp\/v2\/users\/1"}],"replies":[{"embeddable":true,"href":"https:\/\/kanotcentralen.se\/de\/wp-json\/wp\/v2\/comments?post=1335"}],"version-history":[{"count":24,"href":"https:\/\/kanotcentralen.se\/de\/wp-json\/wp\/v2\/pages\/1335\/revisions"}],"predecessor-version":[{"id":6788,"href":"https:\/\/kanotcentralen.se\/de\/wp-json\/wp\/v2\/pages\/1335\/revisions\/6788"}],"wp:attachment":[{"href":"https:\/\/kanotcentralen.se\/de\/wp-json\/wp\/v2\/media?parent=1335"}],"curies":[{"name":"wp","href":"https:\/\/api.w.org\/{rel}","templated":true}]}}