{"id":1317,"date":"2023-01-17T15:52:24","date_gmt":"2023-01-17T15:52:24","guid":{"rendered":"https:\/\/kanotcentralen.se\/drop-in-paddling-for-dig-som-vill-paddla-nu-nastan-direkt\/"},"modified":"2026-03-19T16:47:18","modified_gmt":"2026-03-19T16:47:18","slug":"drop-in-paddling-for-dig-som-vill-paddla-nu-nastan-direkt","status":"publish","type":"page","link":"https:\/\/kanotcentralen.se\/de\/drop-in-paddling-for-dig-som-vill-paddla-nu-nastan-direkt\/","title":{"rendered":"Drop-in-Paddeln"},"content":{"rendered":"\t\t<div data-elementor-type=\"wp-page\" data-elementor-id=\"1317\" class=\"elementor elementor-1317 elementor-238\" data-elementor-post-type=\"page\">\n\t\t\t\t\t\t<section class=\"elementor-section elementor-top-section elementor-element elementor-element-dd4be69 elementor-section-full_width elementor-section-height-min-height elementor-section-height-default elementor-section-items-middle\" data-id=\"dd4be69\" data-element_type=\"section\" data-e-type=\"section\" data-settings=\"{&quot;background_background&quot;:&quot;classic&quot;}\">\n\t\t\t\t\t\t\t<div class=\"elementor-background-overlay\"><\/div>\n\t\t\t\t\t\t\t<div class=\"elementor-container elementor-column-gap-default\">\n\t\t\t\t\t<div class=\"elementor-column elementor-col-100 elementor-top-column elementor-element elementor-element-6efd250\" data-id=\"6efd250\" data-element_type=\"column\" data-e-type=\"column\">\n\t\t\t<div class=\"elementor-widget-wrap elementor-element-populated\">\n\t\t\t\t\t\t<section class=\"elementor-section elementor-inner-section elementor-element elementor-element-1e7acc0 elementor-section-boxed elementor-section-height-default elementor-section-height-default\" data-id=\"1e7acc0\" data-element_type=\"section\" data-e-type=\"section\">\n\t\t\t\t\t\t<div class=\"elementor-container elementor-column-gap-default\">\n\t\t\t\t\t<div class=\"elementor-column elementor-col-100 elementor-inner-column elementor-element elementor-element-ba55ff3\" data-id=\"ba55ff3\" data-element_type=\"column\" data-e-type=\"column\">\n\t\t\t<div class=\"elementor-widget-wrap elementor-element-populated\">\n\t\t\t\t\t\t<div class=\"elementor-element elementor-element-f6001b3 elementor-widget elementor-widget-heading\" data-id=\"f6001b3\" data-element_type=\"widget\" data-e-type=\"widget\" data-widget_type=\"heading.default\">\n\t\t\t\t<div class=\"elementor-widget-container\">\n\t\t\t\t\t<h2 class=\"elementor-heading-title elementor-size-default\">Drop-in-Paddeln<\/h2>\t\t\t\t<\/div>\n\t\t\t\t<\/div>\n\t\t\t\t<div class=\"elementor-element elementor-element-743a816 elementor-widget elementor-widget-text-editor\" data-id=\"743a816\" data-element_type=\"widget\" data-e-type=\"widget\" data-widget_type=\"text-editor.default\">\n\t\t\t\t<div class=\"elementor-widget-container\">\n\t\t\t\t\t\t\t\t\t<p>Nicht jeder kann seine Aktivit\u00e4ten immer im Voraus planen. Wenn Sie zu denjenigen geh\u00f6ren, die spontan beschlie\u00dfen, dass es jetzt Spa\u00df machen w\u00fcrde, Kanu zu fahren&#8220;, werden wir alles tun, um Ihnen und Ihrer Gruppe auf dem Fluss R\u00f6nne zu helfen.<\/p>\n\t\t\t\t\t\t\t\t<\/div>\n\t\t\t\t<\/div>\n\t\t\t\t\t<\/div>\n\t\t<\/div>\n\t\t\t\t\t<\/div>\n\t\t<\/section>\n\t\t\t\t<div class=\"elementor-element elementor-element-e70c8d1 elementor-widget__width-auto elementor-fixed e-transform elementor-widget elementor-widget-button\" data-id=\"e70c8d1\" data-element_type=\"widget\" data-e-type=\"widget\" data-settings=\"{&quot;_position&quot;:&quot;fixed&quot;,&quot;_transform_rotateZ_effect&quot;:{&quot;unit&quot;:&quot;px&quot;,&quot;size&quot;:-90,&quot;sizes&quot;:[]},&quot;_transform_rotateZ_effect_tablet&quot;:{&quot;unit&quot;:&quot;deg&quot;,&quot;size&quot;:&quot;&quot;,&quot;sizes&quot;:[]},&quot;_transform_rotateZ_effect_mobile&quot;:{&quot;unit&quot;:&quot;deg&quot;,&quot;size&quot;:&quot;&quot;,&quot;sizes&quot;:[]}}\" data-widget_type=\"button.default\">\n\t\t\t\t<div class=\"elementor-widget-container\">\n\t\t\t\t\t\t\t\t\t<div class=\"elementor-button-wrapper\">\n\t\t\t\t\t<a class=\"elementor-button elementor-button-link elementor-size-sm\" href=\"https:\/\/app.bookspot.io\/widget\/v3?widgetId=1358f547-502a-4357-a6df-925c7210b8fb\">\n\t\t\t\t\t\t<span class=\"elementor-button-content-wrapper\">\n\t\t\t\t\t\t\t\t\t<span class=\"elementor-button-text\">Hier buchen<\/span>\n\t\t\t\t\t<\/span>\n\t\t\t\t\t<\/a>\n\t\t\t\t<\/div>\n\t\t\t\t\t\t\t\t<\/div>\n\t\t\t\t<\/div>\n\t\t\t\t\t<\/div>\n\t\t<\/div>\n\t\t\t\t\t<\/div>\n\t\t<\/section>\n\t\t\t\t<section class=\"elementor-section elementor-top-section elementor-element elementor-element-e8fc808 elementor-section-boxed elementor-section-height-default elementor-section-height-default\" data-id=\"e8fc808\" data-element_type=\"section\" data-e-type=\"section\" data-settings=\"{&quot;background_background&quot;:&quot;classic&quot;}\">\n\t\t\t\t\t\t<div class=\"elementor-container elementor-column-gap-default\">\n\t\t\t\t\t<div class=\"elementor-column elementor-col-100 elementor-top-column elementor-element elementor-element-9b42e7b\" data-id=\"9b42e7b\" data-element_type=\"column\" data-e-type=\"column\">\n\t\t\t<div class=\"elementor-widget-wrap elementor-element-populated\">\n\t\t\t\t\t\t<section class=\"elementor-section elementor-inner-section elementor-element elementor-element-dba4349 elementor-section-boxed elementor-section-height-default elementor-section-height-default\" data-id=\"dba4349\" data-element_type=\"section\" data-e-type=\"section\" data-settings=\"{&quot;background_background&quot;:&quot;classic&quot;}\">\n\t\t\t\t\t\t<div class=\"elementor-container elementor-column-gap-default\">\n\t\t\t\t\t<div class=\"elementor-column elementor-col-100 elementor-inner-column elementor-element elementor-element-7b798c6\" data-id=\"7b798c6\" data-element_type=\"column\" data-e-type=\"column\">\n\t\t\t<div class=\"elementor-widget-wrap elementor-element-populated\">\n\t\t\t\t\t\t<div class=\"elementor-element elementor-element-6e5d4af elementor-widget elementor-widget-heading\" data-id=\"6e5d4af\" data-element_type=\"widget\" data-e-type=\"widget\" data-widget_type=\"heading.default\">\n\t\t\t\t<div class=\"elementor-widget-container\">\n\t\t\t\t\t<h2 class=\"elementor-heading-title elementor-size-default\">Tun Sie das!<\/h2>\t\t\t\t<\/div>\n\t\t\t\t<\/div>\n\t\t\t\t<div class=\"elementor-element elementor-element-84cca46 elementor-widget elementor-widget-text-editor\" data-id=\"84cca46\" data-element_type=\"widget\" data-e-type=\"widget\" data-widget_type=\"text-editor.default\">\n\t\t\t\t<div class=\"elementor-widget-container\">\n\t\t\t\t\t\t\t\t\t<p>Sie k\u00f6nnen immer davon ausgehen, dass die Ausr\u00fcstung bei Ihrer Ankunft f\u00fcr Sie bereitsteht. Aber nur f\u00fcr den Fall, gehen Sie auf unsere Buchungsseite und geben Sie dort Ihre Daten ein. Das System teilt Ihnen mit, ob der gew\u00fcnschte Artikel voll ist. Wenn Sie so weit sind, dass Sie Ihren Namen, Ihre Adresse usw. eingeben k\u00f6nnen. Dann gibt es eine kostenlose Ausr\u00fcstung f\u00fcr Sie.<\/p><p>Ein Vorteil der Registrierung ist auch, dass Sie Informationen und Leitf\u00e4den zugeschickt bekommen.<\/p><p><a href=\"https:\/\/app.outventures.se\/widget\/v2\/dialog\/new-order?key=f33105644aea0b720822b1f83f01143e5f2c0729a951285eb12c56277281302c&amp;productTypes=products,vouchers&amp;listView=products\"><span style=\"text-decoration: underline;\"><span style=\"color: #2f3843; text-decoration: underline;\">Pr\u00fcfen Sie die Verf\u00fcgbarkeit und buchen Sie Ihre Kanus und Kajaks hier.<\/span><\/span><\/a><\/p>\t\t\t\t\t\t\t\t<\/div>\n\t\t\t\t<\/div>\n\t\t\t\t<div class=\"elementor-element elementor-element-197c9fb elementor-widget elementor-widget-heading\" data-id=\"197c9fb\" data-element_type=\"widget\" data-e-type=\"widget\" data-widget_type=\"heading.default\">\n\t\t\t\t<div class=\"elementor-widget-container\">\n\t\t\t\t\t<h2 class=\"elementor-heading-title elementor-size-default\">So funktioniert's<\/h2>\t\t\t\t<\/div>\n\t\t\t\t<\/div>\n\t\t\t\t<div class=\"elementor-element elementor-element-f7cf241 elementor-widget elementor-widget-text-editor\" data-id=\"f7cf241\" data-element_type=\"widget\" data-e-type=\"widget\" data-widget_type=\"text-editor.default\">\n\t\t\t\t<div class=\"elementor-widget-container\">\n\t\t\t\t\t\t\t\t\t<p><strong>Da wir uns nun au\u00dferhalb der Saison befinden, sind wir nur vor Ort zum Start f\u00fcr gebuchte Kunden. Spontanes Paddeln (\u201eDrop-in\u201c) ist derzeit nicht m\u00f6glich.<\/strong><\/p><p><del>Wir sind derzeit t\u00e4glich zwischen 09:00 und 11:00 Uhr am Startpunkt in Stockam\u00f6llan vor Ort.<\/del><br \/><del>Wir sind jeden Tag von April bis September hier.<\/del><br \/><del>Wenn ihr zu uns unterwegs seid, schickt uns gerne eine SMS an\u00a0<a href=\"http:\/\/tel:+46790109109\" target=\"_blank\" rel=\"noopener\">+46790109109<\/a>.<\/del><\/p><p>Sie mieten und bezahlen ein Kanu oder Kajak direkt vor Ort, wenn Sie entscheiden, wie lange Sie unterwegs sein wollen. Die Bezahlung erfolgt \u00fcber Swish oder bar.<\/p><p>Der Preis f\u00fcr den Kanuverleih ist f\u00fcr 2 Personen kalkuliert und beinhaltet neben dem Kanu auch 2 Paddel, 2 Schwimmwesten, Wasserflaschen, eine Karte und den R\u00fccktransport der Ausr\u00fcstung. Ein Tag kostet 470 SEK, zwei Tage 785 SEK und drei Tage 940 SEK. Alle Preise enthalten die Mehrwertsteuer.<\/p><p>Paddeln Sie ein St\u00fcck flussabw\u00e4rts und paddeln Sie wieder zur\u00fcck. Oder w\u00e4hlen Sie eine unserer regul\u00e4ren Routen. Am einfachsten ist es f\u00fcr Sie, wenn Sie zwei Autos benutzen; eines am Start in der Stockam\u00f6llan und eines an der Endstation. Am Ende der Tour m\u00fcssen Sie nur noch an sich selbst denken. Wir holen die von Ihnen abgegebene Ausr\u00fcstung an einem der drei vorgesehenen Standorte ab.<\/p>\t\t\t\t\t\t\t\t<\/div>\n\t\t\t\t<\/div>\n\t\t\t\t\t<\/div>\n\t\t<\/div>\n\t\t\t\t\t<\/div>\n\t\t<\/section>\n\t\t\t\t\t<\/div>\n\t\t<\/div>\n\t\t\t\t\t<\/div>\n\t\t<\/section>\n\t\t\t\t<\/div>\n\t\t","protected":false},"excerpt":{"rendered":"<p>Drop-in-Paddeln Nicht jeder kann seine Aktivit\u00e4ten immer im Voraus planen. Wenn Sie zu denjenigen geh\u00f6ren, die spontan beschlie\u00dfen, dass es jetzt Spa\u00df machen w\u00fcrde, Kanu zu fahren&#8220;, werden wir alles tun, um Ihnen und Ihrer Gruppe auf dem Fluss R\u00f6nne zu helfen. Hier buchen Tun Sie das! Sie k\u00f6nnen immer davon ausgehen, dass die Ausr\u00fcstung [&hellip;]<\/p>\n","protected":false},"author":1,"featured_media":0,"parent":0,"menu_order":0,"comment_status":"closed","ping_status":"closed","template":"","meta":{"footnotes":""},"class_list":["post-1317","page","type-page","status-publish","hentry"],"yoast_head":"<!-- This site is optimized with the Yoast SEO plugin v26.0 - https:\/\/yoast.com\/wordpress\/plugins\/seo\/ -->\n<title>Drop-in-Paddeln &#8211; Kanotcentralen i Stockam\u00f6llan<\/title>\n<meta name=\"robots\" content=\"index, follow, max-snippet:-1, max-image-preview:large, max-video-preview:-1\" \/>\n<link rel=\"canonical\" href=\"https:\/\/kanotcentralen.se\/sv\/drop-in-paddling-for-dig-som-vill-paddla-nu-nastan-direkt\/\" \/>\n<meta property=\"og:locale\" content=\"de_DE\" \/>\n<meta property=\"og:type\" content=\"article\" \/>\n<meta property=\"og:title\" content=\"Drop-in-Paddeln &#8211; Kanotcentralen i Stockam\u00f6llan\" \/>\n<meta property=\"og:description\" content=\"Drop-in-Paddeln Nicht jeder kann seine Aktivit\u00e4ten immer im Voraus planen. Wenn Sie zu denjenigen geh\u00f6ren, die spontan beschlie\u00dfen, dass es jetzt Spa\u00df machen w\u00fcrde, Kanu zu fahren&#8220;, werden wir alles tun, um Ihnen und Ihrer Gruppe auf dem Fluss R\u00f6nne zu helfen. Hier buchen Tun Sie das! Sie k\u00f6nnen immer davon ausgehen, dass die Ausr\u00fcstung [&hellip;]\" \/>\n<meta property=\"og:url\" content=\"https:\/\/kanotcentralen.se\/sv\/drop-in-paddling-for-dig-som-vill-paddla-nu-nastan-direkt\/\" \/>\n<meta property=\"og:site_name\" content=\"Kanotcentralen i Stockam\u00f6llan\" \/>\n<meta property=\"article:publisher\" content=\"https:\/\/www.facebook.com\/kanotcentralen\/\" \/>\n<meta property=\"article:modified_time\" content=\"2026-03-19T16:47:18+00:00\" \/>\n<meta name=\"twitter:card\" content=\"summary_large_image\" \/>\n<meta name=\"twitter:label1\" content=\"Gesch\u00e4tzte Lesezeit\" \/>\n\t<meta name=\"twitter:data1\" content=\"2\u00a0Minuten\" \/>\n<script type=\"application\/ld+json\" class=\"yoast-schema-graph\">{\"@context\":\"https:\/\/schema.org\",\"@graph\":[{\"@type\":\"WebPage\",\"@id\":\"https:\/\/kanotcentralen.se\/sv\/drop-in-paddling-for-dig-som-vill-paddla-nu-nastan-direkt\/\",\"url\":\"https:\/\/kanotcentralen.se\/sv\/drop-in-paddling-for-dig-som-vill-paddla-nu-nastan-direkt\/\",\"name\":\"Drop-in-Paddeln &#8211; Kanotcentralen i Stockam\u00f6llan\",\"isPartOf\":{\"@id\":\"https:\/\/kanotcentralen.se\/sv\/#website\"},\"datePublished\":\"2023-01-17T15:52:24+00:00\",\"dateModified\":\"2026-03-19T16:47:18+00:00\",\"breadcrumb\":{\"@id\":\"https:\/\/kanotcentralen.se\/sv\/drop-in-paddling-for-dig-som-vill-paddla-nu-nastan-direkt\/#breadcrumb\"},\"inLanguage\":\"de\",\"potentialAction\":[{\"@type\":\"ReadAction\",\"target\":[\"https:\/\/kanotcentralen.se\/sv\/drop-in-paddling-for-dig-som-vill-paddla-nu-nastan-direkt\/\"]}]},{\"@type\":\"BreadcrumbList\",\"@id\":\"https:\/\/kanotcentralen.se\/sv\/drop-in-paddling-for-dig-som-vill-paddla-nu-nastan-direkt\/#breadcrumb\",\"itemListElement\":[{\"@type\":\"ListItem\",\"position\":1,\"name\":\"Hem\",\"item\":\"https:\/\/kanotcentralen.se\/sv\/\"},{\"@type\":\"ListItem\",\"position\":2,\"name\":\"Drop-in-Paddeln\"}]},{\"@type\":\"WebSite\",\"@id\":\"https:\/\/kanotcentralen.se\/sv\/#website\",\"url\":\"https:\/\/kanotcentralen.se\/sv\/\",\"name\":\"Kanotcentralen i Stockam\u00f6llan\",\"description\":\"Hyra kanot i vackra Sk\u00e5ne\",\"publisher\":{\"@id\":\"https:\/\/kanotcentralen.se\/sv\/#organization\"},\"potentialAction\":[{\"@type\":\"SearchAction\",\"target\":{\"@type\":\"EntryPoint\",\"urlTemplate\":\"https:\/\/kanotcentralen.se\/sv\/?s={search_term_string}\"},\"query-input\":{\"@type\":\"PropertyValueSpecification\",\"valueRequired\":true,\"valueName\":\"search_term_string\"}}],\"inLanguage\":\"de\"},{\"@type\":\"Organization\",\"@id\":\"https:\/\/kanotcentralen.se\/sv\/#organization\",\"name\":\"Kanotcentralen i Stockam\u00f6llan\",\"url\":\"https:\/\/kanotcentralen.se\/sv\/\",\"logo\":{\"@type\":\"ImageObject\",\"inLanguage\":\"de\",\"@id\":\"https:\/\/kanotcentralen.se\/sv\/#\/schema\/logo\/image\/\",\"url\":\"https:\/\/kanotcentralen.se\/wp-content\/uploads\/2022\/02\/kanotcentralen-logo.png\",\"contentUrl\":\"https:\/\/kanotcentralen.se\/wp-content\/uploads\/2022\/02\/kanotcentralen-logo.png\",\"width\":300,\"height\":42,\"caption\":\"Kanotcentralen i Stockam\u00f6llan\"},\"image\":{\"@id\":\"https:\/\/kanotcentralen.se\/sv\/#\/schema\/logo\/image\/\"},\"sameAs\":[\"https:\/\/www.facebook.com\/kanotcentralen\/\",\"https:\/\/www.instagram.com\/kanotcentralen\/\"]}]}<\/script>\n<!-- \/ Yoast SEO plugin. -->","yoast_head_json":{"title":"Drop-in-Paddeln &#8211; Kanotcentralen i Stockam\u00f6llan","robots":{"index":"index","follow":"follow","max-snippet":"max-snippet:-1","max-image-preview":"max-image-preview:large","max-video-preview":"max-video-preview:-1"},"canonical":"https:\/\/kanotcentralen.se\/sv\/drop-in-paddling-for-dig-som-vill-paddla-nu-nastan-direkt\/","og_locale":"de_DE","og_type":"article","og_title":"Drop-in-Paddeln &#8211; Kanotcentralen i Stockam\u00f6llan","og_description":"Drop-in-Paddeln Nicht jeder kann seine Aktivit\u00e4ten immer im Voraus planen. Wenn Sie zu denjenigen geh\u00f6ren, die spontan beschlie\u00dfen, dass es jetzt Spa\u00df machen w\u00fcrde, Kanu zu fahren&#8220;, werden wir alles tun, um Ihnen und Ihrer Gruppe auf dem Fluss R\u00f6nne zu helfen. Hier buchen Tun Sie das! Sie k\u00f6nnen immer davon ausgehen, dass die Ausr\u00fcstung [&hellip;]","og_url":"https:\/\/kanotcentralen.se\/sv\/drop-in-paddling-for-dig-som-vill-paddla-nu-nastan-direkt\/","og_site_name":"Kanotcentralen i Stockam\u00f6llan","article_publisher":"https:\/\/www.facebook.com\/kanotcentralen\/","article_modified_time":"2026-03-19T16:47:18+00:00","twitter_card":"summary_large_image","twitter_misc":{"Gesch\u00e4tzte Lesezeit":"2\u00a0Minuten"},"schema":{"@context":"https:\/\/schema.org","@graph":[{"@type":"WebPage","@id":"https:\/\/kanotcentralen.se\/sv\/drop-in-paddling-for-dig-som-vill-paddla-nu-nastan-direkt\/","url":"https:\/\/kanotcentralen.se\/sv\/drop-in-paddling-for-dig-som-vill-paddla-nu-nastan-direkt\/","name":"Drop-in-Paddeln &#8211; Kanotcentralen i Stockam\u00f6llan","isPartOf":{"@id":"https:\/\/kanotcentralen.se\/sv\/#website"},"datePublished":"2023-01-17T15:52:24+00:00","dateModified":"2026-03-19T16:47:18+00:00","breadcrumb":{"@id":"https:\/\/kanotcentralen.se\/sv\/drop-in-paddling-for-dig-som-vill-paddla-nu-nastan-direkt\/#breadcrumb"},"inLanguage":"de","potentialAction":[{"@type":"ReadAction","target":["https:\/\/kanotcentralen.se\/sv\/drop-in-paddling-for-dig-som-vill-paddla-nu-nastan-direkt\/"]}]},{"@type":"BreadcrumbList","@id":"https:\/\/kanotcentralen.se\/sv\/drop-in-paddling-for-dig-som-vill-paddla-nu-nastan-direkt\/#breadcrumb","itemListElement":[{"@type":"ListItem","position":1,"name":"Hem","item":"https:\/\/kanotcentralen.se\/sv\/"},{"@type":"ListItem","position":2,"name":"Drop-in-Paddeln"}]},{"@type":"WebSite","@id":"https:\/\/kanotcentralen.se\/sv\/#website","url":"https:\/\/kanotcentralen.se\/sv\/","name":"Kanotcentralen i Stockam\u00f6llan","description":"Hyra kanot i vackra Sk\u00e5ne","publisher":{"@id":"https:\/\/kanotcentralen.se\/sv\/#organization"},"potentialAction":[{"@type":"SearchAction","target":{"@type":"EntryPoint","urlTemplate":"https:\/\/kanotcentralen.se\/sv\/?s={search_term_string}"},"query-input":{"@type":"PropertyValueSpecification","valueRequired":true,"valueName":"search_term_string"}}],"inLanguage":"de"},{"@type":"Organization","@id":"https:\/\/kanotcentralen.se\/sv\/#organization","name":"Kanotcentralen i Stockam\u00f6llan","url":"https:\/\/kanotcentralen.se\/sv\/","logo":{"@type":"ImageObject","inLanguage":"de","@id":"https:\/\/kanotcentralen.se\/sv\/#\/schema\/logo\/image\/","url":"https:\/\/kanotcentralen.se\/wp-content\/uploads\/2022\/02\/kanotcentralen-logo.png","contentUrl":"https:\/\/kanotcentralen.se\/wp-content\/uploads\/2022\/02\/kanotcentralen-logo.png","width":300,"height":42,"caption":"Kanotcentralen i Stockam\u00f6llan"},"image":{"@id":"https:\/\/kanotcentralen.se\/sv\/#\/schema\/logo\/image\/"},"sameAs":["https:\/\/www.facebook.com\/kanotcentralen\/","https:\/\/www.instagram.com\/kanotcentralen\/"]}]}},"_links":{"self":[{"href":"https:\/\/kanotcentralen.se\/de\/wp-json\/wp\/v2\/pages\/1317","targetHints":{"allow":["GET"]}}],"collection":[{"href":"https:\/\/kanotcentralen.se\/de\/wp-json\/wp\/v2\/pages"}],"about":[{"href":"https:\/\/kanotcentralen.se\/de\/wp-json\/wp\/v2\/types\/page"}],"author":[{"embeddable":true,"href":"https:\/\/kanotcentralen.se\/de\/wp-json\/wp\/v2\/users\/1"}],"replies":[{"embeddable":true,"href":"https:\/\/kanotcentralen.se\/de\/wp-json\/wp\/v2\/comments?post=1317"}],"version-history":[{"count":65,"href":"https:\/\/kanotcentralen.se\/de\/wp-json\/wp\/v2\/pages\/1317\/revisions"}],"predecessor-version":[{"id":6791,"href":"https:\/\/kanotcentralen.se\/de\/wp-json\/wp\/v2\/pages\/1317\/revisions\/6791"}],"wp:attachment":[{"href":"https:\/\/kanotcentralen.se\/de\/wp-json\/wp\/v2\/media?parent=1317"}],"curies":[{"name":"wp","href":"https:\/\/api.w.org\/{rel}","templated":true}]}}