{"id":1296,"date":"2023-01-17T17:28:44","date_gmt":"2023-01-17T17:28:44","guid":{"rendered":"https:\/\/kanotcentralen.se\/kartnalar-sa-du-enkelt-hittar-viktiga-platser-langs-ronne-a\/"},"modified":"2026-03-19T19:25:38","modified_gmt":"2026-03-19T19:25:38","slug":"kartnalar-sa-du-enkelt-hittar-viktiga-platser-langs-ronne-a","status":"publish","type":"page","link":"https:\/\/kanotcentralen.se\/de\/kartnalar-sa-du-enkelt-hittar-viktiga-platser-langs-ronne-a\/","title":{"rendered":"Karte markiert wichtige Orte"},"content":{"rendered":"\t\t<div data-elementor-type=\"wp-page\" data-elementor-id=\"1296\" class=\"elementor elementor-1296 elementor-286\" data-elementor-post-type=\"page\">\n\t\t\t\t\t\t<section class=\"elementor-section elementor-top-section elementor-element elementor-element-dd4be69 elementor-section-full_width elementor-section-height-min-height elementor-section-height-default elementor-section-items-middle\" data-id=\"dd4be69\" data-element_type=\"section\" data-e-type=\"section\" data-settings=\"{&quot;background_background&quot;:&quot;classic&quot;}\">\n\t\t\t\t\t\t\t<div class=\"elementor-background-overlay\"><\/div>\n\t\t\t\t\t\t\t<div class=\"elementor-container elementor-column-gap-default\">\n\t\t\t\t\t<div class=\"elementor-column elementor-col-100 elementor-top-column elementor-element elementor-element-6efd250\" data-id=\"6efd250\" data-element_type=\"column\" data-e-type=\"column\">\n\t\t\t<div class=\"elementor-widget-wrap elementor-element-populated\">\n\t\t\t\t\t\t<section class=\"elementor-section elementor-inner-section elementor-element elementor-element-1e7acc0 elementor-section-boxed elementor-section-height-default elementor-section-height-default\" data-id=\"1e7acc0\" data-element_type=\"section\" data-e-type=\"section\">\n\t\t\t\t\t\t<div class=\"elementor-container elementor-column-gap-default\">\n\t\t\t\t\t<div class=\"elementor-column elementor-col-100 elementor-inner-column elementor-element elementor-element-ba55ff3\" data-id=\"ba55ff3\" data-element_type=\"column\" data-e-type=\"column\">\n\t\t\t<div class=\"elementor-widget-wrap elementor-element-populated\">\n\t\t\t\t\t\t<div class=\"elementor-element elementor-element-f6001b3 elementor-widget elementor-widget-heading\" data-id=\"f6001b3\" data-element_type=\"widget\" data-e-type=\"widget\" data-widget_type=\"heading.default\">\n\t\t\t\t<div class=\"elementor-widget-container\">\n\t\t\t\t\t<h2 class=\"elementor-heading-title elementor-size-default\">Kartenpins f\u00fcr alle wichtigen Orte entlang der R\u00f6nne<\/h2>\t\t\t\t<\/div>\n\t\t\t\t<\/div>\n\t\t\t\t\t<\/div>\n\t\t<\/div>\n\t\t\t\t\t<\/div>\n\t\t<\/section>\n\t\t\t\t<div class=\"elementor-element elementor-element-0fe87a4 elementor-widget__width-auto elementor-fixed e-transform elementor-widget elementor-widget-button\" data-id=\"0fe87a4\" data-element_type=\"widget\" data-e-type=\"widget\" data-settings=\"{&quot;_position&quot;:&quot;fixed&quot;,&quot;_transform_rotateZ_effect&quot;:{&quot;unit&quot;:&quot;px&quot;,&quot;size&quot;:-90,&quot;sizes&quot;:[]},&quot;_transform_rotateZ_effect_tablet&quot;:{&quot;unit&quot;:&quot;deg&quot;,&quot;size&quot;:&quot;&quot;,&quot;sizes&quot;:[]},&quot;_transform_rotateZ_effect_mobile&quot;:{&quot;unit&quot;:&quot;deg&quot;,&quot;size&quot;:&quot;&quot;,&quot;sizes&quot;:[]}}\" data-widget_type=\"button.default\">\n\t\t\t\t<div class=\"elementor-widget-container\">\n\t\t\t\t\t\t\t\t\t<div class=\"elementor-button-wrapper\">\n\t\t\t\t\t<a class=\"elementor-button elementor-button-link elementor-size-sm\" href=\"https:\/\/app.bookspot.io\/widget\/v3?widgetId=1358f547-502a-4357-a6df-925c7210b8fb\">\n\t\t\t\t\t\t<span class=\"elementor-button-content-wrapper\">\n\t\t\t\t\t\t\t\t\t<span class=\"elementor-button-text\">Hier buchen<\/span>\n\t\t\t\t\t<\/span>\n\t\t\t\t\t<\/a>\n\t\t\t\t<\/div>\n\t\t\t\t\t\t\t\t<\/div>\n\t\t\t\t<\/div>\n\t\t\t\t\t<\/div>\n\t\t<\/div>\n\t\t\t\t\t<\/div>\n\t\t<\/section>\n\t\t\t\t<section class=\"elementor-section elementor-top-section elementor-element elementor-element-e8fc808 elementor-section-boxed elementor-section-height-default elementor-section-height-default\" data-id=\"e8fc808\" data-element_type=\"section\" data-e-type=\"section\" data-settings=\"{&quot;background_background&quot;:&quot;classic&quot;}\">\n\t\t\t\t\t\t<div class=\"elementor-container elementor-column-gap-default\">\n\t\t\t\t\t<div class=\"elementor-column elementor-col-100 elementor-top-column elementor-element elementor-element-9b42e7b\" data-id=\"9b42e7b\" data-element_type=\"column\" data-e-type=\"column\">\n\t\t\t<div class=\"elementor-widget-wrap elementor-element-populated\">\n\t\t\t\t\t\t<section class=\"elementor-section elementor-inner-section elementor-element elementor-element-dba4349 elementor-section-boxed elementor-section-height-default elementor-section-height-default\" data-id=\"dba4349\" data-element_type=\"section\" data-e-type=\"section\" data-settings=\"{&quot;background_background&quot;:&quot;classic&quot;}\">\n\t\t\t\t\t\t<div class=\"elementor-container elementor-column-gap-default\">\n\t\t\t\t\t<div class=\"elementor-column elementor-col-100 elementor-inner-column elementor-element elementor-element-7b798c6\" data-id=\"7b798c6\" data-element_type=\"column\" data-e-type=\"column\">\n\t\t\t<div class=\"elementor-widget-wrap elementor-element-populated\">\n\t\t\t\t\t\t<div class=\"elementor-element elementor-element-6e5d4af elementor-widget elementor-widget-heading\" data-id=\"6e5d4af\" data-element_type=\"widget\" data-e-type=\"widget\" data-widget_type=\"heading.default\">\n\t\t\t\t<div class=\"elementor-widget-container\">\n\t\t\t\t\t<h2 class=\"elementor-heading-title elementor-size-default\">Wie man diese Seite benutzt<\/h2>\t\t\t\t<\/div>\n\t\t\t\t<\/div>\n\t\t\t\t<div class=\"elementor-element elementor-element-84cca46 elementor-widget elementor-widget-text-editor\" data-id=\"84cca46\" data-element_type=\"widget\" data-e-type=\"widget\" data-widget_type=\"text-editor.default\">\n\t\t\t\t<div class=\"elementor-widget-container\">\n\t\t\t\t\t\t\t\t\t<p>Jede \u00dcberschrift unten ist ein Link zu dem entsprechenden Ort auf Google Maps, der genau zu den verschiedenen Orten f\u00fchrt, die Sie finden m\u00f6chten, wenn Sie ein Kanu mieten und auf der R\u00f6nne paddeln.<\/p>\n<p>Diese Seite eignet sich hervorragend f\u00fcr die Planung Ihrer Kanutour oder um sie von Zeit zu Zeit auf Ihrem Mobiltelefon abzurufen, wenn Sie Kanu fahren. So k\u00f6nnen Sie leicht erkennen, wo Sie sich in Bezug auf Rastst\u00e4tten oder Terminals befinden. So wissen Sie, dass Sie nicht zu weit gegangen sind, wie weit Sie noch gehen m\u00fcssen und wann Sie an der richtigen Stelle sind.<\/p>\n<p>Die Links helfen Ihnen auch, den richtigen Parkplatz zu finden, um Ihr Auto am Ende Ihrer Reise zu parken.<\/p>\n<h5><a href=\"https:\/\/goo.gl\/maps\/BtfHQkq7F4VM9E6N8\" target=\"_blank\" rel=\"noopener\"><strong><span style=\"text-decoration: underline; color: #2f3843;\">Der Start in Stockam\u00f6llan<\/span><\/strong><\/a><\/h5>\n<p>Hier k\u00f6nnen Sie Ihre Ausr\u00fcstung abholen.<\/p>\n<h5><a href=\"https:\/\/goo.gl\/maps\/WFS2Kbrzbca7kb33A\" target=\"_blank\" rel=\"noopener\"><span style=\"text-decoration: underline; color: #2f3843;\"><strong>Langzeitparken in Stockam\u00f6llan<\/strong><\/span><\/a><\/h5>\n<p>Nachdem Sie Ihre Ausr\u00fcstung abgeladen haben, parken Sie Ihr Auto hier, w\u00e4hrend Sie paddeln.<\/p>\n<h5><a href=\"https:\/\/goo.gl\/maps\/ZucYFijjcnHcp5h48\" target=\"_blank\" rel=\"noopener\"><span style=\"text-decoration: underline;\"><strong><span style=\"color: #2f3843; text-decoration: underline;\">Der Aufzug in Billingem\u00f6lla<\/span><\/strong><\/span><\/a><\/h5>\n<p>Man erreicht sie nach etwa 1-1,5 Stunden Paddeln.<\/p>\n<h5><a href=\"https:\/\/goo.gl\/maps\/e7MiHgPUJFvQo65MA\" target=\"_blank\" rel=\"noopener\"><span style=\"text-decoration: underline; color: #2f3843;\"><strong>Djupadalsm\u00f6lla-Parkplatz<\/strong><\/span><\/a><\/h5>\n<p>Hier k\u00f6nnen Sie Ihr Auto parken und Ihre Kanus abstellen, wenn Sie einen Tagesausflug machen. Es ist wichtig, dass Sie <strong>nicht<\/strong> innerhalb des Bauernhauses auf der anderen Seite des Flusses parken.<\/p>\n<h5><a href=\"https:\/\/goo.gl\/maps\/8gtuMmjgnPyHcP8K7\" target=\"_blank\" rel=\"noopener\"><span style=\"text-decoration: underline; color: #2f3843;\"><strong>Wo man in Djupadalsm\u00f6lla an Land geht<\/strong><\/span><\/a><\/h5>\n<p>Sie holen Ihr Kanu auf der rechten Seite nach der Autobr\u00fccke ab. Es ist <strong>wichtig, dass Sie nicht an der Farm an Land gehen<\/strong>, da wir alles tun, um sie dort nicht zu st\u00f6ren. Um Ihre Paddeltour hier zu beenden, folgen Sie dem kleinen Pfad und stellen Ihre Kanus auf dem Parkplatz auf den Kopf.<br \/>Wenn Sie l\u00e4nger als einen Tag paddeln wollen, folgen Sie dem Weg entlang des Flusses und setzen Sie die Kanus am Ende des Weges wieder ein.<\/p>\n<h5><a href=\"https:\/\/goo.gl\/maps\/ex33B1uJAxf15Nrd8\" target=\"_blank\" rel=\"noopener\"><span style=\"text-decoration: underline; color: #2f3843;\"><strong>Parken auf dem Campingplatz Anderstorp<\/strong><\/span><\/a><\/h5>\n<p>Der Parkplatz selbst, auf dem Sie so nah wie m\u00f6glich am Rastplatz stehen k\u00f6nnen. Sie parken an der kurzen Seite der Scheune.<\/p>\n<h5><a href=\"https:\/\/goo.gl\/maps\/SD9MFnThS31JQKEv6\" target=\"_blank\" rel=\"noopener\"><span style=\"text-decoration: underline; color: #2f3843;\"><strong>Campingplatz Anderstorp<\/strong><\/span><\/a><\/h5>\n<p>Der erste von zwei Rastpl\u00e4tzen, die nach dem ersten Paddeltag zur Auswahl stehen. Der Rastplatz befindet sich auf der linken Seite des Flusses.<\/p>\n<h5><a href=\"https:\/\/goo.gl\/maps\/mR2V6Ls6BY3H6Uxi9\" target=\"_blank\" rel=\"noopener\"><span style=\"text-decoration: underline; color: #2f3843;\"><strong>Campingplatz Riseberga<\/strong><\/span><\/a><\/h5>\n<p>Der zweite von zwei Rastpl\u00e4tzen, die nach dem ersten Tag zur Auswahl stehen. Der Rastplatz befindet sich auf der linken Seite des Flusses.<\/p>\n<h5><a href=\"https:\/\/goo.gl\/maps\/bju4Cn7kyYs6MUKFA\" target=\"_blank\" rel=\"noopener\"><span style=\"text-decoration: underline; color: #2f3843;\"><strong>Parkplatz Riseberga-Br\u00fccke<\/strong><\/span><\/a><\/h5>\n<p>Eine zus\u00e4tzliche Endstation, wenn Sie am zweiten Tag nicht zu lange paddeln wollen. Sie steigen auf der rechten Seite kurz vor der Autobr\u00fccke aus.<\/p>\n<h5><a href=\"https:\/\/goo.gl\/maps\/CA3X8yvezqUSTBZK8\" target=\"_blank\" rel=\"noopener\"><span style=\"text-decoration: underline; color: #2f3843;\"><strong>Der Parkplatz beim Hundeverein in Herrevadskloster<\/strong><\/span><\/a><\/h5>\n<p>Die letzte Station, wenn Sie den zweiten Tag gepaddelt haben.<\/p>\n<h5><a href=\"https:\/\/goo.gl\/maps\/jQohWZYnXT2izS2L8\" target=\"_blank\" rel=\"noopener\"><span style=\"text-decoration: underline; color: #2f3843;\"><strong>Der Campingplatz in Herrevadskloster<\/strong><\/span><\/a><\/h5>\n<p>Hier, am Windschutz, gehen Sie an Land, wenn Sie das Paddel beenden oder \u00fcber Nacht bleiben wollen, um weiter zu paddeln.<\/p>\n<h5><a href=\"https:\/\/goo.gl\/maps\/Rz4np2cRxGB9H7mv8\" target=\"_blank\" rel=\"noopener\"><span style=\"text-decoration: underline; color: #2f3843;\"><strong>Forsm\u00f6llan-Parkplatz<\/strong><\/span><\/a><\/h5>\n<p>An dieser Endstation parken Sie Ihr Auto und lassen Ihr Kanu stehen, wenn Sie zwei oder drei Tage lang paddeln wollen.<\/p>\n\t\t\t\t\t\t\t\t<\/div>\n\t\t\t\t<\/div>\n\t\t\t\t\t<\/div>\n\t\t<\/div>\n\t\t\t\t\t<\/div>\n\t\t<\/section>\n\t\t\t\t\t<\/div>\n\t\t<\/div>\n\t\t\t\t\t<\/div>\n\t\t<\/section>\n\t\t\t\t<\/div>\n\t\t","protected":false},"excerpt":{"rendered":"<p>Kartenpins f\u00fcr alle wichtigen Orte entlang der R\u00f6nne Hier buchen Wie man diese Seite benutzt Jede \u00dcberschrift unten ist ein Link zu dem entsprechenden Ort auf Google Maps, der genau zu den verschiedenen Orten f\u00fchrt, die Sie finden m\u00f6chten, wenn Sie ein Kanu mieten und auf der R\u00f6nne paddeln. Diese Seite eignet sich hervorragend f\u00fcr [&hellip;]<\/p>\n","protected":false},"author":1,"featured_media":0,"parent":0,"menu_order":0,"comment_status":"closed","ping_status":"closed","template":"","meta":{"footnotes":""},"class_list":["post-1296","page","type-page","status-publish","hentry"],"yoast_head":"<!-- This site is optimized with the Yoast SEO plugin v26.0 - https:\/\/yoast.com\/wordpress\/plugins\/seo\/ -->\n<title>Karte markiert wichtige Orte &#8211; Kanotcentralen i Stockam\u00f6llan<\/title>\n<meta name=\"robots\" content=\"index, follow, max-snippet:-1, max-image-preview:large, max-video-preview:-1\" \/>\n<link rel=\"canonical\" href=\"https:\/\/kanotcentralen.se\/sv\/kartnalar-sa-du-enkelt-hittar-viktiga-platser-langs-ronne-a\/\" \/>\n<meta property=\"og:locale\" content=\"de_DE\" \/>\n<meta property=\"og:type\" content=\"article\" \/>\n<meta property=\"og:title\" content=\"Karte markiert wichtige Orte &#8211; Kanotcentralen i Stockam\u00f6llan\" \/>\n<meta property=\"og:description\" content=\"Kartenpins f\u00fcr alle wichtigen Orte entlang der R\u00f6nne Hier buchen Wie man diese Seite benutzt Jede \u00dcberschrift unten ist ein Link zu dem entsprechenden Ort auf Google Maps, der genau zu den verschiedenen Orten f\u00fchrt, die Sie finden m\u00f6chten, wenn Sie ein Kanu mieten und auf der R\u00f6nne paddeln. Diese Seite eignet sich hervorragend f\u00fcr [&hellip;]\" \/>\n<meta property=\"og:url\" content=\"https:\/\/kanotcentralen.se\/sv\/kartnalar-sa-du-enkelt-hittar-viktiga-platser-langs-ronne-a\/\" \/>\n<meta property=\"og:site_name\" content=\"Kanotcentralen i Stockam\u00f6llan\" \/>\n<meta property=\"article:publisher\" content=\"https:\/\/www.facebook.com\/kanotcentralen\/\" \/>\n<meta property=\"article:modified_time\" content=\"2026-03-19T19:25:38+00:00\" \/>\n<meta name=\"twitter:card\" content=\"summary_large_image\" \/>\n<meta name=\"twitter:label1\" content=\"Gesch\u00e4tzte Lesezeit\" \/>\n\t<meta name=\"twitter:data1\" content=\"3\u00a0Minuten\" \/>\n<script type=\"application\/ld+json\" class=\"yoast-schema-graph\">{\"@context\":\"https:\/\/schema.org\",\"@graph\":[{\"@type\":\"WebPage\",\"@id\":\"https:\/\/kanotcentralen.se\/sv\/kartnalar-sa-du-enkelt-hittar-viktiga-platser-langs-ronne-a\/\",\"url\":\"https:\/\/kanotcentralen.se\/sv\/kartnalar-sa-du-enkelt-hittar-viktiga-platser-langs-ronne-a\/\",\"name\":\"Karte markiert wichtige Orte &#8211; Kanotcentralen i Stockam\u00f6llan\",\"isPartOf\":{\"@id\":\"https:\/\/kanotcentralen.se\/sv\/#website\"},\"datePublished\":\"2023-01-17T17:28:44+00:00\",\"dateModified\":\"2026-03-19T19:25:38+00:00\",\"breadcrumb\":{\"@id\":\"https:\/\/kanotcentralen.se\/sv\/kartnalar-sa-du-enkelt-hittar-viktiga-platser-langs-ronne-a\/#breadcrumb\"},\"inLanguage\":\"de\",\"potentialAction\":[{\"@type\":\"ReadAction\",\"target\":[\"https:\/\/kanotcentralen.se\/sv\/kartnalar-sa-du-enkelt-hittar-viktiga-platser-langs-ronne-a\/\"]}]},{\"@type\":\"BreadcrumbList\",\"@id\":\"https:\/\/kanotcentralen.se\/sv\/kartnalar-sa-du-enkelt-hittar-viktiga-platser-langs-ronne-a\/#breadcrumb\",\"itemListElement\":[{\"@type\":\"ListItem\",\"position\":1,\"name\":\"Hem\",\"item\":\"https:\/\/kanotcentralen.se\/sv\/\"},{\"@type\":\"ListItem\",\"position\":2,\"name\":\"Karte markiert wichtige Orte\"}]},{\"@type\":\"WebSite\",\"@id\":\"https:\/\/kanotcentralen.se\/sv\/#website\",\"url\":\"https:\/\/kanotcentralen.se\/sv\/\",\"name\":\"Kanotcentralen i Stockam\u00f6llan\",\"description\":\"Hyra kanot i vackra Sk\u00e5ne\",\"publisher\":{\"@id\":\"https:\/\/kanotcentralen.se\/sv\/#organization\"},\"potentialAction\":[{\"@type\":\"SearchAction\",\"target\":{\"@type\":\"EntryPoint\",\"urlTemplate\":\"https:\/\/kanotcentralen.se\/sv\/?s={search_term_string}\"},\"query-input\":{\"@type\":\"PropertyValueSpecification\",\"valueRequired\":true,\"valueName\":\"search_term_string\"}}],\"inLanguage\":\"de\"},{\"@type\":\"Organization\",\"@id\":\"https:\/\/kanotcentralen.se\/sv\/#organization\",\"name\":\"Kanotcentralen i Stockam\u00f6llan\",\"url\":\"https:\/\/kanotcentralen.se\/sv\/\",\"logo\":{\"@type\":\"ImageObject\",\"inLanguage\":\"de\",\"@id\":\"https:\/\/kanotcentralen.se\/sv\/#\/schema\/logo\/image\/\",\"url\":\"https:\/\/kanotcentralen.se\/wp-content\/uploads\/2022\/02\/kanotcentralen-logo.png\",\"contentUrl\":\"https:\/\/kanotcentralen.se\/wp-content\/uploads\/2022\/02\/kanotcentralen-logo.png\",\"width\":300,\"height\":42,\"caption\":\"Kanotcentralen i Stockam\u00f6llan\"},\"image\":{\"@id\":\"https:\/\/kanotcentralen.se\/sv\/#\/schema\/logo\/image\/\"},\"sameAs\":[\"https:\/\/www.facebook.com\/kanotcentralen\/\",\"https:\/\/www.instagram.com\/kanotcentralen\/\"]}]}<\/script>\n<!-- \/ Yoast SEO plugin. -->","yoast_head_json":{"title":"Karte markiert wichtige Orte &#8211; Kanotcentralen i Stockam\u00f6llan","robots":{"index":"index","follow":"follow","max-snippet":"max-snippet:-1","max-image-preview":"max-image-preview:large","max-video-preview":"max-video-preview:-1"},"canonical":"https:\/\/kanotcentralen.se\/sv\/kartnalar-sa-du-enkelt-hittar-viktiga-platser-langs-ronne-a\/","og_locale":"de_DE","og_type":"article","og_title":"Karte markiert wichtige Orte &#8211; Kanotcentralen i Stockam\u00f6llan","og_description":"Kartenpins f\u00fcr alle wichtigen Orte entlang der R\u00f6nne Hier buchen Wie man diese Seite benutzt Jede \u00dcberschrift unten ist ein Link zu dem entsprechenden Ort auf Google Maps, der genau zu den verschiedenen Orten f\u00fchrt, die Sie finden m\u00f6chten, wenn Sie ein Kanu mieten und auf der R\u00f6nne paddeln. Diese Seite eignet sich hervorragend f\u00fcr [&hellip;]","og_url":"https:\/\/kanotcentralen.se\/sv\/kartnalar-sa-du-enkelt-hittar-viktiga-platser-langs-ronne-a\/","og_site_name":"Kanotcentralen i Stockam\u00f6llan","article_publisher":"https:\/\/www.facebook.com\/kanotcentralen\/","article_modified_time":"2026-03-19T19:25:38+00:00","twitter_card":"summary_large_image","twitter_misc":{"Gesch\u00e4tzte Lesezeit":"3\u00a0Minuten"},"schema":{"@context":"https:\/\/schema.org","@graph":[{"@type":"WebPage","@id":"https:\/\/kanotcentralen.se\/sv\/kartnalar-sa-du-enkelt-hittar-viktiga-platser-langs-ronne-a\/","url":"https:\/\/kanotcentralen.se\/sv\/kartnalar-sa-du-enkelt-hittar-viktiga-platser-langs-ronne-a\/","name":"Karte markiert wichtige Orte &#8211; Kanotcentralen i Stockam\u00f6llan","isPartOf":{"@id":"https:\/\/kanotcentralen.se\/sv\/#website"},"datePublished":"2023-01-17T17:28:44+00:00","dateModified":"2026-03-19T19:25:38+00:00","breadcrumb":{"@id":"https:\/\/kanotcentralen.se\/sv\/kartnalar-sa-du-enkelt-hittar-viktiga-platser-langs-ronne-a\/#breadcrumb"},"inLanguage":"de","potentialAction":[{"@type":"ReadAction","target":["https:\/\/kanotcentralen.se\/sv\/kartnalar-sa-du-enkelt-hittar-viktiga-platser-langs-ronne-a\/"]}]},{"@type":"BreadcrumbList","@id":"https:\/\/kanotcentralen.se\/sv\/kartnalar-sa-du-enkelt-hittar-viktiga-platser-langs-ronne-a\/#breadcrumb","itemListElement":[{"@type":"ListItem","position":1,"name":"Hem","item":"https:\/\/kanotcentralen.se\/sv\/"},{"@type":"ListItem","position":2,"name":"Karte markiert wichtige Orte"}]},{"@type":"WebSite","@id":"https:\/\/kanotcentralen.se\/sv\/#website","url":"https:\/\/kanotcentralen.se\/sv\/","name":"Kanotcentralen i Stockam\u00f6llan","description":"Hyra kanot i vackra Sk\u00e5ne","publisher":{"@id":"https:\/\/kanotcentralen.se\/sv\/#organization"},"potentialAction":[{"@type":"SearchAction","target":{"@type":"EntryPoint","urlTemplate":"https:\/\/kanotcentralen.se\/sv\/?s={search_term_string}"},"query-input":{"@type":"PropertyValueSpecification","valueRequired":true,"valueName":"search_term_string"}}],"inLanguage":"de"},{"@type":"Organization","@id":"https:\/\/kanotcentralen.se\/sv\/#organization","name":"Kanotcentralen i Stockam\u00f6llan","url":"https:\/\/kanotcentralen.se\/sv\/","logo":{"@type":"ImageObject","inLanguage":"de","@id":"https:\/\/kanotcentralen.se\/sv\/#\/schema\/logo\/image\/","url":"https:\/\/kanotcentralen.se\/wp-content\/uploads\/2022\/02\/kanotcentralen-logo.png","contentUrl":"https:\/\/kanotcentralen.se\/wp-content\/uploads\/2022\/02\/kanotcentralen-logo.png","width":300,"height":42,"caption":"Kanotcentralen i Stockam\u00f6llan"},"image":{"@id":"https:\/\/kanotcentralen.se\/sv\/#\/schema\/logo\/image\/"},"sameAs":["https:\/\/www.facebook.com\/kanotcentralen\/","https:\/\/www.instagram.com\/kanotcentralen\/"]}]}},"_links":{"self":[{"href":"https:\/\/kanotcentralen.se\/de\/wp-json\/wp\/v2\/pages\/1296","targetHints":{"allow":["GET"]}}],"collection":[{"href":"https:\/\/kanotcentralen.se\/de\/wp-json\/wp\/v2\/pages"}],"about":[{"href":"https:\/\/kanotcentralen.se\/de\/wp-json\/wp\/v2\/types\/page"}],"author":[{"embeddable":true,"href":"https:\/\/kanotcentralen.se\/de\/wp-json\/wp\/v2\/users\/1"}],"replies":[{"embeddable":true,"href":"https:\/\/kanotcentralen.se\/de\/wp-json\/wp\/v2\/comments?post=1296"}],"version-history":[{"count":36,"href":"https:\/\/kanotcentralen.se\/de\/wp-json\/wp\/v2\/pages\/1296\/revisions"}],"predecessor-version":[{"id":6800,"href":"https:\/\/kanotcentralen.se\/de\/wp-json\/wp\/v2\/pages\/1296\/revisions\/6800"}],"wp:attachment":[{"href":"https:\/\/kanotcentralen.se\/de\/wp-json\/wp\/v2\/media?parent=1296"}],"curies":[{"name":"wp","href":"https:\/\/api.w.org\/{rel}","templated":true}]}}