{"id":1285,"date":"2023-01-17T18:54:31","date_gmt":"2023-01-17T18:54:31","guid":{"rendered":"https:\/\/kanotcentralen.se\/bokningsbestammelser\/"},"modified":"2026-03-19T19:28:26","modified_gmt":"2026-03-19T19:28:26","slug":"bokningsbestammelser","status":"publish","type":"page","link":"https:\/\/kanotcentralen.se\/de\/bokningsbestammelser\/","title":{"rendered":"Buchungsregeln"},"content":{"rendered":"\t\t<div data-elementor-type=\"wp-page\" data-elementor-id=\"1285\" class=\"elementor elementor-1285 elementor-334\" data-elementor-post-type=\"page\">\n\t\t\t\t\t\t<section class=\"elementor-section elementor-top-section elementor-element elementor-element-dd4be69 elementor-section-full_width elementor-section-height-min-height elementor-section-height-default elementor-section-items-middle\" data-id=\"dd4be69\" data-element_type=\"section\" data-e-type=\"section\" data-settings=\"{&quot;background_background&quot;:&quot;classic&quot;}\">\n\t\t\t\t\t\t\t<div class=\"elementor-background-overlay\"><\/div>\n\t\t\t\t\t\t\t<div class=\"elementor-container elementor-column-gap-default\">\n\t\t\t\t\t<div class=\"elementor-column elementor-col-100 elementor-top-column elementor-element elementor-element-6efd250\" data-id=\"6efd250\" data-element_type=\"column\" data-e-type=\"column\">\n\t\t\t<div class=\"elementor-widget-wrap elementor-element-populated\">\n\t\t\t\t\t\t<section class=\"elementor-section elementor-inner-section elementor-element elementor-element-1e7acc0 elementor-section-boxed elementor-section-height-default elementor-section-height-default\" data-id=\"1e7acc0\" data-element_type=\"section\" data-e-type=\"section\">\n\t\t\t\t\t\t<div class=\"elementor-container elementor-column-gap-default\">\n\t\t\t\t\t<div class=\"elementor-column elementor-col-100 elementor-inner-column elementor-element elementor-element-ba55ff3\" data-id=\"ba55ff3\" data-element_type=\"column\" data-e-type=\"column\">\n\t\t\t<div class=\"elementor-widget-wrap elementor-element-populated\">\n\t\t\t\t\t\t<div class=\"elementor-element elementor-element-f6001b3 elementor-widget elementor-widget-heading\" data-id=\"f6001b3\" data-element_type=\"widget\" data-e-type=\"widget\" data-widget_type=\"heading.default\">\n\t\t\t\t<div class=\"elementor-widget-container\">\n\t\t\t\t\t<h2 class=\"elementor-heading-title elementor-size-default\">Buchungsregeln<\/h2>\t\t\t\t<\/div>\n\t\t\t\t<\/div>\n\t\t\t\t\t<\/div>\n\t\t<\/div>\n\t\t\t\t\t<\/div>\n\t\t<\/section>\n\t\t\t\t<div class=\"elementor-element elementor-element-506ab32 elementor-widget__width-auto elementor-fixed e-transform elementor-widget elementor-widget-button\" data-id=\"506ab32\" data-element_type=\"widget\" data-e-type=\"widget\" data-settings=\"{&quot;_position&quot;:&quot;fixed&quot;,&quot;_transform_rotateZ_effect&quot;:{&quot;unit&quot;:&quot;px&quot;,&quot;size&quot;:-90,&quot;sizes&quot;:[]},&quot;_transform_rotateZ_effect_tablet&quot;:{&quot;unit&quot;:&quot;deg&quot;,&quot;size&quot;:&quot;&quot;,&quot;sizes&quot;:[]},&quot;_transform_rotateZ_effect_mobile&quot;:{&quot;unit&quot;:&quot;deg&quot;,&quot;size&quot;:&quot;&quot;,&quot;sizes&quot;:[]}}\" data-widget_type=\"button.default\">\n\t\t\t\t<div class=\"elementor-widget-container\">\n\t\t\t\t\t\t\t\t\t<div class=\"elementor-button-wrapper\">\n\t\t\t\t\t<a class=\"elementor-button elementor-button-link elementor-size-sm\" href=\"https:\/\/app.bookspot.io\/widget\/v3?widgetId=1358f547-502a-4357-a6df-925c7210b8fb\">\n\t\t\t\t\t\t<span class=\"elementor-button-content-wrapper\">\n\t\t\t\t\t\t\t\t\t<span class=\"elementor-button-text\">Hier buchen<\/span>\n\t\t\t\t\t<\/span>\n\t\t\t\t\t<\/a>\n\t\t\t\t<\/div>\n\t\t\t\t\t\t\t\t<\/div>\n\t\t\t\t<\/div>\n\t\t\t\t\t<\/div>\n\t\t<\/div>\n\t\t\t\t\t<\/div>\n\t\t<\/section>\n\t\t\t\t<section class=\"elementor-section elementor-top-section elementor-element elementor-element-e8fc808 elementor-section-boxed elementor-section-height-default elementor-section-height-default\" data-id=\"e8fc808\" data-element_type=\"section\" data-e-type=\"section\" data-settings=\"{&quot;background_background&quot;:&quot;classic&quot;}\">\n\t\t\t\t\t\t<div class=\"elementor-container elementor-column-gap-default\">\n\t\t\t\t\t<div class=\"elementor-column elementor-col-100 elementor-top-column elementor-element elementor-element-9b42e7b\" data-id=\"9b42e7b\" data-element_type=\"column\" data-e-type=\"column\">\n\t\t\t<div class=\"elementor-widget-wrap elementor-element-populated\">\n\t\t\t\t\t\t<section class=\"elementor-section elementor-inner-section elementor-element elementor-element-dba4349 elementor-section-boxed elementor-section-height-default elementor-section-height-default\" data-id=\"dba4349\" data-element_type=\"section\" data-e-type=\"section\" data-settings=\"{&quot;background_background&quot;:&quot;classic&quot;}\">\n\t\t\t\t\t\t<div class=\"elementor-container elementor-column-gap-default\">\n\t\t\t\t\t<div class=\"elementor-column elementor-col-100 elementor-inner-column elementor-element elementor-element-7b798c6\" data-id=\"7b798c6\" data-element_type=\"column\" data-e-type=\"column\">\n\t\t\t<div class=\"elementor-widget-wrap elementor-element-populated\">\n\t\t\t\t\t\t<div class=\"elementor-element elementor-element-6e5d4af elementor-widget elementor-widget-heading\" data-id=\"6e5d4af\" data-element_type=\"widget\" data-e-type=\"widget\" data-widget_type=\"heading.default\">\n\t\t\t\t<div class=\"elementor-widget-container\">\n\t\t\t\t\t<h2 class=\"elementor-heading-title elementor-size-default\">Mietbedingungen<\/h2>\t\t\t\t<\/div>\n\t\t\t\t<\/div>\n\t\t\t\t<div class=\"elementor-element elementor-element-84cca46 elementor-widget elementor-widget-text-editor\" data-id=\"84cca46\" data-element_type=\"widget\" data-e-type=\"widget\" data-widget_type=\"text-editor.default\">\n\t\t\t\t<div class=\"elementor-widget-container\">\n\t\t\t\t\t\t\t\t\t<p>Um ein Kanu oder Kajak von der Kanotcentralen in Stockam\u00f6llan \/ Remdoc AB zu mieten, m\u00fcssen folgende Anforderungen erf\u00fcllt sein:<\/p><p>\u2022 Sie m\u00fcssen mindestens 18 Jahre alt sein oder im Besitz einer schriftlichen Einverst\u00e4ndniserkl\u00e4rung eines Erziehungsberechtigten sein.<\/p><p>\u2022 Sie m\u00fcssen schwimmen k\u00f6nnen.<\/p><p>\u2022 Sie m\u00fcssen eine Rettungsweste tragen.<\/p><p>\u2022 Alle Sch\u00e4den oder verlorenes Equipment m\u00fcssen an die Kanotcentralen in Stockam\u00f6llan gemeldet und entsch\u00e4digt werden (zum Selbstkostenpreis). Normale Abnutzung wird nicht berechnet.<\/p><p>\u2022 Der Mieter ist daf\u00fcr verantwortlich, das gemietete Equipment rechtzeitig und am richtigen Ort zur\u00fcckzugeben. Die Kanotcentralen in Stockam\u00f6llan beh\u00e4lt sich das Recht vor, zus\u00e4tzliche Kosten f\u00fcr die Suche und R\u00fcckholung von nicht am richtigen Ort zur\u00fcckgegebenem Equipment zu berechnen.<\/p><p>\u2022 Sie erkennen an, dass alle Mietaktivit\u00e4ten auf eigene Gefahr durchgef\u00fchrt werden. Es liegt in Ihrer Verantwortung, geltenden Verkehrs- \/ Schifffahrtsvorschriften zu folgen. Die Kanotcentralen in Stockam\u00f6llan \u00fcbernimmt keine Haftung f\u00fcr pers\u00f6nliche oder Kleidungssch\u00e4den, die w\u00e4hrend des Mietzeitraums auftreten k\u00f6nnen.<\/p><p>\u2022 Seien Sie bereit, einen Ausweis f\u00fcr jede Art von Miete vorzulegen. Es gen\u00fcgt, wenn eine Person in der Gruppe \u00fcber 18 Jahre alt ist und einen Ausweis vorlegt; diese Person ist dann f\u00fcr das gesamte gemietete Equipment verantwortlich.<\/p><p>\u2022 Mit der Annahme dieser Gesch\u00e4ftsbedingungen kommt ein verbindlicher Vertrag zustande. Nach Erhalt einer Buchung wird automatisch eine Buchungsbest\u00e4tigung per E-Mail mit Informationen \u00fcber den Mietzeitraum versandt.<\/p><p>\u2022 Gem\u00e4\u00df den Datenschutzgesetzen m\u00fcssen Sie der Speicherung Ihrer Informationen zustimmen. Sie haben das Recht, Ihre Informationen l\u00f6schen zu lassen.<\/p><p>\u2022 Wir halten uns an die Empfehlungen des Allgemeinen Beschwerdeausschusses im Falle von Streitigkeiten.<\/p><p>\u2022 Sie stimmen zu, dass wir Ihnen E-Mail-Best\u00e4tigungen und Follow-up-E-Mails senden. Wir werden keine Newsletter senden, es sei denn, sie werden angefordert.<\/p><p>Buchungsregeln:<br \/>\u2022 <b>Sie k\u00f6nnen Ihre Buchung bis 12:00 Uhr sieben Tage vor Ihrem geplanten Starttermin kostenlos umbuchen oder stornieren, ganz oder teilweise. Wenn Sie f\u00fcr Ihre Reise im Voraus bezahlt haben, erhalten Sie bei Stornierung eine vollst\u00e4ndige R\u00fcckerstattung.<br \/>Wenn Sie eine Umbuchungsversicherung gekauft haben, k\u00f6nnen Sie Ihre Reise auch bis zu 4 Stunden vor Reisebeginn umbuchen.<\/b><\/p><p>\u2022 Die Kanotcentralen Stockam\u00f6llan beh\u00e4lt sich das Recht vor, Buchungen im Falle von Umst\u00e4nden, die au\u00dferhalb unserer Kontrolle liegen, wie gestohlene oder besch\u00e4digte Kanus, zu stornieren. In solchen F\u00e4llen wird der gesamte gezahlte Betrag zur\u00fcckerstattet. Der Mieter hat keinen Anspruch auf Entsch\u00e4digung.<\/p><p>Informationen:<br \/>Telefon: +46790109109, E-Mail: fragor@kanotcentralen.se<br \/>Organisationsnummer 556483-7408, Mehrwertsteuer-Identifikationsnummer SE556483740801<\/p><p>TIPPS!<br \/>Passen Sie Ihre Reise Ihren eigenen F\u00e4higkeiten an. Wenn es Ihr erstes Mal ist, paddeln Sie immer in der N\u00e4he des Ufers. Wenn Sie kentern, schwimmen Sie ans Ufer und leeren Sie das Kanu\/Kajak, bevor Sie weiterpaddeln.<\/p><p>Durch eine Bestellung stimmen Sie unseren Mietbedingungen zu.<\/p><p>Die Mietbedingungen gelten f\u00fcr alle von Remdoc AB \/ Kanotcentralen in Stockam\u00f6llan bestellten und gelieferten Waren und Dienstleistungen. Durch eine elektronische Bestellung auf unserer Website, bei der Sie aktiv angegeben haben, dass alle angegebenen Bedingungen akzeptiert wurden, werden diese Bedingungen vom Kunden als akzeptiert betrachtet und es kommt ein verbindlicher Vertrag zustande.<\/p>\t\t\t\t\t\t\t\t<\/div>\n\t\t\t\t<\/div>\n\t\t\t\t\t<\/div>\n\t\t<\/div>\n\t\t\t\t\t<\/div>\n\t\t<\/section>\n\t\t\t\t\t<\/div>\n\t\t<\/div>\n\t\t\t\t\t<\/div>\n\t\t<\/section>\n\t\t\t\t<\/div>\n\t\t","protected":false},"excerpt":{"rendered":"<p>Buchungsregeln Hier buchen Mietbedingungen Um ein Kanu oder Kajak von der Kanotcentralen in Stockam\u00f6llan \/ Remdoc AB zu mieten, m\u00fcssen folgende Anforderungen erf\u00fcllt sein: \u2022 Sie m\u00fcssen mindestens 18 Jahre alt sein oder im Besitz einer schriftlichen Einverst\u00e4ndniserkl\u00e4rung eines Erziehungsberechtigten sein. \u2022 Sie m\u00fcssen schwimmen k\u00f6nnen. \u2022 Sie m\u00fcssen eine Rettungsweste tragen. \u2022 Alle Sch\u00e4den [&hellip;]<\/p>\n","protected":false},"author":1,"featured_media":0,"parent":0,"menu_order":0,"comment_status":"closed","ping_status":"closed","template":"","meta":{"footnotes":""},"class_list":["post-1285","page","type-page","status-publish","hentry"],"yoast_head":"<!-- This site is optimized with the Yoast SEO plugin v26.0 - https:\/\/yoast.com\/wordpress\/plugins\/seo\/ -->\n<title>Buchungsregeln &#8211; Kanotcentralen i Stockam\u00f6llan<\/title>\n<meta name=\"robots\" content=\"index, follow, max-snippet:-1, max-image-preview:large, max-video-preview:-1\" \/>\n<link rel=\"canonical\" href=\"https:\/\/kanotcentralen.se\/sv\/bokningsbestammelser\/\" \/>\n<meta property=\"og:locale\" content=\"de_DE\" \/>\n<meta property=\"og:type\" content=\"article\" \/>\n<meta property=\"og:title\" content=\"Buchungsregeln &#8211; Kanotcentralen i Stockam\u00f6llan\" \/>\n<meta property=\"og:description\" content=\"Buchungsregeln Hier buchen Mietbedingungen Um ein Kanu oder Kajak von der Kanotcentralen in Stockam\u00f6llan \/ Remdoc AB zu mieten, m\u00fcssen folgende Anforderungen erf\u00fcllt sein: \u2022 Sie m\u00fcssen mindestens 18 Jahre alt sein oder im Besitz einer schriftlichen Einverst\u00e4ndniserkl\u00e4rung eines Erziehungsberechtigten sein. \u2022 Sie m\u00fcssen schwimmen k\u00f6nnen. \u2022 Sie m\u00fcssen eine Rettungsweste tragen. \u2022 Alle Sch\u00e4den [&hellip;]\" \/>\n<meta property=\"og:url\" content=\"https:\/\/kanotcentralen.se\/sv\/bokningsbestammelser\/\" \/>\n<meta property=\"og:site_name\" content=\"Kanotcentralen i Stockam\u00f6llan\" \/>\n<meta property=\"article:publisher\" content=\"https:\/\/www.facebook.com\/kanotcentralen\/\" \/>\n<meta property=\"article:modified_time\" content=\"2026-03-19T19:28:26+00:00\" \/>\n<meta name=\"twitter:card\" content=\"summary_large_image\" \/>\n<meta name=\"twitter:label1\" content=\"Gesch\u00e4tzte Lesezeit\" \/>\n\t<meta name=\"twitter:data1\" content=\"3\u00a0Minuten\" \/>\n<script type=\"application\/ld+json\" class=\"yoast-schema-graph\">{\"@context\":\"https:\/\/schema.org\",\"@graph\":[{\"@type\":\"WebPage\",\"@id\":\"https:\/\/kanotcentralen.se\/sv\/bokningsbestammelser\/\",\"url\":\"https:\/\/kanotcentralen.se\/sv\/bokningsbestammelser\/\",\"name\":\"Buchungsregeln &#8211; Kanotcentralen i Stockam\u00f6llan\",\"isPartOf\":{\"@id\":\"https:\/\/kanotcentralen.se\/sv\/#website\"},\"datePublished\":\"2023-01-17T18:54:31+00:00\",\"dateModified\":\"2026-03-19T19:28:26+00:00\",\"breadcrumb\":{\"@id\":\"https:\/\/kanotcentralen.se\/sv\/bokningsbestammelser\/#breadcrumb\"},\"inLanguage\":\"de\",\"potentialAction\":[{\"@type\":\"ReadAction\",\"target\":[\"https:\/\/kanotcentralen.se\/sv\/bokningsbestammelser\/\"]}]},{\"@type\":\"BreadcrumbList\",\"@id\":\"https:\/\/kanotcentralen.se\/sv\/bokningsbestammelser\/#breadcrumb\",\"itemListElement\":[{\"@type\":\"ListItem\",\"position\":1,\"name\":\"Hem\",\"item\":\"https:\/\/kanotcentralen.se\/sv\/\"},{\"@type\":\"ListItem\",\"position\":2,\"name\":\"Buchungsregeln\"}]},{\"@type\":\"WebSite\",\"@id\":\"https:\/\/kanotcentralen.se\/sv\/#website\",\"url\":\"https:\/\/kanotcentralen.se\/sv\/\",\"name\":\"Kanotcentralen i Stockam\u00f6llan\",\"description\":\"Hyra kanot i vackra Sk\u00e5ne\",\"publisher\":{\"@id\":\"https:\/\/kanotcentralen.se\/sv\/#organization\"},\"potentialAction\":[{\"@type\":\"SearchAction\",\"target\":{\"@type\":\"EntryPoint\",\"urlTemplate\":\"https:\/\/kanotcentralen.se\/sv\/?s={search_term_string}\"},\"query-input\":{\"@type\":\"PropertyValueSpecification\",\"valueRequired\":true,\"valueName\":\"search_term_string\"}}],\"inLanguage\":\"de\"},{\"@type\":\"Organization\",\"@id\":\"https:\/\/kanotcentralen.se\/sv\/#organization\",\"name\":\"Kanotcentralen i Stockam\u00f6llan\",\"url\":\"https:\/\/kanotcentralen.se\/sv\/\",\"logo\":{\"@type\":\"ImageObject\",\"inLanguage\":\"de\",\"@id\":\"https:\/\/kanotcentralen.se\/sv\/#\/schema\/logo\/image\/\",\"url\":\"https:\/\/kanotcentralen.se\/wp-content\/uploads\/2022\/02\/kanotcentralen-logo.png\",\"contentUrl\":\"https:\/\/kanotcentralen.se\/wp-content\/uploads\/2022\/02\/kanotcentralen-logo.png\",\"width\":300,\"height\":42,\"caption\":\"Kanotcentralen i Stockam\u00f6llan\"},\"image\":{\"@id\":\"https:\/\/kanotcentralen.se\/sv\/#\/schema\/logo\/image\/\"},\"sameAs\":[\"https:\/\/www.facebook.com\/kanotcentralen\/\",\"https:\/\/www.instagram.com\/kanotcentralen\/\"]}]}<\/script>\n<!-- \/ Yoast SEO plugin. -->","yoast_head_json":{"title":"Buchungsregeln &#8211; Kanotcentralen i Stockam\u00f6llan","robots":{"index":"index","follow":"follow","max-snippet":"max-snippet:-1","max-image-preview":"max-image-preview:large","max-video-preview":"max-video-preview:-1"},"canonical":"https:\/\/kanotcentralen.se\/sv\/bokningsbestammelser\/","og_locale":"de_DE","og_type":"article","og_title":"Buchungsregeln &#8211; Kanotcentralen i Stockam\u00f6llan","og_description":"Buchungsregeln Hier buchen Mietbedingungen Um ein Kanu oder Kajak von der Kanotcentralen in Stockam\u00f6llan \/ Remdoc AB zu mieten, m\u00fcssen folgende Anforderungen erf\u00fcllt sein: \u2022 Sie m\u00fcssen mindestens 18 Jahre alt sein oder im Besitz einer schriftlichen Einverst\u00e4ndniserkl\u00e4rung eines Erziehungsberechtigten sein. \u2022 Sie m\u00fcssen schwimmen k\u00f6nnen. \u2022 Sie m\u00fcssen eine Rettungsweste tragen. \u2022 Alle Sch\u00e4den [&hellip;]","og_url":"https:\/\/kanotcentralen.se\/sv\/bokningsbestammelser\/","og_site_name":"Kanotcentralen i Stockam\u00f6llan","article_publisher":"https:\/\/www.facebook.com\/kanotcentralen\/","article_modified_time":"2026-03-19T19:28:26+00:00","twitter_card":"summary_large_image","twitter_misc":{"Gesch\u00e4tzte Lesezeit":"3\u00a0Minuten"},"schema":{"@context":"https:\/\/schema.org","@graph":[{"@type":"WebPage","@id":"https:\/\/kanotcentralen.se\/sv\/bokningsbestammelser\/","url":"https:\/\/kanotcentralen.se\/sv\/bokningsbestammelser\/","name":"Buchungsregeln &#8211; Kanotcentralen i Stockam\u00f6llan","isPartOf":{"@id":"https:\/\/kanotcentralen.se\/sv\/#website"},"datePublished":"2023-01-17T18:54:31+00:00","dateModified":"2026-03-19T19:28:26+00:00","breadcrumb":{"@id":"https:\/\/kanotcentralen.se\/sv\/bokningsbestammelser\/#breadcrumb"},"inLanguage":"de","potentialAction":[{"@type":"ReadAction","target":["https:\/\/kanotcentralen.se\/sv\/bokningsbestammelser\/"]}]},{"@type":"BreadcrumbList","@id":"https:\/\/kanotcentralen.se\/sv\/bokningsbestammelser\/#breadcrumb","itemListElement":[{"@type":"ListItem","position":1,"name":"Hem","item":"https:\/\/kanotcentralen.se\/sv\/"},{"@type":"ListItem","position":2,"name":"Buchungsregeln"}]},{"@type":"WebSite","@id":"https:\/\/kanotcentralen.se\/sv\/#website","url":"https:\/\/kanotcentralen.se\/sv\/","name":"Kanotcentralen i Stockam\u00f6llan","description":"Hyra kanot i vackra Sk\u00e5ne","publisher":{"@id":"https:\/\/kanotcentralen.se\/sv\/#organization"},"potentialAction":[{"@type":"SearchAction","target":{"@type":"EntryPoint","urlTemplate":"https:\/\/kanotcentralen.se\/sv\/?s={search_term_string}"},"query-input":{"@type":"PropertyValueSpecification","valueRequired":true,"valueName":"search_term_string"}}],"inLanguage":"de"},{"@type":"Organization","@id":"https:\/\/kanotcentralen.se\/sv\/#organization","name":"Kanotcentralen i Stockam\u00f6llan","url":"https:\/\/kanotcentralen.se\/sv\/","logo":{"@type":"ImageObject","inLanguage":"de","@id":"https:\/\/kanotcentralen.se\/sv\/#\/schema\/logo\/image\/","url":"https:\/\/kanotcentralen.se\/wp-content\/uploads\/2022\/02\/kanotcentralen-logo.png","contentUrl":"https:\/\/kanotcentralen.se\/wp-content\/uploads\/2022\/02\/kanotcentralen-logo.png","width":300,"height":42,"caption":"Kanotcentralen i Stockam\u00f6llan"},"image":{"@id":"https:\/\/kanotcentralen.se\/sv\/#\/schema\/logo\/image\/"},"sameAs":["https:\/\/www.facebook.com\/kanotcentralen\/","https:\/\/www.instagram.com\/kanotcentralen\/"]}]}},"_links":{"self":[{"href":"https:\/\/kanotcentralen.se\/de\/wp-json\/wp\/v2\/pages\/1285","targetHints":{"allow":["GET"]}}],"collection":[{"href":"https:\/\/kanotcentralen.se\/de\/wp-json\/wp\/v2\/pages"}],"about":[{"href":"https:\/\/kanotcentralen.se\/de\/wp-json\/wp\/v2\/types\/page"}],"author":[{"embeddable":true,"href":"https:\/\/kanotcentralen.se\/de\/wp-json\/wp\/v2\/users\/1"}],"replies":[{"embeddable":true,"href":"https:\/\/kanotcentralen.se\/de\/wp-json\/wp\/v2\/comments?post=1285"}],"version-history":[{"count":26,"href":"https:\/\/kanotcentralen.se\/de\/wp-json\/wp\/v2\/pages\/1285\/revisions"}],"predecessor-version":[{"id":6815,"href":"https:\/\/kanotcentralen.se\/de\/wp-json\/wp\/v2\/pages\/1285\/revisions\/6815"}],"wp:attachment":[{"href":"https:\/\/kanotcentralen.se\/de\/wp-json\/wp\/v2\/media?parent=1285"}],"curies":[{"name":"wp","href":"https:\/\/api.w.org\/{rel}","templated":true}]}}