{"id":1264,"date":"2023-01-17T19:28:24","date_gmt":"2023-01-17T19:28:24","guid":{"rendered":"https:\/\/kanotcentralen.se\/stugovernattning-i-anderstorp\/"},"modified":"2026-03-19T19:27:51","modified_gmt":"2026-03-19T19:27:51","slug":"stugovernattning-i-anderstorp","status":"publish","type":"page","link":"https:\/\/kanotcentralen.se\/de\/stugovernattning-i-anderstorp\/","title":{"rendered":"Unterkunft in einem Ferienhaus in Anderstorp"},"content":{"rendered":"\t\t<div data-elementor-type=\"wp-page\" data-elementor-id=\"1264\" class=\"elementor elementor-1264 elementor-380\" data-elementor-post-type=\"page\">\n\t\t\t\t\t\t<section class=\"elementor-section elementor-top-section elementor-element elementor-element-dd4be69 elementor-section-full_width elementor-section-height-min-height elementor-section-height-default elementor-section-items-middle\" data-id=\"dd4be69\" data-element_type=\"section\" data-e-type=\"section\" data-settings=\"{&quot;background_background&quot;:&quot;classic&quot;}\">\n\t\t\t\t\t\t\t<div class=\"elementor-background-overlay\"><\/div>\n\t\t\t\t\t\t\t<div class=\"elementor-container elementor-column-gap-default\">\n\t\t\t\t\t<div class=\"elementor-column elementor-col-100 elementor-top-column elementor-element elementor-element-6efd250\" data-id=\"6efd250\" data-element_type=\"column\" data-e-type=\"column\">\n\t\t\t<div class=\"elementor-widget-wrap elementor-element-populated\">\n\t\t\t\t\t\t<section class=\"elementor-section elementor-inner-section elementor-element elementor-element-1e7acc0 elementor-section-boxed elementor-section-height-default elementor-section-height-default\" data-id=\"1e7acc0\" data-element_type=\"section\" data-e-type=\"section\">\n\t\t\t\t\t\t<div class=\"elementor-container elementor-column-gap-default\">\n\t\t\t\t\t<div class=\"elementor-column elementor-col-100 elementor-inner-column elementor-element elementor-element-ba55ff3\" data-id=\"ba55ff3\" data-element_type=\"column\" data-e-type=\"column\">\n\t\t\t<div class=\"elementor-widget-wrap elementor-element-populated\">\n\t\t\t\t\t\t<div class=\"elementor-element elementor-element-f6001b3 elementor-widget elementor-widget-heading\" data-id=\"f6001b3\" data-element_type=\"widget\" data-e-type=\"widget\" data-widget_type=\"heading.default\">\n\t\t\t\t<div class=\"elementor-widget-container\">\n\t\t\t\t\t<h2 class=\"elementor-heading-title elementor-size-default\">Unterkunft in einem Ferienhaus in Anderstorp<\/h2>\t\t\t\t<\/div>\n\t\t\t\t<\/div>\n\t\t\t\t\t<\/div>\n\t\t<\/div>\n\t\t\t\t\t<\/div>\n\t\t<\/section>\n\t\t\t\t<div class=\"elementor-element elementor-element-9ae5673 elementor-widget__width-auto elementor-fixed e-transform elementor-widget elementor-widget-button\" data-id=\"9ae5673\" data-element_type=\"widget\" data-e-type=\"widget\" data-settings=\"{&quot;_position&quot;:&quot;fixed&quot;,&quot;_transform_rotateZ_effect&quot;:{&quot;unit&quot;:&quot;px&quot;,&quot;size&quot;:-90,&quot;sizes&quot;:[]},&quot;_transform_rotateZ_effect_tablet&quot;:{&quot;unit&quot;:&quot;deg&quot;,&quot;size&quot;:&quot;&quot;,&quot;sizes&quot;:[]},&quot;_transform_rotateZ_effect_mobile&quot;:{&quot;unit&quot;:&quot;deg&quot;,&quot;size&quot;:&quot;&quot;,&quot;sizes&quot;:[]}}\" data-widget_type=\"button.default\">\n\t\t\t\t<div class=\"elementor-widget-container\">\n\t\t\t\t\t\t\t\t\t<div class=\"elementor-button-wrapper\">\n\t\t\t\t\t<a class=\"elementor-button elementor-button-link elementor-size-sm\" href=\"https:\/\/app.bookspot.io\/widget\/v3?widgetId=1358f547-502a-4357-a6df-925c7210b8fb\">\n\t\t\t\t\t\t<span class=\"elementor-button-content-wrapper\">\n\t\t\t\t\t\t\t\t\t<span class=\"elementor-button-text\">Hier buchen<\/span>\n\t\t\t\t\t<\/span>\n\t\t\t\t\t<\/a>\n\t\t\t\t<\/div>\n\t\t\t\t\t\t\t\t<\/div>\n\t\t\t\t<\/div>\n\t\t\t\t\t<\/div>\n\t\t<\/div>\n\t\t\t\t\t<\/div>\n\t\t<\/section>\n\t\t\t\t<section class=\"elementor-section elementor-top-section elementor-element elementor-element-e8fc808 elementor-section-boxed elementor-section-height-default elementor-section-height-default\" data-id=\"e8fc808\" data-element_type=\"section\" data-e-type=\"section\" data-settings=\"{&quot;background_background&quot;:&quot;classic&quot;}\">\n\t\t\t\t\t\t<div class=\"elementor-container elementor-column-gap-default\">\n\t\t\t\t\t<div class=\"elementor-column elementor-col-100 elementor-top-column elementor-element elementor-element-9b42e7b\" data-id=\"9b42e7b\" data-element_type=\"column\" data-e-type=\"column\">\n\t\t\t<div class=\"elementor-widget-wrap elementor-element-populated\">\n\t\t\t\t\t\t<section class=\"elementor-section elementor-inner-section elementor-element elementor-element-dba4349 elementor-section-boxed elementor-section-height-default elementor-section-height-default\" data-id=\"dba4349\" data-element_type=\"section\" data-e-type=\"section\" data-settings=\"{&quot;background_background&quot;:&quot;classic&quot;}\">\n\t\t\t\t\t\t<div class=\"elementor-container elementor-column-gap-default\">\n\t\t\t\t\t<div class=\"elementor-column elementor-col-100 elementor-inner-column elementor-element elementor-element-7b798c6\" data-id=\"7b798c6\" data-element_type=\"column\" data-e-type=\"column\">\n\t\t\t<div class=\"elementor-widget-wrap elementor-element-populated\">\n\t\t\t\t\t\t<div class=\"elementor-element elementor-element-6e5d4af elementor-widget elementor-widget-heading\" data-id=\"6e5d4af\" data-element_type=\"widget\" data-e-type=\"widget\" data-widget_type=\"heading.default\">\n\t\t\t\t<div class=\"elementor-widget-container\">\n\t\t\t\t\t<h2 class=\"elementor-heading-title elementor-size-default\">Bequemer leben<\/h2>\t\t\t\t<\/div>\n\t\t\t\t<\/div>\n\t\t\t\t<div class=\"elementor-element elementor-element-84cca46 elementor-widget elementor-widget-text-editor\" data-id=\"84cca46\" data-element_type=\"widget\" data-e-type=\"widget\" data-widget_type=\"text-editor.default\">\n\t\t\t\t<div class=\"elementor-widget-container\">\n\t\t\t\t\t\t\t\t\t<article class=\"container maincontent\">\n<div class=\"small\">\n<div class=\"content-body\">\n<p>Wenn Sie nicht in einem Zelt oder einer H\u00fctte auf einem der \u00f6ffentlichen Campingpl\u00e4tze \u00fcbernachten m\u00f6chten, finden Sie hier eine Alternative, die Ihnen einen komfortableren Aufenthalt bietet.<\/p>\n<p>Das Haus hat 6 Betten (Bettw\u00e4sche und Handt\u00fccher nicht inbegriffen), Toilette, K\u00fchlschrank, Gefrierschrank, Backofen, Mikrowelle, Kaffeemaschine, TV, Strom und flie\u00dfendes Wasser. Vor der H\u00fctte befindet sich ein Grillplatz.<\/p>\n<p>Diejenigen in Ihrer Gruppe, die nicht im Ferienhaus \u00fcbernachten k\u00f6nnen, k\u00f6nnen auf dem Campingplatz in Anderstorp \u00fcbernachten, der 570 m entfernt ist, etwa 10 Minuten Fu\u00dfweg vom Ferienhaus.<\/p>\n<p><strong>Der Preis f\u00fcr die \u00dcbernachtung in der H\u00fctte h\u00e4ngt von der Anzahl der Personen ab:<\/strong><\/p>\n<p>1-2 Personen 795 SEK<\/p>\n<p>3-6 Personen 995 SEK<\/p>\n<p>Bei der Abreise muss das Ferienhaus gr\u00fcndlich gereinigt und in demselben guten Zustand hinterlassen werden, wie Sie es bei der Ankunft vorgefunden haben.<\/p>\n<p><strong>ACHTUNG!<\/strong><\/p>\n<p>Die Stornierung einer Kabine muss bis sp\u00e4testens 12.00 Uhr drei Tage vor der Abfahrt erfolgen.<\/p>\n<p>Tiere sind in der H\u00fctte aufgrund von Allergierisiken nicht erlaubt.<\/p>\n<p>Camping ist in der N\u00e4he des Ferienhauses nicht erlaubt, da es sich auf einem Bauernhof befindet.<\/p>\n<p>Der Check-out muss bis sp\u00e4testens 12.00 Uhr erfolgen.<\/p>\n<\/div>\n<\/div>\n<\/article>\n<article class=\"container maincontent\">\n<div class=\"small\">\n<div class=\"templatefields twelve\">\n<div class=\"container flex margin\"> <\/div>\n<\/div>\n<\/div>\n<\/article>\n\t\t\t\t\t\t\t\t<\/div>\n\t\t\t\t<\/div>\n\t\t\t\t<div class=\"elementor-element elementor-element-43aa91f gallery-spacing-custom elementor-widget elementor-widget-image-gallery\" data-id=\"43aa91f\" data-element_type=\"widget\" data-e-type=\"widget\" data-widget_type=\"image-gallery.default\">\n\t\t\t\t<div class=\"elementor-widget-container\">\n\t\t\t\t\t\t\t<div class=\"elementor-image-gallery\">\n\t\t\t<div id='gallery-1' class='gallery galleryid-1264 gallery-columns-3 gallery-size-full'><figure class='gallery-item'>\n\t\t\t<div class='gallery-icon landscape'>\n\t\t\t\t<a data-elementor-open-lightbox=\"yes\" data-elementor-lightbox-slideshow=\"43aa91f\" data-elementor-lightbox-title=\"1548928563_1\" data-e-action-hash=\"#elementor-action%3Aaction%3Dlightbox%26settings%3DeyJpZCI6MTE0NSwidXJsIjoiaHR0cHM6XC9cL2thbm90Y2VudHJhbGVuLnNlXC93cC1jb250ZW50XC91cGxvYWRzXC8yMDIzXC8wMVwvMTU0ODkyODU2M18xLndlYnAiLCJzbGlkZXNob3ciOiI0M2FhOTFmIn0%3D\" href='https:\/\/kanotcentralen.se\/wp-content\/uploads\/2023\/01\/1548928563_1.webp'><img fetchpriority=\"high\" decoding=\"async\" width=\"550\" height=\"550\" src=\"https:\/\/kanotcentralen.se\/wp-content\/uploads\/2023\/01\/1548928563_1.webp\" class=\"attachment-full size-full\" alt=\"\" srcset=\"https:\/\/kanotcentralen.se\/wp-content\/uploads\/2023\/01\/1548928563_1.webp 550w, https:\/\/kanotcentralen.se\/wp-content\/uploads\/2023\/01\/1548928563_1-300x300.webp 300w, https:\/\/kanotcentralen.se\/wp-content\/uploads\/2023\/01\/1548928563_1-150x150.webp 150w\" sizes=\"(max-width: 550px) 100vw, 550px\" \/><\/a>\n\t\t\t<\/div><\/figure><figure class='gallery-item'>\n\t\t\t<div class='gallery-icon landscape'>\n\t\t\t\t<a data-elementor-open-lightbox=\"yes\" data-elementor-lightbox-slideshow=\"43aa91f\" data-elementor-lightbox-title=\"1548928563_3\" data-e-action-hash=\"#elementor-action%3Aaction%3Dlightbox%26settings%3DeyJpZCI6MTE0OSwidXJsIjoiaHR0cHM6XC9cL2thbm90Y2VudHJhbGVuLnNlXC93cC1jb250ZW50XC91cGxvYWRzXC8yMDIzXC8wMVwvMTU0ODkyODU2M18zLndlYnAiLCJzbGlkZXNob3ciOiI0M2FhOTFmIn0%3D\" href='https:\/\/kanotcentralen.se\/wp-content\/uploads\/2023\/01\/1548928563_3.webp'><img decoding=\"async\" width=\"550\" height=\"550\" src=\"https:\/\/kanotcentralen.se\/wp-content\/uploads\/2023\/01\/1548928563_3.webp\" class=\"attachment-full size-full\" alt=\"\" srcset=\"https:\/\/kanotcentralen.se\/wp-content\/uploads\/2023\/01\/1548928563_3.webp 550w, https:\/\/kanotcentralen.se\/wp-content\/uploads\/2023\/01\/1548928563_3-300x300.webp 300w, https:\/\/kanotcentralen.se\/wp-content\/uploads\/2023\/01\/1548928563_3-150x150.webp 150w\" sizes=\"(max-width: 550px) 100vw, 550px\" \/><\/a>\n\t\t\t<\/div><\/figure><figure class='gallery-item'>\n\t\t\t<div class='gallery-icon landscape'>\n\t\t\t\t<a data-elementor-open-lightbox=\"yes\" data-elementor-lightbox-slideshow=\"43aa91f\" data-elementor-lightbox-title=\"1548928563_4\" data-e-action-hash=\"#elementor-action%3Aaction%3Dlightbox%26settings%3DeyJpZCI6MTE1MywidXJsIjoiaHR0cHM6XC9cL2thbm90Y2VudHJhbGVuLnNlXC93cC1jb250ZW50XC91cGxvYWRzXC8yMDIzXC8wMVwvMTU0ODkyODU2M180LndlYnAiLCJzbGlkZXNob3ciOiI0M2FhOTFmIn0%3D\" href='https:\/\/kanotcentralen.se\/wp-content\/uploads\/2023\/01\/1548928563_4.webp'><img decoding=\"async\" width=\"550\" height=\"550\" src=\"https:\/\/kanotcentralen.se\/wp-content\/uploads\/2023\/01\/1548928563_4.webp\" class=\"attachment-full size-full\" alt=\"\" srcset=\"https:\/\/kanotcentralen.se\/wp-content\/uploads\/2023\/01\/1548928563_4.webp 550w, https:\/\/kanotcentralen.se\/wp-content\/uploads\/2023\/01\/1548928563_4-300x300.webp 300w, https:\/\/kanotcentralen.se\/wp-content\/uploads\/2023\/01\/1548928563_4-150x150.webp 150w\" sizes=\"(max-width: 550px) 100vw, 550px\" \/><\/a>\n\t\t\t<\/div><\/figure><figure class='gallery-item'>\n\t\t\t<div class='gallery-icon landscape'>\n\t\t\t\t<a data-elementor-open-lightbox=\"yes\" data-elementor-lightbox-slideshow=\"43aa91f\" data-elementor-lightbox-title=\"1548928564_5\" data-e-action-hash=\"#elementor-action%3Aaction%3Dlightbox%26settings%3DeyJpZCI6MTE2MSwidXJsIjoiaHR0cHM6XC9cL2thbm90Y2VudHJhbGVuLnNlXC93cC1jb250ZW50XC91cGxvYWRzXC8yMDIzXC8wMVwvMTU0ODkyODU2NF81LndlYnAiLCJzbGlkZXNob3ciOiI0M2FhOTFmIn0%3D\" href='https:\/\/kanotcentralen.se\/wp-content\/uploads\/2023\/01\/1548928564_5.webp'><img loading=\"lazy\" decoding=\"async\" width=\"550\" height=\"550\" src=\"https:\/\/kanotcentralen.se\/wp-content\/uploads\/2023\/01\/1548928564_5.webp\" class=\"attachment-full size-full\" alt=\"\" srcset=\"https:\/\/kanotcentralen.se\/wp-content\/uploads\/2023\/01\/1548928564_5.webp 550w, https:\/\/kanotcentralen.se\/wp-content\/uploads\/2023\/01\/1548928564_5-300x300.webp 300w, https:\/\/kanotcentralen.se\/wp-content\/uploads\/2023\/01\/1548928564_5-150x150.webp 150w\" sizes=\"(max-width: 550px) 100vw, 550px\" \/><\/a>\n\t\t\t<\/div><\/figure><figure class='gallery-item'>\n\t\t\t<div class='gallery-icon landscape'>\n\t\t\t\t<a data-elementor-open-lightbox=\"yes\" data-elementor-lightbox-slideshow=\"43aa91f\" data-elementor-lightbox-title=\"1548928564_2\" data-e-action-hash=\"#elementor-action%3Aaction%3Dlightbox%26settings%3DeyJpZCI6MTE1NywidXJsIjoiaHR0cHM6XC9cL2thbm90Y2VudHJhbGVuLnNlXC93cC1jb250ZW50XC91cGxvYWRzXC8yMDIzXC8wMVwvMTU0ODkyODU2NF8yLndlYnAiLCJzbGlkZXNob3ciOiI0M2FhOTFmIn0%3D\" href='https:\/\/kanotcentralen.se\/wp-content\/uploads\/2023\/01\/1548928564_2.webp'><img loading=\"lazy\" decoding=\"async\" width=\"550\" height=\"550\" src=\"https:\/\/kanotcentralen.se\/wp-content\/uploads\/2023\/01\/1548928564_2.webp\" class=\"attachment-full size-full\" alt=\"\" srcset=\"https:\/\/kanotcentralen.se\/wp-content\/uploads\/2023\/01\/1548928564_2.webp 550w, https:\/\/kanotcentralen.se\/wp-content\/uploads\/2023\/01\/1548928564_2-300x300.webp 300w, https:\/\/kanotcentralen.se\/wp-content\/uploads\/2023\/01\/1548928564_2-150x150.webp 150w\" sizes=\"(max-width: 550px) 100vw, 550px\" \/><\/a>\n\t\t\t<\/div><\/figure><figure class='gallery-item'>\n\t\t\t<div class='gallery-icon landscape'>\n\t\t\t\t<a data-elementor-open-lightbox=\"yes\" data-elementor-lightbox-slideshow=\"43aa91f\" data-elementor-lightbox-title=\"1548928565_6\" data-e-action-hash=\"#elementor-action%3Aaction%3Dlightbox%26settings%3DeyJpZCI6MTE2NSwidXJsIjoiaHR0cHM6XC9cL2thbm90Y2VudHJhbGVuLnNlXC93cC1jb250ZW50XC91cGxvYWRzXC8yMDIzXC8wMVwvMTU0ODkyODU2NV82LndlYnAiLCJzbGlkZXNob3ciOiI0M2FhOTFmIn0%3D\" href='https:\/\/kanotcentralen.se\/wp-content\/uploads\/2023\/01\/1548928565_6.webp'><img loading=\"lazy\" decoding=\"async\" width=\"550\" height=\"550\" src=\"https:\/\/kanotcentralen.se\/wp-content\/uploads\/2023\/01\/1548928565_6.webp\" class=\"attachment-full size-full\" alt=\"\" srcset=\"https:\/\/kanotcentralen.se\/wp-content\/uploads\/2023\/01\/1548928565_6.webp 550w, https:\/\/kanotcentralen.se\/wp-content\/uploads\/2023\/01\/1548928565_6-300x300.webp 300w, https:\/\/kanotcentralen.se\/wp-content\/uploads\/2023\/01\/1548928565_6-150x150.webp 150w\" sizes=\"(max-width: 550px) 100vw, 550px\" \/><\/a>\n\t\t\t<\/div><\/figure>\n\t\t<\/div>\n\t\t<\/div>\n\t\t\t\t\t\t<\/div>\n\t\t\t\t<\/div>\n\t\t\t\t\t<\/div>\n\t\t<\/div>\n\t\t\t\t\t<\/div>\n\t\t<\/section>\n\t\t\t\t\t<\/div>\n\t\t<\/div>\n\t\t\t\t\t<\/div>\n\t\t<\/section>\n\t\t\t\t<\/div>\n\t\t","protected":false},"excerpt":{"rendered":"<p>Unterkunft in einem Ferienhaus in Anderstorp Hier buchen Bequemer leben Wenn Sie nicht in einem Zelt oder einer H\u00fctte auf einem der \u00f6ffentlichen Campingpl\u00e4tze \u00fcbernachten m\u00f6chten, finden Sie hier eine Alternative, die Ihnen einen komfortableren Aufenthalt bietet. Das Haus hat 6 Betten (Bettw\u00e4sche und Handt\u00fccher nicht inbegriffen), Toilette, K\u00fchlschrank, Gefrierschrank, Backofen, Mikrowelle, Kaffeemaschine, TV, Strom [&hellip;]<\/p>\n","protected":false},"author":1,"featured_media":0,"parent":0,"menu_order":0,"comment_status":"closed","ping_status":"closed","template":"","meta":{"footnotes":""},"class_list":["post-1264","page","type-page","status-publish","hentry"],"yoast_head":"<!-- This site is optimized with the Yoast SEO plugin v26.0 - https:\/\/yoast.com\/wordpress\/plugins\/seo\/ -->\n<title>Unterkunft in einem Ferienhaus in Anderstorp &#8211; Kanotcentralen i Stockam\u00f6llan<\/title>\n<meta name=\"robots\" content=\"index, follow, max-snippet:-1, max-image-preview:large, max-video-preview:-1\" \/>\n<link rel=\"canonical\" href=\"https:\/\/kanotcentralen.se\/sv\/stugovernattning-i-anderstorp\/\" \/>\n<meta property=\"og:locale\" content=\"de_DE\" \/>\n<meta property=\"og:type\" content=\"article\" \/>\n<meta property=\"og:title\" content=\"Unterkunft in einem Ferienhaus in Anderstorp &#8211; Kanotcentralen i Stockam\u00f6llan\" \/>\n<meta property=\"og:description\" content=\"Unterkunft in einem Ferienhaus in Anderstorp Hier buchen Bequemer leben Wenn Sie nicht in einem Zelt oder einer H\u00fctte auf einem der \u00f6ffentlichen Campingpl\u00e4tze \u00fcbernachten m\u00f6chten, finden Sie hier eine Alternative, die Ihnen einen komfortableren Aufenthalt bietet. Das Haus hat 6 Betten (Bettw\u00e4sche und Handt\u00fccher nicht inbegriffen), Toilette, K\u00fchlschrank, Gefrierschrank, Backofen, Mikrowelle, Kaffeemaschine, TV, Strom [&hellip;]\" \/>\n<meta property=\"og:url\" content=\"https:\/\/kanotcentralen.se\/sv\/stugovernattning-i-anderstorp\/\" \/>\n<meta property=\"og:site_name\" content=\"Kanotcentralen i Stockam\u00f6llan\" \/>\n<meta property=\"article:publisher\" content=\"https:\/\/www.facebook.com\/kanotcentralen\/\" \/>\n<meta property=\"article:modified_time\" content=\"2026-03-19T19:27:51+00:00\" \/>\n<meta property=\"og:image\" content=\"https:\/\/kanotcentralen.se\/wp-content\/uploads\/2023\/01\/1548928563_1.webp\" \/>\n<meta name=\"twitter:card\" content=\"summary_large_image\" \/>\n<meta name=\"twitter:label1\" content=\"Gesch\u00e4tzte Lesezeit\" \/>\n\t<meta name=\"twitter:data1\" content=\"3\u00a0Minuten\" \/>\n<script type=\"application\/ld+json\" class=\"yoast-schema-graph\">{\"@context\":\"https:\/\/schema.org\",\"@graph\":[{\"@type\":\"WebPage\",\"@id\":\"https:\/\/kanotcentralen.se\/sv\/stugovernattning-i-anderstorp\/\",\"url\":\"https:\/\/kanotcentralen.se\/sv\/stugovernattning-i-anderstorp\/\",\"name\":\"Unterkunft in einem Ferienhaus in Anderstorp &#8211; Kanotcentralen i Stockam\u00f6llan\",\"isPartOf\":{\"@id\":\"https:\/\/kanotcentralen.se\/sv\/#website\"},\"primaryImageOfPage\":{\"@id\":\"https:\/\/kanotcentralen.se\/sv\/stugovernattning-i-anderstorp\/#primaryimage\"},\"image\":{\"@id\":\"https:\/\/kanotcentralen.se\/sv\/stugovernattning-i-anderstorp\/#primaryimage\"},\"thumbnailUrl\":\"https:\/\/kanotcentralen.se\/wp-content\/uploads\/2023\/01\/1548928563_1.webp\",\"datePublished\":\"2023-01-17T19:28:24+00:00\",\"dateModified\":\"2026-03-19T19:27:51+00:00\",\"breadcrumb\":{\"@id\":\"https:\/\/kanotcentralen.se\/sv\/stugovernattning-i-anderstorp\/#breadcrumb\"},\"inLanguage\":\"de\",\"potentialAction\":[{\"@type\":\"ReadAction\",\"target\":[\"https:\/\/kanotcentralen.se\/sv\/stugovernattning-i-anderstorp\/\"]}]},{\"@type\":\"ImageObject\",\"inLanguage\":\"de\",\"@id\":\"https:\/\/kanotcentralen.se\/sv\/stugovernattning-i-anderstorp\/#primaryimage\",\"url\":\"https:\/\/kanotcentralen.se\/wp-content\/uploads\/2023\/01\/1548928563_1.webp\",\"contentUrl\":\"https:\/\/kanotcentralen.se\/wp-content\/uploads\/2023\/01\/1548928563_1.webp\"},{\"@type\":\"BreadcrumbList\",\"@id\":\"https:\/\/kanotcentralen.se\/sv\/stugovernattning-i-anderstorp\/#breadcrumb\",\"itemListElement\":[{\"@type\":\"ListItem\",\"position\":1,\"name\":\"Hem\",\"item\":\"https:\/\/kanotcentralen.se\/sv\/\"},{\"@type\":\"ListItem\",\"position\":2,\"name\":\"Unterkunft in einem Ferienhaus in Anderstorp\"}]},{\"@type\":\"WebSite\",\"@id\":\"https:\/\/kanotcentralen.se\/sv\/#website\",\"url\":\"https:\/\/kanotcentralen.se\/sv\/\",\"name\":\"Kanotcentralen i Stockam\u00f6llan\",\"description\":\"Hyra kanot i vackra Sk\u00e5ne\",\"publisher\":{\"@id\":\"https:\/\/kanotcentralen.se\/sv\/#organization\"},\"potentialAction\":[{\"@type\":\"SearchAction\",\"target\":{\"@type\":\"EntryPoint\",\"urlTemplate\":\"https:\/\/kanotcentralen.se\/sv\/?s={search_term_string}\"},\"query-input\":{\"@type\":\"PropertyValueSpecification\",\"valueRequired\":true,\"valueName\":\"search_term_string\"}}],\"inLanguage\":\"de\"},{\"@type\":\"Organization\",\"@id\":\"https:\/\/kanotcentralen.se\/sv\/#organization\",\"name\":\"Kanotcentralen i Stockam\u00f6llan\",\"url\":\"https:\/\/kanotcentralen.se\/sv\/\",\"logo\":{\"@type\":\"ImageObject\",\"inLanguage\":\"de\",\"@id\":\"https:\/\/kanotcentralen.se\/sv\/#\/schema\/logo\/image\/\",\"url\":\"https:\/\/kanotcentralen.se\/wp-content\/uploads\/2022\/02\/kanotcentralen-logo.png\",\"contentUrl\":\"https:\/\/kanotcentralen.se\/wp-content\/uploads\/2022\/02\/kanotcentralen-logo.png\",\"width\":300,\"height\":42,\"caption\":\"Kanotcentralen i Stockam\u00f6llan\"},\"image\":{\"@id\":\"https:\/\/kanotcentralen.se\/sv\/#\/schema\/logo\/image\/\"},\"sameAs\":[\"https:\/\/www.facebook.com\/kanotcentralen\/\",\"https:\/\/www.instagram.com\/kanotcentralen\/\"]}]}<\/script>\n<!-- \/ Yoast SEO plugin. -->","yoast_head_json":{"title":"Unterkunft in einem Ferienhaus in Anderstorp &#8211; Kanotcentralen i Stockam\u00f6llan","robots":{"index":"index","follow":"follow","max-snippet":"max-snippet:-1","max-image-preview":"max-image-preview:large","max-video-preview":"max-video-preview:-1"},"canonical":"https:\/\/kanotcentralen.se\/sv\/stugovernattning-i-anderstorp\/","og_locale":"de_DE","og_type":"article","og_title":"Unterkunft in einem Ferienhaus in Anderstorp &#8211; Kanotcentralen i Stockam\u00f6llan","og_description":"Unterkunft in einem Ferienhaus in Anderstorp Hier buchen Bequemer leben Wenn Sie nicht in einem Zelt oder einer H\u00fctte auf einem der \u00f6ffentlichen Campingpl\u00e4tze \u00fcbernachten m\u00f6chten, finden Sie hier eine Alternative, die Ihnen einen komfortableren Aufenthalt bietet. Das Haus hat 6 Betten (Bettw\u00e4sche und Handt\u00fccher nicht inbegriffen), Toilette, K\u00fchlschrank, Gefrierschrank, Backofen, Mikrowelle, Kaffeemaschine, TV, Strom [&hellip;]","og_url":"https:\/\/kanotcentralen.se\/sv\/stugovernattning-i-anderstorp\/","og_site_name":"Kanotcentralen i Stockam\u00f6llan","article_publisher":"https:\/\/www.facebook.com\/kanotcentralen\/","article_modified_time":"2026-03-19T19:27:51+00:00","og_image":[{"url":"https:\/\/kanotcentralen.se\/wp-content\/uploads\/2023\/01\/1548928563_1.webp","type":"","width":"","height":""}],"twitter_card":"summary_large_image","twitter_misc":{"Gesch\u00e4tzte Lesezeit":"3\u00a0Minuten"},"schema":{"@context":"https:\/\/schema.org","@graph":[{"@type":"WebPage","@id":"https:\/\/kanotcentralen.se\/sv\/stugovernattning-i-anderstorp\/","url":"https:\/\/kanotcentralen.se\/sv\/stugovernattning-i-anderstorp\/","name":"Unterkunft in einem Ferienhaus in Anderstorp &#8211; Kanotcentralen i Stockam\u00f6llan","isPartOf":{"@id":"https:\/\/kanotcentralen.se\/sv\/#website"},"primaryImageOfPage":{"@id":"https:\/\/kanotcentralen.se\/sv\/stugovernattning-i-anderstorp\/#primaryimage"},"image":{"@id":"https:\/\/kanotcentralen.se\/sv\/stugovernattning-i-anderstorp\/#primaryimage"},"thumbnailUrl":"https:\/\/kanotcentralen.se\/wp-content\/uploads\/2023\/01\/1548928563_1.webp","datePublished":"2023-01-17T19:28:24+00:00","dateModified":"2026-03-19T19:27:51+00:00","breadcrumb":{"@id":"https:\/\/kanotcentralen.se\/sv\/stugovernattning-i-anderstorp\/#breadcrumb"},"inLanguage":"de","potentialAction":[{"@type":"ReadAction","target":["https:\/\/kanotcentralen.se\/sv\/stugovernattning-i-anderstorp\/"]}]},{"@type":"ImageObject","inLanguage":"de","@id":"https:\/\/kanotcentralen.se\/sv\/stugovernattning-i-anderstorp\/#primaryimage","url":"https:\/\/kanotcentralen.se\/wp-content\/uploads\/2023\/01\/1548928563_1.webp","contentUrl":"https:\/\/kanotcentralen.se\/wp-content\/uploads\/2023\/01\/1548928563_1.webp"},{"@type":"BreadcrumbList","@id":"https:\/\/kanotcentralen.se\/sv\/stugovernattning-i-anderstorp\/#breadcrumb","itemListElement":[{"@type":"ListItem","position":1,"name":"Hem","item":"https:\/\/kanotcentralen.se\/sv\/"},{"@type":"ListItem","position":2,"name":"Unterkunft in einem Ferienhaus in Anderstorp"}]},{"@type":"WebSite","@id":"https:\/\/kanotcentralen.se\/sv\/#website","url":"https:\/\/kanotcentralen.se\/sv\/","name":"Kanotcentralen i Stockam\u00f6llan","description":"Hyra kanot i vackra Sk\u00e5ne","publisher":{"@id":"https:\/\/kanotcentralen.se\/sv\/#organization"},"potentialAction":[{"@type":"SearchAction","target":{"@type":"EntryPoint","urlTemplate":"https:\/\/kanotcentralen.se\/sv\/?s={search_term_string}"},"query-input":{"@type":"PropertyValueSpecification","valueRequired":true,"valueName":"search_term_string"}}],"inLanguage":"de"},{"@type":"Organization","@id":"https:\/\/kanotcentralen.se\/sv\/#organization","name":"Kanotcentralen i Stockam\u00f6llan","url":"https:\/\/kanotcentralen.se\/sv\/","logo":{"@type":"ImageObject","inLanguage":"de","@id":"https:\/\/kanotcentralen.se\/sv\/#\/schema\/logo\/image\/","url":"https:\/\/kanotcentralen.se\/wp-content\/uploads\/2022\/02\/kanotcentralen-logo.png","contentUrl":"https:\/\/kanotcentralen.se\/wp-content\/uploads\/2022\/02\/kanotcentralen-logo.png","width":300,"height":42,"caption":"Kanotcentralen i Stockam\u00f6llan"},"image":{"@id":"https:\/\/kanotcentralen.se\/sv\/#\/schema\/logo\/image\/"},"sameAs":["https:\/\/www.facebook.com\/kanotcentralen\/","https:\/\/www.instagram.com\/kanotcentralen\/"]}]}},"_links":{"self":[{"href":"https:\/\/kanotcentralen.se\/de\/wp-json\/wp\/v2\/pages\/1264","targetHints":{"allow":["GET"]}}],"collection":[{"href":"https:\/\/kanotcentralen.se\/de\/wp-json\/wp\/v2\/pages"}],"about":[{"href":"https:\/\/kanotcentralen.se\/de\/wp-json\/wp\/v2\/types\/page"}],"author":[{"embeddable":true,"href":"https:\/\/kanotcentralen.se\/de\/wp-json\/wp\/v2\/users\/1"}],"replies":[{"embeddable":true,"href":"https:\/\/kanotcentralen.se\/de\/wp-json\/wp\/v2\/comments?post=1264"}],"version-history":[{"count":24,"href":"https:\/\/kanotcentralen.se\/de\/wp-json\/wp\/v2\/pages\/1264\/revisions"}],"predecessor-version":[{"id":6812,"href":"https:\/\/kanotcentralen.se\/de\/wp-json\/wp\/v2\/pages\/1264\/revisions\/6812"}],"wp:attachment":[{"href":"https:\/\/kanotcentralen.se\/de\/wp-json\/wp\/v2\/media?parent=1264"}],"curies":[{"name":"wp","href":"https:\/\/api.w.org\/{rel}","templated":true}]}}