{"id":1314,"date":"2023-01-17T15:52:24","date_gmt":"2023-01-17T15:52:24","guid":{"rendered":"https:\/\/kanotcentralen.se\/drop-in-paddling-for-dig-som-vill-paddla-nu-nastan-direkt\/"},"modified":"2026-03-19T11:55:49","modified_gmt":"2026-03-19T11:55:49","slug":"drop-in-paddling-for-dig-som-vill-paddla-nu-nastan-direkt","status":"publish","type":"page","link":"https:\/\/kanotcentralen.se\/da\/drop-in-paddling-for-dig-som-vill-paddla-nu-nastan-direkt\/","title":{"rendered":"Drop in-padling"},"content":{"rendered":"\t\t<div data-elementor-type=\"wp-page\" data-elementor-id=\"1314\" class=\"elementor elementor-1314 elementor-238\" data-elementor-post-type=\"page\">\n\t\t\t\t\t\t<section class=\"elementor-section elementor-top-section elementor-element elementor-element-dd4be69 elementor-section-full_width elementor-section-height-min-height elementor-section-height-default elementor-section-items-middle\" data-id=\"dd4be69\" data-element_type=\"section\" data-e-type=\"section\" data-settings=\"{&quot;background_background&quot;:&quot;classic&quot;}\">\n\t\t\t\t\t\t\t<div class=\"elementor-background-overlay\"><\/div>\n\t\t\t\t\t\t\t<div class=\"elementor-container elementor-column-gap-default\">\n\t\t\t\t\t<div class=\"elementor-column elementor-col-100 elementor-top-column elementor-element elementor-element-6efd250\" data-id=\"6efd250\" data-element_type=\"column\" data-e-type=\"column\">\n\t\t\t<div class=\"elementor-widget-wrap elementor-element-populated\">\n\t\t\t\t\t\t<section class=\"elementor-section elementor-inner-section elementor-element elementor-element-1e7acc0 elementor-section-boxed elementor-section-height-default elementor-section-height-default\" data-id=\"1e7acc0\" data-element_type=\"section\" data-e-type=\"section\">\n\t\t\t\t\t\t<div class=\"elementor-container elementor-column-gap-default\">\n\t\t\t\t\t<div class=\"elementor-column elementor-col-100 elementor-inner-column elementor-element elementor-element-ba55ff3\" data-id=\"ba55ff3\" data-element_type=\"column\" data-e-type=\"column\">\n\t\t\t<div class=\"elementor-widget-wrap elementor-element-populated\">\n\t\t\t\t\t\t<div class=\"elementor-element elementor-element-f6001b3 elementor-widget elementor-widget-heading\" data-id=\"f6001b3\" data-element_type=\"widget\" data-e-type=\"widget\" data-widget_type=\"heading.default\">\n\t\t\t\t<div class=\"elementor-widget-container\">\n\t\t\t\t\t<h2 class=\"elementor-heading-title elementor-size-default\">Drop in-padling<\/h2>\t\t\t\t<\/div>\n\t\t\t\t<\/div>\n\t\t\t\t<div class=\"elementor-element elementor-element-743a816 elementor-widget elementor-widget-text-editor\" data-id=\"743a816\" data-element_type=\"widget\" data-e-type=\"widget\" data-widget_type=\"text-editor.default\">\n\t\t\t\t<div class=\"elementor-widget-container\">\n\t\t\t\t\t\t\t\t\t<p>Ikke alle kan altid planl\u00e6gge aktiviteter p\u00e5 forh\u00e5nd. Hvis du er en af dem, der spontant beslutter, at &#8220;nu kunne det v\u00e6re sjovt at sejle i kano&#8221;, vil vi g\u00f8re alt, hvad vi kan, for at hj\u00e6lpe dig og dit selskab ud p\u00e5 R\u00f6nne \u00e5.<\/p>\n\t\t\t\t\t\t\t\t<\/div>\n\t\t\t\t<\/div>\n\t\t\t\t\t<\/div>\n\t\t<\/div>\n\t\t\t\t\t<\/div>\n\t\t<\/section>\n\t\t\t\t<div class=\"elementor-element elementor-element-e70c8d1 elementor-widget__width-auto elementor-fixed e-transform elementor-widget elementor-widget-button\" data-id=\"e70c8d1\" data-element_type=\"widget\" data-e-type=\"widget\" data-settings=\"{&quot;_position&quot;:&quot;fixed&quot;,&quot;_transform_rotateZ_effect&quot;:{&quot;unit&quot;:&quot;px&quot;,&quot;size&quot;:-90,&quot;sizes&quot;:[]},&quot;_transform_rotateZ_effect_tablet&quot;:{&quot;unit&quot;:&quot;deg&quot;,&quot;size&quot;:&quot;&quot;,&quot;sizes&quot;:[]},&quot;_transform_rotateZ_effect_mobile&quot;:{&quot;unit&quot;:&quot;deg&quot;,&quot;size&quot;:&quot;&quot;,&quot;sizes&quot;:[]}}\" data-widget_type=\"button.default\">\n\t\t\t\t<div class=\"elementor-widget-container\">\n\t\t\t\t\t\t\t\t\t<div class=\"elementor-button-wrapper\">\n\t\t\t\t\t<a class=\"elementor-button elementor-button-link elementor-size-sm\" href=\"https:\/\/app.bookspot.io\/widget\/v3?widgetId=1358f547-502a-4357-a6df-925c7210b8fb\">\n\t\t\t\t\t\t<span class=\"elementor-button-content-wrapper\">\n\t\t\t\t\t\t\t\t\t<span class=\"elementor-button-text\">Book her<\/span>\n\t\t\t\t\t<\/span>\n\t\t\t\t\t<\/a>\n\t\t\t\t<\/div>\n\t\t\t\t\t\t\t\t<\/div>\n\t\t\t\t<\/div>\n\t\t\t\t\t<\/div>\n\t\t<\/div>\n\t\t\t\t\t<\/div>\n\t\t<\/section>\n\t\t\t\t<section class=\"elementor-section elementor-top-section elementor-element elementor-element-e8fc808 elementor-section-boxed elementor-section-height-default elementor-section-height-default\" data-id=\"e8fc808\" data-element_type=\"section\" data-e-type=\"section\" data-settings=\"{&quot;background_background&quot;:&quot;classic&quot;}\">\n\t\t\t\t\t\t<div class=\"elementor-container elementor-column-gap-default\">\n\t\t\t\t\t<div class=\"elementor-column elementor-col-100 elementor-top-column elementor-element elementor-element-9b42e7b\" data-id=\"9b42e7b\" data-element_type=\"column\" data-e-type=\"column\">\n\t\t\t<div class=\"elementor-widget-wrap elementor-element-populated\">\n\t\t\t\t\t\t<section class=\"elementor-section elementor-inner-section elementor-element elementor-element-dba4349 elementor-section-boxed elementor-section-height-default elementor-section-height-default\" data-id=\"dba4349\" data-element_type=\"section\" data-e-type=\"section\" data-settings=\"{&quot;background_background&quot;:&quot;classic&quot;}\">\n\t\t\t\t\t\t<div class=\"elementor-container elementor-column-gap-default\">\n\t\t\t\t\t<div class=\"elementor-column elementor-col-100 elementor-inner-column elementor-element elementor-element-7b798c6\" data-id=\"7b798c6\" data-element_type=\"column\" data-e-type=\"column\">\n\t\t\t<div class=\"elementor-widget-wrap elementor-element-populated\">\n\t\t\t\t\t\t<div class=\"elementor-element elementor-element-6e5d4af elementor-widget elementor-widget-heading\" data-id=\"6e5d4af\" data-element_type=\"widget\" data-e-type=\"widget\" data-widget_type=\"heading.default\">\n\t\t\t\t<div class=\"elementor-widget-container\">\n\t\t\t\t\t<h2 class=\"elementor-heading-title elementor-size-default\">G\u00f8r det her!<\/h2>\t\t\t\t<\/div>\n\t\t\t\t<\/div>\n\t\t\t\t<div class=\"elementor-element elementor-element-84cca46 elementor-widget elementor-widget-text-editor\" data-id=\"84cca46\" data-element_type=\"widget\" data-e-type=\"widget\" data-widget_type=\"text-editor.default\">\n\t\t\t\t<div class=\"elementor-widget-container\">\n\t\t\t\t\t\t\t\t\t<p>Du kan altid tage chancen for, at der er udstyr til r\u00e5dighed for dig, n\u00e5r du ankommer. Men for en sikkerheds skyld kan du g\u00e5 ind p\u00e5 vores bookingside og udfylde dine oplysninger der. Systemet vil fort\u00e6lle dig, om den vare, du fors\u00f8ger at v\u00e6lge, er fuld. Hvis du kommer til det punkt, hvor du kan udfylde dit navn, adresse osv. S\u00e5 er der gratis udstyr til dig.<\/p><p>En fordel ved at registrere dig her er ogs\u00e5, at du f\u00e5r information og vejledninger tilsendt.<\/p><p><span style=\"text-decoration: underline;\"><a href=\"https:\/\/app.outventures.se\/widget\/v2\/dialog\/new-order?key=f33105644aea0b720822b1f83f01143e5f2c0729a951285eb12c56277281302c&amp;productTypes=products,vouchers&amp;listView=products\"><span style=\"color: #2f3843; text-decoration: underline;\">Tjek tilg\u00e6ngelighed og book dine kanoer og kajakker her.<\/span><\/a><\/span><\/p>\t\t\t\t\t\t\t\t<\/div>\n\t\t\t\t<\/div>\n\t\t\t\t<div class=\"elementor-element elementor-element-197c9fb elementor-widget elementor-widget-heading\" data-id=\"197c9fb\" data-element_type=\"widget\" data-e-type=\"widget\" data-widget_type=\"heading.default\">\n\t\t\t\t<div class=\"elementor-widget-container\">\n\t\t\t\t\t<h2 class=\"elementor-heading-title elementor-size-default\">Her er, hvordan det fungerer<\/h2>\t\t\t\t<\/div>\n\t\t\t\t<\/div>\n\t\t\t\t<div class=\"elementor-element elementor-element-f7cf241 elementor-widget elementor-widget-text-editor\" data-id=\"f7cf241\" data-element_type=\"widget\" data-e-type=\"widget\" data-widget_type=\"text-editor.default\">\n\t\t\t\t<div class=\"elementor-widget-container\">\n\t\t\t\t\t\t\t\t\t<p><strong>Nu hvor vi er uden for s\u00e6sonen, er vi kun til stede ved start for bookede kunder. Drop-in roning er ikke muligt p\u00e5 nuv\u00e6rende tidspunkt.<\/strong><\/p><p><del>Vi er i \u00f8jeblikket til stede ved starten i Stockam\u00f6llan hver dag mellem kl. 09.00 og 11.00.<\/del><br \/><del>Vi er her alle dage fra april til september.<\/del><br \/><del>Hvis I er p\u00e5 vej, s\u00e5 send gerne en SMS til\u00a0<a href=\"http:\/\/tel:+46790109109\" target=\"_blank\" rel=\"noopener\">+46790109109<\/a>\u00a0og giv besked.<\/del><\/p><p>Du lejer og betaler for en kano eller kajak direkte p\u00e5 stedet, n\u00e5r du beslutter dig for, hvor l\u00e6nge du vil v\u00e6re ude. Betaling sker via Swish eller kontant.<\/p><p>Prisen for kanoleje er beregnet for 2 personer og inkluderer &#8211; ud over kanoen &#8211; 2 pagajer, 2 redningsveste, vandflasker, et kort og returtransport af udstyret. En dag koster 470 SEK, to dage 785 SEK og tre dage 940 SEK. Alle priser er inklusive moms.<\/p><p>Padl et stykke nedstr\u00f8ms og padl tilbage igen. Eller v\u00e6lg en af vores faste ruter. Det er nemmest for dig at bruge to biler; en til at parkere ved starten i Stockam\u00f6llan og en ved endestationen. N\u00e5r turen er slut, er det eneste, du skal g\u00f8re, at t\u00e6nke p\u00e5 dig selv. Vi henter det udstyr, du efterlader p\u00e5 et af de tre udpegede steder.<\/p>\t\t\t\t\t\t\t\t<\/div>\n\t\t\t\t<\/div>\n\t\t\t\t\t<\/div>\n\t\t<\/div>\n\t\t\t\t\t<\/div>\n\t\t<\/section>\n\t\t\t\t\t<\/div>\n\t\t<\/div>\n\t\t\t\t\t<\/div>\n\t\t<\/section>\n\t\t\t\t<\/div>\n\t\t","protected":false},"excerpt":{"rendered":"<p>Drop in-padling Ikke alle kan altid planl\u00e6gge aktiviteter p\u00e5 forh\u00e5nd. Hvis du er en af dem, der spontant beslutter, at &#8220;nu kunne det v\u00e6re sjovt at sejle i kano&#8221;, vil vi g\u00f8re alt, hvad vi kan, for at hj\u00e6lpe dig og dit selskab ud p\u00e5 R\u00f6nne \u00e5. Book her G\u00f8r det her! Du kan altid [&hellip;]<\/p>\n","protected":false},"author":1,"featured_media":0,"parent":0,"menu_order":0,"comment_status":"closed","ping_status":"closed","template":"","meta":{"footnotes":""},"class_list":["post-1314","page","type-page","status-publish","hentry"],"yoast_head":"<!-- This site is optimized with the Yoast SEO plugin v26.0 - https:\/\/yoast.com\/wordpress\/plugins\/seo\/ -->\n<title>Drop in-padling &#8211; Kanotcentralen i Stockam\u00f6llan<\/title>\n<meta name=\"robots\" content=\"index, follow, max-snippet:-1, max-image-preview:large, max-video-preview:-1\" \/>\n<link rel=\"canonical\" href=\"https:\/\/kanotcentralen.se\/sv\/drop-in-paddling-for-dig-som-vill-paddla-nu-nastan-direkt\/\" \/>\n<meta property=\"og:locale\" content=\"da_DK\" \/>\n<meta property=\"og:type\" content=\"article\" \/>\n<meta property=\"og:title\" content=\"Drop in-padling &#8211; Kanotcentralen i Stockam\u00f6llan\" \/>\n<meta property=\"og:description\" content=\"Drop in-padling Ikke alle kan altid planl\u00e6gge aktiviteter p\u00e5 forh\u00e5nd. Hvis du er en af dem, der spontant beslutter, at &#8220;nu kunne det v\u00e6re sjovt at sejle i kano&#8221;, vil vi g\u00f8re alt, hvad vi kan, for at hj\u00e6lpe dig og dit selskab ud p\u00e5 R\u00f6nne \u00e5. Book her G\u00f8r det her! Du kan altid [&hellip;]\" \/>\n<meta property=\"og:url\" content=\"https:\/\/kanotcentralen.se\/sv\/drop-in-paddling-for-dig-som-vill-paddla-nu-nastan-direkt\/\" \/>\n<meta property=\"og:site_name\" content=\"Kanotcentralen i Stockam\u00f6llan\" \/>\n<meta property=\"article:publisher\" content=\"https:\/\/www.facebook.com\/kanotcentralen\/\" \/>\n<meta property=\"article:modified_time\" content=\"2026-03-19T11:55:49+00:00\" \/>\n<meta name=\"twitter:card\" content=\"summary_large_image\" \/>\n<meta name=\"twitter:label1\" content=\"Estimeret l\u00e6setid\" \/>\n\t<meta name=\"twitter:data1\" content=\"2 minutter\" \/>\n<script type=\"application\/ld+json\" class=\"yoast-schema-graph\">{\"@context\":\"https:\/\/schema.org\",\"@graph\":[{\"@type\":\"WebPage\",\"@id\":\"https:\/\/kanotcentralen.se\/sv\/drop-in-paddling-for-dig-som-vill-paddla-nu-nastan-direkt\/\",\"url\":\"https:\/\/kanotcentralen.se\/sv\/drop-in-paddling-for-dig-som-vill-paddla-nu-nastan-direkt\/\",\"name\":\"Drop in-padling &#8211; Kanotcentralen i Stockam\u00f6llan\",\"isPartOf\":{\"@id\":\"https:\/\/kanotcentralen.se\/sv\/#website\"},\"datePublished\":\"2023-01-17T15:52:24+00:00\",\"dateModified\":\"2026-03-19T11:55:49+00:00\",\"breadcrumb\":{\"@id\":\"https:\/\/kanotcentralen.se\/sv\/drop-in-paddling-for-dig-som-vill-paddla-nu-nastan-direkt\/#breadcrumb\"},\"inLanguage\":\"da-DK\",\"potentialAction\":[{\"@type\":\"ReadAction\",\"target\":[\"https:\/\/kanotcentralen.se\/sv\/drop-in-paddling-for-dig-som-vill-paddla-nu-nastan-direkt\/\"]}]},{\"@type\":\"BreadcrumbList\",\"@id\":\"https:\/\/kanotcentralen.se\/sv\/drop-in-paddling-for-dig-som-vill-paddla-nu-nastan-direkt\/#breadcrumb\",\"itemListElement\":[{\"@type\":\"ListItem\",\"position\":1,\"name\":\"Hem\",\"item\":\"https:\/\/kanotcentralen.se\/sv\/\"},{\"@type\":\"ListItem\",\"position\":2,\"name\":\"Drop in-padling\"}]},{\"@type\":\"WebSite\",\"@id\":\"https:\/\/kanotcentralen.se\/sv\/#website\",\"url\":\"https:\/\/kanotcentralen.se\/sv\/\",\"name\":\"Kanotcentralen i Stockam\u00f6llan\",\"description\":\"Hyra kanot i vackra Sk\u00e5ne\",\"publisher\":{\"@id\":\"https:\/\/kanotcentralen.se\/sv\/#organization\"},\"potentialAction\":[{\"@type\":\"SearchAction\",\"target\":{\"@type\":\"EntryPoint\",\"urlTemplate\":\"https:\/\/kanotcentralen.se\/sv\/?s={search_term_string}\"},\"query-input\":{\"@type\":\"PropertyValueSpecification\",\"valueRequired\":true,\"valueName\":\"search_term_string\"}}],\"inLanguage\":\"da-DK\"},{\"@type\":\"Organization\",\"@id\":\"https:\/\/kanotcentralen.se\/sv\/#organization\",\"name\":\"Kanotcentralen i Stockam\u00f6llan\",\"url\":\"https:\/\/kanotcentralen.se\/sv\/\",\"logo\":{\"@type\":\"ImageObject\",\"inLanguage\":\"da-DK\",\"@id\":\"https:\/\/kanotcentralen.se\/sv\/#\/schema\/logo\/image\/\",\"url\":\"https:\/\/kanotcentralen.se\/wp-content\/uploads\/2022\/02\/kanotcentralen-logo.png\",\"contentUrl\":\"https:\/\/kanotcentralen.se\/wp-content\/uploads\/2022\/02\/kanotcentralen-logo.png\",\"width\":300,\"height\":42,\"caption\":\"Kanotcentralen i Stockam\u00f6llan\"},\"image\":{\"@id\":\"https:\/\/kanotcentralen.se\/sv\/#\/schema\/logo\/image\/\"},\"sameAs\":[\"https:\/\/www.facebook.com\/kanotcentralen\/\",\"https:\/\/www.instagram.com\/kanotcentralen\/\"]}]}<\/script>\n<!-- \/ Yoast SEO plugin. -->","yoast_head_json":{"title":"Drop in-padling &#8211; Kanotcentralen i Stockam\u00f6llan","robots":{"index":"index","follow":"follow","max-snippet":"max-snippet:-1","max-image-preview":"max-image-preview:large","max-video-preview":"max-video-preview:-1"},"canonical":"https:\/\/kanotcentralen.se\/sv\/drop-in-paddling-for-dig-som-vill-paddla-nu-nastan-direkt\/","og_locale":"da_DK","og_type":"article","og_title":"Drop in-padling &#8211; Kanotcentralen i Stockam\u00f6llan","og_description":"Drop in-padling Ikke alle kan altid planl\u00e6gge aktiviteter p\u00e5 forh\u00e5nd. Hvis du er en af dem, der spontant beslutter, at &#8220;nu kunne det v\u00e6re sjovt at sejle i kano&#8221;, vil vi g\u00f8re alt, hvad vi kan, for at hj\u00e6lpe dig og dit selskab ud p\u00e5 R\u00f6nne \u00e5. Book her G\u00f8r det her! Du kan altid [&hellip;]","og_url":"https:\/\/kanotcentralen.se\/sv\/drop-in-paddling-for-dig-som-vill-paddla-nu-nastan-direkt\/","og_site_name":"Kanotcentralen i Stockam\u00f6llan","article_publisher":"https:\/\/www.facebook.com\/kanotcentralen\/","article_modified_time":"2026-03-19T11:55:49+00:00","twitter_card":"summary_large_image","twitter_misc":{"Estimeret l\u00e6setid":"2 minutter"},"schema":{"@context":"https:\/\/schema.org","@graph":[{"@type":"WebPage","@id":"https:\/\/kanotcentralen.se\/sv\/drop-in-paddling-for-dig-som-vill-paddla-nu-nastan-direkt\/","url":"https:\/\/kanotcentralen.se\/sv\/drop-in-paddling-for-dig-som-vill-paddla-nu-nastan-direkt\/","name":"Drop in-padling &#8211; Kanotcentralen i Stockam\u00f6llan","isPartOf":{"@id":"https:\/\/kanotcentralen.se\/sv\/#website"},"datePublished":"2023-01-17T15:52:24+00:00","dateModified":"2026-03-19T11:55:49+00:00","breadcrumb":{"@id":"https:\/\/kanotcentralen.se\/sv\/drop-in-paddling-for-dig-som-vill-paddla-nu-nastan-direkt\/#breadcrumb"},"inLanguage":"da-DK","potentialAction":[{"@type":"ReadAction","target":["https:\/\/kanotcentralen.se\/sv\/drop-in-paddling-for-dig-som-vill-paddla-nu-nastan-direkt\/"]}]},{"@type":"BreadcrumbList","@id":"https:\/\/kanotcentralen.se\/sv\/drop-in-paddling-for-dig-som-vill-paddla-nu-nastan-direkt\/#breadcrumb","itemListElement":[{"@type":"ListItem","position":1,"name":"Hem","item":"https:\/\/kanotcentralen.se\/sv\/"},{"@type":"ListItem","position":2,"name":"Drop in-padling"}]},{"@type":"WebSite","@id":"https:\/\/kanotcentralen.se\/sv\/#website","url":"https:\/\/kanotcentralen.se\/sv\/","name":"Kanotcentralen i Stockam\u00f6llan","description":"Hyra kanot i vackra Sk\u00e5ne","publisher":{"@id":"https:\/\/kanotcentralen.se\/sv\/#organization"},"potentialAction":[{"@type":"SearchAction","target":{"@type":"EntryPoint","urlTemplate":"https:\/\/kanotcentralen.se\/sv\/?s={search_term_string}"},"query-input":{"@type":"PropertyValueSpecification","valueRequired":true,"valueName":"search_term_string"}}],"inLanguage":"da-DK"},{"@type":"Organization","@id":"https:\/\/kanotcentralen.se\/sv\/#organization","name":"Kanotcentralen i Stockam\u00f6llan","url":"https:\/\/kanotcentralen.se\/sv\/","logo":{"@type":"ImageObject","inLanguage":"da-DK","@id":"https:\/\/kanotcentralen.se\/sv\/#\/schema\/logo\/image\/","url":"https:\/\/kanotcentralen.se\/wp-content\/uploads\/2022\/02\/kanotcentralen-logo.png","contentUrl":"https:\/\/kanotcentralen.se\/wp-content\/uploads\/2022\/02\/kanotcentralen-logo.png","width":300,"height":42,"caption":"Kanotcentralen i Stockam\u00f6llan"},"image":{"@id":"https:\/\/kanotcentralen.se\/sv\/#\/schema\/logo\/image\/"},"sameAs":["https:\/\/www.facebook.com\/kanotcentralen\/","https:\/\/www.instagram.com\/kanotcentralen\/"]}]}},"_links":{"self":[{"href":"https:\/\/kanotcentralen.se\/da\/wp-json\/wp\/v2\/pages\/1314","targetHints":{"allow":["GET"]}}],"collection":[{"href":"https:\/\/kanotcentralen.se\/da\/wp-json\/wp\/v2\/pages"}],"about":[{"href":"https:\/\/kanotcentralen.se\/da\/wp-json\/wp\/v2\/types\/page"}],"author":[{"embeddable":true,"href":"https:\/\/kanotcentralen.se\/da\/wp-json\/wp\/v2\/users\/1"}],"replies":[{"embeddable":true,"href":"https:\/\/kanotcentralen.se\/da\/wp-json\/wp\/v2\/comments?post=1314"}],"version-history":[{"count":62,"href":"https:\/\/kanotcentralen.se\/da\/wp-json\/wp\/v2\/pages\/1314\/revisions"}],"predecessor-version":[{"id":6688,"href":"https:\/\/kanotcentralen.se\/da\/wp-json\/wp\/v2\/pages\/1314\/revisions\/6688"}],"wp:attachment":[{"href":"https:\/\/kanotcentralen.se\/da\/wp-json\/wp\/v2\/media?parent=1314"}],"curies":[{"name":"wp","href":"https:\/\/api.w.org\/{rel}","templated":true}]}}