{"id":1304,"date":"2023-01-17T17:14:11","date_gmt":"2023-01-17T17:14:11","guid":{"rendered":"https:\/\/kanotcentralen.se\/kanotkarta-over-ronne-a\/"},"modified":"2026-03-19T12:01:02","modified_gmt":"2026-03-19T12:01:02","slug":"kanotkarta-over-ronne-a","status":"publish","type":"page","link":"https:\/\/kanotcentralen.se\/da\/kanotkarta-over-ronne-a\/","title":{"rendered":"Kanokort over floden R\u00f6nne"},"content":{"rendered":"\t\t<div data-elementor-type=\"wp-page\" data-elementor-id=\"1304\" class=\"elementor elementor-1304 elementor-278\" data-elementor-post-type=\"page\">\n\t\t\t\t\t\t<section class=\"elementor-section elementor-top-section elementor-element elementor-element-dd4be69 elementor-section-full_width elementor-section-height-min-height elementor-section-height-default elementor-section-items-middle\" data-id=\"dd4be69\" data-element_type=\"section\" data-e-type=\"section\" data-settings=\"{&quot;background_background&quot;:&quot;classic&quot;}\">\n\t\t\t\t\t\t\t<div class=\"elementor-background-overlay\"><\/div>\n\t\t\t\t\t\t\t<div class=\"elementor-container elementor-column-gap-default\">\n\t\t\t\t\t<div class=\"elementor-column elementor-col-100 elementor-top-column elementor-element elementor-element-6efd250\" data-id=\"6efd250\" data-element_type=\"column\" data-e-type=\"column\">\n\t\t\t<div class=\"elementor-widget-wrap elementor-element-populated\">\n\t\t\t\t\t\t<section class=\"elementor-section elementor-inner-section elementor-element elementor-element-1e7acc0 elementor-section-boxed elementor-section-height-default elementor-section-height-default\" data-id=\"1e7acc0\" data-element_type=\"section\" data-e-type=\"section\">\n\t\t\t\t\t\t<div class=\"elementor-container elementor-column-gap-default\">\n\t\t\t\t\t<div class=\"elementor-column elementor-col-100 elementor-inner-column elementor-element elementor-element-ba55ff3\" data-id=\"ba55ff3\" data-element_type=\"column\" data-e-type=\"column\">\n\t\t\t<div class=\"elementor-widget-wrap elementor-element-populated\">\n\t\t\t\t\t\t<div class=\"elementor-element elementor-element-f6001b3 elementor-widget elementor-widget-heading\" data-id=\"f6001b3\" data-element_type=\"widget\" data-e-type=\"widget\" data-widget_type=\"heading.default\">\n\t\t\t\t<div class=\"elementor-widget-container\">\n\t\t\t\t\t<h2 class=\"elementor-heading-title elementor-size-default\">Kanokort over floden R\u00f6nne<\/h2>\t\t\t\t<\/div>\n\t\t\t\t<\/div>\n\t\t\t\t\t<\/div>\n\t\t<\/div>\n\t\t\t\t\t<\/div>\n\t\t<\/section>\n\t\t\t\t<div class=\"elementor-element elementor-element-751ffce elementor-widget__width-auto elementor-fixed e-transform elementor-widget elementor-widget-button\" data-id=\"751ffce\" data-element_type=\"widget\" data-e-type=\"widget\" data-settings=\"{&quot;_position&quot;:&quot;fixed&quot;,&quot;_transform_rotateZ_effect&quot;:{&quot;unit&quot;:&quot;px&quot;,&quot;size&quot;:-90,&quot;sizes&quot;:[]},&quot;_transform_rotateZ_effect_tablet&quot;:{&quot;unit&quot;:&quot;deg&quot;,&quot;size&quot;:&quot;&quot;,&quot;sizes&quot;:[]},&quot;_transform_rotateZ_effect_mobile&quot;:{&quot;unit&quot;:&quot;deg&quot;,&quot;size&quot;:&quot;&quot;,&quot;sizes&quot;:[]}}\" data-widget_type=\"button.default\">\n\t\t\t\t<div class=\"elementor-widget-container\">\n\t\t\t\t\t\t\t\t\t<div class=\"elementor-button-wrapper\">\n\t\t\t\t\t<a class=\"elementor-button elementor-button-link elementor-size-sm\" href=\"https:\/\/app.bookspot.io\/widget\/v3?widgetId=1358f547-502a-4357-a6df-925c7210b8fb\">\n\t\t\t\t\t\t<span class=\"elementor-button-content-wrapper\">\n\t\t\t\t\t\t\t\t\t<span class=\"elementor-button-text\">Book her<\/span>\n\t\t\t\t\t<\/span>\n\t\t\t\t\t<\/a>\n\t\t\t\t<\/div>\n\t\t\t\t\t\t\t\t<\/div>\n\t\t\t\t<\/div>\n\t\t\t\t\t<\/div>\n\t\t<\/div>\n\t\t\t\t\t<\/div>\n\t\t<\/section>\n\t\t\t\t<section class=\"elementor-section elementor-top-section elementor-element elementor-element-e8fc808 elementor-section-boxed elementor-section-height-default elementor-section-height-default\" data-id=\"e8fc808\" data-element_type=\"section\" data-e-type=\"section\" data-settings=\"{&quot;background_background&quot;:&quot;classic&quot;}\">\n\t\t\t\t\t\t<div class=\"elementor-container elementor-column-gap-default\">\n\t\t\t\t\t<div class=\"elementor-column elementor-col-100 elementor-top-column elementor-element elementor-element-9b42e7b\" data-id=\"9b42e7b\" data-element_type=\"column\" data-e-type=\"column\">\n\t\t\t<div class=\"elementor-widget-wrap elementor-element-populated\">\n\t\t\t\t\t\t<section class=\"elementor-section elementor-inner-section elementor-element elementor-element-dba4349 elementor-section-boxed elementor-section-height-default elementor-section-height-default\" data-id=\"dba4349\" data-element_type=\"section\" data-e-type=\"section\" data-settings=\"{&quot;background_background&quot;:&quot;classic&quot;}\">\n\t\t\t\t\t\t<div class=\"elementor-container elementor-column-gap-default\">\n\t\t\t\t\t<div class=\"elementor-column elementor-col-100 elementor-inner-column elementor-element elementor-element-7b798c6\" data-id=\"7b798c6\" data-element_type=\"column\" data-e-type=\"column\">\n\t\t\t<div class=\"elementor-widget-wrap elementor-element-populated\">\n\t\t\t\t\t\t<div class=\"elementor-element elementor-element-6e5d4af elementor-widget elementor-widget-heading\" data-id=\"6e5d4af\" data-element_type=\"widget\" data-e-type=\"widget\" data-widget_type=\"heading.default\">\n\t\t\t\t<div class=\"elementor-widget-container\">\n\t\t\t\t\t<h2 class=\"elementor-heading-title elementor-size-default\">Hvad er der p\u00e5 kortet?<\/h2>\t\t\t\t<\/div>\n\t\t\t\t<\/div>\n\t\t\t\t<div class=\"elementor-element elementor-element-84cca46 elementor-widget elementor-widget-text-editor\" data-id=\"84cca46\" data-element_type=\"widget\" data-e-type=\"widget\" data-widget_type=\"text-editor.default\">\n\t\t\t\t<div class=\"elementor-widget-container\">\n\t\t\t\t\t\t\t\t\t<p>Her kan du se og downloade vores kanokort til padling p\u00e5 R\u00f6nne \u00e5.<br \/>Her kan du se, hvor vi befinder os, hvor endestationerne er, og hvad der sker undervejs.<\/p><p>Du vil modtage en lamineret version af denne, n\u00e5r du starter din rejse.<\/p><p><span style=\"text-decoration: underline; color: #2f3843;\"><a style=\"color: #2f3843; text-decoration: underline;\" href=\"https:\/\/kanotcentralen.se\/wp-content\/uploads\/2023\/08\/English-map.pdf\">Klik her for at downloade kortet i PDF-format. Det giver dig mulighed for at zoome ind og studere det lettere p\u00e5 din mobiltelefon.<\/a><\/span><\/p>\t\t\t\t\t\t\t\t<\/div>\n\t\t\t\t<\/div>\n\t\t\t\t<div class=\"elementor-element elementor-element-f3c56af elementor-widget elementor-widget-image\" data-id=\"f3c56af\" data-element_type=\"widget\" data-e-type=\"widget\" data-widget_type=\"image.default\">\n\t\t\t\t<div class=\"elementor-widget-container\">\n\t\t\t\t\t\t\t\t\t\t\t\t\t\t\t<img fetchpriority=\"high\" decoding=\"async\" width=\"1594\" height=\"999\" src=\"https:\/\/kanotcentralen.se\/wp-content\/uploads\/2023\/08\/English-map.jpg\" class=\"attachment-full size-full wp-image-3931\" alt=\"English canoe map\" srcset=\"https:\/\/kanotcentralen.se\/wp-content\/uploads\/2023\/08\/English-map.jpg 1594w, https:\/\/kanotcentralen.se\/wp-content\/uploads\/2023\/08\/English-map-300x188.jpg 300w, https:\/\/kanotcentralen.se\/wp-content\/uploads\/2023\/08\/English-map-1024x642.jpg 1024w, https:\/\/kanotcentralen.se\/wp-content\/uploads\/2023\/08\/English-map-768x481.jpg 768w, https:\/\/kanotcentralen.se\/wp-content\/uploads\/2023\/08\/English-map-1536x963.jpg 1536w\" sizes=\"(max-width: 1594px) 100vw, 1594px\" \/>\t\t\t\t\t\t\t\t\t\t\t\t\t\t\t<\/div>\n\t\t\t\t<\/div>\n\t\t\t\t\t<\/div>\n\t\t<\/div>\n\t\t\t\t\t<\/div>\n\t\t<\/section>\n\t\t\t\t\t<\/div>\n\t\t<\/div>\n\t\t\t\t\t<\/div>\n\t\t<\/section>\n\t\t\t\t<\/div>\n\t\t","protected":false},"excerpt":{"rendered":"<p>Kanokort over floden R\u00f6nne Book her Hvad er der p\u00e5 kortet? Her kan du se og downloade vores kanokort til padling p\u00e5 R\u00f6nne \u00e5.Her kan du se, hvor vi befinder os, hvor endestationerne er, og hvad der sker undervejs. Du vil modtage en lamineret version af denne, n\u00e5r du starter din rejse. Klik her for [&hellip;]<\/p>\n","protected":false},"author":1,"featured_media":0,"parent":0,"menu_order":0,"comment_status":"closed","ping_status":"closed","template":"","meta":{"footnotes":""},"class_list":["post-1304","page","type-page","status-publish","hentry"],"yoast_head":"<!-- This site is optimized with the Yoast SEO plugin v26.0 - https:\/\/yoast.com\/wordpress\/plugins\/seo\/ -->\n<title>Kanokort over floden R\u00f6nne &#8211; Kanotcentralen i Stockam\u00f6llan<\/title>\n<meta name=\"robots\" content=\"index, follow, max-snippet:-1, max-image-preview:large, max-video-preview:-1\" \/>\n<link rel=\"canonical\" href=\"https:\/\/kanotcentralen.se\/sv\/kanotkarta-over-ronne-a\/\" \/>\n<meta property=\"og:locale\" content=\"da_DK\" \/>\n<meta property=\"og:type\" content=\"article\" \/>\n<meta property=\"og:title\" content=\"Kanokort over floden R\u00f6nne &#8211; Kanotcentralen i Stockam\u00f6llan\" \/>\n<meta property=\"og:description\" content=\"Kanokort over floden R\u00f6nne Book her Hvad er der p\u00e5 kortet? Her kan du se og downloade vores kanokort til padling p\u00e5 R\u00f6nne \u00e5.Her kan du se, hvor vi befinder os, hvor endestationerne er, og hvad der sker undervejs. Du vil modtage en lamineret version af denne, n\u00e5r du starter din rejse. Klik her for [&hellip;]\" \/>\n<meta property=\"og:url\" content=\"https:\/\/kanotcentralen.se\/sv\/kanotkarta-over-ronne-a\/\" \/>\n<meta property=\"og:site_name\" content=\"Kanotcentralen i Stockam\u00f6llan\" \/>\n<meta property=\"article:publisher\" content=\"https:\/\/www.facebook.com\/kanotcentralen\/\" \/>\n<meta property=\"article:modified_time\" content=\"2026-03-19T12:01:02+00:00\" \/>\n<meta property=\"og:image\" content=\"https:\/\/kanotcentralen.se\/wp-content\/uploads\/2023\/08\/English-map.jpg\" \/>\n\t<meta property=\"og:image:width\" content=\"1594\" \/>\n\t<meta property=\"og:image:height\" content=\"999\" \/>\n\t<meta property=\"og:image:type\" content=\"image\/jpeg\" \/>\n<meta name=\"twitter:card\" content=\"summary_large_image\" \/>\n<meta name=\"twitter:label1\" content=\"Estimeret l\u00e6setid\" \/>\n\t<meta name=\"twitter:data1\" content=\"1 minut\" \/>\n<script type=\"application\/ld+json\" class=\"yoast-schema-graph\">{\"@context\":\"https:\/\/schema.org\",\"@graph\":[{\"@type\":\"WebPage\",\"@id\":\"https:\/\/kanotcentralen.se\/sv\/kanotkarta-over-ronne-a\/\",\"url\":\"https:\/\/kanotcentralen.se\/sv\/kanotkarta-over-ronne-a\/\",\"name\":\"Kanokort over floden R\u00f6nne &#8211; Kanotcentralen i Stockam\u00f6llan\",\"isPartOf\":{\"@id\":\"https:\/\/kanotcentralen.se\/sv\/#website\"},\"primaryImageOfPage\":{\"@id\":\"https:\/\/kanotcentralen.se\/sv\/kanotkarta-over-ronne-a\/#primaryimage\"},\"image\":{\"@id\":\"https:\/\/kanotcentralen.se\/sv\/kanotkarta-over-ronne-a\/#primaryimage\"},\"thumbnailUrl\":\"https:\/\/kanotcentralen.se\/wp-content\/uploads\/2023\/08\/English-map.jpg\",\"datePublished\":\"2023-01-17T17:14:11+00:00\",\"dateModified\":\"2026-03-19T12:01:02+00:00\",\"breadcrumb\":{\"@id\":\"https:\/\/kanotcentralen.se\/sv\/kanotkarta-over-ronne-a\/#breadcrumb\"},\"inLanguage\":\"da-DK\",\"potentialAction\":[{\"@type\":\"ReadAction\",\"target\":[\"https:\/\/kanotcentralen.se\/sv\/kanotkarta-over-ronne-a\/\"]}]},{\"@type\":\"ImageObject\",\"inLanguage\":\"da-DK\",\"@id\":\"https:\/\/kanotcentralen.se\/sv\/kanotkarta-over-ronne-a\/#primaryimage\",\"url\":\"https:\/\/kanotcentralen.se\/wp-content\/uploads\/2023\/08\/English-map.jpg\",\"contentUrl\":\"https:\/\/kanotcentralen.se\/wp-content\/uploads\/2023\/08\/English-map.jpg\"},{\"@type\":\"BreadcrumbList\",\"@id\":\"https:\/\/kanotcentralen.se\/sv\/kanotkarta-over-ronne-a\/#breadcrumb\",\"itemListElement\":[{\"@type\":\"ListItem\",\"position\":1,\"name\":\"Hem\",\"item\":\"https:\/\/kanotcentralen.se\/sv\/\"},{\"@type\":\"ListItem\",\"position\":2,\"name\":\"Kanokort over floden R\u00f6nne\"}]},{\"@type\":\"WebSite\",\"@id\":\"https:\/\/kanotcentralen.se\/sv\/#website\",\"url\":\"https:\/\/kanotcentralen.se\/sv\/\",\"name\":\"Kanotcentralen i Stockam\u00f6llan\",\"description\":\"Hyra kanot i vackra Sk\u00e5ne\",\"publisher\":{\"@id\":\"https:\/\/kanotcentralen.se\/sv\/#organization\"},\"potentialAction\":[{\"@type\":\"SearchAction\",\"target\":{\"@type\":\"EntryPoint\",\"urlTemplate\":\"https:\/\/kanotcentralen.se\/sv\/?s={search_term_string}\"},\"query-input\":{\"@type\":\"PropertyValueSpecification\",\"valueRequired\":true,\"valueName\":\"search_term_string\"}}],\"inLanguage\":\"da-DK\"},{\"@type\":\"Organization\",\"@id\":\"https:\/\/kanotcentralen.se\/sv\/#organization\",\"name\":\"Kanotcentralen i Stockam\u00f6llan\",\"url\":\"https:\/\/kanotcentralen.se\/sv\/\",\"logo\":{\"@type\":\"ImageObject\",\"inLanguage\":\"da-DK\",\"@id\":\"https:\/\/kanotcentralen.se\/sv\/#\/schema\/logo\/image\/\",\"url\":\"https:\/\/kanotcentralen.se\/wp-content\/uploads\/2022\/02\/kanotcentralen-logo.png\",\"contentUrl\":\"https:\/\/kanotcentralen.se\/wp-content\/uploads\/2022\/02\/kanotcentralen-logo.png\",\"width\":300,\"height\":42,\"caption\":\"Kanotcentralen i Stockam\u00f6llan\"},\"image\":{\"@id\":\"https:\/\/kanotcentralen.se\/sv\/#\/schema\/logo\/image\/\"},\"sameAs\":[\"https:\/\/www.facebook.com\/kanotcentralen\/\",\"https:\/\/www.instagram.com\/kanotcentralen\/\"]}]}<\/script>\n<!-- \/ Yoast SEO plugin. -->","yoast_head_json":{"title":"Kanokort over floden R\u00f6nne &#8211; Kanotcentralen i Stockam\u00f6llan","robots":{"index":"index","follow":"follow","max-snippet":"max-snippet:-1","max-image-preview":"max-image-preview:large","max-video-preview":"max-video-preview:-1"},"canonical":"https:\/\/kanotcentralen.se\/sv\/kanotkarta-over-ronne-a\/","og_locale":"da_DK","og_type":"article","og_title":"Kanokort over floden R\u00f6nne &#8211; Kanotcentralen i Stockam\u00f6llan","og_description":"Kanokort over floden R\u00f6nne Book her Hvad er der p\u00e5 kortet? Her kan du se og downloade vores kanokort til padling p\u00e5 R\u00f6nne \u00e5.Her kan du se, hvor vi befinder os, hvor endestationerne er, og hvad der sker undervejs. Du vil modtage en lamineret version af denne, n\u00e5r du starter din rejse. Klik her for [&hellip;]","og_url":"https:\/\/kanotcentralen.se\/sv\/kanotkarta-over-ronne-a\/","og_site_name":"Kanotcentralen i Stockam\u00f6llan","article_publisher":"https:\/\/www.facebook.com\/kanotcentralen\/","article_modified_time":"2026-03-19T12:01:02+00:00","og_image":[{"width":1594,"height":999,"url":"https:\/\/kanotcentralen.se\/wp-content\/uploads\/2023\/08\/English-map.jpg","type":"image\/jpeg"}],"twitter_card":"summary_large_image","twitter_misc":{"Estimeret l\u00e6setid":"1 minut"},"schema":{"@context":"https:\/\/schema.org","@graph":[{"@type":"WebPage","@id":"https:\/\/kanotcentralen.se\/sv\/kanotkarta-over-ronne-a\/","url":"https:\/\/kanotcentralen.se\/sv\/kanotkarta-over-ronne-a\/","name":"Kanokort over floden R\u00f6nne &#8211; Kanotcentralen i Stockam\u00f6llan","isPartOf":{"@id":"https:\/\/kanotcentralen.se\/sv\/#website"},"primaryImageOfPage":{"@id":"https:\/\/kanotcentralen.se\/sv\/kanotkarta-over-ronne-a\/#primaryimage"},"image":{"@id":"https:\/\/kanotcentralen.se\/sv\/kanotkarta-over-ronne-a\/#primaryimage"},"thumbnailUrl":"https:\/\/kanotcentralen.se\/wp-content\/uploads\/2023\/08\/English-map.jpg","datePublished":"2023-01-17T17:14:11+00:00","dateModified":"2026-03-19T12:01:02+00:00","breadcrumb":{"@id":"https:\/\/kanotcentralen.se\/sv\/kanotkarta-over-ronne-a\/#breadcrumb"},"inLanguage":"da-DK","potentialAction":[{"@type":"ReadAction","target":["https:\/\/kanotcentralen.se\/sv\/kanotkarta-over-ronne-a\/"]}]},{"@type":"ImageObject","inLanguage":"da-DK","@id":"https:\/\/kanotcentralen.se\/sv\/kanotkarta-over-ronne-a\/#primaryimage","url":"https:\/\/kanotcentralen.se\/wp-content\/uploads\/2023\/08\/English-map.jpg","contentUrl":"https:\/\/kanotcentralen.se\/wp-content\/uploads\/2023\/08\/English-map.jpg"},{"@type":"BreadcrumbList","@id":"https:\/\/kanotcentralen.se\/sv\/kanotkarta-over-ronne-a\/#breadcrumb","itemListElement":[{"@type":"ListItem","position":1,"name":"Hem","item":"https:\/\/kanotcentralen.se\/sv\/"},{"@type":"ListItem","position":2,"name":"Kanokort over floden R\u00f6nne"}]},{"@type":"WebSite","@id":"https:\/\/kanotcentralen.se\/sv\/#website","url":"https:\/\/kanotcentralen.se\/sv\/","name":"Kanotcentralen i Stockam\u00f6llan","description":"Hyra kanot i vackra Sk\u00e5ne","publisher":{"@id":"https:\/\/kanotcentralen.se\/sv\/#organization"},"potentialAction":[{"@type":"SearchAction","target":{"@type":"EntryPoint","urlTemplate":"https:\/\/kanotcentralen.se\/sv\/?s={search_term_string}"},"query-input":{"@type":"PropertyValueSpecification","valueRequired":true,"valueName":"search_term_string"}}],"inLanguage":"da-DK"},{"@type":"Organization","@id":"https:\/\/kanotcentralen.se\/sv\/#organization","name":"Kanotcentralen i Stockam\u00f6llan","url":"https:\/\/kanotcentralen.se\/sv\/","logo":{"@type":"ImageObject","inLanguage":"da-DK","@id":"https:\/\/kanotcentralen.se\/sv\/#\/schema\/logo\/image\/","url":"https:\/\/kanotcentralen.se\/wp-content\/uploads\/2022\/02\/kanotcentralen-logo.png","contentUrl":"https:\/\/kanotcentralen.se\/wp-content\/uploads\/2022\/02\/kanotcentralen-logo.png","width":300,"height":42,"caption":"Kanotcentralen i Stockam\u00f6llan"},"image":{"@id":"https:\/\/kanotcentralen.se\/sv\/#\/schema\/logo\/image\/"},"sameAs":["https:\/\/www.facebook.com\/kanotcentralen\/","https:\/\/www.instagram.com\/kanotcentralen\/"]}]}},"_links":{"self":[{"href":"https:\/\/kanotcentralen.se\/da\/wp-json\/wp\/v2\/pages\/1304","targetHints":{"allow":["GET"]}}],"collection":[{"href":"https:\/\/kanotcentralen.se\/da\/wp-json\/wp\/v2\/pages"}],"about":[{"href":"https:\/\/kanotcentralen.se\/da\/wp-json\/wp\/v2\/types\/page"}],"author":[{"embeddable":true,"href":"https:\/\/kanotcentralen.se\/da\/wp-json\/wp\/v2\/users\/1"}],"replies":[{"embeddable":true,"href":"https:\/\/kanotcentralen.se\/da\/wp-json\/wp\/v2\/comments?post=1304"}],"version-history":[{"count":30,"href":"https:\/\/kanotcentralen.se\/da\/wp-json\/wp\/v2\/pages\/1304\/revisions"}],"predecessor-version":[{"id":6694,"href":"https:\/\/kanotcentralen.se\/da\/wp-json\/wp\/v2\/pages\/1304\/revisions\/6694"}],"wp:attachment":[{"href":"https:\/\/kanotcentralen.se\/da\/wp-json\/wp\/v2\/media?parent=1304"}],"curies":[{"name":"wp","href":"https:\/\/api.w.org\/{rel}","templated":true}]}}