{"id":1282,"date":"2023-01-17T18:54:31","date_gmt":"2023-01-17T18:54:31","guid":{"rendered":"https:\/\/kanotcentralen.se\/bokningsbestammelser\/"},"modified":"2026-03-19T12:11:59","modified_gmt":"2026-03-19T12:11:59","slug":"bokningsbestammelser","status":"publish","type":"page","link":"https:\/\/kanotcentralen.se\/da\/bokningsbestammelser\/","title":{"rendered":"Regler for booking"},"content":{"rendered":"\t\t<div data-elementor-type=\"wp-page\" data-elementor-id=\"1282\" class=\"elementor elementor-1282 elementor-334\" data-elementor-post-type=\"page\">\n\t\t\t\t\t\t<section class=\"elementor-section elementor-top-section elementor-element elementor-element-dd4be69 elementor-section-full_width elementor-section-height-min-height elementor-section-height-default elementor-section-items-middle\" data-id=\"dd4be69\" data-element_type=\"section\" data-e-type=\"section\" data-settings=\"{&quot;background_background&quot;:&quot;classic&quot;}\">\n\t\t\t\t\t\t\t<div class=\"elementor-background-overlay\"><\/div>\n\t\t\t\t\t\t\t<div class=\"elementor-container elementor-column-gap-default\">\n\t\t\t\t\t<div class=\"elementor-column elementor-col-100 elementor-top-column elementor-element elementor-element-6efd250\" data-id=\"6efd250\" data-element_type=\"column\" data-e-type=\"column\">\n\t\t\t<div class=\"elementor-widget-wrap elementor-element-populated\">\n\t\t\t\t\t\t<section class=\"elementor-section elementor-inner-section elementor-element elementor-element-1e7acc0 elementor-section-boxed elementor-section-height-default elementor-section-height-default\" data-id=\"1e7acc0\" data-element_type=\"section\" data-e-type=\"section\">\n\t\t\t\t\t\t<div class=\"elementor-container elementor-column-gap-default\">\n\t\t\t\t\t<div class=\"elementor-column elementor-col-100 elementor-inner-column elementor-element elementor-element-ba55ff3\" data-id=\"ba55ff3\" data-element_type=\"column\" data-e-type=\"column\">\n\t\t\t<div class=\"elementor-widget-wrap elementor-element-populated\">\n\t\t\t\t\t\t<div class=\"elementor-element elementor-element-f6001b3 elementor-widget elementor-widget-heading\" data-id=\"f6001b3\" data-element_type=\"widget\" data-e-type=\"widget\" data-widget_type=\"heading.default\">\n\t\t\t\t<div class=\"elementor-widget-container\">\n\t\t\t\t\t<h2 class=\"elementor-heading-title elementor-size-default\">Regler for booking<\/h2>\t\t\t\t<\/div>\n\t\t\t\t<\/div>\n\t\t\t\t\t<\/div>\n\t\t<\/div>\n\t\t\t\t\t<\/div>\n\t\t<\/section>\n\t\t\t\t<div class=\"elementor-element elementor-element-506ab32 elementor-widget__width-auto elementor-fixed e-transform elementor-widget elementor-widget-button\" data-id=\"506ab32\" data-element_type=\"widget\" data-e-type=\"widget\" data-settings=\"{&quot;_position&quot;:&quot;fixed&quot;,&quot;_transform_rotateZ_effect&quot;:{&quot;unit&quot;:&quot;px&quot;,&quot;size&quot;:-90,&quot;sizes&quot;:[]},&quot;_transform_rotateZ_effect_tablet&quot;:{&quot;unit&quot;:&quot;deg&quot;,&quot;size&quot;:&quot;&quot;,&quot;sizes&quot;:[]},&quot;_transform_rotateZ_effect_mobile&quot;:{&quot;unit&quot;:&quot;deg&quot;,&quot;size&quot;:&quot;&quot;,&quot;sizes&quot;:[]}}\" data-widget_type=\"button.default\">\n\t\t\t\t<div class=\"elementor-widget-container\">\n\t\t\t\t\t\t\t\t\t<div class=\"elementor-button-wrapper\">\n\t\t\t\t\t<a class=\"elementor-button elementor-button-link elementor-size-sm\" href=\"https:\/\/app.bookspot.io\/widget\/v3?widgetId=1358f547-502a-4357-a6df-925c7210b8fb\">\n\t\t\t\t\t\t<span class=\"elementor-button-content-wrapper\">\n\t\t\t\t\t\t\t\t\t<span class=\"elementor-button-text\">Book her<\/span>\n\t\t\t\t\t<\/span>\n\t\t\t\t\t<\/a>\n\t\t\t\t<\/div>\n\t\t\t\t\t\t\t\t<\/div>\n\t\t\t\t<\/div>\n\t\t\t\t\t<\/div>\n\t\t<\/div>\n\t\t\t\t\t<\/div>\n\t\t<\/section>\n\t\t\t\t<section class=\"elementor-section elementor-top-section elementor-element elementor-element-e8fc808 elementor-section-boxed elementor-section-height-default elementor-section-height-default\" data-id=\"e8fc808\" data-element_type=\"section\" data-e-type=\"section\" data-settings=\"{&quot;background_background&quot;:&quot;classic&quot;}\">\n\t\t\t\t\t\t<div class=\"elementor-container elementor-column-gap-default\">\n\t\t\t\t\t<div class=\"elementor-column elementor-col-100 elementor-top-column elementor-element elementor-element-9b42e7b\" data-id=\"9b42e7b\" data-element_type=\"column\" data-e-type=\"column\">\n\t\t\t<div class=\"elementor-widget-wrap elementor-element-populated\">\n\t\t\t\t\t\t<section class=\"elementor-section elementor-inner-section elementor-element elementor-element-dba4349 elementor-section-boxed elementor-section-height-default elementor-section-height-default\" data-id=\"dba4349\" data-element_type=\"section\" data-e-type=\"section\" data-settings=\"{&quot;background_background&quot;:&quot;classic&quot;}\">\n\t\t\t\t\t\t<div class=\"elementor-container elementor-column-gap-default\">\n\t\t\t\t\t<div class=\"elementor-column elementor-col-100 elementor-inner-column elementor-element elementor-element-7b798c6\" data-id=\"7b798c6\" data-element_type=\"column\" data-e-type=\"column\">\n\t\t\t<div class=\"elementor-widget-wrap elementor-element-populated\">\n\t\t\t\t\t\t<div class=\"elementor-element elementor-element-6e5d4af elementor-widget elementor-widget-heading\" data-id=\"6e5d4af\" data-element_type=\"widget\" data-e-type=\"widget\" data-widget_type=\"heading.default\">\n\t\t\t\t<div class=\"elementor-widget-container\">\n\t\t\t\t\t<h2 class=\"elementor-heading-title elementor-size-default\">Betingelser for leje<\/h2>\t\t\t\t<\/div>\n\t\t\t\t<\/div>\n\t\t\t\t<div class=\"elementor-element elementor-element-84cca46 elementor-widget elementor-widget-text-editor\" data-id=\"84cca46\" data-element_type=\"widget\" data-e-type=\"widget\" data-widget_type=\"text-editor.default\">\n\t\t\t\t<div class=\"elementor-widget-container\">\n\t\t\t\t\t\t\t\t\t<p>For at leje en kano eller kajak fra Kanotcentralen i Stockam\u00f6llan \/ Remdoc AB, skal f\u00f8lgende krav opfyldes:<\/p><p>\u2022 Du skal v\u00e6re mindst 18 \u00e5r gammel eller ledsaget af\/i besiddelse af en v\u00e6rges samtykke.<\/p><p>\u2022 Du skal kunne sv\u00f8mme.<\/p><p>\u2022 Du skal b\u00e6re redningsvest.<\/p><p>\u2022 Eventuelle skader eller tabt udstyr skal rapporteres til og kompenseres af Kanotcentralen i Stockam\u00f6llan (til kostpris). Almindeligt slid og \u00e6lde vil ikke blive opkr\u00e6vet.<\/p><p>\u2022 Lejeren er ansvarlig for at returnere det lejede udstyr til tiden og til det korrekte sted. Kanotcentralen i Stockam\u00f6llan forbeholder sig retten til at opkr\u00e6ve ekstra gebyrer for lokalisering og tilbagelevering af udstyr, der ikke returneres til det korrekte sted.<\/p><p>\u2022 Du anerkender, at alle lejeaktiviteter udf\u00f8res p\u00e5 eget ansvar. Det er dit ansvar at overholde g\u00e6ldende trafik-\/s\u00f8fartsregler. Kanotcentralen i Stockam\u00f6llan p\u00e5tager sig intet ansvar for personskader eller t\u00f8jskader, der m\u00e5tte opst\u00e5 under lejeperioden.<\/p><p>\u2022 V\u00e6r forberedt p\u00e5 at vise legitimationsoplysninger ved enhver form for leje. Det er tilstr\u00e6kkeligt for \u00e9n person i gruppen over 18 \u00e5r at fremvise legitimationsoplysninger; denne person vil herefter v\u00e6re ansvarlig for alt lejet udstyr.<\/p><p>\u2022 Ved at acceptere disse vilk\u00e5r og betingelser indg\u00e5s en bindende aftale. Efter modtagelse af en reservation vil en reservationsbekr\u00e6ftelse automatisk blive sendt via e-mail med oplysninger om lejeperioden.<\/p><p>\u2022 I overensstemmelse med databeskyttelseslovgivningen skal du give samtykke til, at vi gemmer dine oplysninger. Du har ret til at f\u00e5 dine oplysninger slettet.<\/p><p>\u2022 Vi overholder anbefalingerne fra Forbrugerklagen\u00e6vnet i tilf\u00e6lde af tvister.<\/p><p>\u2022 Du giver samtykke til, at vi sender dig e-mailbekr\u00e6ftelser og opf\u00f8lgnings-e-mails. Vi vil ikke sende nyhedsbreve medmindre anmodet.<\/p><p>Bookingregler:<br \/>\u2022 <b>Du kan \u00e6ndre dato eller afbestille din booking helt eller delvist uden omkostninger indtil kl. 12:00 syv dage f\u00f8r din planlagte starttid. <\/b>Hvis du har forudbetalt din tur, <b>vil du modtage en 100% refusion ved afbestilling.<\/b> Hvis du har k\u00f8bt <b>ombookingssikring<\/b>, kan du ogs\u00e5 <b>\u00e6ndre din tur op til 4 timer f\u00f8r turens start.<\/b><\/p><p>\u2022 Kanotcentralen Stockam\u00f6llan forbeholder sig retten til at annullere reservationer i tilf\u00e6lde af omst\u00e6ndigheder uden for vores kontrol, s\u00e5som stj\u00e5lne eller beskadigede kanoer. I s\u00e5danne tilf\u00e6lde vil det fulde bel\u00f8b blive refunderet. Lejeren har ikke ret til kompensation.<\/p><p>Information:<br \/>Telefon: +46790109109, E-mail: fragor@kanotcentralen.se<br \/>Organisationsnummer 556483-7408, Momsregistreringsnummer SE556483740801<\/p><p>TIPS!<br \/>Tilpas din tur efter dine egne evner. Hvis det er f\u00f8rste gang, du padler, skal du blive t\u00e6t p\u00e5 kysten hele tiden. Hvis du k\u00e6ntrer, sv\u00f8m til kysten og t\u00f8m kanoen\/kajakken, f\u00f8r du forts\u00e6tter med at padle.<\/p><p>Ved at placere en ordre accepterer du vores lejevilk\u00e5r og betingelser.<\/p><p>Lejevilk\u00e5rene og betingelserne g\u00e6lder for alle varer og tjenester, der er bestilt og leveret af Remdoc AB \/ Kanotcentralen i Stockam\u00f6llan. Ved at placere en elektronisk ordre p\u00e5 vores hjemmeside, hvor du aktivt har angivet, at alle specificerede betingelser er accepteret, anses disse vilk\u00e5r for accepteret af kunden, og der er etableret en bindende aftale.<\/p>\t\t\t\t\t\t\t\t<\/div>\n\t\t\t\t<\/div>\n\t\t\t\t\t<\/div>\n\t\t<\/div>\n\t\t\t\t\t<\/div>\n\t\t<\/section>\n\t\t\t\t\t<\/div>\n\t\t<\/div>\n\t\t\t\t\t<\/div>\n\t\t<\/section>\n\t\t\t\t<\/div>\n\t\t","protected":false},"excerpt":{"rendered":"<p>Regler for booking Book her Betingelser for leje For at leje en kano eller kajak fra Kanotcentralen i Stockam\u00f6llan \/ Remdoc AB, skal f\u00f8lgende krav opfyldes: \u2022 Du skal v\u00e6re mindst 18 \u00e5r gammel eller ledsaget af\/i besiddelse af en v\u00e6rges samtykke. \u2022 Du skal kunne sv\u00f8mme. \u2022 Du skal b\u00e6re redningsvest. \u2022 Eventuelle skader [&hellip;]<\/p>\n","protected":false},"author":1,"featured_media":0,"parent":0,"menu_order":0,"comment_status":"closed","ping_status":"closed","template":"","meta":{"footnotes":""},"class_list":["post-1282","page","type-page","status-publish","hentry"],"yoast_head":"<!-- This site is optimized with the Yoast SEO plugin v26.0 - https:\/\/yoast.com\/wordpress\/plugins\/seo\/ -->\n<title>Regler for booking &#8211; Kanotcentralen i Stockam\u00f6llan<\/title>\n<meta name=\"robots\" content=\"index, follow, max-snippet:-1, max-image-preview:large, max-video-preview:-1\" \/>\n<link rel=\"canonical\" href=\"https:\/\/kanotcentralen.se\/sv\/bokningsbestammelser\/\" \/>\n<meta property=\"og:locale\" content=\"da_DK\" \/>\n<meta property=\"og:type\" content=\"article\" \/>\n<meta property=\"og:title\" content=\"Regler for booking &#8211; Kanotcentralen i Stockam\u00f6llan\" \/>\n<meta property=\"og:description\" content=\"Regler for booking Book her Betingelser for leje For at leje en kano eller kajak fra Kanotcentralen i Stockam\u00f6llan \/ Remdoc AB, skal f\u00f8lgende krav opfyldes: \u2022 Du skal v\u00e6re mindst 18 \u00e5r gammel eller ledsaget af\/i besiddelse af en v\u00e6rges samtykke. \u2022 Du skal kunne sv\u00f8mme. \u2022 Du skal b\u00e6re redningsvest. \u2022 Eventuelle skader [&hellip;]\" \/>\n<meta property=\"og:url\" content=\"https:\/\/kanotcentralen.se\/sv\/bokningsbestammelser\/\" \/>\n<meta property=\"og:site_name\" content=\"Kanotcentralen i Stockam\u00f6llan\" \/>\n<meta property=\"article:publisher\" content=\"https:\/\/www.facebook.com\/kanotcentralen\/\" \/>\n<meta property=\"article:modified_time\" content=\"2026-03-19T12:11:59+00:00\" \/>\n<meta name=\"twitter:card\" content=\"summary_large_image\" \/>\n<meta name=\"twitter:label1\" content=\"Estimeret l\u00e6setid\" \/>\n\t<meta name=\"twitter:data1\" content=\"3 minutter\" \/>\n<script type=\"application\/ld+json\" class=\"yoast-schema-graph\">{\"@context\":\"https:\/\/schema.org\",\"@graph\":[{\"@type\":\"WebPage\",\"@id\":\"https:\/\/kanotcentralen.se\/sv\/bokningsbestammelser\/\",\"url\":\"https:\/\/kanotcentralen.se\/sv\/bokningsbestammelser\/\",\"name\":\"Regler for booking &#8211; Kanotcentralen i Stockam\u00f6llan\",\"isPartOf\":{\"@id\":\"https:\/\/kanotcentralen.se\/sv\/#website\"},\"datePublished\":\"2023-01-17T18:54:31+00:00\",\"dateModified\":\"2026-03-19T12:11:59+00:00\",\"breadcrumb\":{\"@id\":\"https:\/\/kanotcentralen.se\/sv\/bokningsbestammelser\/#breadcrumb\"},\"inLanguage\":\"da-DK\",\"potentialAction\":[{\"@type\":\"ReadAction\",\"target\":[\"https:\/\/kanotcentralen.se\/sv\/bokningsbestammelser\/\"]}]},{\"@type\":\"BreadcrumbList\",\"@id\":\"https:\/\/kanotcentralen.se\/sv\/bokningsbestammelser\/#breadcrumb\",\"itemListElement\":[{\"@type\":\"ListItem\",\"position\":1,\"name\":\"Hem\",\"item\":\"https:\/\/kanotcentralen.se\/sv\/\"},{\"@type\":\"ListItem\",\"position\":2,\"name\":\"Regler for booking\"}]},{\"@type\":\"WebSite\",\"@id\":\"https:\/\/kanotcentralen.se\/sv\/#website\",\"url\":\"https:\/\/kanotcentralen.se\/sv\/\",\"name\":\"Kanotcentralen i Stockam\u00f6llan\",\"description\":\"Hyra kanot i vackra Sk\u00e5ne\",\"publisher\":{\"@id\":\"https:\/\/kanotcentralen.se\/sv\/#organization\"},\"potentialAction\":[{\"@type\":\"SearchAction\",\"target\":{\"@type\":\"EntryPoint\",\"urlTemplate\":\"https:\/\/kanotcentralen.se\/sv\/?s={search_term_string}\"},\"query-input\":{\"@type\":\"PropertyValueSpecification\",\"valueRequired\":true,\"valueName\":\"search_term_string\"}}],\"inLanguage\":\"da-DK\"},{\"@type\":\"Organization\",\"@id\":\"https:\/\/kanotcentralen.se\/sv\/#organization\",\"name\":\"Kanotcentralen i Stockam\u00f6llan\",\"url\":\"https:\/\/kanotcentralen.se\/sv\/\",\"logo\":{\"@type\":\"ImageObject\",\"inLanguage\":\"da-DK\",\"@id\":\"https:\/\/kanotcentralen.se\/sv\/#\/schema\/logo\/image\/\",\"url\":\"https:\/\/kanotcentralen.se\/wp-content\/uploads\/2022\/02\/kanotcentralen-logo.png\",\"contentUrl\":\"https:\/\/kanotcentralen.se\/wp-content\/uploads\/2022\/02\/kanotcentralen-logo.png\",\"width\":300,\"height\":42,\"caption\":\"Kanotcentralen i Stockam\u00f6llan\"},\"image\":{\"@id\":\"https:\/\/kanotcentralen.se\/sv\/#\/schema\/logo\/image\/\"},\"sameAs\":[\"https:\/\/www.facebook.com\/kanotcentralen\/\",\"https:\/\/www.instagram.com\/kanotcentralen\/\"]}]}<\/script>\n<!-- \/ Yoast SEO plugin. -->","yoast_head_json":{"title":"Regler for booking &#8211; Kanotcentralen i Stockam\u00f6llan","robots":{"index":"index","follow":"follow","max-snippet":"max-snippet:-1","max-image-preview":"max-image-preview:large","max-video-preview":"max-video-preview:-1"},"canonical":"https:\/\/kanotcentralen.se\/sv\/bokningsbestammelser\/","og_locale":"da_DK","og_type":"article","og_title":"Regler for booking &#8211; Kanotcentralen i Stockam\u00f6llan","og_description":"Regler for booking Book her Betingelser for leje For at leje en kano eller kajak fra Kanotcentralen i Stockam\u00f6llan \/ Remdoc AB, skal f\u00f8lgende krav opfyldes: \u2022 Du skal v\u00e6re mindst 18 \u00e5r gammel eller ledsaget af\/i besiddelse af en v\u00e6rges samtykke. \u2022 Du skal kunne sv\u00f8mme. \u2022 Du skal b\u00e6re redningsvest. \u2022 Eventuelle skader [&hellip;]","og_url":"https:\/\/kanotcentralen.se\/sv\/bokningsbestammelser\/","og_site_name":"Kanotcentralen i Stockam\u00f6llan","article_publisher":"https:\/\/www.facebook.com\/kanotcentralen\/","article_modified_time":"2026-03-19T12:11:59+00:00","twitter_card":"summary_large_image","twitter_misc":{"Estimeret l\u00e6setid":"3 minutter"},"schema":{"@context":"https:\/\/schema.org","@graph":[{"@type":"WebPage","@id":"https:\/\/kanotcentralen.se\/sv\/bokningsbestammelser\/","url":"https:\/\/kanotcentralen.se\/sv\/bokningsbestammelser\/","name":"Regler for booking &#8211; Kanotcentralen i Stockam\u00f6llan","isPartOf":{"@id":"https:\/\/kanotcentralen.se\/sv\/#website"},"datePublished":"2023-01-17T18:54:31+00:00","dateModified":"2026-03-19T12:11:59+00:00","breadcrumb":{"@id":"https:\/\/kanotcentralen.se\/sv\/bokningsbestammelser\/#breadcrumb"},"inLanguage":"da-DK","potentialAction":[{"@type":"ReadAction","target":["https:\/\/kanotcentralen.se\/sv\/bokningsbestammelser\/"]}]},{"@type":"BreadcrumbList","@id":"https:\/\/kanotcentralen.se\/sv\/bokningsbestammelser\/#breadcrumb","itemListElement":[{"@type":"ListItem","position":1,"name":"Hem","item":"https:\/\/kanotcentralen.se\/sv\/"},{"@type":"ListItem","position":2,"name":"Regler for booking"}]},{"@type":"WebSite","@id":"https:\/\/kanotcentralen.se\/sv\/#website","url":"https:\/\/kanotcentralen.se\/sv\/","name":"Kanotcentralen i Stockam\u00f6llan","description":"Hyra kanot i vackra Sk\u00e5ne","publisher":{"@id":"https:\/\/kanotcentralen.se\/sv\/#organization"},"potentialAction":[{"@type":"SearchAction","target":{"@type":"EntryPoint","urlTemplate":"https:\/\/kanotcentralen.se\/sv\/?s={search_term_string}"},"query-input":{"@type":"PropertyValueSpecification","valueRequired":true,"valueName":"search_term_string"}}],"inLanguage":"da-DK"},{"@type":"Organization","@id":"https:\/\/kanotcentralen.se\/sv\/#organization","name":"Kanotcentralen i Stockam\u00f6llan","url":"https:\/\/kanotcentralen.se\/sv\/","logo":{"@type":"ImageObject","inLanguage":"da-DK","@id":"https:\/\/kanotcentralen.se\/sv\/#\/schema\/logo\/image\/","url":"https:\/\/kanotcentralen.se\/wp-content\/uploads\/2022\/02\/kanotcentralen-logo.png","contentUrl":"https:\/\/kanotcentralen.se\/wp-content\/uploads\/2022\/02\/kanotcentralen-logo.png","width":300,"height":42,"caption":"Kanotcentralen i Stockam\u00f6llan"},"image":{"@id":"https:\/\/kanotcentralen.se\/sv\/#\/schema\/logo\/image\/"},"sameAs":["https:\/\/www.facebook.com\/kanotcentralen\/","https:\/\/www.instagram.com\/kanotcentralen\/"]}]}},"_links":{"self":[{"href":"https:\/\/kanotcentralen.se\/da\/wp-json\/wp\/v2\/pages\/1282","targetHints":{"allow":["GET"]}}],"collection":[{"href":"https:\/\/kanotcentralen.se\/da\/wp-json\/wp\/v2\/pages"}],"about":[{"href":"https:\/\/kanotcentralen.se\/da\/wp-json\/wp\/v2\/types\/page"}],"author":[{"embeddable":true,"href":"https:\/\/kanotcentralen.se\/da\/wp-json\/wp\/v2\/users\/1"}],"replies":[{"embeddable":true,"href":"https:\/\/kanotcentralen.se\/da\/wp-json\/wp\/v2\/comments?post=1282"}],"version-history":[{"count":26,"href":"https:\/\/kanotcentralen.se\/da\/wp-json\/wp\/v2\/pages\/1282\/revisions"}],"predecessor-version":[{"id":6712,"href":"https:\/\/kanotcentralen.se\/da\/wp-json\/wp\/v2\/pages\/1282\/revisions\/6712"}],"wp:attachment":[{"href":"https:\/\/kanotcentralen.se\/da\/wp-json\/wp\/v2\/media?parent=1282"}],"curies":[{"name":"wp","href":"https:\/\/api.w.org\/{rel}","templated":true}]}}