{"id":1265,"date":"2023-01-17T19:28:24","date_gmt":"2023-01-17T19:28:24","guid":{"rendered":"https:\/\/kanotcentralen.se\/stugovernattning-i-anderstorp\/"},"modified":"2026-03-19T12:11:27","modified_gmt":"2026-03-19T12:11:27","slug":"stugovernattning-i-anderstorp","status":"publish","type":"page","link":"https:\/\/kanotcentralen.se\/da\/stugovernattning-i-anderstorp\/","title":{"rendered":"Overnatning i sommerhus i Anderstorp"},"content":{"rendered":"\t\t<div data-elementor-type=\"wp-page\" data-elementor-id=\"1265\" class=\"elementor elementor-1265 elementor-380\" data-elementor-post-type=\"page\">\n\t\t\t\t\t\t<section class=\"elementor-section elementor-top-section elementor-element elementor-element-dd4be69 elementor-section-full_width elementor-section-height-min-height elementor-section-height-default elementor-section-items-middle\" data-id=\"dd4be69\" data-element_type=\"section\" data-e-type=\"section\" data-settings=\"{&quot;background_background&quot;:&quot;classic&quot;}\">\n\t\t\t\t\t\t\t<div class=\"elementor-background-overlay\"><\/div>\n\t\t\t\t\t\t\t<div class=\"elementor-container elementor-column-gap-default\">\n\t\t\t\t\t<div class=\"elementor-column elementor-col-100 elementor-top-column elementor-element elementor-element-6efd250\" data-id=\"6efd250\" data-element_type=\"column\" data-e-type=\"column\">\n\t\t\t<div class=\"elementor-widget-wrap elementor-element-populated\">\n\t\t\t\t\t\t<section class=\"elementor-section elementor-inner-section elementor-element elementor-element-1e7acc0 elementor-section-boxed elementor-section-height-default elementor-section-height-default\" data-id=\"1e7acc0\" data-element_type=\"section\" data-e-type=\"section\">\n\t\t\t\t\t\t<div class=\"elementor-container elementor-column-gap-default\">\n\t\t\t\t\t<div class=\"elementor-column elementor-col-100 elementor-inner-column elementor-element elementor-element-ba55ff3\" data-id=\"ba55ff3\" data-element_type=\"column\" data-e-type=\"column\">\n\t\t\t<div class=\"elementor-widget-wrap elementor-element-populated\">\n\t\t\t\t\t\t<div class=\"elementor-element elementor-element-f6001b3 elementor-widget elementor-widget-heading\" data-id=\"f6001b3\" data-element_type=\"widget\" data-e-type=\"widget\" data-widget_type=\"heading.default\">\n\t\t\t\t<div class=\"elementor-widget-container\">\n\t\t\t\t\t<h2 class=\"elementor-heading-title elementor-size-default\">Overnatning i sommerhus i Anderstorp<\/h2>\t\t\t\t<\/div>\n\t\t\t\t<\/div>\n\t\t\t\t\t<\/div>\n\t\t<\/div>\n\t\t\t\t\t<\/div>\n\t\t<\/section>\n\t\t\t\t<div class=\"elementor-element elementor-element-9ae5673 elementor-widget__width-auto elementor-fixed e-transform elementor-widget elementor-widget-button\" data-id=\"9ae5673\" data-element_type=\"widget\" data-e-type=\"widget\" data-settings=\"{&quot;_position&quot;:&quot;fixed&quot;,&quot;_transform_rotateZ_effect&quot;:{&quot;unit&quot;:&quot;px&quot;,&quot;size&quot;:-90,&quot;sizes&quot;:[]},&quot;_transform_rotateZ_effect_tablet&quot;:{&quot;unit&quot;:&quot;deg&quot;,&quot;size&quot;:&quot;&quot;,&quot;sizes&quot;:[]},&quot;_transform_rotateZ_effect_mobile&quot;:{&quot;unit&quot;:&quot;deg&quot;,&quot;size&quot;:&quot;&quot;,&quot;sizes&quot;:[]}}\" data-widget_type=\"button.default\">\n\t\t\t\t<div class=\"elementor-widget-container\">\n\t\t\t\t\t\t\t\t\t<div class=\"elementor-button-wrapper\">\n\t\t\t\t\t<a class=\"elementor-button elementor-button-link elementor-size-sm\" href=\"https:\/\/app.bookspot.io\/widget\/v3?widgetId=1358f547-502a-4357-a6df-925c7210b8fb\">\n\t\t\t\t\t\t<span class=\"elementor-button-content-wrapper\">\n\t\t\t\t\t\t\t\t\t<span class=\"elementor-button-text\">Book her<\/span>\n\t\t\t\t\t<\/span>\n\t\t\t\t\t<\/a>\n\t\t\t\t<\/div>\n\t\t\t\t\t\t\t\t<\/div>\n\t\t\t\t<\/div>\n\t\t\t\t\t<\/div>\n\t\t<\/div>\n\t\t\t\t\t<\/div>\n\t\t<\/section>\n\t\t\t\t<section class=\"elementor-section elementor-top-section elementor-element elementor-element-e8fc808 elementor-section-boxed elementor-section-height-default elementor-section-height-default\" data-id=\"e8fc808\" data-element_type=\"section\" data-e-type=\"section\" data-settings=\"{&quot;background_background&quot;:&quot;classic&quot;}\">\n\t\t\t\t\t\t<div class=\"elementor-container elementor-column-gap-default\">\n\t\t\t\t\t<div class=\"elementor-column elementor-col-100 elementor-top-column elementor-element elementor-element-9b42e7b\" data-id=\"9b42e7b\" data-element_type=\"column\" data-e-type=\"column\">\n\t\t\t<div class=\"elementor-widget-wrap elementor-element-populated\">\n\t\t\t\t\t\t<section class=\"elementor-section elementor-inner-section elementor-element elementor-element-dba4349 elementor-section-boxed elementor-section-height-default elementor-section-height-default\" data-id=\"dba4349\" data-element_type=\"section\" data-e-type=\"section\" data-settings=\"{&quot;background_background&quot;:&quot;classic&quot;}\">\n\t\t\t\t\t\t<div class=\"elementor-container elementor-column-gap-default\">\n\t\t\t\t\t<div class=\"elementor-column elementor-col-100 elementor-inner-column elementor-element elementor-element-7b798c6\" data-id=\"7b798c6\" data-element_type=\"column\" data-e-type=\"column\">\n\t\t\t<div class=\"elementor-widget-wrap elementor-element-populated\">\n\t\t\t\t\t\t<div class=\"elementor-element elementor-element-6e5d4af elementor-widget elementor-widget-heading\" data-id=\"6e5d4af\" data-element_type=\"widget\" data-e-type=\"widget\" data-widget_type=\"heading.default\">\n\t\t\t\t<div class=\"elementor-widget-container\">\n\t\t\t\t\t<h2 class=\"elementor-heading-title elementor-size-default\">Lev mere komfortabelt<\/h2>\t\t\t\t<\/div>\n\t\t\t\t<\/div>\n\t\t\t\t<div class=\"elementor-element elementor-element-84cca46 elementor-widget elementor-widget-text-editor\" data-id=\"84cca46\" data-element_type=\"widget\" data-e-type=\"widget\" data-widget_type=\"text-editor.default\">\n\t\t\t\t<div class=\"elementor-widget-container\">\n\t\t\t\t\t\t\t\t\t<article class=\"container maincontent\">\n<div class=\"small\">\n<div class=\"content-body\">\n<p>Hvis du ikke har lyst til at sove i telt eller shelter p\u00e5 en af de offentlige campingpladser, er her et alternativ, der giver dig et mere komfortabelt ophold.<\/p>\n<p>Hytten har 6 senge (sengelinned og h\u00e5ndkl\u00e6der er ikke inkluderet), toilet, k\u00f8leskab, fryser, ovn, mikroovn, kaffemaskine, tv, elektricitet og rindende vand. Der er en grillplads uden for hytten.<\/p>\n<p>De i din gruppe, som ikke kan sove i hytten, kan overnatte p\u00e5 campingpladsen i Anderstorp, som ligger 570 meter v\u00e6k, cirka 10 minutters gang fra hytten.<\/p>\n<p><strong>Prisen for at overnatte i hytten afh\u00e6nger af antallet af personer:<\/strong><\/p>\n<p>1-2 personer 795 SEK<\/p>\n<p>3-6 personer 995 SEK<\/p>\n<p>Ved afrejse skal sommerhuset v\u00e6re grundigt rengjort og efterlades i samme gode stand, som du fandt det ved ankomst.<\/p>\n<p><strong>OBS!<\/strong><\/p>\n<p>Afbestilling af kahytter skal ske senest kl. 12.00 tre dage f\u00f8r afrejse.<\/p>\n<p>Dyr er ikke tilladt i sommerhuset p\u00e5 grund af allergirisiko.<\/p>\n<p>Camping er ikke tilladt i n\u00e6rheden af sommerhuset, da det ligger p\u00e5 en g\u00e5rd.<\/p>\n<p>Check-out skal finde sted senest kl. 12.00.<\/p>\n<\/div>\n<\/div>\n<\/article>\n<article class=\"container maincontent\">\n<div class=\"small\">\n<div class=\"templatefields twelve\">\n<div class=\"container flex margin\"> <\/div>\n<\/div>\n<\/div>\n<\/article>\n\t\t\t\t\t\t\t\t<\/div>\n\t\t\t\t<\/div>\n\t\t\t\t<div class=\"elementor-element elementor-element-43aa91f gallery-spacing-custom elementor-widget elementor-widget-image-gallery\" data-id=\"43aa91f\" data-element_type=\"widget\" data-e-type=\"widget\" data-widget_type=\"image-gallery.default\">\n\t\t\t\t<div class=\"elementor-widget-container\">\n\t\t\t\t\t\t\t<div class=\"elementor-image-gallery\">\n\t\t\t<div id='gallery-1' class='gallery galleryid-1265 gallery-columns-3 gallery-size-full'><figure class='gallery-item'>\n\t\t\t<div class='gallery-icon landscape'>\n\t\t\t\t<a data-elementor-open-lightbox=\"yes\" data-elementor-lightbox-slideshow=\"43aa91f\" data-elementor-lightbox-title=\"1548928563_1\" data-e-action-hash=\"#elementor-action%3Aaction%3Dlightbox%26settings%3DeyJpZCI6MTE0MiwidXJsIjoiaHR0cHM6XC9cL2thbm90Y2VudHJhbGVuLnNlXC93cC1jb250ZW50XC91cGxvYWRzXC8yMDIzXC8wMVwvMTU0ODkyODU2M18xLndlYnAiLCJzbGlkZXNob3ciOiI0M2FhOTFmIn0%3D\" href='https:\/\/kanotcentralen.se\/wp-content\/uploads\/2023\/01\/1548928563_1.webp'><img fetchpriority=\"high\" decoding=\"async\" width=\"550\" height=\"550\" src=\"https:\/\/kanotcentralen.se\/wp-content\/uploads\/2023\/01\/1548928563_1.webp\" class=\"attachment-full size-full\" alt=\"\" srcset=\"https:\/\/kanotcentralen.se\/wp-content\/uploads\/2023\/01\/1548928563_1.webp 550w, https:\/\/kanotcentralen.se\/wp-content\/uploads\/2023\/01\/1548928563_1-300x300.webp 300w, https:\/\/kanotcentralen.se\/wp-content\/uploads\/2023\/01\/1548928563_1-150x150.webp 150w\" sizes=\"(max-width: 550px) 100vw, 550px\" \/><\/a>\n\t\t\t<\/div><\/figure><figure class='gallery-item'>\n\t\t\t<div class='gallery-icon landscape'>\n\t\t\t\t<a data-elementor-open-lightbox=\"yes\" data-elementor-lightbox-slideshow=\"43aa91f\" data-elementor-lightbox-title=\"1548928563_3\" data-e-action-hash=\"#elementor-action%3Aaction%3Dlightbox%26settings%3DeyJpZCI6MTE0NiwidXJsIjoiaHR0cHM6XC9cL2thbm90Y2VudHJhbGVuLnNlXC93cC1jb250ZW50XC91cGxvYWRzXC8yMDIzXC8wMVwvMTU0ODkyODU2M18zLndlYnAiLCJzbGlkZXNob3ciOiI0M2FhOTFmIn0%3D\" href='https:\/\/kanotcentralen.se\/wp-content\/uploads\/2023\/01\/1548928563_3.webp'><img decoding=\"async\" width=\"550\" height=\"550\" src=\"https:\/\/kanotcentralen.se\/wp-content\/uploads\/2023\/01\/1548928563_3.webp\" class=\"attachment-full size-full\" alt=\"\" srcset=\"https:\/\/kanotcentralen.se\/wp-content\/uploads\/2023\/01\/1548928563_3.webp 550w, https:\/\/kanotcentralen.se\/wp-content\/uploads\/2023\/01\/1548928563_3-300x300.webp 300w, https:\/\/kanotcentralen.se\/wp-content\/uploads\/2023\/01\/1548928563_3-150x150.webp 150w\" sizes=\"(max-width: 550px) 100vw, 550px\" \/><\/a>\n\t\t\t<\/div><\/figure><figure class='gallery-item'>\n\t\t\t<div class='gallery-icon landscape'>\n\t\t\t\t<a data-elementor-open-lightbox=\"yes\" data-elementor-lightbox-slideshow=\"43aa91f\" data-elementor-lightbox-title=\"1548928563_4\" data-e-action-hash=\"#elementor-action%3Aaction%3Dlightbox%26settings%3DeyJpZCI6MTE1MCwidXJsIjoiaHR0cHM6XC9cL2thbm90Y2VudHJhbGVuLnNlXC93cC1jb250ZW50XC91cGxvYWRzXC8yMDIzXC8wMVwvMTU0ODkyODU2M180LndlYnAiLCJzbGlkZXNob3ciOiI0M2FhOTFmIn0%3D\" href='https:\/\/kanotcentralen.se\/wp-content\/uploads\/2023\/01\/1548928563_4.webp'><img decoding=\"async\" width=\"550\" height=\"550\" src=\"https:\/\/kanotcentralen.se\/wp-content\/uploads\/2023\/01\/1548928563_4.webp\" class=\"attachment-full size-full\" alt=\"\" srcset=\"https:\/\/kanotcentralen.se\/wp-content\/uploads\/2023\/01\/1548928563_4.webp 550w, https:\/\/kanotcentralen.se\/wp-content\/uploads\/2023\/01\/1548928563_4-300x300.webp 300w, https:\/\/kanotcentralen.se\/wp-content\/uploads\/2023\/01\/1548928563_4-150x150.webp 150w\" sizes=\"(max-width: 550px) 100vw, 550px\" \/><\/a>\n\t\t\t<\/div><\/figure><figure class='gallery-item'>\n\t\t\t<div class='gallery-icon landscape'>\n\t\t\t\t<a data-elementor-open-lightbox=\"yes\" data-elementor-lightbox-slideshow=\"43aa91f\" data-elementor-lightbox-title=\"1548928564_5\" data-e-action-hash=\"#elementor-action%3Aaction%3Dlightbox%26settings%3DeyJpZCI6MTE1OCwidXJsIjoiaHR0cHM6XC9cL2thbm90Y2VudHJhbGVuLnNlXC93cC1jb250ZW50XC91cGxvYWRzXC8yMDIzXC8wMVwvMTU0ODkyODU2NF81LndlYnAiLCJzbGlkZXNob3ciOiI0M2FhOTFmIn0%3D\" href='https:\/\/kanotcentralen.se\/wp-content\/uploads\/2023\/01\/1548928564_5.webp'><img loading=\"lazy\" decoding=\"async\" width=\"550\" height=\"550\" src=\"https:\/\/kanotcentralen.se\/wp-content\/uploads\/2023\/01\/1548928564_5.webp\" class=\"attachment-full size-full\" alt=\"\" srcset=\"https:\/\/kanotcentralen.se\/wp-content\/uploads\/2023\/01\/1548928564_5.webp 550w, https:\/\/kanotcentralen.se\/wp-content\/uploads\/2023\/01\/1548928564_5-300x300.webp 300w, https:\/\/kanotcentralen.se\/wp-content\/uploads\/2023\/01\/1548928564_5-150x150.webp 150w\" sizes=\"(max-width: 550px) 100vw, 550px\" \/><\/a>\n\t\t\t<\/div><\/figure><figure class='gallery-item'>\n\t\t\t<div class='gallery-icon landscape'>\n\t\t\t\t<a data-elementor-open-lightbox=\"yes\" data-elementor-lightbox-slideshow=\"43aa91f\" data-elementor-lightbox-title=\"1548928564_2\" data-e-action-hash=\"#elementor-action%3Aaction%3Dlightbox%26settings%3DeyJpZCI6MTE1NCwidXJsIjoiaHR0cHM6XC9cL2thbm90Y2VudHJhbGVuLnNlXC93cC1jb250ZW50XC91cGxvYWRzXC8yMDIzXC8wMVwvMTU0ODkyODU2NF8yLndlYnAiLCJzbGlkZXNob3ciOiI0M2FhOTFmIn0%3D\" href='https:\/\/kanotcentralen.se\/wp-content\/uploads\/2023\/01\/1548928564_2.webp'><img loading=\"lazy\" decoding=\"async\" width=\"550\" height=\"550\" src=\"https:\/\/kanotcentralen.se\/wp-content\/uploads\/2023\/01\/1548928564_2.webp\" class=\"attachment-full size-full\" alt=\"\" srcset=\"https:\/\/kanotcentralen.se\/wp-content\/uploads\/2023\/01\/1548928564_2.webp 550w, https:\/\/kanotcentralen.se\/wp-content\/uploads\/2023\/01\/1548928564_2-300x300.webp 300w, https:\/\/kanotcentralen.se\/wp-content\/uploads\/2023\/01\/1548928564_2-150x150.webp 150w\" sizes=\"(max-width: 550px) 100vw, 550px\" \/><\/a>\n\t\t\t<\/div><\/figure><figure class='gallery-item'>\n\t\t\t<div class='gallery-icon landscape'>\n\t\t\t\t<a data-elementor-open-lightbox=\"yes\" data-elementor-lightbox-slideshow=\"43aa91f\" data-elementor-lightbox-title=\"1548928565_6\" data-e-action-hash=\"#elementor-action%3Aaction%3Dlightbox%26settings%3DeyJpZCI6MTE2MiwidXJsIjoiaHR0cHM6XC9cL2thbm90Y2VudHJhbGVuLnNlXC93cC1jb250ZW50XC91cGxvYWRzXC8yMDIzXC8wMVwvMTU0ODkyODU2NV82LndlYnAiLCJzbGlkZXNob3ciOiI0M2FhOTFmIn0%3D\" href='https:\/\/kanotcentralen.se\/wp-content\/uploads\/2023\/01\/1548928565_6.webp'><img loading=\"lazy\" decoding=\"async\" width=\"550\" height=\"550\" src=\"https:\/\/kanotcentralen.se\/wp-content\/uploads\/2023\/01\/1548928565_6.webp\" class=\"attachment-full size-full\" alt=\"\" srcset=\"https:\/\/kanotcentralen.se\/wp-content\/uploads\/2023\/01\/1548928565_6.webp 550w, https:\/\/kanotcentralen.se\/wp-content\/uploads\/2023\/01\/1548928565_6-300x300.webp 300w, https:\/\/kanotcentralen.se\/wp-content\/uploads\/2023\/01\/1548928565_6-150x150.webp 150w\" sizes=\"(max-width: 550px) 100vw, 550px\" \/><\/a>\n\t\t\t<\/div><\/figure>\n\t\t<\/div>\n\t\t<\/div>\n\t\t\t\t\t\t<\/div>\n\t\t\t\t<\/div>\n\t\t\t\t\t<\/div>\n\t\t<\/div>\n\t\t\t\t\t<\/div>\n\t\t<\/section>\n\t\t\t\t\t<\/div>\n\t\t<\/div>\n\t\t\t\t\t<\/div>\n\t\t<\/section>\n\t\t\t\t<\/div>\n\t\t","protected":false},"excerpt":{"rendered":"<p>Overnatning i sommerhus i Anderstorp Book her Lev mere komfortabelt Hvis du ikke har lyst til at sove i telt eller shelter p\u00e5 en af de offentlige campingpladser, er her et alternativ, der giver dig et mere komfortabelt ophold. Hytten har 6 senge (sengelinned og h\u00e5ndkl\u00e6der er ikke inkluderet), toilet, k\u00f8leskab, fryser, ovn, mikroovn, kaffemaskine, [&hellip;]<\/p>\n","protected":false},"author":1,"featured_media":0,"parent":0,"menu_order":0,"comment_status":"closed","ping_status":"closed","template":"","meta":{"footnotes":""},"class_list":["post-1265","page","type-page","status-publish","hentry"],"yoast_head":"<!-- This site is optimized with the Yoast SEO plugin v26.0 - https:\/\/yoast.com\/wordpress\/plugins\/seo\/ -->\n<title>Overnatning i sommerhus i Anderstorp &#8211; Kanotcentralen i Stockam\u00f6llan<\/title>\n<meta name=\"robots\" content=\"index, follow, max-snippet:-1, max-image-preview:large, max-video-preview:-1\" \/>\n<link rel=\"canonical\" href=\"https:\/\/kanotcentralen.se\/sv\/stugovernattning-i-anderstorp\/\" \/>\n<meta property=\"og:locale\" content=\"da_DK\" \/>\n<meta property=\"og:type\" content=\"article\" \/>\n<meta property=\"og:title\" content=\"Overnatning i sommerhus i Anderstorp &#8211; Kanotcentralen i Stockam\u00f6llan\" \/>\n<meta property=\"og:description\" content=\"Overnatning i sommerhus i Anderstorp Book her Lev mere komfortabelt Hvis du ikke har lyst til at sove i telt eller shelter p\u00e5 en af de offentlige campingpladser, er her et alternativ, der giver dig et mere komfortabelt ophold. Hytten har 6 senge (sengelinned og h\u00e5ndkl\u00e6der er ikke inkluderet), toilet, k\u00f8leskab, fryser, ovn, mikroovn, kaffemaskine, [&hellip;]\" \/>\n<meta property=\"og:url\" content=\"https:\/\/kanotcentralen.se\/sv\/stugovernattning-i-anderstorp\/\" \/>\n<meta property=\"og:site_name\" content=\"Kanotcentralen i Stockam\u00f6llan\" \/>\n<meta property=\"article:publisher\" content=\"https:\/\/www.facebook.com\/kanotcentralen\/\" \/>\n<meta property=\"article:modified_time\" content=\"2026-03-19T12:11:27+00:00\" \/>\n<meta property=\"og:image\" content=\"https:\/\/kanotcentralen.se\/wp-content\/uploads\/2023\/01\/1548928563_1.webp\" \/>\n<meta name=\"twitter:card\" content=\"summary_large_image\" \/>\n<meta name=\"twitter:label1\" content=\"Estimeret l\u00e6setid\" \/>\n\t<meta name=\"twitter:data1\" content=\"3 minutter\" \/>\n<script type=\"application\/ld+json\" class=\"yoast-schema-graph\">{\"@context\":\"https:\/\/schema.org\",\"@graph\":[{\"@type\":\"WebPage\",\"@id\":\"https:\/\/kanotcentralen.se\/sv\/stugovernattning-i-anderstorp\/\",\"url\":\"https:\/\/kanotcentralen.se\/sv\/stugovernattning-i-anderstorp\/\",\"name\":\"Overnatning i sommerhus i Anderstorp &#8211; Kanotcentralen i Stockam\u00f6llan\",\"isPartOf\":{\"@id\":\"https:\/\/kanotcentralen.se\/sv\/#website\"},\"primaryImageOfPage\":{\"@id\":\"https:\/\/kanotcentralen.se\/sv\/stugovernattning-i-anderstorp\/#primaryimage\"},\"image\":{\"@id\":\"https:\/\/kanotcentralen.se\/sv\/stugovernattning-i-anderstorp\/#primaryimage\"},\"thumbnailUrl\":\"https:\/\/kanotcentralen.se\/wp-content\/uploads\/2023\/01\/1548928563_1.webp\",\"datePublished\":\"2023-01-17T19:28:24+00:00\",\"dateModified\":\"2026-03-19T12:11:27+00:00\",\"breadcrumb\":{\"@id\":\"https:\/\/kanotcentralen.se\/sv\/stugovernattning-i-anderstorp\/#breadcrumb\"},\"inLanguage\":\"da-DK\",\"potentialAction\":[{\"@type\":\"ReadAction\",\"target\":[\"https:\/\/kanotcentralen.se\/sv\/stugovernattning-i-anderstorp\/\"]}]},{\"@type\":\"ImageObject\",\"inLanguage\":\"da-DK\",\"@id\":\"https:\/\/kanotcentralen.se\/sv\/stugovernattning-i-anderstorp\/#primaryimage\",\"url\":\"https:\/\/kanotcentralen.se\/wp-content\/uploads\/2023\/01\/1548928563_1.webp\",\"contentUrl\":\"https:\/\/kanotcentralen.se\/wp-content\/uploads\/2023\/01\/1548928563_1.webp\"},{\"@type\":\"BreadcrumbList\",\"@id\":\"https:\/\/kanotcentralen.se\/sv\/stugovernattning-i-anderstorp\/#breadcrumb\",\"itemListElement\":[{\"@type\":\"ListItem\",\"position\":1,\"name\":\"Hem\",\"item\":\"https:\/\/kanotcentralen.se\/sv\/\"},{\"@type\":\"ListItem\",\"position\":2,\"name\":\"Overnatning i sommerhus i Anderstorp\"}]},{\"@type\":\"WebSite\",\"@id\":\"https:\/\/kanotcentralen.se\/sv\/#website\",\"url\":\"https:\/\/kanotcentralen.se\/sv\/\",\"name\":\"Kanotcentralen i Stockam\u00f6llan\",\"description\":\"Hyra kanot i vackra Sk\u00e5ne\",\"publisher\":{\"@id\":\"https:\/\/kanotcentralen.se\/sv\/#organization\"},\"potentialAction\":[{\"@type\":\"SearchAction\",\"target\":{\"@type\":\"EntryPoint\",\"urlTemplate\":\"https:\/\/kanotcentralen.se\/sv\/?s={search_term_string}\"},\"query-input\":{\"@type\":\"PropertyValueSpecification\",\"valueRequired\":true,\"valueName\":\"search_term_string\"}}],\"inLanguage\":\"da-DK\"},{\"@type\":\"Organization\",\"@id\":\"https:\/\/kanotcentralen.se\/sv\/#organization\",\"name\":\"Kanotcentralen i Stockam\u00f6llan\",\"url\":\"https:\/\/kanotcentralen.se\/sv\/\",\"logo\":{\"@type\":\"ImageObject\",\"inLanguage\":\"da-DK\",\"@id\":\"https:\/\/kanotcentralen.se\/sv\/#\/schema\/logo\/image\/\",\"url\":\"https:\/\/kanotcentralen.se\/wp-content\/uploads\/2022\/02\/kanotcentralen-logo.png\",\"contentUrl\":\"https:\/\/kanotcentralen.se\/wp-content\/uploads\/2022\/02\/kanotcentralen-logo.png\",\"width\":300,\"height\":42,\"caption\":\"Kanotcentralen i Stockam\u00f6llan\"},\"image\":{\"@id\":\"https:\/\/kanotcentralen.se\/sv\/#\/schema\/logo\/image\/\"},\"sameAs\":[\"https:\/\/www.facebook.com\/kanotcentralen\/\",\"https:\/\/www.instagram.com\/kanotcentralen\/\"]}]}<\/script>\n<!-- \/ Yoast SEO plugin. -->","yoast_head_json":{"title":"Overnatning i sommerhus i Anderstorp &#8211; Kanotcentralen i Stockam\u00f6llan","robots":{"index":"index","follow":"follow","max-snippet":"max-snippet:-1","max-image-preview":"max-image-preview:large","max-video-preview":"max-video-preview:-1"},"canonical":"https:\/\/kanotcentralen.se\/sv\/stugovernattning-i-anderstorp\/","og_locale":"da_DK","og_type":"article","og_title":"Overnatning i sommerhus i Anderstorp &#8211; Kanotcentralen i Stockam\u00f6llan","og_description":"Overnatning i sommerhus i Anderstorp Book her Lev mere komfortabelt Hvis du ikke har lyst til at sove i telt eller shelter p\u00e5 en af de offentlige campingpladser, er her et alternativ, der giver dig et mere komfortabelt ophold. Hytten har 6 senge (sengelinned og h\u00e5ndkl\u00e6der er ikke inkluderet), toilet, k\u00f8leskab, fryser, ovn, mikroovn, kaffemaskine, [&hellip;]","og_url":"https:\/\/kanotcentralen.se\/sv\/stugovernattning-i-anderstorp\/","og_site_name":"Kanotcentralen i Stockam\u00f6llan","article_publisher":"https:\/\/www.facebook.com\/kanotcentralen\/","article_modified_time":"2026-03-19T12:11:27+00:00","og_image":[{"url":"https:\/\/kanotcentralen.se\/wp-content\/uploads\/2023\/01\/1548928563_1.webp","type":"","width":"","height":""}],"twitter_card":"summary_large_image","twitter_misc":{"Estimeret l\u00e6setid":"3 minutter"},"schema":{"@context":"https:\/\/schema.org","@graph":[{"@type":"WebPage","@id":"https:\/\/kanotcentralen.se\/sv\/stugovernattning-i-anderstorp\/","url":"https:\/\/kanotcentralen.se\/sv\/stugovernattning-i-anderstorp\/","name":"Overnatning i sommerhus i Anderstorp &#8211; Kanotcentralen i Stockam\u00f6llan","isPartOf":{"@id":"https:\/\/kanotcentralen.se\/sv\/#website"},"primaryImageOfPage":{"@id":"https:\/\/kanotcentralen.se\/sv\/stugovernattning-i-anderstorp\/#primaryimage"},"image":{"@id":"https:\/\/kanotcentralen.se\/sv\/stugovernattning-i-anderstorp\/#primaryimage"},"thumbnailUrl":"https:\/\/kanotcentralen.se\/wp-content\/uploads\/2023\/01\/1548928563_1.webp","datePublished":"2023-01-17T19:28:24+00:00","dateModified":"2026-03-19T12:11:27+00:00","breadcrumb":{"@id":"https:\/\/kanotcentralen.se\/sv\/stugovernattning-i-anderstorp\/#breadcrumb"},"inLanguage":"da-DK","potentialAction":[{"@type":"ReadAction","target":["https:\/\/kanotcentralen.se\/sv\/stugovernattning-i-anderstorp\/"]}]},{"@type":"ImageObject","inLanguage":"da-DK","@id":"https:\/\/kanotcentralen.se\/sv\/stugovernattning-i-anderstorp\/#primaryimage","url":"https:\/\/kanotcentralen.se\/wp-content\/uploads\/2023\/01\/1548928563_1.webp","contentUrl":"https:\/\/kanotcentralen.se\/wp-content\/uploads\/2023\/01\/1548928563_1.webp"},{"@type":"BreadcrumbList","@id":"https:\/\/kanotcentralen.se\/sv\/stugovernattning-i-anderstorp\/#breadcrumb","itemListElement":[{"@type":"ListItem","position":1,"name":"Hem","item":"https:\/\/kanotcentralen.se\/sv\/"},{"@type":"ListItem","position":2,"name":"Overnatning i sommerhus i Anderstorp"}]},{"@type":"WebSite","@id":"https:\/\/kanotcentralen.se\/sv\/#website","url":"https:\/\/kanotcentralen.se\/sv\/","name":"Kanotcentralen i Stockam\u00f6llan","description":"Hyra kanot i vackra Sk\u00e5ne","publisher":{"@id":"https:\/\/kanotcentralen.se\/sv\/#organization"},"potentialAction":[{"@type":"SearchAction","target":{"@type":"EntryPoint","urlTemplate":"https:\/\/kanotcentralen.se\/sv\/?s={search_term_string}"},"query-input":{"@type":"PropertyValueSpecification","valueRequired":true,"valueName":"search_term_string"}}],"inLanguage":"da-DK"},{"@type":"Organization","@id":"https:\/\/kanotcentralen.se\/sv\/#organization","name":"Kanotcentralen i Stockam\u00f6llan","url":"https:\/\/kanotcentralen.se\/sv\/","logo":{"@type":"ImageObject","inLanguage":"da-DK","@id":"https:\/\/kanotcentralen.se\/sv\/#\/schema\/logo\/image\/","url":"https:\/\/kanotcentralen.se\/wp-content\/uploads\/2022\/02\/kanotcentralen-logo.png","contentUrl":"https:\/\/kanotcentralen.se\/wp-content\/uploads\/2022\/02\/kanotcentralen-logo.png","width":300,"height":42,"caption":"Kanotcentralen i Stockam\u00f6llan"},"image":{"@id":"https:\/\/kanotcentralen.se\/sv\/#\/schema\/logo\/image\/"},"sameAs":["https:\/\/www.facebook.com\/kanotcentralen\/","https:\/\/www.instagram.com\/kanotcentralen\/"]}]}},"_links":{"self":[{"href":"https:\/\/kanotcentralen.se\/da\/wp-json\/wp\/v2\/pages\/1265","targetHints":{"allow":["GET"]}}],"collection":[{"href":"https:\/\/kanotcentralen.se\/da\/wp-json\/wp\/v2\/pages"}],"about":[{"href":"https:\/\/kanotcentralen.se\/da\/wp-json\/wp\/v2\/types\/page"}],"author":[{"embeddable":true,"href":"https:\/\/kanotcentralen.se\/da\/wp-json\/wp\/v2\/users\/1"}],"replies":[{"embeddable":true,"href":"https:\/\/kanotcentralen.se\/da\/wp-json\/wp\/v2\/comments?post=1265"}],"version-history":[{"count":24,"href":"https:\/\/kanotcentralen.se\/da\/wp-json\/wp\/v2\/pages\/1265\/revisions"}],"predecessor-version":[{"id":6709,"href":"https:\/\/kanotcentralen.se\/da\/wp-json\/wp\/v2\/pages\/1265\/revisions\/6709"}],"wp:attachment":[{"href":"https:\/\/kanotcentralen.se\/da\/wp-json\/wp\/v2\/media?parent=1265"}],"curies":[{"name":"wp","href":"https:\/\/api.w.org\/{rel}","templated":true}]}}