{"id":1233,"date":"2023-01-18T17:32:46","date_gmt":"2023-01-18T17:32:46","guid":{"rendered":"https:\/\/kanotcentralen.se\/boka-ditt-kanot-och-kajakaventyr-har\/"},"modified":"2026-03-19T11:51:43","modified_gmt":"2026-03-19T11:51:43","slug":"boka-ditt-kanot-och-kajakaventyr-har","status":"publish","type":"page","link":"https:\/\/kanotcentralen.se\/da\/boka-ditt-kanot-och-kajakaventyr-har\/","title":{"rendered":"Bog"},"content":{"rendered":"\t\t<div data-elementor-type=\"wp-page\" data-elementor-id=\"1233\" class=\"elementor elementor-1233 elementor-473\" data-elementor-post-type=\"page\">\n\t\t\t\t\t\t<section class=\"elementor-section elementor-top-section elementor-element elementor-element-dd4be69 elementor-section-full_width elementor-section-height-min-height elementor-section-height-default elementor-section-items-middle\" data-id=\"dd4be69\" data-element_type=\"section\" data-e-type=\"section\" data-settings=\"{&quot;background_background&quot;:&quot;classic&quot;}\">\n\t\t\t\t\t\t\t<div class=\"elementor-background-overlay\"><\/div>\n\t\t\t\t\t\t\t<div class=\"elementor-container elementor-column-gap-default\">\n\t\t\t\t\t<div class=\"elementor-column elementor-col-100 elementor-top-column elementor-element elementor-element-6efd250\" data-id=\"6efd250\" data-element_type=\"column\" data-e-type=\"column\">\n\t\t\t<div class=\"elementor-widget-wrap elementor-element-populated\">\n\t\t\t\t\t\t<section class=\"elementor-section elementor-inner-section elementor-element elementor-element-1e7acc0 elementor-section-boxed elementor-section-height-default elementor-section-height-default\" data-id=\"1e7acc0\" data-element_type=\"section\" data-e-type=\"section\">\n\t\t\t\t\t\t<div class=\"elementor-container elementor-column-gap-default\">\n\t\t\t\t\t<div class=\"elementor-column elementor-col-100 elementor-inner-column elementor-element elementor-element-ba55ff3\" data-id=\"ba55ff3\" data-element_type=\"column\" data-e-type=\"column\">\n\t\t\t<div class=\"elementor-widget-wrap elementor-element-populated\">\n\t\t\t\t\t\t<div class=\"elementor-element elementor-element-f6001b3 elementor-widget elementor-widget-heading\" data-id=\"f6001b3\" data-element_type=\"widget\" data-e-type=\"widget\" data-widget_type=\"heading.default\">\n\t\t\t\t<div class=\"elementor-widget-container\">\n\t\t\t\t\t<h2 class=\"elementor-heading-title elementor-size-default\">Book dit kano- og kajakeventyr her<\/h2>\t\t\t\t<\/div>\n\t\t\t\t<\/div>\n\t\t\t\t\t<\/div>\n\t\t<\/div>\n\t\t\t\t\t<\/div>\n\t\t<\/section>\n\t\t\t\t<div class=\"elementor-element elementor-element-dd21164 elementor-widget__width-auto elementor-fixed e-transform elementor-widget elementor-widget-button\" data-id=\"dd21164\" data-element_type=\"widget\" data-e-type=\"widget\" data-settings=\"{&quot;_position&quot;:&quot;fixed&quot;,&quot;_transform_rotateZ_effect&quot;:{&quot;unit&quot;:&quot;px&quot;,&quot;size&quot;:-90,&quot;sizes&quot;:[]},&quot;_transform_rotateZ_effect_tablet&quot;:{&quot;unit&quot;:&quot;deg&quot;,&quot;size&quot;:&quot;&quot;,&quot;sizes&quot;:[]},&quot;_transform_rotateZ_effect_mobile&quot;:{&quot;unit&quot;:&quot;deg&quot;,&quot;size&quot;:&quot;&quot;,&quot;sizes&quot;:[]}}\" data-widget_type=\"button.default\">\n\t\t\t\t<div class=\"elementor-widget-container\">\n\t\t\t\t\t\t\t\t\t<div class=\"elementor-button-wrapper\">\n\t\t\t\t\t<a class=\"elementor-button elementor-button-link elementor-size-sm\" href=\"https:\/\/app.bookspot.io\/widget\/v3?widgetId=1358f547-502a-4357-a6df-925c7210b8fb\">\n\t\t\t\t\t\t<span class=\"elementor-button-content-wrapper\">\n\t\t\t\t\t\t\t\t\t<span class=\"elementor-button-text\">Book her<\/span>\n\t\t\t\t\t<\/span>\n\t\t\t\t\t<\/a>\n\t\t\t\t<\/div>\n\t\t\t\t\t\t\t\t<\/div>\n\t\t\t\t<\/div>\n\t\t\t\t\t<\/div>\n\t\t<\/div>\n\t\t\t\t\t<\/div>\n\t\t<\/section>\n\t\t\t\t<section class=\"elementor-section elementor-top-section elementor-element elementor-element-e8fc808 elementor-section-boxed elementor-section-height-default elementor-section-height-default\" data-id=\"e8fc808\" data-element_type=\"section\" data-e-type=\"section\" data-settings=\"{&quot;background_background&quot;:&quot;classic&quot;}\">\n\t\t\t\t\t\t<div class=\"elementor-container elementor-column-gap-default\">\n\t\t\t\t\t<div class=\"elementor-column elementor-col-100 elementor-top-column elementor-element elementor-element-9b42e7b\" data-id=\"9b42e7b\" data-element_type=\"column\" data-e-type=\"column\">\n\t\t\t<div class=\"elementor-widget-wrap elementor-element-populated\">\n\t\t\t\t\t\t<section class=\"elementor-section elementor-inner-section elementor-element elementor-element-dba4349 elementor-section-boxed elementor-section-height-default elementor-section-height-default\" data-id=\"dba4349\" data-element_type=\"section\" data-e-type=\"section\" data-settings=\"{&quot;background_background&quot;:&quot;classic&quot;}\">\n\t\t\t\t\t\t<div class=\"elementor-container elementor-column-gap-default\">\n\t\t\t\t\t<div class=\"elementor-column elementor-col-100 elementor-inner-column elementor-element elementor-element-7b798c6\" data-id=\"7b798c6\" data-element_type=\"column\" data-e-type=\"column\">\n\t\t\t<div class=\"elementor-widget-wrap elementor-element-populated\">\n\t\t\t\t\t\t<div class=\"elementor-element elementor-element-b720976 elementor-widget elementor-widget-toggle\" data-id=\"b720976\" data-element_type=\"widget\" data-e-type=\"widget\" data-widget_type=\"toggle.default\">\n\t\t\t\t<div class=\"elementor-widget-container\">\n\t\t\t\t\t\t\t<div class=\"elementor-toggle\">\n\t\t\t\t\t\t\t<div class=\"elementor-toggle-item\">\n\t\t\t\t\t<div id=\"elementor-tab-title-1921\" class=\"elementor-tab-title\" data-tab=\"1\" role=\"button\" aria-controls=\"elementor-tab-content-1921\" aria-expanded=\"false\">\n\t\t\t\t\t\t\t\t\t\t\t\t<span class=\"elementor-toggle-icon elementor-toggle-icon-left\" aria-hidden=\"true\">\n\t\t\t\t\t\t\t\t\t\t\t\t\t\t\t<span class=\"elementor-toggle-icon-closed\"><i class=\"fas fa-caret-right\"><\/i><\/span>\n\t\t\t\t\t\t\t\t<span class=\"elementor-toggle-icon-opened\"><i class=\"elementor-toggle-icon-opened fas fa-caret-up\"><\/i><\/span>\n\t\t\t\t\t\t\t\t\t\t\t\t\t<\/span>\n\t\t\t\t\t\t\t\t\t\t\t\t<a class=\"elementor-toggle-title\" tabindex=\"0\">Kun til stede ved start for bookede kunder efter den 4. oktober<\/a>\n\t\t\t\t\t<\/div>\n\n\t\t\t\t\t<div id=\"elementor-tab-content-1921\" class=\"elementor-tab-content elementor-clearfix\" data-tab=\"1\" role=\"region\" aria-labelledby=\"elementor-tab-title-1921\"><p class=\"\" data-start=\"638\" data-end=\"817\"><strong>Efter l\u00f8rdag den 4. oktober er vi kun til stede ved start for bookede kunder.<\/strong><\/p><p data-start=\"638\" data-end=\"817\"><strong>Drop-in roning er ikke muligt efter den 4. oktober.<\/strong><\/p><p class=\"\" data-start=\"902\" data-end=\"1046\">Fordelen ved at booke p\u00e5 forh\u00e5nd er, at du f\u00e5r al den information, du har brug for, serveret til dig \u2013 og du ved, at der er udstyr til r\u00e5dighed.<\/p><\/div>\n\t\t\t\t<\/div>\n\t\t\t\t\t\t\t<div class=\"elementor-toggle-item\">\n\t\t\t\t\t<div id=\"elementor-tab-title-1922\" class=\"elementor-tab-title\" data-tab=\"2\" role=\"button\" aria-controls=\"elementor-tab-content-1922\" aria-expanded=\"false\">\n\t\t\t\t\t\t\t\t\t\t\t\t<span class=\"elementor-toggle-icon elementor-toggle-icon-left\" aria-hidden=\"true\">\n\t\t\t\t\t\t\t\t\t\t\t\t\t\t\t<span class=\"elementor-toggle-icon-closed\"><i class=\"fas fa-caret-right\"><\/i><\/span>\n\t\t\t\t\t\t\t\t<span class=\"elementor-toggle-icon-opened\"><i class=\"elementor-toggle-icon-opened fas fa-caret-up\"><\/i><\/span>\n\t\t\t\t\t\t\t\t\t\t\t\t\t<\/span>\n\t\t\t\t\t\t\t\t\t\t\t\t<a class=\"elementor-toggle-title\" tabindex=\"0\">S\u00e5dan fungerer bookingsystemet, n\u00e5r du klikker p\u00e5 \"BOOK HER\":<\/a>\n\t\t\t\t\t<\/div>\n\n\t\t\t\t\t<div id=\"elementor-tab-content-1922\" class=\"elementor-tab-content elementor-clearfix\" data-tab=\"2\" role=\"region\" aria-labelledby=\"elementor-tab-title-1922\"><p>Vi \u00f8nsker, at s\u00e5 mange elever som muligt f\u00e5r mulighed for at opleve naturen p\u00e5 en anderledes m\u00e5de og komme t\u00e6ttere p\u00e5 deres klassekammerater.<\/p><p>Derfor sammens\u00e6tter vi prisvenlige pakker til skoleklasser, der booker p\u00e5 hverdage f\u00f8r og efter sommerferien, fra 10 til 200 personer, s\u00e5 alle elever kan deltage.<\/p><p>Du kan altid bruge bookingsystemet nedenfor til at kontrollere tilg\u00e6ngeligheden af udstyr.<\/p><p>Men kontakt os for booking, s\u00e5 sammens\u00e6tter vi dette til dig og arrangerer, s\u00e5 I kan betale via faktura.<\/p><\/div>\n\t\t\t\t<\/div>\n\t\t\t\t\t\t\t<div class=\"elementor-toggle-item\">\n\t\t\t\t\t<div id=\"elementor-tab-title-1923\" class=\"elementor-tab-title\" data-tab=\"3\" role=\"button\" aria-controls=\"elementor-tab-content-1923\" aria-expanded=\"false\">\n\t\t\t\t\t\t\t\t\t\t\t\t<span class=\"elementor-toggle-icon elementor-toggle-icon-left\" aria-hidden=\"true\">\n\t\t\t\t\t\t\t\t\t\t\t\t\t\t\t<span class=\"elementor-toggle-icon-closed\"><i class=\"fas fa-caret-right\"><\/i><\/span>\n\t\t\t\t\t\t\t\t<span class=\"elementor-toggle-icon-opened\"><i class=\"elementor-toggle-icon-opened fas fa-caret-up\"><\/i><\/span>\n\t\t\t\t\t\t\t\t\t\t\t\t\t<\/span>\n\t\t\t\t\t\t\t\t\t\t\t\t<a class=\"elementor-toggle-title\" tabindex=\"0\">Information til skoleklasser:<\/a>\n\t\t\t\t\t<\/div>\n\n\t\t\t\t\t<div id=\"elementor-tab-content-1923\" class=\"elementor-tab-content elementor-clearfix\" data-tab=\"3\" role=\"region\" aria-labelledby=\"elementor-tab-title-1923\"><p>Vi \u00f8nsker, at s\u00e5 mange elever som muligt f\u00e5r mulighed for at opleve naturen p\u00e5 en anderledes m\u00e5de og komme t\u00e6ttere p\u00e5 deres klassekammerater.<\/p><p>Derfor sammens\u00e6tter vi prisvenlige pakker til skoleklasser, der booker p\u00e5 hverdage f\u00f8r og efter sommerferien, fra 10 til 200 personer, s\u00e5 alle elever kan deltage.<\/p><p>Du kan altid bruge bookingsystemet nedenfor til at kontrollere tilg\u00e6ngeligheden af udstyr.<\/p><p>Men kontakt os for booking, s\u00e5 sammens\u00e6tter vi dette til dig og arrangerer, s\u00e5 I kan betale via faktura.<\/p><\/div>\n\t\t\t\t<\/div>\n\t\t\t\t\t\t\t<div class=\"elementor-toggle-item\">\n\t\t\t\t\t<div id=\"elementor-tab-title-1924\" class=\"elementor-tab-title\" data-tab=\"4\" role=\"button\" aria-controls=\"elementor-tab-content-1924\" aria-expanded=\"false\">\n\t\t\t\t\t\t\t\t\t\t\t\t<span class=\"elementor-toggle-icon elementor-toggle-icon-left\" aria-hidden=\"true\">\n\t\t\t\t\t\t\t\t\t\t\t\t\t\t\t<span class=\"elementor-toggle-icon-closed\"><i class=\"fas fa-caret-right\"><\/i><\/span>\n\t\t\t\t\t\t\t\t<span class=\"elementor-toggle-icon-opened\"><i class=\"elementor-toggle-icon-opened fas fa-caret-up\"><\/i><\/span>\n\t\t\t\t\t\t\t\t\t\t\t\t\t<\/span>\n\t\t\t\t\t\t\t\t\t\t\t\t<a class=\"elementor-toggle-title\" tabindex=\"0\">Er noget uklart?<\/a>\n\t\t\t\t\t<\/div>\n\n\t\t\t\t\t<div id=\"elementor-tab-content-1924\" class=\"elementor-tab-content elementor-clearfix\" data-tab=\"4\" role=\"region\" aria-labelledby=\"elementor-tab-title-1924\"><p>Hvis der skulle ske noget, kan du nemt afbestille ved at kontakte os p\u00e5 enhver m\u00e5de, du foretr\u00e6kker. Du f\u00e5r tilbage 95% af bel\u00f8bet ved afbestilling senest kl. 12.00 tre dage f\u00f8r afgang. 5% beholdes til at d\u00e6kke transaktions- og administrative omkostninger. Ved afbestilling efter kl. 12.00 tre dage f\u00f8r afgang opkr\u00e6ves 100% af omkostningerne.<\/p><\/div>\n\t\t\t\t<\/div>\n\t\t\t\t\t\t\t<div class=\"elementor-toggle-item\">\n\t\t\t\t\t<div id=\"elementor-tab-title-1925\" class=\"elementor-tab-title\" data-tab=\"5\" role=\"button\" aria-controls=\"elementor-tab-content-1925\" aria-expanded=\"false\">\n\t\t\t\t\t\t\t\t\t\t\t\t<span class=\"elementor-toggle-icon elementor-toggle-icon-left\" aria-hidden=\"true\">\n\t\t\t\t\t\t\t\t\t\t\t\t\t\t\t<span class=\"elementor-toggle-icon-closed\"><i class=\"fas fa-caret-right\"><\/i><\/span>\n\t\t\t\t\t\t\t\t<span class=\"elementor-toggle-icon-opened\"><i class=\"elementor-toggle-icon-opened fas fa-caret-up\"><\/i><\/span>\n\t\t\t\t\t\t\t\t\t\t\t\t\t<\/span>\n\t\t\t\t\t\t\t\t\t\t\t\t<a class=\"elementor-toggle-title\" tabindex=\"0\">Ved \u00e6ndring\/afbestilling:<\/a>\n\t\t\t\t\t<\/div>\n\n\t\t\t\t\t<div id=\"elementor-tab-content-1925\" class=\"elementor-tab-content elementor-clearfix\" data-tab=\"5\" role=\"region\" aria-labelledby=\"elementor-tab-title-1925\"><p>Hvis der skulle ske noget, kan du nemt afbestille ved at kontakte os p\u00e5 hvilken som helst m\u00e5de du foretr\u00e6kker. Har du betalt p\u00e5 forh\u00e5nd, f\u00e5r du 100% af bel\u00f8bet tilbage ved afbestilling senest kl. 12.00 syv dage f\u00f8r afgang. Ved afbestilling efter kl. 12.00 syv dage f\u00f8r afgang opkr\u00e6ves 100% af omkostningerne. Har du k\u00f8bt &#8220;Ombokningsgaranti&#8221;, kan du \u00e6ndre din booking uden ekstra omkostninger indtil senest 4 timer f\u00f8r din starttid.<\/p><\/div>\n\t\t\t\t<\/div>\n\t\t\t\t\t\t\t\t<\/div>\n\t\t\t\t\t\t<\/div>\n\t\t\t\t<\/div>\n\t\t\t\t<div class=\"elementor-element elementor-element-5f12597 elementor-widget elementor-widget-button\" data-id=\"5f12597\" data-element_type=\"widget\" data-e-type=\"widget\" data-widget_type=\"button.default\">\n\t\t\t\t<div class=\"elementor-widget-container\">\n\t\t\t\t\t\t\t\t\t<div class=\"elementor-button-wrapper\">\n\t\t\t\t\t<a class=\"elementor-button elementor-button-link elementor-size-xs\" href=\"https:\/\/app.outventures.se\/widget\/v2\/dialog\/new-order?key=f33105644aea0b720822b1f83f01143e5f2c0729a951285eb12c56277281302c&#038;productTypes=products,vouchers&#038;listView=products\">\n\t\t\t\t\t\t<span class=\"elementor-button-content-wrapper\">\n\t\t\t\t\t\t\t\t\t<span class=\"elementor-button-text\">BOOK HER<\/span>\n\t\t\t\t\t<\/span>\n\t\t\t\t\t<\/a>\n\t\t\t\t<\/div>\n\t\t\t\t\t\t\t\t<\/div>\n\t\t\t\t<\/div>\n\t\t\t\t\t<\/div>\n\t\t<\/div>\n\t\t\t\t\t<\/div>\n\t\t<\/section>\n\t\t\t\t\t<\/div>\n\t\t<\/div>\n\t\t\t\t\t<\/div>\n\t\t<\/section>\n\t\t\t\t<\/div>\n\t\t","protected":false},"excerpt":{"rendered":"<p>Book dit kano- og kajakeventyr her Book her Kun til stede ved start for bookede kunder efter den 4. oktober Efter l\u00f8rdag den 4. oktober er vi kun til stede ved start for bookede kunder. Drop-in roning er ikke muligt efter den 4. oktober. Fordelen ved at booke p\u00e5 forh\u00e5nd er, at du f\u00e5r al [&hellip;]<\/p>\n","protected":false},"author":1,"featured_media":0,"parent":0,"menu_order":0,"comment_status":"closed","ping_status":"closed","template":"","meta":{"footnotes":""},"class_list":["post-1233","page","type-page","status-publish","hentry"],"yoast_head":"<!-- This site is optimized with the Yoast SEO plugin v26.0 - https:\/\/yoast.com\/wordpress\/plugins\/seo\/ -->\n<title>Bog &#8211; Kanotcentralen i Stockam\u00f6llan<\/title>\n<meta name=\"robots\" content=\"index, follow, max-snippet:-1, max-image-preview:large, max-video-preview:-1\" \/>\n<link rel=\"canonical\" href=\"https:\/\/kanotcentralen.se\/sv\/boka-ditt-kanot-och-kajakaventyr-har\/\" \/>\n<meta property=\"og:locale\" content=\"da_DK\" \/>\n<meta property=\"og:type\" content=\"article\" \/>\n<meta property=\"og:title\" content=\"Bog &#8211; Kanotcentralen i Stockam\u00f6llan\" \/>\n<meta property=\"og:description\" content=\"Book dit kano- og kajakeventyr her Book her Kun til stede ved start for bookede kunder efter den 4. oktober Efter l\u00f8rdag den 4. oktober er vi kun til stede ved start for bookede kunder. Drop-in roning er ikke muligt efter den 4. oktober. Fordelen ved at booke p\u00e5 forh\u00e5nd er, at du f\u00e5r al [&hellip;]\" \/>\n<meta property=\"og:url\" content=\"https:\/\/kanotcentralen.se\/sv\/boka-ditt-kanot-och-kajakaventyr-har\/\" \/>\n<meta property=\"og:site_name\" content=\"Kanotcentralen i Stockam\u00f6llan\" \/>\n<meta property=\"article:publisher\" content=\"https:\/\/www.facebook.com\/kanotcentralen\/\" \/>\n<meta property=\"article:modified_time\" content=\"2026-03-19T11:51:43+00:00\" \/>\n<meta name=\"twitter:card\" content=\"summary_large_image\" \/>\n<meta name=\"twitter:label1\" content=\"Estimeret l\u00e6setid\" \/>\n\t<meta name=\"twitter:data1\" content=\"3 minutter\" \/>\n<script type=\"application\/ld+json\" class=\"yoast-schema-graph\">{\"@context\":\"https:\/\/schema.org\",\"@graph\":[{\"@type\":\"WebPage\",\"@id\":\"https:\/\/kanotcentralen.se\/sv\/boka-ditt-kanot-och-kajakaventyr-har\/\",\"url\":\"https:\/\/kanotcentralen.se\/sv\/boka-ditt-kanot-och-kajakaventyr-har\/\",\"name\":\"Bog &#8211; Kanotcentralen i Stockam\u00f6llan\",\"isPartOf\":{\"@id\":\"https:\/\/kanotcentralen.se\/sv\/#website\"},\"datePublished\":\"2023-01-18T17:32:46+00:00\",\"dateModified\":\"2026-03-19T11:51:43+00:00\",\"breadcrumb\":{\"@id\":\"https:\/\/kanotcentralen.se\/sv\/boka-ditt-kanot-och-kajakaventyr-har\/#breadcrumb\"},\"inLanguage\":\"da-DK\",\"potentialAction\":[{\"@type\":\"ReadAction\",\"target\":[\"https:\/\/kanotcentralen.se\/sv\/boka-ditt-kanot-och-kajakaventyr-har\/\"]}]},{\"@type\":\"BreadcrumbList\",\"@id\":\"https:\/\/kanotcentralen.se\/sv\/boka-ditt-kanot-och-kajakaventyr-har\/#breadcrumb\",\"itemListElement\":[{\"@type\":\"ListItem\",\"position\":1,\"name\":\"Hem\",\"item\":\"https:\/\/kanotcentralen.se\/sv\/\"},{\"@type\":\"ListItem\",\"position\":2,\"name\":\"Bog\"}]},{\"@type\":\"WebSite\",\"@id\":\"https:\/\/kanotcentralen.se\/sv\/#website\",\"url\":\"https:\/\/kanotcentralen.se\/sv\/\",\"name\":\"Kanotcentralen i Stockam\u00f6llan\",\"description\":\"Hyra kanot i vackra Sk\u00e5ne\",\"publisher\":{\"@id\":\"https:\/\/kanotcentralen.se\/sv\/#organization\"},\"potentialAction\":[{\"@type\":\"SearchAction\",\"target\":{\"@type\":\"EntryPoint\",\"urlTemplate\":\"https:\/\/kanotcentralen.se\/sv\/?s={search_term_string}\"},\"query-input\":{\"@type\":\"PropertyValueSpecification\",\"valueRequired\":true,\"valueName\":\"search_term_string\"}}],\"inLanguage\":\"da-DK\"},{\"@type\":\"Organization\",\"@id\":\"https:\/\/kanotcentralen.se\/sv\/#organization\",\"name\":\"Kanotcentralen i Stockam\u00f6llan\",\"url\":\"https:\/\/kanotcentralen.se\/sv\/\",\"logo\":{\"@type\":\"ImageObject\",\"inLanguage\":\"da-DK\",\"@id\":\"https:\/\/kanotcentralen.se\/sv\/#\/schema\/logo\/image\/\",\"url\":\"https:\/\/kanotcentralen.se\/wp-content\/uploads\/2022\/02\/kanotcentralen-logo.png\",\"contentUrl\":\"https:\/\/kanotcentralen.se\/wp-content\/uploads\/2022\/02\/kanotcentralen-logo.png\",\"width\":300,\"height\":42,\"caption\":\"Kanotcentralen i Stockam\u00f6llan\"},\"image\":{\"@id\":\"https:\/\/kanotcentralen.se\/sv\/#\/schema\/logo\/image\/\"},\"sameAs\":[\"https:\/\/www.facebook.com\/kanotcentralen\/\",\"https:\/\/www.instagram.com\/kanotcentralen\/\"]}]}<\/script>\n<!-- \/ Yoast SEO plugin. -->","yoast_head_json":{"title":"Bog &#8211; Kanotcentralen i Stockam\u00f6llan","robots":{"index":"index","follow":"follow","max-snippet":"max-snippet:-1","max-image-preview":"max-image-preview:large","max-video-preview":"max-video-preview:-1"},"canonical":"https:\/\/kanotcentralen.se\/sv\/boka-ditt-kanot-och-kajakaventyr-har\/","og_locale":"da_DK","og_type":"article","og_title":"Bog &#8211; Kanotcentralen i Stockam\u00f6llan","og_description":"Book dit kano- og kajakeventyr her Book her Kun til stede ved start for bookede kunder efter den 4. oktober Efter l\u00f8rdag den 4. oktober er vi kun til stede ved start for bookede kunder. Drop-in roning er ikke muligt efter den 4. oktober. Fordelen ved at booke p\u00e5 forh\u00e5nd er, at du f\u00e5r al [&hellip;]","og_url":"https:\/\/kanotcentralen.se\/sv\/boka-ditt-kanot-och-kajakaventyr-har\/","og_site_name":"Kanotcentralen i Stockam\u00f6llan","article_publisher":"https:\/\/www.facebook.com\/kanotcentralen\/","article_modified_time":"2026-03-19T11:51:43+00:00","twitter_card":"summary_large_image","twitter_misc":{"Estimeret l\u00e6setid":"3 minutter"},"schema":{"@context":"https:\/\/schema.org","@graph":[{"@type":"WebPage","@id":"https:\/\/kanotcentralen.se\/sv\/boka-ditt-kanot-och-kajakaventyr-har\/","url":"https:\/\/kanotcentralen.se\/sv\/boka-ditt-kanot-och-kajakaventyr-har\/","name":"Bog &#8211; Kanotcentralen i Stockam\u00f6llan","isPartOf":{"@id":"https:\/\/kanotcentralen.se\/sv\/#website"},"datePublished":"2023-01-18T17:32:46+00:00","dateModified":"2026-03-19T11:51:43+00:00","breadcrumb":{"@id":"https:\/\/kanotcentralen.se\/sv\/boka-ditt-kanot-och-kajakaventyr-har\/#breadcrumb"},"inLanguage":"da-DK","potentialAction":[{"@type":"ReadAction","target":["https:\/\/kanotcentralen.se\/sv\/boka-ditt-kanot-och-kajakaventyr-har\/"]}]},{"@type":"BreadcrumbList","@id":"https:\/\/kanotcentralen.se\/sv\/boka-ditt-kanot-och-kajakaventyr-har\/#breadcrumb","itemListElement":[{"@type":"ListItem","position":1,"name":"Hem","item":"https:\/\/kanotcentralen.se\/sv\/"},{"@type":"ListItem","position":2,"name":"Bog"}]},{"@type":"WebSite","@id":"https:\/\/kanotcentralen.se\/sv\/#website","url":"https:\/\/kanotcentralen.se\/sv\/","name":"Kanotcentralen i Stockam\u00f6llan","description":"Hyra kanot i vackra Sk\u00e5ne","publisher":{"@id":"https:\/\/kanotcentralen.se\/sv\/#organization"},"potentialAction":[{"@type":"SearchAction","target":{"@type":"EntryPoint","urlTemplate":"https:\/\/kanotcentralen.se\/sv\/?s={search_term_string}"},"query-input":{"@type":"PropertyValueSpecification","valueRequired":true,"valueName":"search_term_string"}}],"inLanguage":"da-DK"},{"@type":"Organization","@id":"https:\/\/kanotcentralen.se\/sv\/#organization","name":"Kanotcentralen i Stockam\u00f6llan","url":"https:\/\/kanotcentralen.se\/sv\/","logo":{"@type":"ImageObject","inLanguage":"da-DK","@id":"https:\/\/kanotcentralen.se\/sv\/#\/schema\/logo\/image\/","url":"https:\/\/kanotcentralen.se\/wp-content\/uploads\/2022\/02\/kanotcentralen-logo.png","contentUrl":"https:\/\/kanotcentralen.se\/wp-content\/uploads\/2022\/02\/kanotcentralen-logo.png","width":300,"height":42,"caption":"Kanotcentralen i Stockam\u00f6llan"},"image":{"@id":"https:\/\/kanotcentralen.se\/sv\/#\/schema\/logo\/image\/"},"sameAs":["https:\/\/www.facebook.com\/kanotcentralen\/","https:\/\/www.instagram.com\/kanotcentralen\/"]}]}},"_links":{"self":[{"href":"https:\/\/kanotcentralen.se\/da\/wp-json\/wp\/v2\/pages\/1233","targetHints":{"allow":["GET"]}}],"collection":[{"href":"https:\/\/kanotcentralen.se\/da\/wp-json\/wp\/v2\/pages"}],"about":[{"href":"https:\/\/kanotcentralen.se\/da\/wp-json\/wp\/v2\/types\/page"}],"author":[{"embeddable":true,"href":"https:\/\/kanotcentralen.se\/da\/wp-json\/wp\/v2\/users\/1"}],"replies":[{"embeddable":true,"href":"https:\/\/kanotcentralen.se\/da\/wp-json\/wp\/v2\/comments?post=1233"}],"version-history":[{"count":125,"href":"https:\/\/kanotcentralen.se\/da\/wp-json\/wp\/v2\/pages\/1233\/revisions"}],"predecessor-version":[{"id":6670,"href":"https:\/\/kanotcentralen.se\/da\/wp-json\/wp\/v2\/pages\/1233\/revisions\/6670"}],"wp:attachment":[{"href":"https:\/\/kanotcentralen.se\/da\/wp-json\/wp\/v2\/media?parent=1233"}],"curies":[{"name":"wp","href":"https:\/\/api.w.org\/{rel}","templated":true}]}}